{"id":2846,"date":"2024-04-19T06:59:54","date_gmt":"2024-04-19T06:59:54","guid":{"rendered":"https:\/\/moyahousehold.com\/?post_type=product&#038;p=2846"},"modified":"2025-02-06T10:16:57","modified_gmt":"2025-02-06T10:16:57","slug":"wholesale-350ml-stylish-insulated-water-bottles-with-handle","status":"publish","type":"product","link":"https:\/\/moyahousehold.com\/de\/produkt\/wholesale-350ml-stylish-insulated-water-bottles-with-handle\/","title":{"rendered":"Gro\u00dfhandel 350mL stilvolle isolierte Wasserflaschen mit Handle - MOYA Wasserflasche Hersteller"},"content":{"rendered":"<div class=\"wp-block-columns is-layout-flex wp-container-core-columns-is-layout-9d6595d7 wp-block-columns-is-layout-flex\">\n<div class=\"wp-block-column is-layout-flow wp-block-column-is-layout-flow\">\n<h3 class=\"wp-block-heading\">Parameter der isolierten Wasserflasche<\/h3>\n\n\n\n<figure class=\"wp-block-table\"><table class=\"has-fixed-layout\"><tbody><tr><td>Produkt&nbsp;<\/td><td>Kapazit\u00e4t<\/td><td>Modell<\/td><td>Farbe<\/td><td>Material<\/td><td>Abmessungen<\/td><td>Bruttogewicht<\/td><\/tr><tr><td>350ML-Griff<br>Thermoflasche<\/td><td>350ml<\/td><td>MY0764<\/td><td>schwarz,<br>wei\u00df,<br>rosa,<br>hellgrau<\/td><td>PP, Edelstahl 304, Kieselgel<\/td><td>75x75x185mm<\/td><td>0,3kg<\/td><\/tr><tr><td>500ML-Griff<br>Thermoflasche<\/td><td>500ml<\/td><td>MY0894<\/td><td>schwarz,<br>wei\u00df,<br>rosa,<br>hellgrau<\/td><td>PP, Edelstahl 304, Kieselgel<\/td><td>75x75x228mm<\/td><td>0,4 kg<\/td><\/tr><\/tbody><\/table><\/figure>\n\n\n\n<h3 class=\"wp-block-heading\">Individuelle isolierte Wasserflaschen-Option<\/h3>\n\n\n\n<p><strong>Deckel:<\/strong>&nbsp;Druckdeckel aus rostfreiem Stahl, Griffdeckel, Holzdeckel.<br><strong>Logo:&nbsp;<\/strong>Ihr Markenlogo auf Produkten und Verpackungen anbringen.<br><strong>Logo-Optionen:<\/strong>&nbsp;gedrucktes Logo, lasergraviertes Logo, usw.<br><strong>Muster:<\/strong>&nbsp;Druck von Mustern auf isolierte Wasserflaschen.<br><strong>Drucktechnik:<\/strong>&nbsp;Wassertransferdruck, Siebdruck, Thermotransferdruck, Sublimationstransfer und mehr.<br><strong>Verpackung:<\/strong>&nbsp;Farbkasten.<br><a href=\"https:\/\/moyahousehold.com\/de\/individuelle-losung\/\" target=\"_blank\" rel=\"noreferrer noopener\"><strong>Erfahren Sie mehr \u00fcber individuelle L\u00f6sungen f\u00fcr isolierte Wasserflaschen.<\/strong><\/a><\/p>\n<\/div>\n<\/div>\n\n\n\n<div class=\"wp-block-columns is-layout-flex wp-container-core-columns-is-layout-9d6595d7 wp-block-columns-is-layout-flex\">\n<div class=\"wp-block-column is-layout-flow wp-block-column-is-layout-flow\">\n<figure class=\"wp-block-image size-full\"><img fetchpriority=\"high\" decoding=\"async\" width=\"1600\" height=\"1600\" src=\"https:\/\/moyahousehold.com\/wp-content\/uploads\/2024\/04\/350mL-insulated-water-bottle-detail-3.webp\" alt=\"350mL isolierte Wasserflasche Detail (3)\" class=\"wp-image-10288\" srcset=\"https:\/\/moyahousehold.com\/wp-content\/uploads\/2024\/04\/350mL-insulated-water-bottle-detail-3.webp 1600w, https:\/\/moyahousehold.com\/wp-content\/uploads\/2024\/04\/350mL-insulated-water-bottle-detail-3-300x300.webp 300w, https:\/\/moyahousehold.com\/wp-content\/uploads\/2024\/04\/350mL-insulated-water-bottle-detail-3-150x150.webp 150w, https:\/\/moyahousehold.com\/wp-content\/uploads\/2024\/04\/350mL-insulated-water-bottle-detail-3-768x768.webp 768w, https:\/\/moyahousehold.com\/wp-content\/uploads\/2024\/04\/350mL-insulated-water-bottle-detail-3-12x12.webp 12w, https:\/\/moyahousehold.com\/wp-content\/uploads\/2024\/04\/350mL-insulated-water-bottle-detail-3-285x285.webp 285w, https:\/\/moyahousehold.com\/wp-content\/uploads\/2024\/04\/350mL-insulated-water-bottle-detail-3-270x270.webp 270w, https:\/\/moyahousehold.com\/wp-content\/uploads\/2024\/04\/350mL-insulated-water-bottle-detail-3-540x540.webp 540w, https:\/\/moyahousehold.com\/wp-content\/uploads\/2024\/04\/350mL-insulated-water-bottle-detail-3-660x660.webp 660w\" sizes=\"(max-width: 1600px) 100vw, 1600px\" \/><\/figure>\n<\/div>\n\n\n\n<div class=\"wp-block-column is-layout-flow wp-block-column-is-layout-flow\">\n<figure class=\"wp-block-image size-full\"><img decoding=\"async\" width=\"1600\" height=\"1600\" src=\"https:\/\/moyahousehold.com\/wp-content\/uploads\/2024\/04\/350mL-insulated-water-bottle-detail-4.webp\" alt=\"350mL isolierte Wasserflasche Detail (4)\" class=\"wp-image-10289\" srcset=\"https:\/\/moyahousehold.com\/wp-content\/uploads\/2024\/04\/350mL-insulated-water-bottle-detail-4.webp 1600w, https:\/\/moyahousehold.com\/wp-content\/uploads\/2024\/04\/350mL-insulated-water-bottle-detail-4-300x300.webp 300w, https:\/\/moyahousehold.com\/wp-content\/uploads\/2024\/04\/350mL-insulated-water-bottle-detail-4-150x150.webp 150w, https:\/\/moyahousehold.com\/wp-content\/uploads\/2024\/04\/350mL-insulated-water-bottle-detail-4-768x768.webp 768w, https:\/\/moyahousehold.com\/wp-content\/uploads\/2024\/04\/350mL-insulated-water-bottle-detail-4-12x12.webp 12w, https:\/\/moyahousehold.com\/wp-content\/uploads\/2024\/04\/350mL-insulated-water-bottle-detail-4-285x285.webp 285w, https:\/\/moyahousehold.com\/wp-content\/uploads\/2024\/04\/350mL-insulated-water-bottle-detail-4-270x270.webp 270w, https:\/\/moyahousehold.com\/wp-content\/uploads\/2024\/04\/350mL-insulated-water-bottle-detail-4-540x540.webp 540w, https:\/\/moyahousehold.com\/wp-content\/uploads\/2024\/04\/350mL-insulated-water-bottle-detail-4-660x660.webp 660w\" sizes=\"(max-width: 1600px) 100vw, 1600px\" \/><\/figure>\n<\/div>\n<\/div>","protected":false},"excerpt":{"rendered":"<div>MOYA Wasserflasche Hersteller, Gro\u00dfhandel 350mL isolierte Wasserflaschen, ist seine Wide-Mouth-Design bequem f\u00fcr das Gie\u00dfen von Wasser und Hinzuf\u00fcgen von Eisw\u00fcrfeln, verschiedene Bed\u00fcrfnisse zu erf\u00fcllen. 100% BPA-freies Material, die Gew\u00e4hrleistung der Gesundheit und Sicherheit. Wir bieten professionelle Gro\u00dfhandel Dienstleistungen, Unterst\u00fctzung OEM und ODM, kontaktieren Sie uns f\u00fcr ein Angebot.<\/div>\n<h3>Eigenschaften und Vorteile der isolierten 350-ml-Wasserflasche<\/h3>\n<div>\n<div>\n<p><strong>Gesundes Material:<\/strong> Die isolierte Wasserflasche besteht aus lebensmittelechtem 304er Edelstahl, der sehr langlebig ist, kalte oder hei\u00dfe Getr\u00e4nke speichern kann und leicht zu reinigen ist.<\/p>\n<p><strong>Praktisches Bodendesign:<\/strong> Der Boden der isolierten Wasserflasche ist speziell mit Antirutsch- und Antiverbr\u00fchungsfunktionen ausgestattet, was den Gebrauch sicherer macht.<\/p>\n<p><strong>Design des Griffs:<\/strong> Das Design des Deckels ist ergonomisch, und die isolierte Wasserflasche hat einen leicht zu haltenden Griff, der das Tragen im Vergleich zu gew\u00f6hnlichen Thermosflaschen erleichtert und die Effizienz des Gebrauchs verbessert.<\/p>\n<p><strong>Einfaches und sch\u00f6nes Design:<\/strong> Das Aussehen ist einfach und sch\u00f6n, sehr beliebt bei den Menschen, und eignet sich f\u00fcr den Einsatz in verschiedenen Gelegenheiten.<\/p>\n<p><strong>Prozess der Einbrennlackierung:<\/strong> Die Oberfl\u00e4che der isolierten Wasserflasche wird im Einbrennverfahren lackiert, sie ist nicht leicht zu zerkratzen und beh\u00e4lt ihre Sch\u00f6nheit lange bei.<\/p>\n<p><strong>Gro\u00dfhandelsservice:<\/strong> MOYA bietet die umfassendste L\u00f6sung f\u00fcr den Gro\u00dfhandel mit isolierten Wasserflaschen, die sowohl f\u00fcr Kleinserienbestellungen als auch f\u00fcr Gro\u00dfeink\u00e4ufe geeignet ist, um die Bed\u00fcrfnisse der verschiedenen Kunden zu erf\u00fcllen.<\/p>\n<p><strong>OEM- und ODM-Anpassungsservice:<\/strong> Wir unterst\u00fctzen eine Vielzahl von Anpassungsl\u00f6sungen, einschlie\u00dflich LOGO, Verpackung, Griffe usw., um individuelle Bed\u00fcrfnisse zu erf\u00fcllen.<\/p>\n<\/div>\n<\/div>","protected":false},"featured_media":10284,"comment_status":"closed","ping_status":"closed","template":"","meta":[],"product_cat":[53],"product_tag":[104],"class_list":{"0":"post-2846","1":"product","2":"type-product","3":"status-publish","4":"has-post-thumbnail","6":"product_cat-vacuum-bottle-wholesale","7":"product_tag-wholesale-350ml-insulated-water-bottles","9":"first","10":"instock","11":"shipping-taxable","12":"product-type-simple"},"_links":{"self":[{"href":"https:\/\/moyahousehold.com\/de\/wp-json\/wp\/v2\/product\/2846","targetHints":{"allow":["GET"]}}],"collection":[{"href":"https:\/\/moyahousehold.com\/de\/wp-json\/wp\/v2\/product"}],"about":[{"href":"https:\/\/moyahousehold.com\/de\/wp-json\/wp\/v2\/types\/product"}],"replies":[{"embeddable":true,"href":"https:\/\/moyahousehold.com\/de\/wp-json\/wp\/v2\/comments?post=2846"}],"version-history":[{"count":1,"href":"https:\/\/moyahousehold.com\/de\/wp-json\/wp\/v2\/product\/2846\/revisions"}],"predecessor-version":[{"id":12724,"href":"https:\/\/moyahousehold.com\/de\/wp-json\/wp\/v2\/product\/2846\/revisions\/12724"}],"wp:featuredmedia":[{"embeddable":true,"href":"https:\/\/moyahousehold.com\/de\/wp-json\/wp\/v2\/media\/10284"}],"wp:attachment":[{"href":"https:\/\/moyahousehold.com\/de\/wp-json\/wp\/v2\/media?parent=2846"}],"wp:term":[{"taxonomy":"product_cat","embeddable":true,"href":"https:\/\/moyahousehold.com\/de\/wp-json\/wp\/v2\/product_cat?post=2846"},{"taxonomy":"product_tag","embeddable":true,"href":"https:\/\/moyahousehold.com\/de\/wp-json\/wp\/v2\/product_tag?post=2846"}],"curies":[{"name":"wp","href":"https:\/\/api.w.org\/{rel}","templated":true}]}}