{"id":3179,"date":"2024-04-21T05:51:57","date_gmt":"2024-04-21T05:51:57","guid":{"rendered":"https:\/\/moyahousehold.com\/?post_type=product&#038;p=3179"},"modified":"2026-04-08T06:49:44","modified_gmt":"2026-04-08T06:49:44","slug":"bulk-500ml-insulated-water-bottles-with-handle","status":"publish","type":"product","link":"https:\/\/moyahousehold.com\/de\/produkt\/bulk-500ml-insulated-water-bottles-with-handle\/","title":{"rendered":"Bulk 500mL isolierte Wasserflaschen mit Griff, Gro\u00dfhandel stilvolle Thermosflaschen, Unterst\u00fctzung OEM und ODM"},"content":{"rendered":"<div class=\"wp-block-columns is-layout-flex wp-container-core-columns-is-layout-9d6595d7 wp-block-columns-is-layout-flex\">\n<div class=\"wp-block-column is-layout-flow wp-block-column-is-layout-flow\">\n<figure class=\"wp-block-image size-full\"><img fetchpriority=\"high\" decoding=\"async\" width=\"6240\" height=\"3512\" src=\"https:\/\/moyahousehold.com\/wp-content\/uploads\/2024\/04\/\u5927\u5408\u7167-2-1.jpg\" alt=\"Premium 500ml Insulated Bottle with Handle | 24-Hour Hot &amp; Cold Retention\" class=\"wp-image-12725\" srcset=\"https:\/\/moyahousehold.com\/wp-content\/uploads\/2024\/04\/\u5927\u5408\u7167-2-1.jpg 6240w, https:\/\/moyahousehold.com\/wp-content\/uploads\/2024\/04\/\u5927\u5408\u7167-2-1-300x169.jpg 300w, https:\/\/moyahousehold.com\/wp-content\/uploads\/2024\/04\/\u5927\u5408\u7167-2-1-768x432.jpg 768w, https:\/\/moyahousehold.com\/wp-content\/uploads\/2024\/04\/\u5927\u5408\u7167-2-1-18x10.jpg 18w, https:\/\/moyahousehold.com\/wp-content\/uploads\/2024\/04\/\u5927\u5408\u7167-2-1-285x160.jpg 285w, https:\/\/moyahousehold.com\/wp-content\/uploads\/2024\/04\/\u5927\u5408\u7167-2-1-1600x901.jpg 1600w, https:\/\/moyahousehold.com\/wp-content\/uploads\/2024\/04\/\u5927\u5408\u7167-2-1-660x371.jpg 660w, https:\/\/moyahousehold.com\/wp-content\/uploads\/2024\/04\/\u5927\u5408\u7167-2-1-150x84.jpg 150w\" sizes=\"(max-width: 6240px) 100vw, 6240px\" \/><\/figure>\n\n\n\n<h3 class=\"wp-block-heading\">Parameter des Gro\u00dfhandels isolierte Wasserflaschen<\/h3>\n\n\n\n<figure class=\"wp-block-table\"><table class=\"has-fixed-layout\"><tbody><tr><td>Artikel<\/td><td>Kapazit\u00e4t<\/td><td>Farbe<\/td><td>Material<\/td><td>Abmessungen<\/td><td>G.W.\/PCS<\/td><\/tr><tr><td>MY0894<\/td><td>500Ml<\/td><td>Black\/White\/Dark green<\/td><td>304 + PP + Silica gel<\/td><td>7.5*7.5*22.8<\/td><td>0,4 kg<\/td><\/tr><\/tbody><\/table><\/figure>\n<\/div>\n<\/div>\n\n\n\n<h3 class=\"wp-block-heading\">Individuelle isolierte Wasserflaschen-Optionen<\/h3>\n\n\n\n<p><strong>Deckel<\/strong>: Stainless steel pressure lid, handle lid, wooden lid.<br><strong>Logo<\/strong>: Customize your brand logo on products and packaging.<br><strong>Logo Options<\/strong>: Printed logo, laser engraved logo, etc.<br><strong>Muster<\/strong>: Druck von Mustern auf Isolierflaschen.<br><strong>Printing Technology<\/strong>: Water transfer printing, silk screen printing, heat transfer printing, sublimation transfer, etc.<br><strong>Verpackung<\/strong>: Color box.<br><a href=\"https:\/\/moyahousehold.com\/de\/individuelle-losung\/\" data-type=\"page\" data-id=\"2817\" target=\"_blank\" rel=\"noreferrer noopener\"><strong>Erfahren Sie mehr \u00fcber individuelle L\u00f6sungen f\u00fcr isolierte Wasserflaschen.<\/strong><\/a><\/p>\n\n\n\n<div class=\"wp-block-columns is-layout-flex wp-container-core-columns-is-layout-9d6595d7 wp-block-columns-is-layout-flex\">\n<div class=\"wp-block-column is-layout-flow wp-block-column-is-layout-flow\">\n<figure class=\"wp-block-image size-full\"><img decoding=\"async\" width=\"2694\" height=\"2694\" src=\"https:\/\/moyahousehold.com\/wp-content\/uploads\/2024\/04\/wholesale-bulk-insulated-water-bottles-3.jpg\" alt=\"Gro\u00dfhandel isolierte Wasserflaschen (3)\" class=\"wp-image-6996\" srcset=\"https:\/\/moyahousehold.com\/wp-content\/uploads\/2024\/04\/wholesale-bulk-insulated-water-bottles-3.jpg 2694w, https:\/\/moyahousehold.com\/wp-content\/uploads\/2024\/04\/wholesale-bulk-insulated-water-bottles-3-300x300.jpg 300w, https:\/\/moyahousehold.com\/wp-content\/uploads\/2024\/04\/wholesale-bulk-insulated-water-bottles-3-150x150.jpg 150w, https:\/\/moyahousehold.com\/wp-content\/uploads\/2024\/04\/wholesale-bulk-insulated-water-bottles-3-768x768.jpg 768w, https:\/\/moyahousehold.com\/wp-content\/uploads\/2024\/04\/wholesale-bulk-insulated-water-bottles-3-12x12.jpg 12w, https:\/\/moyahousehold.com\/wp-content\/uploads\/2024\/04\/wholesale-bulk-insulated-water-bottles-3-285x285.jpg 285w, https:\/\/moyahousehold.com\/wp-content\/uploads\/2024\/04\/wholesale-bulk-insulated-water-bottles-3-1600x1600.jpg 1600w, https:\/\/moyahousehold.com\/wp-content\/uploads\/2024\/04\/wholesale-bulk-insulated-water-bottles-3-270x270.jpg 270w, https:\/\/moyahousehold.com\/wp-content\/uploads\/2024\/04\/wholesale-bulk-insulated-water-bottles-3-540x540.jpg 540w, https:\/\/moyahousehold.com\/wp-content\/uploads\/2024\/04\/wholesale-bulk-insulated-water-bottles-3-660x660.jpg 660w\" sizes=\"(max-width: 2694px) 100vw, 2694px\" \/><\/figure>\n<\/div>\n\n\n\n<div class=\"wp-block-column is-layout-flow wp-block-column-is-layout-flow\">\n<figure class=\"wp-block-image size-full\"><img decoding=\"async\" width=\"2923\" height=\"2923\" src=\"https:\/\/moyahousehold.com\/wp-content\/uploads\/2024\/04\/wholesale-bulk-insulated-water-bottles-4.jpg\" alt=\"Gro\u00dfhandel isolierte Wasserflaschen (4)\" class=\"wp-image-6997\" srcset=\"https:\/\/moyahousehold.com\/wp-content\/uploads\/2024\/04\/wholesale-bulk-insulated-water-bottles-4.jpg 2923w, https:\/\/moyahousehold.com\/wp-content\/uploads\/2024\/04\/wholesale-bulk-insulated-water-bottles-4-300x300.jpg 300w, https:\/\/moyahousehold.com\/wp-content\/uploads\/2024\/04\/wholesale-bulk-insulated-water-bottles-4-150x150.jpg 150w, https:\/\/moyahousehold.com\/wp-content\/uploads\/2024\/04\/wholesale-bulk-insulated-water-bottles-4-768x768.jpg 768w, https:\/\/moyahousehold.com\/wp-content\/uploads\/2024\/04\/wholesale-bulk-insulated-water-bottles-4-12x12.jpg 12w, https:\/\/moyahousehold.com\/wp-content\/uploads\/2024\/04\/wholesale-bulk-insulated-water-bottles-4-285x285.jpg 285w, https:\/\/moyahousehold.com\/wp-content\/uploads\/2024\/04\/wholesale-bulk-insulated-water-bottles-4-1600x1600.jpg 1600w, https:\/\/moyahousehold.com\/wp-content\/uploads\/2024\/04\/wholesale-bulk-insulated-water-bottles-4-270x270.jpg 270w, https:\/\/moyahousehold.com\/wp-content\/uploads\/2024\/04\/wholesale-bulk-insulated-water-bottles-4-540x540.jpg 540w, https:\/\/moyahousehold.com\/wp-content\/uploads\/2024\/04\/wholesale-bulk-insulated-water-bottles-4-660x660.jpg 660w\" sizes=\"(max-width: 2923px) 100vw, 2923px\" \/><\/figure>\n<\/div>\n<\/div>\n\n\n\n<div class=\"wp-block-columns is-layout-flex wp-container-core-columns-is-layout-9d6595d7 wp-block-columns-is-layout-flex\">\n<div class=\"wp-block-column is-layout-flow wp-block-column-is-layout-flow\">\n<figure class=\"wp-block-image size-full\"><img loading=\"lazy\" decoding=\"async\" width=\"3462\" height=\"3462\" src=\"https:\/\/moyahousehold.com\/wp-content\/uploads\/2024\/04\/JS-\u97e9\u5f0f\u676f-8.jpg\" alt=\"Premium 500ml Insulated Bottle with Handle | 24-Hour Hot &amp; Cold Retention\" class=\"wp-image-12728\" srcset=\"https:\/\/moyahousehold.com\/wp-content\/uploads\/2024\/04\/JS-\u97e9\u5f0f\u676f-8.jpg 3462w, https:\/\/moyahousehold.com\/wp-content\/uploads\/2024\/04\/JS-\u97e9\u5f0f\u676f-8-300x300.jpg 300w, https:\/\/moyahousehold.com\/wp-content\/uploads\/2024\/04\/JS-\u97e9\u5f0f\u676f-8-150x150.jpg 150w, https:\/\/moyahousehold.com\/wp-content\/uploads\/2024\/04\/JS-\u97e9\u5f0f\u676f-8-768x768.jpg 768w, https:\/\/moyahousehold.com\/wp-content\/uploads\/2024\/04\/JS-\u97e9\u5f0f\u676f-8-12x12.jpg 12w, https:\/\/moyahousehold.com\/wp-content\/uploads\/2024\/04\/JS-\u97e9\u5f0f\u676f-8-285x285.jpg 285w, https:\/\/moyahousehold.com\/wp-content\/uploads\/2024\/04\/JS-\u97e9\u5f0f\u676f-8-1600x1600.jpg 1600w, https:\/\/moyahousehold.com\/wp-content\/uploads\/2024\/04\/JS-\u97e9\u5f0f\u676f-8-270x270.jpg 270w, https:\/\/moyahousehold.com\/wp-content\/uploads\/2024\/04\/JS-\u97e9\u5f0f\u676f-8-540x540.jpg 540w, https:\/\/moyahousehold.com\/wp-content\/uploads\/2024\/04\/JS-\u97e9\u5f0f\u676f-8-660x660.jpg 660w\" sizes=\"(max-width: 3462px) 100vw, 3462px\" \/><\/figure>\n<\/div>\n\n\n\n<div class=\"wp-block-column is-layout-flow wp-block-column-is-layout-flow\">\n<figure class=\"wp-block-image size-full\"><img loading=\"lazy\" decoding=\"async\" width=\"3488\" height=\"3488\" src=\"https:\/\/moyahousehold.com\/wp-content\/uploads\/2024\/04\/JS-\u97e9\u5f0f\u676f-4.jpg\" alt=\"Premium 500ml Insulated Bottle with Handle | 24-Hour Hot &amp; Cold Retention\" class=\"wp-image-12745\" srcset=\"https:\/\/moyahousehold.com\/wp-content\/uploads\/2024\/04\/JS-\u97e9\u5f0f\u676f-4.jpg 3488w, https:\/\/moyahousehold.com\/wp-content\/uploads\/2024\/04\/JS-\u97e9\u5f0f\u676f-4-300x300.jpg 300w, https:\/\/moyahousehold.com\/wp-content\/uploads\/2024\/04\/JS-\u97e9\u5f0f\u676f-4-150x150.jpg 150w, https:\/\/moyahousehold.com\/wp-content\/uploads\/2024\/04\/JS-\u97e9\u5f0f\u676f-4-768x768.jpg 768w, https:\/\/moyahousehold.com\/wp-content\/uploads\/2024\/04\/JS-\u97e9\u5f0f\u676f-4-12x12.jpg 12w, https:\/\/moyahousehold.com\/wp-content\/uploads\/2024\/04\/JS-\u97e9\u5f0f\u676f-4-285x285.jpg 285w, https:\/\/moyahousehold.com\/wp-content\/uploads\/2024\/04\/JS-\u97e9\u5f0f\u676f-4-1600x1600.jpg 1600w, https:\/\/moyahousehold.com\/wp-content\/uploads\/2024\/04\/JS-\u97e9\u5f0f\u676f-4-270x270.jpg 270w, https:\/\/moyahousehold.com\/wp-content\/uploads\/2024\/04\/JS-\u97e9\u5f0f\u676f-4-540x540.jpg 540w, https:\/\/moyahousehold.com\/wp-content\/uploads\/2024\/04\/JS-\u97e9\u5f0f\u676f-4-660x660.jpg 660w\" sizes=\"(max-width: 3488px) 100vw, 3488px\" \/><\/figure>\n<\/div>\n<\/div>\n\n\n\n<p><\/p>","protected":false},"excerpt":{"rendered":"<p>Wholesale 500ML insulated water bottles with handle, the lid has a handle design, easy to carry, suitable for daily use. Made of 304 stainless steel, with a paint finish on the outer layer, scratch-resistant and beautiful. Support OEM &amp; ODM, including LOGO, color, packaging and other personalized designs. Welcome to contact us for a quote.<\/p>\n<h3>Merkmale und Vorteile des Gro\u00dfhandels isolierte Wasserflaschen<\/h3>\n<p><strong>Farbe multiplizieren:<\/strong> Wir bieten mehrere Farben zur Auswahl f\u00fcr unsere Gro\u00dfhandel isolierte Wasserflaschen.<\/p>\n<p><strong>Ausgezeichnetes Design:<\/strong> Der Drehdeckel l\u00e4sst sich mit einer leichten Drehung leicht \u00f6ffnen. Der Deckel der isolierten Wasserflasche hat einen gro\u00dfen Durchmesser, so dass man bequem Wasser einf\u00fcllen und m\u00fchelos reinigen kann.<\/p>\n<p><strong>Good Insulation Performance:<\/strong> Die isolierte Wasserflasche verf\u00fcgt \u00fcber eine Vakuumschicht im Inneren des Flaschenk\u00f6rpers, die den Isolationseffekt effektiv aufrechterh\u00e4lt und die Temperatur des Getr\u00e4nks f\u00fcr eine lange Zeit halten kann.<\/p>\n<p><strong>High-Quality Material:<\/strong> Die \u00e4u\u00dfere Schicht besteht aus Edelstahl 304 mit Einbrennlackierung, die dauerhaft und sch\u00f6n, kratzfest und verschlei\u00dffest ist. Die innere Schicht verwendet auch 304 Edelstahl, um die Gesundheit und Sicherheit des Getr\u00e4nks zu gew\u00e4hrleisten.<\/p>\n<p><strong>Wholesale Insulated Water Bottle Service:<\/strong> Wir bieten Gro\u00dfhandel isolierte Wasserflaschen zu Fabrikpreisen, und bieten kostenlose Proben.<\/p>\n<p><strong>OEM and ODM Customization:<\/strong> Wir unterst\u00fctzen die OEM- und ODM-Kundenanpassung von isolierten Wasserflaschen und bieten eine breite Palette von Anpassungsm\u00f6glichkeiten, einschlie\u00dflich Farbe, Form, Gr\u00f6\u00dfe, Kapazit\u00e4t und Verpackung.<\/p>\n<p><strong><a href=\"https:\/\/moyahousehold.com\/de\/individuelle-losung\/\" target=\"_blank\" rel=\"noopener\">Erfahren Sie mehr \u00fcber individuelle L\u00f6sungen f\u00fcr isolierte Wasserflaschen.<\/a><\/strong><strong><br \/><\/strong><\/p>","protected":false},"featured_media":6989,"comment_status":"closed","ping_status":"closed","template":"","meta":[],"product_cat":[53],"product_tag":[105,148],"class_list":{"0":"post-3179","1":"product","2":"type-product","3":"status-publish","4":"has-post-thumbnail","6":"product_cat-vacuum-bottle-wholesale","7":"product_tag-wholesale-500ml-insulated-water-bottles","8":"product_tag-stainless-steel-thermos-bottle","10":"first","11":"instock","12":"shipping-taxable","13":"product-type-simple"},"_links":{"self":[{"href":"https:\/\/moyahousehold.com\/de\/wp-json\/wp\/v2\/product\/3179","targetHints":{"allow":["GET"]}}],"collection":[{"href":"https:\/\/moyahousehold.com\/de\/wp-json\/wp\/v2\/product"}],"about":[{"href":"https:\/\/moyahousehold.com\/de\/wp-json\/wp\/v2\/types\/product"}],"replies":[{"embeddable":true,"href":"https:\/\/moyahousehold.com\/de\/wp-json\/wp\/v2\/comments?post=3179"}],"version-history":[{"count":0,"href":"https:\/\/moyahousehold.com\/de\/wp-json\/wp\/v2\/product\/3179\/revisions"}],"wp:featuredmedia":[{"embeddable":true,"href":"https:\/\/moyahousehold.com\/de\/wp-json\/wp\/v2\/media\/6989"}],"wp:attachment":[{"href":"https:\/\/moyahousehold.com\/de\/wp-json\/wp\/v2\/media?parent=3179"}],"wp:term":[{"taxonomy":"product_cat","embeddable":true,"href":"https:\/\/moyahousehold.com\/de\/wp-json\/wp\/v2\/product_cat?post=3179"},{"taxonomy":"product_tag","embeddable":true,"href":"https:\/\/moyahousehold.com\/de\/wp-json\/wp\/v2\/product_tag?post=3179"}],"curies":[{"name":"wp","href":"https:\/\/api.w.org\/{rel}","templated":true}]}}