{"id":3180,"date":"2024-04-21T05:52:03","date_gmt":"2024-04-21T05:52:03","guid":{"rendered":"https:\/\/moyahousehold.com\/?post_type=product&#038;p=3180"},"modified":"2025-02-06T10:16:04","modified_gmt":"2025-02-06T10:16:04","slug":"wholesale-thermal-water-bottles-350ml","status":"publish","type":"product","link":"https:\/\/moyahousehold.com\/de\/produkt\/wholesale-thermal-water-bottles-350ml\/","title":{"rendered":"Gro\u00dfhandel 350mL kleine isolierte Wasserflaschen, Unterst\u00fctzung OEM und ODM - MOYA Wasserflasche Hersteller"},"content":{"rendered":"<div class=\"wp-block-columns is-layout-flex wp-container-core-columns-is-layout-9d6595d7 wp-block-columns-is-layout-flex\">\n<div class=\"wp-block-column is-layout-flow wp-block-column-is-layout-flow\">\n<h3 class=\"wp-block-heading\">Parameter der isolierten 350-ml-Wasserflasche<\/h3>\n\n\n\n<figure class=\"wp-block-table\"><table class=\"has-fixed-layout\"><tbody><tr><td>Produkt&nbsp;<\/td><td>Kapazit\u00e4t<\/td><td>Modell<\/td><td>Farbe<\/td><td>Material<\/td><td>Abmessungen<\/td><td>Bruttogewicht<\/td><\/tr><tr><td>350mL Einfacher Stil<br>isolierte Wasserflasche<\/td><td>350ml<\/td><td>MY0615<\/td><td>schwarz,<br>wei\u00df,<br>dunkelgr\u00fcn,<br>rosa<\/td><td>PP, Edelstahl 304, Kieselgel<\/td><td>73x73x184mm<\/td><td>0,4 kg<\/td><\/tr><tr><td>500mL Einfacher Stil<br>isolierte Wasserflasche<\/td><td>500ml<\/td><td>MY0616<\/td><td>schwarz,<br>wei\u00df,<br>dunkelgr\u00fcn,<br>rosa<\/td><td>PP, Edelstahl 304, Kieselgel<\/td><td>73x73x233mm<\/td><td>0,4 kg<\/td><\/tr><\/tbody><\/table><\/figure>\n<\/div>\n<\/div>\n\n\n\n<h3 class=\"wp-block-heading\">Individuelle 350mL isolierte Wasserflasche Optionen<\/h3>\n\n\n\n<p><strong>Deckel:<\/strong> Druckdeckel aus rostfreiem Stahl, Griffdeckel, Holzdeckel.<br><strong>Logo: <\/strong>Ihr Markenlogo auf Produkten und Verpackungen anbringen.<br><strong>Logo-Optionen: <\/strong>gedrucktes Logo, lasergraviertes Logo, usw.<br><strong>Muster:<\/strong> Druck von Mustern auf isolierte Wasserflaschen.<br><strong>Drucktechnik: <\/strong>Wassertransferdruck, Siebdruck, W\u00e4rmetransferdruck, Sublimationstransfer, etc.<br><strong>Verpackung: <\/strong>Farbkasten.<br><a href=\"https:\/\/moyahousehold.com\/de\/individuelle-losung\/\" data-type=\"page\" data-id=\"2817\"><strong>Mehr Anpassungsm\u00f6glichkeiten entdecken<\/strong><\/a><\/p>\n\n\n\n<div class=\"wp-block-columns is-layout-flex wp-container-core-columns-is-layout-9d6595d7 wp-block-columns-is-layout-flex\">\n<div class=\"wp-block-column is-layout-flow wp-block-column-is-layout-flow\">\n<figure class=\"wp-block-image size-full\"><img fetchpriority=\"high\" decoding=\"async\" width=\"1600\" height=\"1600\" src=\"https:\/\/moyahousehold.com\/wp-content\/uploads\/2024\/04\/wholesale-350mL-samll-insulated-water-bottle-3.webp\" alt=\"Gro\u00dfhandel 350mL samll isolierte Wasserflasche (3)\" class=\"wp-image-10299\" srcset=\"https:\/\/moyahousehold.com\/wp-content\/uploads\/2024\/04\/wholesale-350mL-samll-insulated-water-bottle-3.webp 1600w, https:\/\/moyahousehold.com\/wp-content\/uploads\/2024\/04\/wholesale-350mL-samll-insulated-water-bottle-3-300x300.webp 300w, https:\/\/moyahousehold.com\/wp-content\/uploads\/2024\/04\/wholesale-350mL-samll-insulated-water-bottle-3-150x150.webp 150w, https:\/\/moyahousehold.com\/wp-content\/uploads\/2024\/04\/wholesale-350mL-samll-insulated-water-bottle-3-768x768.webp 768w, https:\/\/moyahousehold.com\/wp-content\/uploads\/2024\/04\/wholesale-350mL-samll-insulated-water-bottle-3-12x12.webp 12w, https:\/\/moyahousehold.com\/wp-content\/uploads\/2024\/04\/wholesale-350mL-samll-insulated-water-bottle-3-285x285.webp 285w, https:\/\/moyahousehold.com\/wp-content\/uploads\/2024\/04\/wholesale-350mL-samll-insulated-water-bottle-3-270x270.webp 270w, https:\/\/moyahousehold.com\/wp-content\/uploads\/2024\/04\/wholesale-350mL-samll-insulated-water-bottle-3-540x540.webp 540w, https:\/\/moyahousehold.com\/wp-content\/uploads\/2024\/04\/wholesale-350mL-samll-insulated-water-bottle-3-660x660.webp 660w\" sizes=\"(max-width: 1600px) 100vw, 1600px\" \/><\/figure>\n<\/div>\n\n\n\n<div class=\"wp-block-column is-layout-flow wp-block-column-is-layout-flow\">\n<figure class=\"wp-block-image size-full\"><img decoding=\"async\" width=\"1600\" height=\"1600\" src=\"https:\/\/moyahousehold.com\/wp-content\/uploads\/2024\/04\/wholesale-350mL-samll-insulated-water-bottle-4.webp\" alt=\"Gro\u00dfhandel 350mL samll isolierte Wasserflasche (4)\" class=\"wp-image-10300\" srcset=\"https:\/\/moyahousehold.com\/wp-content\/uploads\/2024\/04\/wholesale-350mL-samll-insulated-water-bottle-4.webp 1600w, https:\/\/moyahousehold.com\/wp-content\/uploads\/2024\/04\/wholesale-350mL-samll-insulated-water-bottle-4-300x300.webp 300w, https:\/\/moyahousehold.com\/wp-content\/uploads\/2024\/04\/wholesale-350mL-samll-insulated-water-bottle-4-150x150.webp 150w, https:\/\/moyahousehold.com\/wp-content\/uploads\/2024\/04\/wholesale-350mL-samll-insulated-water-bottle-4-768x768.webp 768w, https:\/\/moyahousehold.com\/wp-content\/uploads\/2024\/04\/wholesale-350mL-samll-insulated-water-bottle-4-12x12.webp 12w, https:\/\/moyahousehold.com\/wp-content\/uploads\/2024\/04\/wholesale-350mL-samll-insulated-water-bottle-4-285x285.webp 285w, https:\/\/moyahousehold.com\/wp-content\/uploads\/2024\/04\/wholesale-350mL-samll-insulated-water-bottle-4-270x270.webp 270w, https:\/\/moyahousehold.com\/wp-content\/uploads\/2024\/04\/wholesale-350mL-samll-insulated-water-bottle-4-540x540.webp 540w, https:\/\/moyahousehold.com\/wp-content\/uploads\/2024\/04\/wholesale-350mL-samll-insulated-water-bottle-4-660x660.webp 660w\" sizes=\"(max-width: 1600px) 100vw, 1600px\" \/><\/figure>\n<\/div>\n<\/div>","protected":false},"excerpt":{"rendered":"<p>Gro\u00dfhandel 350mL isolierte Wasserflaschen, klein und leichtes Design, geeignet f\u00fcr den t\u00e4glichen Gebrauch und die Durchf\u00fchrung, nimmt die innere Abdeckung ein versiegeltes Design, um effektiv zu verhindern, dass Wasser austritt, mehr Seelenfrieden bei der Verwendung. MOYA Wasserflasche Hersteller unterst\u00fctzt kleine und gro\u00dfe Charge Auftr\u00e4ge, bietet professionelle OEM-und ODM-Dienstleistungen, kontaktieren Sie uns f\u00fcr ein Angebot.<\/p>\n<h3>Eigenschaften und Vorteile der kleinen isolierten 350mL Wasserflasche<\/h3>\n<div>\n<p><strong>Geringe Kapazit\u00e4t: <\/strong>Das Fassungsverm\u00f6gen dieser kleinen isolierten Wasserflasche betr\u00e4gt 350 ml, was f\u00fcr den t\u00e4glichen Gebrauch und die Deckung des Trinkwasserbedarfs geeignet ist.<\/p>\n<p><strong>Leicht und tragbar: <\/strong>Die isolierte Wasserflasche ist klein und leicht, l\u00e4sst sich einfach in der Tasche verstauen und kann jederzeit und \u00fcberall Wasser nachf\u00fcllen.<\/p>\n<p><strong>Modischer Auftritt: <\/strong>Die isolierte Wasserflasche hat ein einzigartiges, schlichtes und modernes Aussehen, das bei den Verbrauchern sehr beliebt ist.<\/p>\n<p><strong>Gesundes Material:<\/strong> Er ist aus 304er Edelstahl gefertigt, enth\u00e4lt kein BPA, hat eine gute Haltbarkeit und Korrosionsbest\u00e4ndigkeit, ist sicher und ungiftig und gew\u00e4hrleistet die Gesundheit des Getr\u00e4nks.<\/p>\n<p><strong>Professioneller Gro\u00dfhandelsservice:<\/strong> MOYA Wasserflasche Hersteller bietet den besten Gro\u00dfhandel isolierte Wasserflaschen Service, bietet kostenlose Proben, unterst\u00fctzt kleine Batch-Bestellungen und gro\u00dfe Batch-K\u00e4ufe.<\/p>\n<p><strong>Individueller Service f\u00fcr isolierte Wasserflaschen:<\/strong> Wir unterst\u00fctzen OEM&amp;ODM-L\u00f6sungen nach Ma\u00df, einschlie\u00dflich Flaschenk\u00f6rper, Fassungsverm\u00f6gen, farbige Verpackungen und andere personalisierte Designs, um Ihre Markenanforderungen zu erf\u00fcllen.<\/p>\n<\/div>\n<p><strong><a href=\"https:\/\/moyahousehold.com\/de\/individuelle-losung\/\">Erfahren Sie mehr \u00fcber OEM&amp;ODM-L\u00f6sungen f\u00fcr isolierte Wasserflaschen.\u00a0<\/a><\/strong><\/p>","protected":false},"featured_media":10295,"comment_status":"closed","ping_status":"closed","template":"","meta":[],"product_cat":[53],"product_tag":[104],"class_list":{"0":"post-3180","1":"product","2":"type-product","3":"status-publish","4":"has-post-thumbnail","6":"product_cat-vacuum-bottle-wholesale","7":"product_tag-wholesale-350ml-insulated-water-bottles","9":"first","10":"instock","11":"shipping-taxable","12":"product-type-simple"},"_links":{"self":[{"href":"https:\/\/moyahousehold.com\/de\/wp-json\/wp\/v2\/product\/3180","targetHints":{"allow":["GET"]}}],"collection":[{"href":"https:\/\/moyahousehold.com\/de\/wp-json\/wp\/v2\/product"}],"about":[{"href":"https:\/\/moyahousehold.com\/de\/wp-json\/wp\/v2\/types\/product"}],"replies":[{"embeddable":true,"href":"https:\/\/moyahousehold.com\/de\/wp-json\/wp\/v2\/comments?post=3180"}],"version-history":[{"count":0,"href":"https:\/\/moyahousehold.com\/de\/wp-json\/wp\/v2\/product\/3180\/revisions"}],"wp:featuredmedia":[{"embeddable":true,"href":"https:\/\/moyahousehold.com\/de\/wp-json\/wp\/v2\/media\/10295"}],"wp:attachment":[{"href":"https:\/\/moyahousehold.com\/de\/wp-json\/wp\/v2\/media?parent=3180"}],"wp:term":[{"taxonomy":"product_cat","embeddable":true,"href":"https:\/\/moyahousehold.com\/de\/wp-json\/wp\/v2\/product_cat?post=3180"},{"taxonomy":"product_tag","embeddable":true,"href":"https:\/\/moyahousehold.com\/de\/wp-json\/wp\/v2\/product_tag?post=3180"}],"curies":[{"name":"wp","href":"https:\/\/api.w.org\/{rel}","templated":true}]}}