{"id":3272,"date":"2024-04-21T08:06:23","date_gmt":"2024-04-21T08:06:23","guid":{"rendered":"https:\/\/moyahousehold.com\/?post_type=product&#038;p=3272"},"modified":"2025-02-06T10:15:53","modified_gmt":"2025-02-06T10:15:53","slug":"stylish-wholesale-thermos-bottles-with-elegant-wooden-lids","status":"publish","type":"product","link":"https:\/\/moyahousehold.com\/de\/produkt\/stylish-wholesale-thermos-bottles-with-elegant-wooden-lids\/","title":{"rendered":"Gro\u00dfhandel 350mL Stilvolle Thermosflaschen mit eleganten Holzdeckeln"},"content":{"rendered":"<div class=\"wp-block-columns is-layout-flex wp-container-core-columns-is-layout-9d6595d7 wp-block-columns-is-layout-flex\">\n<div class=\"wp-block-column is-layout-flow wp-block-column-is-layout-flow\">\n<h3 class=\"wp-block-heading\">Parameter des Gro\u00dfhandels Thermosflaschen<\/h3>\n\n\n\n<figure class=\"wp-block-table\"><table class=\"has-fixed-layout\"><tbody><tr><td>Produkt&nbsp;<\/td><td>Kapazit\u00e4t<\/td><td>Modell<\/td><td>Farbe<\/td><td>Material<\/td><td>Abmessungen<\/td><td>Bruttogewicht<\/td><\/tr><tr><td>350mL Stylische Thermosflasche mit Holzdeckel<\/td><td>350mL<\/td><td>MY0893<\/td><td>schwarz,<br>wei\u00df,<br>rosa,<br>beige,<br>chinesisches Rot<\/td><td>PP, Edelstahl 304, Kieselgel,<br>Buche<\/td><td>73x73x175mm<\/td><td>0,6 kg<\/td><\/tr><\/tbody><\/table><\/figure>\n<\/div>\n<\/div>\n\n\n\n<h3 class=\"wp-block-heading\">Individuelle Thermosflaschen-Optionen<\/h3>\n\n\n\n<p><strong>Deckel<\/strong>: Druckdeckel aus rostfreiem Stahl, Griffdeckel, Holzdeckel.<br><strong>Logo<\/strong>: Individuelle Gestaltung Ihres Markenlogos auf Produkten und Verpackungen.<br><strong>Logo-Optionen<\/strong>: gedrucktes Logo, lasergraviertes Logo, etc.<br><strong>Muster<\/strong>Druck von Mustern auf Thermosflaschen.<br><strong>Drucktechnik<\/strong>Wassertransferdruck, Siebdruck, W\u00e4rmetransferdruck, Sublimationstransfer, etc.<br><strong>Verpackung<\/strong>: Farbkasten.<br><a href=\"https:\/\/moyahousehold.com\/de\/individuelle-losung\/\" data-type=\"page\" data-id=\"2817\" target=\"_blank\" rel=\"noreferrer noopener\"><strong>Erfahren Sie mehr \u00fcber individuelle L\u00f6sungen f\u00fcr Thermosflaschen.<\/strong><\/a><\/p>\n\n\n\n<div class=\"wp-block-columns is-layout-flex wp-container-core-columns-is-layout-9d6595d7 wp-block-columns-is-layout-flex\">\n<div class=\"wp-block-column is-layout-flow wp-block-column-is-layout-flow\">\n<figure class=\"wp-block-image size-full\"><img fetchpriority=\"high\" decoding=\"async\" width=\"1600\" height=\"1600\" src=\"https:\/\/moyahousehold.com\/wp-content\/uploads\/2024\/04\/350mL-thermos-bottle-details-1.webp\" alt=\"Thermosflasche 350mL Details (1)\" class=\"wp-image-10306\" srcset=\"https:\/\/moyahousehold.com\/wp-content\/uploads\/2024\/04\/350mL-thermos-bottle-details-1.webp 1600w, https:\/\/moyahousehold.com\/wp-content\/uploads\/2024\/04\/350mL-thermos-bottle-details-1-300x300.webp 300w, https:\/\/moyahousehold.com\/wp-content\/uploads\/2024\/04\/350mL-thermos-bottle-details-1-150x150.webp 150w, https:\/\/moyahousehold.com\/wp-content\/uploads\/2024\/04\/350mL-thermos-bottle-details-1-768x768.webp 768w, https:\/\/moyahousehold.com\/wp-content\/uploads\/2024\/04\/350mL-thermos-bottle-details-1-12x12.webp 12w, https:\/\/moyahousehold.com\/wp-content\/uploads\/2024\/04\/350mL-thermos-bottle-details-1-285x285.webp 285w, https:\/\/moyahousehold.com\/wp-content\/uploads\/2024\/04\/350mL-thermos-bottle-details-1-270x270.webp 270w, https:\/\/moyahousehold.com\/wp-content\/uploads\/2024\/04\/350mL-thermos-bottle-details-1-540x540.webp 540w, https:\/\/moyahousehold.com\/wp-content\/uploads\/2024\/04\/350mL-thermos-bottle-details-1-660x660.webp 660w\" sizes=\"(max-width: 1600px) 100vw, 1600px\" \/><\/figure>\n<\/div>\n\n\n\n<div class=\"wp-block-column is-layout-flow wp-block-column-is-layout-flow\">\n<figure class=\"wp-block-image size-full\"><img decoding=\"async\" width=\"1600\" height=\"1600\" src=\"https:\/\/moyahousehold.com\/wp-content\/uploads\/2024\/04\/350mL-thermos-bottle-details-2.webp\" alt=\"Thermosflasche 350mL Details (2)\" class=\"wp-image-10307\" srcset=\"https:\/\/moyahousehold.com\/wp-content\/uploads\/2024\/04\/350mL-thermos-bottle-details-2.webp 1600w, https:\/\/moyahousehold.com\/wp-content\/uploads\/2024\/04\/350mL-thermos-bottle-details-2-300x300.webp 300w, https:\/\/moyahousehold.com\/wp-content\/uploads\/2024\/04\/350mL-thermos-bottle-details-2-150x150.webp 150w, https:\/\/moyahousehold.com\/wp-content\/uploads\/2024\/04\/350mL-thermos-bottle-details-2-768x768.webp 768w, https:\/\/moyahousehold.com\/wp-content\/uploads\/2024\/04\/350mL-thermos-bottle-details-2-12x12.webp 12w, https:\/\/moyahousehold.com\/wp-content\/uploads\/2024\/04\/350mL-thermos-bottle-details-2-285x285.webp 285w, https:\/\/moyahousehold.com\/wp-content\/uploads\/2024\/04\/350mL-thermos-bottle-details-2-270x270.webp 270w, https:\/\/moyahousehold.com\/wp-content\/uploads\/2024\/04\/350mL-thermos-bottle-details-2-540x540.webp 540w, https:\/\/moyahousehold.com\/wp-content\/uploads\/2024\/04\/350mL-thermos-bottle-details-2-660x660.webp 660w\" sizes=\"(max-width: 1600px) 100vw, 1600px\" \/><\/figure>\n<\/div>\n<\/div>","protected":false},"excerpt":{"rendered":"<p>Als einer der besten Thermosflaschenhersteller in China, bieten wir professionellen Gro\u00dfhandel Thermosflaschen Service. Diese Thermosflasche gepaart mit Ahorn-Deckel, ist es exquisit und elegant, mit klassischen beauty.Hanging Seil Design f\u00fcr mehr elegante abholen.we provice eine Vielzahl von kundenspezifischen Farben, um alle Pr\u00e4ferenzen zu erf\u00fcllen.if Sie mehr Optionen m\u00f6chten, bieten wir eine umfassende benutzerdefinierte Thermosflasche solution.Please f\u00fchlen sich frei, uns zu kontaktieren, wenn Sie Hilfe ben\u00f6tigen.<\/p>\n<h3>Eigenschaften und Vorteile von Gro\u00dfhandels-Thermosflaschen<\/h3>\n<div>1. diese Gro\u00dfhandel Thermosflaschen K\u00f6rper ist aus 304 Edelstahl, mit 24-Stunden-Isolierung und K\u00e4lteisolierung.<\/div>\n<p>&nbsp;<\/p>\n<div>2. Ausgestattet mit Ahornholz Abdeckung und PU-Lederriemen, ist es leicht zu tragen und einfach f\u00fcr die Reise zu tragen.<\/div>\n<p>&nbsp;<\/p>\n<div>3. die Gro\u00dfhandel Thermosflaschen haben ein einfaches Design, und sie sind langlebig mit einem exquisiten und kompakten Aussehen.<\/p>\n<p>4. die Gro\u00dfhandels-Thermosflaschen haben eine matte Textur und bieten einen nat\u00fcrlichen, bequemen Griff.<\/div>\n<p>&nbsp;<\/p>\n<div>5. Drehen Sie den Deckel, um die Feuchtigkeit jederzeit und \u00fcberall wieder aufzuf\u00fcllen.<\/p>\n<p>6. Es stehen mehrere Farben zur Auswahl.<\/div>\n<p>&nbsp;<\/p>\n<p><strong><a href=\"https:\/\/moyahousehold.com\/de\/individuelle-losung\/\" target=\"_blank\" rel=\"noopener\">7. unterst\u00fctzen OEM &amp; ODM benutzerdefinierte Thermosflasche L\u00f6sung.<\/a><\/p>\n<p><\/strong><br \/><strong><br \/><\/strong><\/p>","protected":false},"featured_media":7444,"comment_status":"open","ping_status":"closed","template":"","meta":[],"product_cat":[53],"product_tag":[104],"class_list":{"0":"post-3272","1":"product","2":"type-product","3":"status-publish","4":"has-post-thumbnail","6":"product_cat-vacuum-bottle-wholesale","7":"product_tag-wholesale-350ml-insulated-water-bottles","9":"first","10":"instock","11":"shipping-taxable","12":"product-type-simple"},"_links":{"self":[{"href":"https:\/\/moyahousehold.com\/de\/wp-json\/wp\/v2\/product\/3272","targetHints":{"allow":["GET"]}}],"collection":[{"href":"https:\/\/moyahousehold.com\/de\/wp-json\/wp\/v2\/product"}],"about":[{"href":"https:\/\/moyahousehold.com\/de\/wp-json\/wp\/v2\/types\/product"}],"replies":[{"embeddable":true,"href":"https:\/\/moyahousehold.com\/de\/wp-json\/wp\/v2\/comments?post=3272"}],"version-history":[{"count":1,"href":"https:\/\/moyahousehold.com\/de\/wp-json\/wp\/v2\/product\/3272\/revisions"}],"predecessor-version":[{"id":12801,"href":"https:\/\/moyahousehold.com\/de\/wp-json\/wp\/v2\/product\/3272\/revisions\/12801"}],"wp:featuredmedia":[{"embeddable":true,"href":"https:\/\/moyahousehold.com\/de\/wp-json\/wp\/v2\/media\/7444"}],"wp:attachment":[{"href":"https:\/\/moyahousehold.com\/de\/wp-json\/wp\/v2\/media?parent=3272"}],"wp:term":[{"taxonomy":"product_cat","embeddable":true,"href":"https:\/\/moyahousehold.com\/de\/wp-json\/wp\/v2\/product_cat?post=3272"},{"taxonomy":"product_tag","embeddable":true,"href":"https:\/\/moyahousehold.com\/de\/wp-json\/wp\/v2\/product_tag?post=3272"}],"curies":[{"name":"wp","href":"https:\/\/api.w.org\/{rel}","templated":true}]}}