{"id":3299,"date":"2024-04-21T08:47:49","date_gmt":"2024-04-21T08:47:49","guid":{"rendered":"https:\/\/moyahousehold.com\/?post_type=product&#038;p=3299"},"modified":"2025-02-06T10:15:43","modified_gmt":"2025-02-06T10:15:43","slug":"wholesale-insulated-water-bottle-straight-style","status":"publish","type":"product","link":"https:\/\/moyahousehold.com\/de\/produkt\/wholesale-insulated-water-bottle-straight-style\/","title":{"rendered":"Gro\u00dfhandel 350mL isolierte Wasserflaschen gerade Stil, geeignet f\u00fcr Fahrzeugnutzung"},"content":{"rendered":"<div class=\"wp-block-columns is-layout-flex wp-container-core-columns-is-layout-9d6595d7 wp-block-columns-is-layout-flex\">\n<div class=\"wp-block-column is-layout-flow wp-block-column-is-layout-flow\">\n<h3 class=\"wp-block-heading\">Parameter des Gro\u00dfhandels isolierte Wasserflaschen<\/h3>\n\n\n\n<figure class=\"wp-block-table\"><table class=\"has-fixed-layout\"><tbody><tr><td>Produkt&nbsp;<\/td><td>Kapazit\u00e4t<\/td><td>Modell<\/td><td>Farbe<\/td><td>Material<\/td><td>Abmessungen<\/td><td>Bruttogewicht<\/td><\/tr><tr><td>Gerades Auto<br>isolierter Becher<\/td><td>350mL<\/td><td>MY0839-A<\/td><td>schwarz,<br>rosa,<br>wei\u00df,<br>Stahl<\/td><td>PP, Edelstahl 304, Kieselgel<\/td><td>73x73x180mm<\/td><td>0,4 kg<\/td><\/tr><\/tbody><\/table><\/figure>\n<\/div>\n<\/div>\n\n\n\n<h3 class=\"wp-block-heading\">Individuelle isolierte Wasserflaschen-Optionen<\/h3>\n\n\n\n<p><strong>Deckel<\/strong>: Druckdeckel aus rostfreiem Stahl, Griffdeckel, Holzdeckel.<br><strong>Logo<\/strong>: Individuelle Gestaltung Ihres Markenlogos auf Produkten und Verpackungen.<br><strong>Logo-Optionen<\/strong>: gedrucktes Logo, lasergraviertes Logo, etc.<br><strong>Muster<\/strong>Druck von Mustern auf isolierten Wasserflaschen.<br><strong>Drucktechnik<\/strong>Wassertransferdruck, Siebdruck, W\u00e4rmetransferdruck, Sublimationstransfer, usw.<br><strong>Paket<\/strong>: Farbkasten.<br><a href=\"https:\/\/moyahousehold.com\/de\/individuelle-losung\/\" data-type=\"page\" data-id=\"2817\" target=\"_blank\" rel=\"noreferrer noopener\"><strong>Erfahren Sie mehr \u00fcber individuelle L\u00f6sungen f\u00fcr isolierte Wasserflaschen.<\/strong><\/a><\/p>\n\n\n\n<div class=\"wp-block-columns is-layout-flex wp-container-core-columns-is-layout-9d6595d7 wp-block-columns-is-layout-flex\">\n<div class=\"wp-block-column is-layout-flow wp-block-column-is-layout-flow\">\n<figure class=\"wp-block-image size-full\"><img fetchpriority=\"high\" decoding=\"async\" width=\"3875\" height=\"3875\" src=\"https:\/\/moyahousehold.com\/wp-content\/uploads\/2024\/04\/Wholesale-Insulated-Water-Bottles-10.webp\" alt=\"Gro\u00dfhandel Isolierte Wasserflaschen (10)\" class=\"wp-image-7089\" srcset=\"https:\/\/moyahousehold.com\/wp-content\/uploads\/2024\/04\/Wholesale-Insulated-Water-Bottles-10.webp 3875w, https:\/\/moyahousehold.com\/wp-content\/uploads\/2024\/04\/Wholesale-Insulated-Water-Bottles-10-300x300.webp 300w, https:\/\/moyahousehold.com\/wp-content\/uploads\/2024\/04\/Wholesale-Insulated-Water-Bottles-10-150x150.webp 150w, https:\/\/moyahousehold.com\/wp-content\/uploads\/2024\/04\/Wholesale-Insulated-Water-Bottles-10-768x768.webp 768w, https:\/\/moyahousehold.com\/wp-content\/uploads\/2024\/04\/Wholesale-Insulated-Water-Bottles-10-12x12.webp 12w, https:\/\/moyahousehold.com\/wp-content\/uploads\/2024\/04\/Wholesale-Insulated-Water-Bottles-10-285x285.webp 285w, https:\/\/moyahousehold.com\/wp-content\/uploads\/2024\/04\/Wholesale-Insulated-Water-Bottles-10-1600x1600.webp 1600w, https:\/\/moyahousehold.com\/wp-content\/uploads\/2024\/04\/Wholesale-Insulated-Water-Bottles-10-270x270.webp 270w, https:\/\/moyahousehold.com\/wp-content\/uploads\/2024\/04\/Wholesale-Insulated-Water-Bottles-10-540x540.webp 540w, https:\/\/moyahousehold.com\/wp-content\/uploads\/2024\/04\/Wholesale-Insulated-Water-Bottles-10-660x660.webp 660w\" sizes=\"(max-width: 3875px) 100vw, 3875px\" \/><\/figure>\n<\/div>\n\n\n\n<div class=\"wp-block-column is-layout-flow wp-block-column-is-layout-flow\">\n<figure class=\"wp-block-image size-full\"><img decoding=\"async\" width=\"3994\" height=\"3994\" src=\"https:\/\/moyahousehold.com\/wp-content\/uploads\/2024\/04\/Wholesale-Insulated-Water-Bottles-9.webp\" alt=\"Gro\u00dfhandel Isolierte Wasserflaschen (9)\" class=\"wp-image-7088\" srcset=\"https:\/\/moyahousehold.com\/wp-content\/uploads\/2024\/04\/Wholesale-Insulated-Water-Bottles-9.webp 3994w, https:\/\/moyahousehold.com\/wp-content\/uploads\/2024\/04\/Wholesale-Insulated-Water-Bottles-9-300x300.webp 300w, https:\/\/moyahousehold.com\/wp-content\/uploads\/2024\/04\/Wholesale-Insulated-Water-Bottles-9-150x150.webp 150w, https:\/\/moyahousehold.com\/wp-content\/uploads\/2024\/04\/Wholesale-Insulated-Water-Bottles-9-768x768.webp 768w, https:\/\/moyahousehold.com\/wp-content\/uploads\/2024\/04\/Wholesale-Insulated-Water-Bottles-9-12x12.webp 12w, https:\/\/moyahousehold.com\/wp-content\/uploads\/2024\/04\/Wholesale-Insulated-Water-Bottles-9-285x285.webp 285w, https:\/\/moyahousehold.com\/wp-content\/uploads\/2024\/04\/Wholesale-Insulated-Water-Bottles-9-1600x1600.webp 1600w, https:\/\/moyahousehold.com\/wp-content\/uploads\/2024\/04\/Wholesale-Insulated-Water-Bottles-9-270x270.webp 270w, https:\/\/moyahousehold.com\/wp-content\/uploads\/2024\/04\/Wholesale-Insulated-Water-Bottles-9-540x540.webp 540w, https:\/\/moyahousehold.com\/wp-content\/uploads\/2024\/04\/Wholesale-Insulated-Water-Bottles-9-660x660.webp 660w\" sizes=\"(max-width: 3994px) 100vw, 3994px\" \/><\/figure>\n<\/div>\n<\/div>\n\n\n\n<div class=\"wp-block-columns is-layout-flex wp-container-core-columns-is-layout-9d6595d7 wp-block-columns-is-layout-flex\">\n<div class=\"wp-block-column is-layout-flow wp-block-column-is-layout-flow\"><\/div>\n\n\n\n<div class=\"wp-block-column is-layout-flow wp-block-column-is-layout-flow\"><\/div>\n<\/div>","protected":false},"excerpt":{"rendered":"<p>Moya Edelstahl Wasserflasche Hersteller, Gro\u00dfhandel isolierte Wasserflaschen. diese Wasserflasche ist einfach im Auto zu platzieren. Es ist dicht verschlossen und es gibt keine Notwendigkeit, \u00fcber Versch\u00fcttungen zu k\u00fcmmern. Mit einer breiten Palette von Farbauswahlen, um die Vorlieben der verschiedenen Menschen zu erf\u00fcllen. Support OEM und ODM, willkommen, uns zu kontaktieren.<\/p>\n<h3>Merkmale und Vorteile von isolierten 350-ml-Wasserflaschen<\/h3>\n<div>\n<p><strong>Breite \u00d6ffnung:<\/strong> Die isolierte Wasserflasche hat eine weite \u00d6ffnung, die das Ausgie\u00dfen von Wasser erleichtert und leicht zu reinigen ist, um das Wachstum von Bakterien zu vermeiden.<\/p>\n<p><strong>Hervorragende Isolierleistung:<\/strong> Dank des hochwertigen Doppelschicht-Vakuumdesigns k\u00f6nnen hei\u00dfe Getr\u00e4nke lange Zeit warm und kalte Getr\u00e4nke lange Zeit k\u00fchl gehalten werden.<\/p>\n<p><strong>Vielseitigkeit:<\/strong> Die isolierte Wasserflasche aus hochwertigem 304-Edelstahl eignet sich f\u00fcr eine Vielzahl von Getr\u00e4nken, darunter Wasser, Tee, Kaffee usw., um unterschiedliche Trinkbed\u00fcrfnisse zu erf\u00fcllen.<\/p>\n<p><strong>Einfaches Ausgie\u00dfen:<\/strong> Dr\u00fccken Sie die Oberseite des inneren Deckels mit einem Knopf, um das Wasser gleichm\u00e4\u00dfig auszugie\u00dfen, so dass Sie den Flaschendeckel nicht mehr \u00f6ffnen m\u00fcssen.<\/p>\n<p><strong>OEM- und ODM-Dienstleistungen:<\/strong> MOYA bietet ma\u00dfgeschneiderte L\u00f6sungen f\u00fcr isolierte Wasserflaschen aus einer Hand und deckt eine breite Palette an Anpassungsm\u00f6glichkeiten ab, darunter Deckel, Farben, Formen und Fassungsverm\u00f6gen.<\/p>\n<\/div>\n<p><strong><a href=\"https:\/\/moyahousehold.com\/de\/individuelle-losung\/\" target=\"_blank\" rel=\"noopener\">Erfahren Sie mehr \u00fcber individuelle L\u00f6sungen f\u00fcr isolierte Wasserflaschen.\u00a0<\/a><\/strong><\/p>","protected":false},"featured_media":7077,"comment_status":"closed","ping_status":"closed","template":"","meta":[],"product_cat":[53],"product_tag":[104],"class_list":{"0":"post-3299","1":"product","2":"type-product","3":"status-publish","4":"has-post-thumbnail","6":"product_cat-vacuum-bottle-wholesale","7":"product_tag-wholesale-350ml-insulated-water-bottles","9":"first","10":"instock","11":"shipping-taxable","12":"product-type-simple"},"_links":{"self":[{"href":"https:\/\/moyahousehold.com\/de\/wp-json\/wp\/v2\/product\/3299","targetHints":{"allow":["GET"]}}],"collection":[{"href":"https:\/\/moyahousehold.com\/de\/wp-json\/wp\/v2\/product"}],"about":[{"href":"https:\/\/moyahousehold.com\/de\/wp-json\/wp\/v2\/types\/product"}],"replies":[{"embeddable":true,"href":"https:\/\/moyahousehold.com\/de\/wp-json\/wp\/v2\/comments?post=3299"}],"version-history":[{"count":0,"href":"https:\/\/moyahousehold.com\/de\/wp-json\/wp\/v2\/product\/3299\/revisions"}],"wp:featuredmedia":[{"embeddable":true,"href":"https:\/\/moyahousehold.com\/de\/wp-json\/wp\/v2\/media\/7077"}],"wp:attachment":[{"href":"https:\/\/moyahousehold.com\/de\/wp-json\/wp\/v2\/media?parent=3299"}],"wp:term":[{"taxonomy":"product_cat","embeddable":true,"href":"https:\/\/moyahousehold.com\/de\/wp-json\/wp\/v2\/product_cat?post=3299"},{"taxonomy":"product_tag","embeddable":true,"href":"https:\/\/moyahousehold.com\/de\/wp-json\/wp\/v2\/product_tag?post=3299"}],"curies":[{"name":"wp","href":"https:\/\/api.w.org\/{rel}","templated":true}]}}