{"id":3362,"date":"2024-04-21T10:07:03","date_gmt":"2024-04-21T10:07:03","guid":{"rendered":"https:\/\/moyahousehold.com\/?post_type=product&#038;p=3362"},"modified":"2025-02-05T06:33:31","modified_gmt":"2025-02-05T06:33:31","slug":"wholesale-insulated-carafe-japanese-style","status":"publish","type":"product","link":"https:\/\/moyahousehold.com\/de\/produkt\/wholesale-insulated-carafe-japanese-style\/","title":{"rendered":"Gro\u00dfhandel Japanischer Stil Kaffee Thermokaraffe 1.3L: Au\u00dfergew\u00f6hnliche Isolierung Leistung"},"content":{"rendered":"<div class=\"wp-block-columns is-layout-flex wp-container-core-columns-is-layout-9d6595d7 wp-block-columns-is-layout-flex\">\n<div class=\"wp-block-column is-layout-flow wp-block-column-is-layout-flow\">\n<h3 class=\"wp-block-heading\">Parameter der 1.3L Kaffee-Thermokaraffe<\/h3>\n\n\n\n<p><strong>Modellnummer<\/strong>: MY0992<br><strong>Material<\/strong>: Edelstahl 304 + PP + Silicagel + Buche<br><strong>Bruttogewicht<\/strong>: 1kg<br><strong>Dimension:<\/strong> 195x130x212mm<br><strong>Oberfl\u00e4chendekorationstechnik<\/strong>: Backlack<br><strong>Farbe<\/strong>: beige\/schwarz\/wei\u00df\/rosa\/mintgr\u00fcn\/dunkelgr\u00fcn\/chinesisch rot\/karmesinrot<br><strong>BPA-frei<\/strong><\/p>\n<\/div>\n\n\n\n<div class=\"wp-block-column is-layout-flow wp-block-column-is-layout-flow\">\n<h3 class=\"wp-block-heading\">Kundenspezifische Optionen f\u00fcr Thermokaraffen<\/h3>\n\n\n\n<p><strong>Deckel<\/strong>: Druckdeckel aus rostfreiem Stahl<br><strong>Logo<\/strong>: Individuelle Gestaltung Ihres Markenlogos auf Produkt und Verpackung.<br><strong>Logo-Optionen<\/strong>: gedrucktes Logo, lasergraviertes Logo und mehr.<br><strong>Muster<\/strong>: Gestalten Sie den Aufdruck auf der Thermoskanne individuell.<br><strong>Drucktechnik<\/strong>Wassertransferdruck, Siebdruck, Thermotransferdruck, Sublimationstransfer und mehr.<br><strong>Verpackung:<\/strong>Farbkasten<br><br><a href=\"https:\/\/moyahousehold.com\/de\/individuelle-losung\/\" target=\"_blank\" rel=\"noreferrer noopener\"><strong>Entdecken Sie weitere individuelle Thermoskannenl\u00f6sungen.<\/strong><\/a><\/p>\n\n\n\n<p><br><\/p>\n<\/div>\n<\/div>\n\n\n\n<div class=\"wp-block-columns is-layout-flex wp-container-core-columns-is-layout-9d6595d7 wp-block-columns-is-layout-flex\">\n<div class=\"wp-block-column is-layout-flow wp-block-column-is-layout-flow\">\n<figure class=\"wp-block-image size-full\"><img fetchpriority=\"high\" decoding=\"async\" width=\"540\" height=\"540\" src=\"https:\/\/moyahousehold.com\/wp-content\/uploads\/2024\/04\/Wholesale-Japan-Style-Thermal-Coffee-1.jpg\" alt=\"Gro\u00dfhandel Japan Style Thermal Kaffee (1)\" class=\"wp-image-9764\" srcset=\"https:\/\/moyahousehold.com\/wp-content\/uploads\/2024\/04\/Wholesale-Japan-Style-Thermal-Coffee-1.jpg 540w, https:\/\/moyahousehold.com\/wp-content\/uploads\/2024\/04\/Wholesale-Japan-Style-Thermal-Coffee-1-300x300.jpg 300w, https:\/\/moyahousehold.com\/wp-content\/uploads\/2024\/04\/Wholesale-Japan-Style-Thermal-Coffee-1-150x150.jpg 150w, https:\/\/moyahousehold.com\/wp-content\/uploads\/2024\/04\/Wholesale-Japan-Style-Thermal-Coffee-1-12x12.jpg 12w, https:\/\/moyahousehold.com\/wp-content\/uploads\/2024\/04\/Wholesale-Japan-Style-Thermal-Coffee-1-285x285.jpg 285w, https:\/\/moyahousehold.com\/wp-content\/uploads\/2024\/04\/Wholesale-Japan-Style-Thermal-Coffee-1-270x270.jpg 270w\" sizes=\"(max-width: 540px) 100vw, 540px\" \/><\/figure>\n<\/div>\n\n\n\n<div class=\"wp-block-column is-layout-flow wp-block-column-is-layout-flow\">\n<figure class=\"wp-block-image size-full\"><img decoding=\"async\" width=\"499\" height=\"499\" src=\"https:\/\/moyahousehold.com\/wp-content\/uploads\/2024\/04\/Wholesale-Japan-Style-Thermal-Coffee-2.jpg\" alt=\"Gro\u00dfhandel Japan Style Thermal Kaffee (2)\" class=\"wp-image-9765\" srcset=\"https:\/\/moyahousehold.com\/wp-content\/uploads\/2024\/04\/Wholesale-Japan-Style-Thermal-Coffee-2.jpg 499w, https:\/\/moyahousehold.com\/wp-content\/uploads\/2024\/04\/Wholesale-Japan-Style-Thermal-Coffee-2-300x300.jpg 300w, https:\/\/moyahousehold.com\/wp-content\/uploads\/2024\/04\/Wholesale-Japan-Style-Thermal-Coffee-2-150x150.jpg 150w, https:\/\/moyahousehold.com\/wp-content\/uploads\/2024\/04\/Wholesale-Japan-Style-Thermal-Coffee-2-12x12.jpg 12w, https:\/\/moyahousehold.com\/wp-content\/uploads\/2024\/04\/Wholesale-Japan-Style-Thermal-Coffee-2-285x285.jpg 285w, https:\/\/moyahousehold.com\/wp-content\/uploads\/2024\/04\/Wholesale-Japan-Style-Thermal-Coffee-2-270x270.jpg 270w\" sizes=\"(max-width: 499px) 100vw, 499px\" \/><\/figure>\n<\/div>\n<\/div>\n\n\n\n<div class=\"wp-block-columns is-layout-flex wp-container-core-columns-is-layout-9d6595d7 wp-block-columns-is-layout-flex\">\n<div class=\"wp-block-column is-layout-flow wp-block-column-is-layout-flow\"><\/div>\n\n\n\n<div class=\"wp-block-column is-layout-flow wp-block-column-is-layout-flow\"><\/div>\n<\/div>","protected":false},"excerpt":{"rendered":"<p>Gro\u00dfhandel japanischen Kaffee Thermokaraffe, als eine ideale Wahl f\u00fcr die Gastronomie, Caf\u00e9s, Hotels und zu Hause verwenden, nimmt dieser Kaffee Thermokaraffe hochwertige Edelstahl-Futter und fortschrittliche Doppelschicht-Vakuum-Isolierung Technologie, um hei\u00dfe und kalte Getr\u00e4nke auf die Temperatur f\u00fcr eine lange Zeit zu halten, die Gew\u00e4hrleistung der besten Geschmack der Getr\u00e4nke. <strong>Als Hersteller von Thermoskannen bieten wir OEM- und ODM-Sonderanfertigungen an, bitte kontaktieren Sie uns.<\/strong><\/p>\n<h3>Eigenschaften von 1.3L Kaffee Thermokaraffe<\/h3>\n<div>\u00a0<\/div>\n<p><strong>Gro\u00dfes Fassungsverm\u00f6gen (1,3 Liter):<\/strong> Diese Kaffee-Thermokaraffe hat ein Fassungsverm\u00f6gen von bis zu 1,3 Litern, mit dem die Fl\u00fcssigkeitszufuhr den ganzen Tag \u00fcber in einer B\u00fcroumgebung aufrechterhalten werden kann, wodurch sich die M\u00fche des Nachf\u00fcllens von Wasser erheblich verringert.<\/p>\n<p><strong>Ausgezeichnete Isolierleistung:<\/strong> Dank der doppelschichtigen Vakuum-Isolationstechnologie kann die Temperatur des Getr\u00e4nks \u00fcber Stunden hinweg aufrechterhalten werden, ganz gleich, ob es mit hei\u00dfem Wasser, hei\u00dfen Getr\u00e4nken oder kalten Getr\u00e4nken gef\u00fcllt ist.<\/p>\n<p><strong>Sicheres Auskleidungsmaterial:<\/strong> Die Auskleidung dieser Kaffee-Thermokaraffe besteht aus hochwertigem 304er Edelstahl, der sich durch seine Korrosionsbest\u00e4ndigkeit und Langlebigkeit auszeichnet und die Reinheit des Wassers bei jedem Trinken gew\u00e4hrleistet.<\/p>\n<p><strong>Bequemes Schalterdesign:<\/strong> Diese Kaffee-Thermokaraffe ist mit einem Ein-Knopf-Druckschalter ausgestattet. Bei der Verwendung gen\u00fcgt ein leichter Druck, und das Wasser flie\u00dft auf nat\u00fcrliche Weise aus, was den t\u00e4glichen Gebrauch einfacher und bequemer macht.<\/p>\n<p><strong>Komfortable Griffgestaltung:<\/strong> Diese Kaffee-Thermokaraffe ist mit einem glatten Buchenholzgriff ausgestattet, der dem Benutzer ein \u00e4u\u00dferst angenehmes Haltegef\u00fchl vermittelt.<\/p>","protected":false},"featured_media":9757,"comment_status":"open","ping_status":"closed","template":"","meta":[],"product_cat":[54],"product_tag":[82,85],"class_list":{"0":"post-3362","1":"product","2":"type-product","3":"status-publish","4":"has-post-thumbnail","6":"product_cat-thermal-carafe-wholesale","7":"product_tag-wholesale-1300ml-thermos-carafe","8":"product_tag-wholesale-stainless-steel-liner-thermos-carafe","10":"first","11":"instock","12":"shipping-taxable","13":"product-type-simple"},"_links":{"self":[{"href":"https:\/\/moyahousehold.com\/de\/wp-json\/wp\/v2\/product\/3362","targetHints":{"allow":["GET"]}}],"collection":[{"href":"https:\/\/moyahousehold.com\/de\/wp-json\/wp\/v2\/product"}],"about":[{"href":"https:\/\/moyahousehold.com\/de\/wp-json\/wp\/v2\/types\/product"}],"replies":[{"embeddable":true,"href":"https:\/\/moyahousehold.com\/de\/wp-json\/wp\/v2\/comments?post=3362"}],"version-history":[{"count":0,"href":"https:\/\/moyahousehold.com\/de\/wp-json\/wp\/v2\/product\/3362\/revisions"}],"wp:featuredmedia":[{"embeddable":true,"href":"https:\/\/moyahousehold.com\/de\/wp-json\/wp\/v2\/media\/9757"}],"wp:attachment":[{"href":"https:\/\/moyahousehold.com\/de\/wp-json\/wp\/v2\/media?parent=3362"}],"wp:term":[{"taxonomy":"product_cat","embeddable":true,"href":"https:\/\/moyahousehold.com\/de\/wp-json\/wp\/v2\/product_cat?post=3362"},{"taxonomy":"product_tag","embeddable":true,"href":"https:\/\/moyahousehold.com\/de\/wp-json\/wp\/v2\/product_tag?post=3362"}],"curies":[{"name":"wp","href":"https:\/\/api.w.org\/{rel}","templated":true}]}}