{"id":3419,"date":"2024-04-21T11:07:00","date_gmt":"2024-04-21T11:07:00","guid":{"rendered":"https:\/\/moyahousehold.com\/?post_type=product&#038;p=3419"},"modified":"2025-02-05T06:30:09","modified_gmt":"2025-02-05T06:30:09","slug":"wholesale-custom-thermos-flask","status":"publish","type":"product","link":"https:\/\/moyahousehold.com\/de\/produkt\/wholesale-custom-thermos-flask\/","title":{"rendered":"Gro\u00dfhandel benutzerdefinierte Thermosflasche, Bulk 1000ml modische Thermoskanne, Unterst\u00fctzung OEM &amp; ODM"},"content":{"rendered":"<div class=\"wp-block-columns is-layout-flex wp-container-core-columns-is-layout-9d6595d7 wp-block-columns-is-layout-flex\">\n<div class=\"wp-block-column is-layout-flow wp-block-column-is-layout-flow\">\n<h3 class=\"wp-block-heading\">Parameter der Thermoskanne<\/h3>\n\n\n\n<p><strong>Modellnummer:<\/strong> MY808<br><strong>Material: <\/strong>Borosilikat + PP + Silicagel <br><strong>Bruttogewicht:<\/strong> 0,9 kg<br><strong>Dimension:<\/strong> 70x70x190mm<br><strong>Farbe:<\/strong> beige\/rosa\/hellgrau\/schwarz<br><strong>BPA-frei<\/strong><\/p>\n<\/div>\n\n\n\n<div class=\"wp-block-column is-layout-flow wp-block-column-is-layout-flow\">\n<h3 class=\"wp-block-heading\">Individuelle Thermosflaschen-Optionen<\/h3>\n\n\n\n<p><strong>Deckel:<\/strong> Druckdeckel aus rostfreiem Stahl<br><strong>Logo:<\/strong> Ihr eigenes Markenlogo auf Produkt und Verpackung.<br><strong>Logo-Optionen:<\/strong> gedrucktes Logo, lasergraviertes Logo, usw.<br><strong>Muster:<\/strong> Druck von Mustern auf isolierte Karaffen.<br><strong>Drucktechnik:<\/strong> Wassertransferdruck, Siebdruck, W\u00e4rmetransferdruck, Sublimationstransfer, etc.<br><strong>Verpackung:<\/strong> Farbkasten<br><a href=\"https:\/\/moyahousehold.com\/de\/individuelle-losung\/\"><strong>Entdecken Sie weitere individuelle Thermoskannenl\u00f6sungen<\/strong><\/a><\/p>\n\n\n\n<p><br><\/p>\n<\/div>\n<\/div>\n\n\n\n<div class=\"wp-block-columns is-layout-flex wp-container-core-columns-is-layout-9d6595d7 wp-block-columns-is-layout-flex\">\n<div class=\"wp-block-column is-layout-flow wp-block-column-is-layout-flow\">\n<figure class=\"wp-block-image size-full\"><img fetchpriority=\"high\" decoding=\"async\" width=\"660\" height=\"660\" src=\"https:\/\/moyahousehold.com\/wp-content\/uploads\/2024\/04\/Wholesale-Thermos-Flask-Display-2.webp\" alt=\"Gro\u00dfhandel Thermosflaschen Display (2)\" class=\"wp-image-9927\" srcset=\"https:\/\/moyahousehold.com\/wp-content\/uploads\/2024\/04\/Wholesale-Thermos-Flask-Display-2.webp 660w, https:\/\/moyahousehold.com\/wp-content\/uploads\/2024\/04\/Wholesale-Thermos-Flask-Display-2-300x300.webp 300w, https:\/\/moyahousehold.com\/wp-content\/uploads\/2024\/04\/Wholesale-Thermos-Flask-Display-2-150x150.webp 150w, https:\/\/moyahousehold.com\/wp-content\/uploads\/2024\/04\/Wholesale-Thermos-Flask-Display-2-12x12.webp 12w, https:\/\/moyahousehold.com\/wp-content\/uploads\/2024\/04\/Wholesale-Thermos-Flask-Display-2-285x285.webp 285w, https:\/\/moyahousehold.com\/wp-content\/uploads\/2024\/04\/Wholesale-Thermos-Flask-Display-2-270x270.webp 270w, https:\/\/moyahousehold.com\/wp-content\/uploads\/2024\/04\/Wholesale-Thermos-Flask-Display-2-540x540.webp 540w\" sizes=\"(max-width: 660px) 100vw, 660px\" \/><\/figure>\n<\/div>\n\n\n\n<div class=\"wp-block-column is-layout-flow wp-block-column-is-layout-flow\">\n<figure class=\"wp-block-image size-full\"><img decoding=\"async\" width=\"660\" height=\"660\" src=\"https:\/\/moyahousehold.com\/wp-content\/uploads\/2024\/04\/Wholesale-Thermos-Flask-Display-3.webp\" alt=\"Gro\u00dfhandel Thermosflaschen Display (3)\" class=\"wp-image-9928\" srcset=\"https:\/\/moyahousehold.com\/wp-content\/uploads\/2024\/04\/Wholesale-Thermos-Flask-Display-3.webp 660w, https:\/\/moyahousehold.com\/wp-content\/uploads\/2024\/04\/Wholesale-Thermos-Flask-Display-3-300x300.webp 300w, https:\/\/moyahousehold.com\/wp-content\/uploads\/2024\/04\/Wholesale-Thermos-Flask-Display-3-150x150.webp 150w, https:\/\/moyahousehold.com\/wp-content\/uploads\/2024\/04\/Wholesale-Thermos-Flask-Display-3-12x12.webp 12w, https:\/\/moyahousehold.com\/wp-content\/uploads\/2024\/04\/Wholesale-Thermos-Flask-Display-3-285x285.webp 285w, https:\/\/moyahousehold.com\/wp-content\/uploads\/2024\/04\/Wholesale-Thermos-Flask-Display-3-270x270.webp 270w, https:\/\/moyahousehold.com\/wp-content\/uploads\/2024\/04\/Wholesale-Thermos-Flask-Display-3-540x540.webp 540w\" sizes=\"(max-width: 660px) 100vw, 660px\" \/><\/figure>\n<\/div>\n<\/div>","protected":false},"excerpt":{"rendered":"<p>Gro\u00dfhandel anpassbare Thermoskannen, MOYA bietet eine Vielzahl von Stilen zur Auswahl. Diese Thermoskanne hat eine rote Glasauskleidung, die effektiv warm halten kann f\u00fcr bis zu 24 Stunden. Sie ist eine ideale Wahl f\u00fcr den Heimgebrauch, die B\u00fcroausstattung oder das Hotel- und Gastst\u00e4ttengewerbe. Wir bieten einen OEM- und ODM-Service f\u00fcr kundenspezifische Thermoskannen an und unterst\u00fctzen kundenspezifisches Aussehen, Material, Farbe, Markenlogo und funktionelle Konfiguration. Bitte kontaktieren Sie uns.<\/p>\n<h3>Merkmale der anpassbaren Thermoskanne<\/h3>\n<p><strong>Mehrere Farboptionen:<\/strong> Diese Thermoskanne ist in vier Farben erh\u00e4ltlich, darunter klassisches Schwarz, elegantes Wei\u00df oder leuchtendes Gelb und Pink, um die individuellen Bed\u00fcrfnisse der verschiedenen Verbraucher zu erf\u00fcllen.<\/p>\n<p><strong>Hochwertige Materialien:<\/strong> Diese Thermoskanne hat eine eingebaute rote Glaseinlage, die besser isoliert als eine gew\u00f6hnliche Glaseinlage und bis zu 24 Stunden Isolierwirkung bietet.<\/p>\n<p><strong>Leicht zu reinigen und zu ersetzen:<\/strong> Der Boden dieser Thermoskanne ist abnehmbar, und die Auskleidung kann leicht ausgetauscht und gereinigt werden, um Hygiene und Sauberkeit im Inneren zu gew\u00e4hrleisten.<\/p>\n<p><strong>Praktisches Design:<\/strong> Der Wasserauslass kann mit einem Knopfdruck auf der Oberseite ein- und ausgeschaltet werden, und die Wassers\u00e4ule l\u00e4uft sanft zusammen, um ein \u00dcberlaufen des Wassers zu verhindern.<\/p>\n<p><strong>Anpassungsdienst<\/strong>: Wir bieten OEM- und ODM-Dienstleistungen f\u00fcr kundenspezifische Thermoskannen an, bieten eine breite Palette von Anpassungsm\u00f6glichkeiten und unterst\u00fctzen Bestellungen in kleinen Serien.<\/p>","protected":false},"featured_media":9923,"comment_status":"closed","ping_status":"closed","template":"","meta":[],"product_cat":[54],"product_tag":[66,84],"class_list":{"0":"post-3419","1":"product","2":"type-product","3":"status-publish","4":"has-post-thumbnail","6":"product_cat-thermal-carafe-wholesale","7":"product_tag-wholesale-1000ml-thermos-carafe","8":"product_tag-wholesale-glass-liner-thermos-carafe","10":"first","11":"instock","12":"shipping-taxable","13":"product-type-simple"},"_links":{"self":[{"href":"https:\/\/moyahousehold.com\/de\/wp-json\/wp\/v2\/product\/3419","targetHints":{"allow":["GET"]}}],"collection":[{"href":"https:\/\/moyahousehold.com\/de\/wp-json\/wp\/v2\/product"}],"about":[{"href":"https:\/\/moyahousehold.com\/de\/wp-json\/wp\/v2\/types\/product"}],"replies":[{"embeddable":true,"href":"https:\/\/moyahousehold.com\/de\/wp-json\/wp\/v2\/comments?post=3419"}],"version-history":[{"count":0,"href":"https:\/\/moyahousehold.com\/de\/wp-json\/wp\/v2\/product\/3419\/revisions"}],"wp:featuredmedia":[{"embeddable":true,"href":"https:\/\/moyahousehold.com\/de\/wp-json\/wp\/v2\/media\/9923"}],"wp:attachment":[{"href":"https:\/\/moyahousehold.com\/de\/wp-json\/wp\/v2\/media?parent=3419"}],"wp:term":[{"taxonomy":"product_cat","embeddable":true,"href":"https:\/\/moyahousehold.com\/de\/wp-json\/wp\/v2\/product_cat?post=3419"},{"taxonomy":"product_tag","embeddable":true,"href":"https:\/\/moyahousehold.com\/de\/wp-json\/wp\/v2\/product_tag?post=3419"}],"curies":[{"name":"wp","href":"https:\/\/api.w.org\/{rel}","templated":true}]}}