{"id":3480,"date":"2024-04-21T13:23:49","date_gmt":"2024-04-21T13:23:49","guid":{"rendered":"https:\/\/moyahousehold.com\/?post_type=product&#038;p=3480"},"modified":"2025-02-05T06:28:34","modified_gmt":"2025-02-05T06:28:34","slug":"wholesale-insulated-coffee-carafe","status":"publish","type":"product","link":"https:\/\/moyahousehold.com\/de\/produkt\/wholesale-insulated-coffee-carafe\/","title":{"rendered":"Gro\u00dfhandel isolierte Kaffeekaraffe l.0L, Bulk Thermoskanne zum Verkauf, Unterst\u00fctzung OEM und ODM"},"content":{"rendered":"<div class=\"wp-block-columns is-layout-flex wp-container-core-columns-is-layout-9d6595d7 wp-block-columns-is-layout-flex\">\n<div class=\"wp-block-column is-layout-flow wp-block-column-is-layout-flow\">\n<h3 class=\"wp-block-heading\">Parameter der isolierten Kaffeekaraffe<\/h3>\n\n\n\n<p><strong>Modellnummer: <\/strong>MY0342<br><strong>Material:<\/strong> Borosilikat + ABS+PP + Silicagel <br><strong>Bruttogewicht:<\/strong> 1,1 kg<br><strong>Dimension: <\/strong>202x156x248mm<br><strong>Farbe: <\/strong>wei\u00df\/rosa\/hellgrau\/schwarz<br>BPA-frei<\/p>\n<\/div>\n\n\n\n<div class=\"wp-block-column is-layout-flow wp-block-column-is-layout-flow\">\n<h3 class=\"wp-block-heading\">Individuelle Optionen f\u00fcr isolierte Kaffeekaraffen<\/h3>\n\n\n\n<p><strong>Deckel: <\/strong>Druckdeckel aus rostfreiem Stahl<br><strong>Logo:<\/strong> Ihr Markenlogo auf Produkt und Verpackung anbringen.<br><strong>Logo-Optionen:<\/strong> gedrucktes Logo, lasergraviertes Logo, usw.<br><strong>Muster:<\/strong> Druck von Mustern auf isolierte Karaffen.<br><strong>Drucktechnik:<\/strong> Wassertransferdruck, Siebdruck, W\u00e4rmetransferdruck, Sublimationstransfer, etc.<br><strong>Verpackung: <\/strong>Farbkasten<br><a href=\"https:\/\/moyahousehold.com\/de\/individuelle-losung\/\" target=\"_blank\" rel=\"noreferrer noopener\"><strong>Erfahren Sie mehr \u00fcber individuelle L\u00f6sungen f\u00fcr Thermokaraffen <\/strong><\/a><\/p>\n\n\n\n<p><br><\/p>\n<\/div>\n<\/div>\n\n\n\n<div class=\"wp-block-columns is-layout-flex wp-container-core-columns-is-layout-9d6595d7 wp-block-columns-is-layout-flex\">\n<div class=\"wp-block-column is-layout-flow wp-block-column-is-layout-flow\">\n<figure class=\"wp-block-image size-full\"><img fetchpriority=\"high\" decoding=\"async\" width=\"1500\" height=\"2250\" src=\"https:\/\/moyahousehold.com\/wp-content\/uploads\/2024\/04\/insulated-coffee-carafe-detail-3.webp\" alt=\"isolierte kaffeekaraffe detail (3)\" class=\"wp-image-10033\" srcset=\"https:\/\/moyahousehold.com\/wp-content\/uploads\/2024\/04\/insulated-coffee-carafe-detail-3.webp 1500w, https:\/\/moyahousehold.com\/wp-content\/uploads\/2024\/04\/insulated-coffee-carafe-detail-3-200x300.webp 200w, https:\/\/moyahousehold.com\/wp-content\/uploads\/2024\/04\/insulated-coffee-carafe-detail-3-768x1152.webp 768w, https:\/\/moyahousehold.com\/wp-content\/uploads\/2024\/04\/insulated-coffee-carafe-detail-3-8x12.webp 8w, https:\/\/moyahousehold.com\/wp-content\/uploads\/2024\/04\/insulated-coffee-carafe-detail-3-285x428.webp 285w, https:\/\/moyahousehold.com\/wp-content\/uploads\/2024\/04\/insulated-coffee-carafe-detail-3-440x660.webp 440w, https:\/\/moyahousehold.com\/wp-content\/uploads\/2024\/04\/insulated-coffee-carafe-detail-3-100x150.webp 100w\" sizes=\"(max-width: 1500px) 100vw, 1500px\" \/><\/figure>\n<\/div>\n\n\n\n<div class=\"wp-block-column is-layout-flow wp-block-column-is-layout-flow\">\n<figure class=\"wp-block-image size-full\"><img decoding=\"async\" width=\"1500\" height=\"2250\" src=\"https:\/\/moyahousehold.com\/wp-content\/uploads\/2024\/04\/insulated-coffee-carafe-detail-4.webp\" alt=\"isolierte kaffeekaraffe detail (4)\" class=\"wp-image-10034\" srcset=\"https:\/\/moyahousehold.com\/wp-content\/uploads\/2024\/04\/insulated-coffee-carafe-detail-4.webp 1500w, https:\/\/moyahousehold.com\/wp-content\/uploads\/2024\/04\/insulated-coffee-carafe-detail-4-200x300.webp 200w, https:\/\/moyahousehold.com\/wp-content\/uploads\/2024\/04\/insulated-coffee-carafe-detail-4-768x1152.webp 768w, https:\/\/moyahousehold.com\/wp-content\/uploads\/2024\/04\/insulated-coffee-carafe-detail-4-8x12.webp 8w, https:\/\/moyahousehold.com\/wp-content\/uploads\/2024\/04\/insulated-coffee-carafe-detail-4-285x428.webp 285w, https:\/\/moyahousehold.com\/wp-content\/uploads\/2024\/04\/insulated-coffee-carafe-detail-4-440x660.webp 440w, https:\/\/moyahousehold.com\/wp-content\/uploads\/2024\/04\/insulated-coffee-carafe-detail-4-100x150.webp 100w\" sizes=\"(max-width: 1500px) 100vw, 1500px\" \/><\/figure>\n<\/div>\n<\/div>\n\n\n\n<div class=\"wp-block-columns is-layout-flex wp-container-core-columns-is-layout-9d6595d7 wp-block-columns-is-layout-flex\">\n<div class=\"wp-block-column is-layout-flow wp-block-column-is-layout-flow\"><\/div>\n\n\n\n<div class=\"wp-block-column is-layout-flow wp-block-column-is-layout-flow\"><\/div>\n<\/div>","protected":false},"excerpt":{"rendered":"<p>Gro\u00dfhandel vakuumisolierte Kaffeekaraffe, diese isolierte Kaffeekaraffe hat einen eingebauten Glaseinsatz, der die W\u00e4rme f\u00fcr bis zu 24 Stunden halten kann. Es hat ein stilvolles Aussehen und ist geeignet f\u00fcr Haus, B\u00fcro, Restaurant und andere Szenen. Wir bieten OEM &amp; ODM kundenspezifische Kaffeekaraffe L\u00f6sungen. Bitte kontaktieren Sie uns.<\/p>\n<h3>Eigenschaften und Vorteile der isolierten Kaffeekaraffe<\/h3>\n<p><strong>Einfaches und modernes Design:<\/strong> Die isolierte Kaffeekaraffe hat eine stromlinienf\u00f6rmige Form, und das Gesamtdesign ist sehr einfach und modern und passt zu einer Vielzahl von Wohnstilen.<\/p>\n<p><strong>Hochwertige Materialien<\/strong>: Die Oberfl\u00e4che des Topfes hat eine matte Textur, und das Innere ist mit einem Glaseinsatz versehen, der die Temperatur der Fl\u00fcssigkeit lange Zeit halten kann.<\/p>\n<p><strong>Griff aus Holz:<\/strong> Der Griff der isolierten Kaffeekaraffe ist mit Holz gestaltet, was die optische W\u00e4rme verst\u00e4rkt und ein angenehmes Grifferlebnis bietet.<\/p>\n<p><strong>Mehrere Farben verf\u00fcgbar:<\/strong> Wir bieten eine Vielzahl von Farboptionen an, darunter 4 Farben (grau, rosa, schwarz und wei\u00df), die den \u00e4sthetischen Bed\u00fcrfnissen der verschiedenen Benutzer entsprechen.<\/p>\n<p><strong>Breites Spektrum an Anwendungen:<\/strong> Nicht nur f\u00fcr die heimische K\u00fcche, sondern auch f\u00fcr B\u00fcros und andere Gelegenheiten geeignet. Es kann verwendet werden, um Getr\u00e4nke warm zu halten, oder als Dekoration, um die Sch\u00f6nheit des Raumes zu verbessern.<\/p>","protected":false},"featured_media":10035,"comment_status":"open","ping_status":"closed","template":"","meta":[],"product_cat":[54],"product_tag":[66,84],"class_list":{"0":"post-3480","1":"product","2":"type-product","3":"status-publish","4":"has-post-thumbnail","6":"product_cat-thermal-carafe-wholesale","7":"product_tag-wholesale-1000ml-thermos-carafe","8":"product_tag-wholesale-glass-liner-thermos-carafe","10":"first","11":"instock","12":"shipping-taxable","13":"product-type-simple"},"_links":{"self":[{"href":"https:\/\/moyahousehold.com\/de\/wp-json\/wp\/v2\/product\/3480","targetHints":{"allow":["GET"]}}],"collection":[{"href":"https:\/\/moyahousehold.com\/de\/wp-json\/wp\/v2\/product"}],"about":[{"href":"https:\/\/moyahousehold.com\/de\/wp-json\/wp\/v2\/types\/product"}],"replies":[{"embeddable":true,"href":"https:\/\/moyahousehold.com\/de\/wp-json\/wp\/v2\/comments?post=3480"}],"version-history":[{"count":0,"href":"https:\/\/moyahousehold.com\/de\/wp-json\/wp\/v2\/product\/3480\/revisions"}],"wp:featuredmedia":[{"embeddable":true,"href":"https:\/\/moyahousehold.com\/de\/wp-json\/wp\/v2\/media\/10035"}],"wp:attachment":[{"href":"https:\/\/moyahousehold.com\/de\/wp-json\/wp\/v2\/media?parent=3480"}],"wp:term":[{"taxonomy":"product_cat","embeddable":true,"href":"https:\/\/moyahousehold.com\/de\/wp-json\/wp\/v2\/product_cat?post=3480"},{"taxonomy":"product_tag","embeddable":true,"href":"https:\/\/moyahousehold.com\/de\/wp-json\/wp\/v2\/product_tag?post=3480"}],"curies":[{"name":"wp","href":"https:\/\/api.w.org\/{rel}","templated":true}]}}