{"id":3493,"date":"2024-04-21T13:49:11","date_gmt":"2024-04-21T13:49:11","guid":{"rendered":"https:\/\/moyahousehold.com\/?post_type=product&#038;p=3493"},"modified":"2025-02-05T06:28:03","modified_gmt":"2025-02-05T06:28:03","slug":"wholesale-ll-thermos-kettle-with-diamond-shape-design","status":"publish","type":"product","link":"https:\/\/moyahousehold.com\/de\/produkt\/wholesale-ll-thermos-kettle-with-diamond-shape-design\/","title":{"rendered":"Gro\u00dfhandel l.0L Thermoskanne mit einfachen Stil und Diamond Shape Design, Unterst\u00fctzung OEM und OEM"},"content":{"rendered":"<div class=\"wp-block-columns is-layout-flex wp-container-core-columns-is-layout-9d6595d7 wp-block-columns-is-layout-flex\">\n<div class=\"wp-block-column is-layout-flow wp-block-column-is-layout-flow\">\n<h3 class=\"wp-block-heading\">Parameter des l.0L Thermoskessels\u00a0<\/h3>\n\n\n\n<p><strong>Modellnummer<\/strong>: MY0251<br><strong>Material<\/strong>: Borosilikat +PP + Kieselgel <br><strong>Bruttogewicht<\/strong>: 1.3kg<br><strong>Kapazit\u00e4t:<\/strong> 1.0L<br><strong>Dimension<\/strong>: 201x148x202mm<br><strong>Farbe<\/strong>: wei\u00df\/schwarz<br><strong>BPA-frei<\/strong><\/p>\n<\/div>\n\n\n\n<div class=\"wp-block-column is-layout-flow wp-block-column-is-layout-flow\">\n<h3 class=\"wp-block-heading\">Individuelle Thermoskessel-Optionen<\/h3>\n\n\n\n<p><strong>Deckel:<\/strong> Druckdeckel aus rostfreiem Stahl<br><strong>Logo: <\/strong>Ihr Markenlogo auf Produkt und Verpackung anbringen.<br><strong>Logo-Optionen:<\/strong> gedrucktes Logo, lasergraviertes Logo, usw.<br><strong>Muster: <\/strong>individueller Druck auf Thermoskannen.<br><strong>Drucktechnik:<\/strong> Wassertransferdruck, Siebdruck, W\u00e4rmetransferdruck, Sublimationstransfer, etc.<br><strong>Verpackung:<\/strong> Farbkasten<br><a href=\"https:\/\/moyahousehold.com\/de\/individuelle-losung\/\"><strong>Erfahren Sie mehr \u00fcber kundenspezifische Thermoskannenl\u00f6sungen.<\/strong><\/a><\/p>\n\n\n\n<p><br><\/p>\n<\/div>\n<\/div>\n\n\n\n<div class=\"wp-block-columns is-layout-flex wp-container-core-columns-is-layout-9d6595d7 wp-block-columns-is-layout-flex\">\n<div class=\"wp-block-column is-layout-flow wp-block-column-is-layout-flow\">\n<figure class=\"wp-block-image size-full\"><img fetchpriority=\"high\" decoding=\"async\" width=\"1500\" height=\"1500\" src=\"https:\/\/moyahousehold.com\/wp-content\/uploads\/2024\/04\/Diamond-design-thermos-kettle-display-1.webp\" alt=\"Thermoskannen-Display im Diamant-Design (1)\" class=\"wp-image-9990\" srcset=\"https:\/\/moyahousehold.com\/wp-content\/uploads\/2024\/04\/Diamond-design-thermos-kettle-display-1.webp 1500w, https:\/\/moyahousehold.com\/wp-content\/uploads\/2024\/04\/Diamond-design-thermos-kettle-display-1-300x300.webp 300w, https:\/\/moyahousehold.com\/wp-content\/uploads\/2024\/04\/Diamond-design-thermos-kettle-display-1-150x150.webp 150w, https:\/\/moyahousehold.com\/wp-content\/uploads\/2024\/04\/Diamond-design-thermos-kettle-display-1-768x768.webp 768w, https:\/\/moyahousehold.com\/wp-content\/uploads\/2024\/04\/Diamond-design-thermos-kettle-display-1-12x12.webp 12w, https:\/\/moyahousehold.com\/wp-content\/uploads\/2024\/04\/Diamond-design-thermos-kettle-display-1-285x285.webp 285w, https:\/\/moyahousehold.com\/wp-content\/uploads\/2024\/04\/Diamond-design-thermos-kettle-display-1-270x270.webp 270w, https:\/\/moyahousehold.com\/wp-content\/uploads\/2024\/04\/Diamond-design-thermos-kettle-display-1-540x540.webp 540w, https:\/\/moyahousehold.com\/wp-content\/uploads\/2024\/04\/Diamond-design-thermos-kettle-display-1-660x660.webp 660w\" sizes=\"(max-width: 1500px) 100vw, 1500px\" \/><\/figure>\n<\/div>\n\n\n\n<div class=\"wp-block-column is-layout-flow wp-block-column-is-layout-flow\">\n<figure class=\"wp-block-image size-full\"><img decoding=\"async\" width=\"1500\" height=\"1500\" src=\"https:\/\/moyahousehold.com\/wp-content\/uploads\/2024\/04\/Diamond-design-thermos-kettle-display-2.webp\" alt=\"Thermoskannen-Display im Diamant-Design (2)\" class=\"wp-image-9991\" srcset=\"https:\/\/moyahousehold.com\/wp-content\/uploads\/2024\/04\/Diamond-design-thermos-kettle-display-2.webp 1500w, https:\/\/moyahousehold.com\/wp-content\/uploads\/2024\/04\/Diamond-design-thermos-kettle-display-2-300x300.webp 300w, https:\/\/moyahousehold.com\/wp-content\/uploads\/2024\/04\/Diamond-design-thermos-kettle-display-2-150x150.webp 150w, https:\/\/moyahousehold.com\/wp-content\/uploads\/2024\/04\/Diamond-design-thermos-kettle-display-2-768x768.webp 768w, https:\/\/moyahousehold.com\/wp-content\/uploads\/2024\/04\/Diamond-design-thermos-kettle-display-2-12x12.webp 12w, https:\/\/moyahousehold.com\/wp-content\/uploads\/2024\/04\/Diamond-design-thermos-kettle-display-2-285x285.webp 285w, https:\/\/moyahousehold.com\/wp-content\/uploads\/2024\/04\/Diamond-design-thermos-kettle-display-2-270x270.webp 270w, https:\/\/moyahousehold.com\/wp-content\/uploads\/2024\/04\/Diamond-design-thermos-kettle-display-2-540x540.webp 540w, https:\/\/moyahousehold.com\/wp-content\/uploads\/2024\/04\/Diamond-design-thermos-kettle-display-2-660x660.webp 660w\" sizes=\"(max-width: 1500px) 100vw, 1500px\" \/><\/figure>\n<\/div>\n<\/div>\n\n\n\n<div class=\"wp-block-columns is-layout-flex wp-container-core-columns-is-layout-9d6595d7 wp-block-columns-is-layout-flex\">\n<div class=\"wp-block-column is-layout-flow wp-block-column-is-layout-flow\"><\/div>\n\n\n\n<div class=\"wp-block-column is-layout-flow wp-block-column-is-layout-flow\"><\/div>\n<\/div>","protected":false},"excerpt":{"rendered":"<p>Gro\u00dfhandel Diamant-Look Thermoskannen, einzigartiges Design, perfekt f\u00fcr Ihre K\u00fcche oder Restaurant. Dieser Thermoskessel, mit eingebautem Glaseinsatz, kann die Temperatur f\u00fcr bis zu 24 Stunden halten. Wir bieten OEM und ODM kundenspezifische Thermoskessel Dienstleistungen, ob Sie kleine Batch-Auftr\u00e4ge oder gro\u00dfe Mengen ben\u00f6tigen. Bitte kontaktieren Sie uns.<\/p>\n<h3>Eigenschaften von Wholesale l.0L Thermos Kettle\u00a0<\/h3>\n<div>\n<p><strong>Einzigartiges Design:<\/strong> Die Gro\u00dfhandelsthermoskannen nehmen Diamant-Polyeder-Geometrie, stilvoll und modern, geeignet f\u00fcr alle Arten von Wohnstilen.<\/p>\n<p><strong>Praktisches Design:<\/strong> Der Thermoskessel hat einen gut gestalteten Ausgie\u00dfer, der das Ausgie\u00dfen von Fl\u00fcssigkeiten erleichtert, ein Auslaufen verhindert und den Gebrauch sicherer macht.<\/p>\n<p><strong>Langfristige W\u00e4rmeerhaltung:<\/strong> Die Auskleidung der Gro\u00dfhandelsthermoskannen nimmt rote Gallenglasauskleidung an, die Hitze f\u00fcr 24 Stunden halten kann.<\/p>\n<p><strong>Gro\u00dfhandelsservice:<\/strong> Wir bieten den besten Gro\u00dfhandel Thermoskanne Service und After-Sales-Service, und akzeptieren kleine Chargen Auftr\u00e4ge.<\/p>\n<p><strong>Unterst\u00fctzung f\u00fcr OEM- und ODM-Anpassungen:<\/strong> MOYA bietet Ihnen eine ma\u00dfgeschneiderte L\u00f6sung f\u00fcr Thermoskessel aus einer Hand, die von der Entwicklung \u00fcber die Herstellung von Mustern bis hin zur Massenproduktion reicht, um einen individuellen Marken-Thermoskessel f\u00fcr Sie zu entwickeln.<\/p>\n<\/div>\n<p><strong><a href=\"https:\/\/moyahousehold.com\/de\/individuelle-losung\/\" target=\"_blank\" rel=\"noopener\">Erfahren Sie mehr \u00fcber kundenspezifische OEM&amp;ODM-L\u00f6sungen f\u00fcr Thermoskannen.\u00a0<\/a><\/strong><\/p>","protected":false},"featured_media":9992,"comment_status":"closed","ping_status":"closed","template":"","meta":[],"product_cat":[54],"product_tag":[66,84],"class_list":{"0":"post-3493","1":"product","2":"type-product","3":"status-publish","4":"has-post-thumbnail","6":"product_cat-thermal-carafe-wholesale","7":"product_tag-wholesale-1000ml-thermos-carafe","8":"product_tag-wholesale-glass-liner-thermos-carafe","10":"first","11":"instock","12":"shipping-taxable","13":"product-type-simple"},"_links":{"self":[{"href":"https:\/\/moyahousehold.com\/de\/wp-json\/wp\/v2\/product\/3493","targetHints":{"allow":["GET"]}}],"collection":[{"href":"https:\/\/moyahousehold.com\/de\/wp-json\/wp\/v2\/product"}],"about":[{"href":"https:\/\/moyahousehold.com\/de\/wp-json\/wp\/v2\/types\/product"}],"replies":[{"embeddable":true,"href":"https:\/\/moyahousehold.com\/de\/wp-json\/wp\/v2\/comments?post=3493"}],"version-history":[{"count":0,"href":"https:\/\/moyahousehold.com\/de\/wp-json\/wp\/v2\/product\/3493\/revisions"}],"wp:featuredmedia":[{"embeddable":true,"href":"https:\/\/moyahousehold.com\/de\/wp-json\/wp\/v2\/media\/9992"}],"wp:attachment":[{"href":"https:\/\/moyahousehold.com\/de\/wp-json\/wp\/v2\/media?parent=3493"}],"wp:term":[{"taxonomy":"product_cat","embeddable":true,"href":"https:\/\/moyahousehold.com\/de\/wp-json\/wp\/v2\/product_cat?post=3493"},{"taxonomy":"product_tag","embeddable":true,"href":"https:\/\/moyahousehold.com\/de\/wp-json\/wp\/v2\/product_tag?post=3493"}],"curies":[{"name":"wp","href":"https:\/\/api.w.org\/{rel}","templated":true}]}}