{"id":3506,"date":"2024-04-21T14:19:14","date_gmt":"2024-04-21T14:19:14","guid":{"rendered":"https:\/\/moyahousehold.com\/?post_type=product&#038;p=3506"},"modified":"2025-04-19T09:43:34","modified_gmt":"2025-04-19T09:43:34","slug":"custom-thermal-carafe-mala-style","status":"publish","type":"product","link":"https:\/\/moyahousehold.com\/de\/produkt\/custom-thermal-carafe-mala-style\/","title":{"rendered":"Gro\u00dfhandel 1.0L stilvolle thermische Kaffeekaraffen (MALA Stil), Bulk-Kaffeekanne zum Verkauf, Unterst\u00fctzung OEM &amp; ODM"},"content":{"rendered":"<div class=\"wp-block-columns is-layout-flex wp-container-core-columns-is-layout-9d6595d7 wp-block-columns-is-layout-flex\">\n<div class=\"wp-block-column is-layout-flow wp-block-column-is-layout-flow\">\n<h3 class=\"wp-block-heading\">Parameter von Thermokaraffen<\/h3>\n\n\n\n<p><strong>Modellnummer<\/strong>:MY0251<br><strong>Material<\/strong>:Borosilikat +PP + Kieselgel <br><strong>Bruttogewicht<\/strong>:0.5kg<br><strong>Dimension<\/strong>:162x162x242mm<br><strong>Farbe<\/strong>:rosa\/mintgr\u00fcn\/beige<br><strong>BPA-frei<\/strong><\/p>\n<\/div>\n\n\n\n<div class=\"wp-block-column is-layout-flow wp-block-column-is-layout-flow\">\n<h3 class=\"wp-block-heading\">Kundenspezifische Optionen f\u00fcr Thermokaraffen<\/h3>\n\n\n\n<p><strong>Deckel:<\/strong> Druckdeckel aus rostfreiem Stahl.<br><strong>Logo: <\/strong>Gestalten Sie Ihr Markenlogo auf Produkt und Verpackung.<br><strong>Logo-Optionen: <\/strong>gedrucktes Logo, lasergraviertes Logo, usw.<br><strong>Muster:<\/strong> Druckmuster auf Thermokaraffen.<br><strong>Drucktechnik: <\/strong>Wassertransferdruck, Siebdruck, W\u00e4rmetransferdruck, Sublimationstransfer, usw.<br><strong>Verpackung: <\/strong>Farbkasten<br><a href=\"https:\/\/moyahousehold.com\/de\/individuelle-losung\/\" target=\"_blank\" rel=\"noreferrer noopener\"><strong>Erfahren Sie mehr \u00fcber ma\u00dfgeschneiderte L\u00f6sungen f\u00fcr Thermokaraffen <\/strong><\/a><\/p>\n\n\n\n<p><br><\/p>\n<\/div>\n<\/div>\n\n\n\n<div class=\"wp-block-columns is-layout-flex wp-container-core-columns-is-layout-9d6595d7 wp-block-columns-is-layout-flex\">\n<div class=\"wp-block-column is-layout-flow wp-block-column-is-layout-flow\">\n<figure class=\"wp-block-image size-full\"><img fetchpriority=\"high\" decoding=\"async\" width=\"605\" height=\"605\" src=\"https:\/\/moyahousehold.com\/wp-content\/uploads\/2024\/04\/Thermal-Carafe-Detail-1.jpg\" alt=\"\" class=\"wp-image-9867\" srcset=\"https:\/\/moyahousehold.com\/wp-content\/uploads\/2024\/04\/Thermal-Carafe-Detail-1.jpg 605w, https:\/\/moyahousehold.com\/wp-content\/uploads\/2024\/04\/Thermal-Carafe-Detail-1-300x300.jpg 300w, https:\/\/moyahousehold.com\/wp-content\/uploads\/2024\/04\/Thermal-Carafe-Detail-1-150x150.jpg 150w, https:\/\/moyahousehold.com\/wp-content\/uploads\/2024\/04\/Thermal-Carafe-Detail-1-12x12.jpg 12w, https:\/\/moyahousehold.com\/wp-content\/uploads\/2024\/04\/Thermal-Carafe-Detail-1-285x285.jpg 285w, https:\/\/moyahousehold.com\/wp-content\/uploads\/2024\/04\/Thermal-Carafe-Detail-1-270x270.jpg 270w, https:\/\/moyahousehold.com\/wp-content\/uploads\/2024\/04\/Thermal-Carafe-Detail-1-540x540.jpg 540w\" sizes=\"(max-width: 605px) 100vw, 605px\" \/><\/figure>\n<\/div>\n\n\n\n<div class=\"wp-block-column is-layout-flow wp-block-column-is-layout-flow\">\n<figure class=\"wp-block-image size-full\"><img decoding=\"async\" width=\"540\" height=\"540\" src=\"https:\/\/moyahousehold.com\/wp-content\/uploads\/2024\/04\/Thermal-Carafe-Detail-2.jpg\" alt=\"Thermokaraffe Detail (2)\" class=\"wp-image-9868\" srcset=\"https:\/\/moyahousehold.com\/wp-content\/uploads\/2024\/04\/Thermal-Carafe-Detail-2.jpg 540w, https:\/\/moyahousehold.com\/wp-content\/uploads\/2024\/04\/Thermal-Carafe-Detail-2-300x300.jpg 300w, https:\/\/moyahousehold.com\/wp-content\/uploads\/2024\/04\/Thermal-Carafe-Detail-2-150x150.jpg 150w, https:\/\/moyahousehold.com\/wp-content\/uploads\/2024\/04\/Thermal-Carafe-Detail-2-12x12.jpg 12w, https:\/\/moyahousehold.com\/wp-content\/uploads\/2024\/04\/Thermal-Carafe-Detail-2-285x285.jpg 285w, https:\/\/moyahousehold.com\/wp-content\/uploads\/2024\/04\/Thermal-Carafe-Detail-2-270x270.jpg 270w\" sizes=\"(max-width: 540px) 100vw, 540px\" \/><\/figure>\n<\/div>\n<\/div>","protected":false},"excerpt":{"rendered":"<p>Gro\u00dfhandel exquisite MALA Stil thermische Karaffe. Dies ist ein neuer Design-Wasserkocher, einfaches Aussehen, luxuri\u00f6s und attraktiv. Der Innenraum verwendet eine Glasauskleidung, die bis zu 24 Stunden hei\u00df oder kalt halten kann. Unterst\u00fctzung OEM &amp; ODM, willkommen, uns zu kontaktieren.<\/p>\n<h3>Eigenschaften und Vorteile der 1.0L MALA Thermokaraffe<\/h3>\n<p><strong>Brandneues Design:<\/strong> Die neu gestaltete Thermokaraffe im MALA-Stil hat ein stilvolles und luxuri\u00f6ses Aussehen, das sich perfekt in die moderne Wohnkultur einf\u00fcgt.<\/p>\n<p><strong>Mehrere Farboptionen:<\/strong> F\u00fcr diese Thermokaraffe bieten wir eine Vielzahl von Farboptionen an, darunter warmes Gelb, Smaragdgr\u00fcn und sch\u00f6nes Rosa.<\/p>\n<p><strong>Hervorragende W\u00e4rmed\u00e4mmleistung:<\/strong> Die Innenauskleidung dieser Thermokaraffe besteht aus rotem Gallglas, das 24 Stunden lang W\u00e4rme und K\u00e4lte isolieren kann.<\/p>\n<p><strong>Anti-Seitenleck-Design:<\/strong> Der Ausgie\u00dfer dieser Thermokaraffe hat das Design eines Adlerschnabels, so dass die Wassers\u00e4ule zusammenl\u00e4uft und sich nicht so leicht verteilt, wodurch Verbr\u00fchungen wirksam verhindert werden.<\/p>\n<p><strong>Einfache Bedienung:<\/strong> Ein leichter Druck gen\u00fcgt, um Wasser auszugie\u00dfen, was einfach und arbeitssparend ist.<\/p>\n<p><strong>OEM- und ODM-Kundendienst:<\/strong> Wir bieten professionelle OEM &amp; ODM kundenspezifische L\u00f6sungen f\u00fcr Thermokaraffen, um verschiedene Arten von Marken-Thermokaraffen f\u00fcr Sie zu entwickeln.<\/p>","protected":false},"featured_media":9874,"comment_status":"closed","ping_status":"closed","template":"","meta":[],"product_cat":[54],"product_tag":[66,84],"class_list":{"0":"post-3506","1":"product","2":"type-product","3":"status-publish","4":"has-post-thumbnail","6":"product_cat-thermal-carafe-wholesale","7":"product_tag-wholesale-1000ml-thermos-carafe","8":"product_tag-wholesale-glass-liner-thermos-carafe","10":"first","11":"instock","12":"shipping-taxable","13":"product-type-simple"},"_links":{"self":[{"href":"https:\/\/moyahousehold.com\/de\/wp-json\/wp\/v2\/product\/3506","targetHints":{"allow":["GET"]}}],"collection":[{"href":"https:\/\/moyahousehold.com\/de\/wp-json\/wp\/v2\/product"}],"about":[{"href":"https:\/\/moyahousehold.com\/de\/wp-json\/wp\/v2\/types\/product"}],"replies":[{"embeddable":true,"href":"https:\/\/moyahousehold.com\/de\/wp-json\/wp\/v2\/comments?post=3506"}],"version-history":[{"count":0,"href":"https:\/\/moyahousehold.com\/de\/wp-json\/wp\/v2\/product\/3506\/revisions"}],"wp:featuredmedia":[{"embeddable":true,"href":"https:\/\/moyahousehold.com\/de\/wp-json\/wp\/v2\/media\/9874"}],"wp:attachment":[{"href":"https:\/\/moyahousehold.com\/de\/wp-json\/wp\/v2\/media?parent=3506"}],"wp:term":[{"taxonomy":"product_cat","embeddable":true,"href":"https:\/\/moyahousehold.com\/de\/wp-json\/wp\/v2\/product_cat?post=3506"},{"taxonomy":"product_tag","embeddable":true,"href":"https:\/\/moyahousehold.com\/de\/wp-json\/wp\/v2\/product_tag?post=3506"}],"curies":[{"name":"wp","href":"https:\/\/api.w.org\/{rel}","templated":true}]}}