{"id":3657,"date":"2024-04-22T03:38:05","date_gmt":"2024-04-22T03:38:05","guid":{"rendered":"https:\/\/moyahousehold.com\/?post_type=product&#038;p=3657"},"modified":"2025-02-05T06:27:20","modified_gmt":"2025-02-05T06:27:20","slug":"wholesale-stylish-insulated-drink-dispenser","status":"publish","type":"product","link":"https:\/\/moyahousehold.com\/de\/produkt\/wholesale-stylish-insulated-drink-dispenser\/","title":{"rendered":"Gro\u00dfhandel stilvolle isolierte Getr\u00e4nkespender 5.0L, Bulk Kaffee Luft T\u00f6pfe Fabrik Direktvertrieb, Unterst\u00fctzung OEM &amp; ODM"},"content":{"rendered":"<div class=\"wp-block-columns is-layout-flex wp-container-core-columns-is-layout-9d6595d7 wp-block-columns-is-layout-flex\">\n<div class=\"wp-block-column is-layout-flow wp-block-column-is-layout-flow\">\n<h3 class=\"wp-block-heading\">Parameter des isolierten Getr\u00e4nkespenders<\/h3>\n\n\n\n<p><strong>Modellnummer<\/strong>: MY0879<br><strong>Material<\/strong>: Edelstahl 304 +PP + Kieselgel + Buche<br><strong>Bruttogewicht<\/strong>: 3.8kg<br><strong>Dimension<\/strong>: 284x200x472mm<br><strong>Farbe<\/strong>: schwarz\/beige<br><strong>BPA-frei<\/strong><\/p>\n<\/div>\n\n\n\n<div class=\"wp-block-column is-layout-flow wp-block-column-is-layout-flow\">\n<h3 class=\"wp-block-heading\">Individuelle Optionen f\u00fcr isolierte Spender<\/h3>\n\n\n\n<p><strong>Logo:<\/strong> Ihr Markenlogo auf Produkt und Verpackung anbringen.<br><strong>Logo-Optionen:<\/strong> gedrucktes Logo, lasergraviertes Logo, usw.<br><strong>Muster: <\/strong>Individueller Druck auf isoliertem Getr\u00e4nkespender.<br><strong>Drucktechnik:<\/strong> Wassertransferdruck, Siebdruck, W\u00e4rmetransferdruck, Sublimationstransfer, etc.<br><strong>Verpackung:<\/strong> Farbkasten<br><a href=\"https:\/\/moyahousehold.com\/de\/individuelle-losung\/\" target=\"_blank\" rel=\"noreferrer noopener\"><strong>Erfahren Sie mehr \u00fcber kundenspezifische Luftkessel-L\u00f6sungen.<\/strong><\/a><\/p>\n\n\n\n<p><br><\/p>\n<\/div>\n<\/div>\n\n\n\n<div class=\"wp-block-columns is-layout-flex wp-container-core-columns-is-layout-9d6595d7 wp-block-columns-is-layout-flex\">\n<div class=\"wp-block-column is-layout-flow wp-block-column-is-layout-flow\">\n<figure class=\"wp-block-image size-full\"><img fetchpriority=\"high\" decoding=\"async\" width=\"1500\" height=\"1499\" src=\"https:\/\/moyahousehold.com\/wp-content\/uploads\/2024\/04\/Insulated-Drink-Dispenser-Display\uff081\uff09.webp\" alt=\"Isoliertes Getr\u00e4nkespender-Display\uff081\uff09\" class=\"wp-image-9908\" srcset=\"https:\/\/moyahousehold.com\/wp-content\/uploads\/2024\/04\/Insulated-Drink-Dispenser-Display\uff081\uff09.webp 1500w, https:\/\/moyahousehold.com\/wp-content\/uploads\/2024\/04\/Insulated-Drink-Dispenser-Display\uff081\uff09-300x300.webp 300w, https:\/\/moyahousehold.com\/wp-content\/uploads\/2024\/04\/Insulated-Drink-Dispenser-Display\uff081\uff09-150x150.webp 150w, https:\/\/moyahousehold.com\/wp-content\/uploads\/2024\/04\/Insulated-Drink-Dispenser-Display\uff081\uff09-768x767.webp 768w, https:\/\/moyahousehold.com\/wp-content\/uploads\/2024\/04\/Insulated-Drink-Dispenser-Display\uff081\uff09-12x12.webp 12w, https:\/\/moyahousehold.com\/wp-content\/uploads\/2024\/04\/Insulated-Drink-Dispenser-Display\uff081\uff09-285x285.webp 285w, https:\/\/moyahousehold.com\/wp-content\/uploads\/2024\/04\/Insulated-Drink-Dispenser-Display\uff081\uff09-270x270.webp 270w, https:\/\/moyahousehold.com\/wp-content\/uploads\/2024\/04\/Insulated-Drink-Dispenser-Display\uff081\uff09-540x540.webp 540w, https:\/\/moyahousehold.com\/wp-content\/uploads\/2024\/04\/Insulated-Drink-Dispenser-Display\uff081\uff09-660x660.webp 660w\" sizes=\"(max-width: 1500px) 100vw, 1500px\" \/><\/figure>\n<\/div>\n\n\n\n<div class=\"wp-block-column is-layout-flow wp-block-column-is-layout-flow\">\n<figure class=\"wp-block-image size-full\"><img decoding=\"async\" width=\"1500\" height=\"1499\" src=\"https:\/\/moyahousehold.com\/wp-content\/uploads\/2024\/04\/Insulated-Drink-Dispenser-Display\uff082\uff09.webp\" alt=\"Isoliertes Getr\u00e4nkespender-Display\uff082\uff09\" class=\"wp-image-9909\" srcset=\"https:\/\/moyahousehold.com\/wp-content\/uploads\/2024\/04\/Insulated-Drink-Dispenser-Display\uff082\uff09.webp 1500w, https:\/\/moyahousehold.com\/wp-content\/uploads\/2024\/04\/Insulated-Drink-Dispenser-Display\uff082\uff09-300x300.webp 300w, https:\/\/moyahousehold.com\/wp-content\/uploads\/2024\/04\/Insulated-Drink-Dispenser-Display\uff082\uff09-150x150.webp 150w, https:\/\/moyahousehold.com\/wp-content\/uploads\/2024\/04\/Insulated-Drink-Dispenser-Display\uff082\uff09-768x767.webp 768w, https:\/\/moyahousehold.com\/wp-content\/uploads\/2024\/04\/Insulated-Drink-Dispenser-Display\uff082\uff09-12x12.webp 12w, https:\/\/moyahousehold.com\/wp-content\/uploads\/2024\/04\/Insulated-Drink-Dispenser-Display\uff082\uff09-285x285.webp 285w, https:\/\/moyahousehold.com\/wp-content\/uploads\/2024\/04\/Insulated-Drink-Dispenser-Display\uff082\uff09-270x270.webp 270w, https:\/\/moyahousehold.com\/wp-content\/uploads\/2024\/04\/Insulated-Drink-Dispenser-Display\uff082\uff09-540x540.webp 540w, https:\/\/moyahousehold.com\/wp-content\/uploads\/2024\/04\/Insulated-Drink-Dispenser-Display\uff082\uff09-660x660.webp 660w\" sizes=\"(max-width: 1500px) 100vw, 1500px\" \/><\/figure>\n<\/div>\n<\/div>","protected":false},"excerpt":{"rendered":"<p>Gro\u00dfhandel isoliert Getr\u00e4nkespender, seine doppelschichtige Vakuum-Design bietet eine bessere Isolierung Wirkung. Mit einem Fassungsverm\u00f6gen von 5,0 l ist er f\u00fcr den Einsatz in B\u00fcros, Restaurants und anderen Bereichen geeignet. Dieser isolierte Getr\u00e4nkespender ist einfach und schick und bietet ein perfektes Gleichgewicht zwischen Sch\u00f6nheit und Zweckm\u00e4\u00dfigkeit. Kontaktieren Sie uns f\u00fcr ein Angebot.<\/p>\n<h3>Eigenschaften von 5.0L Isolierter Getr\u00e4nkespender<\/h3>\n<div>\n<p><strong>Gro\u00dfes Fassungsverm\u00f6gen:<\/strong> Dieser isolierte Getr\u00e4nkespender hat ein gro\u00dfes Fassungsverm\u00f6gen von 5,0 Litern, das den Bedarf an gro\u00dfen Getr\u00e4nkemengen decken kann und sich f\u00fcr den Einsatz in B\u00fcros, Sporthallen und anderen Orten eignet.<\/p>\n<p><strong>Hervorragende Isolierleistung:<\/strong> Im Gegensatz zu den \u00fcblichen Schaumgummi-Isolierspendern auf dem Markt nutzt der MOYA-Isoliergetr\u00e4nkespender die Vakuumtechnologie, um die Isolierwirkung deutlich zu verbessern und die Temperatur der Getr\u00e4nke l\u00e4nger zu halten.<\/p>\n<p><strong>Intelligente Temperaturregelung:<\/strong> Dieser isolierte Getr\u00e4nkespender ist mit einem LCD-Display ausgestattet, das die Temperatur im Inneren des Fasses in Echtzeit anzeigen kann. Die intelligente Temperaturregelung sorgt f\u00fcr ein bequemes Temperaturmanagement.<\/p>\n<p><strong>Effiziente Filtration:<\/strong> Dieser isolierte Getr\u00e4nkespender hat einen eingebauten hochdichten Filter, der R\u00fcckst\u00e4nde leicht herausfiltern kann und die Getr\u00e4nke sauber h\u00e4lt.<\/p>\n<p><strong>Ma\u00dfgeschneiderter Service:<\/strong> Wir unterst\u00fctzen kundenspezifische OEM- und ODM-Dienstleistungen. Wir k\u00f6nnen exklusive Marken-Luftt\u00f6pfe nach den Bed\u00fcrfnissen der Kunden erstellen, um verschiedene Marktanforderungen zu erf\u00fcllen.<\/p>\n<\/div>\n<p><strong><a href=\"https:\/\/moyahousehold.com\/de\/individuelle-losung\/\" target=\"_blank\" rel=\"noopener\">MOYA bietet OEM&amp;ODM kundenspezifische L\u00f6sungen f\u00fcr isolierte Getr\u00e4nkespender.<\/a><\/strong><\/p>","protected":false},"featured_media":9910,"comment_status":"closed","ping_status":"closed","template":"","meta":[],"product_cat":[54],"product_tag":[85],"class_list":{"0":"post-3657","1":"product","2":"type-product","3":"status-publish","4":"has-post-thumbnail","6":"product_cat-thermal-carafe-wholesale","7":"product_tag-wholesale-stainless-steel-liner-thermos-carafe","9":"first","10":"instock","11":"shipping-taxable","12":"product-type-simple"},"_links":{"self":[{"href":"https:\/\/moyahousehold.com\/de\/wp-json\/wp\/v2\/product\/3657","targetHints":{"allow":["GET"]}}],"collection":[{"href":"https:\/\/moyahousehold.com\/de\/wp-json\/wp\/v2\/product"}],"about":[{"href":"https:\/\/moyahousehold.com\/de\/wp-json\/wp\/v2\/types\/product"}],"replies":[{"embeddable":true,"href":"https:\/\/moyahousehold.com\/de\/wp-json\/wp\/v2\/comments?post=3657"}],"version-history":[{"count":0,"href":"https:\/\/moyahousehold.com\/de\/wp-json\/wp\/v2\/product\/3657\/revisions"}],"wp:featuredmedia":[{"embeddable":true,"href":"https:\/\/moyahousehold.com\/de\/wp-json\/wp\/v2\/media\/9910"}],"wp:attachment":[{"href":"https:\/\/moyahousehold.com\/de\/wp-json\/wp\/v2\/media?parent=3657"}],"wp:term":[{"taxonomy":"product_cat","embeddable":true,"href":"https:\/\/moyahousehold.com\/de\/wp-json\/wp\/v2\/product_cat?post=3657"},{"taxonomy":"product_tag","embeddable":true,"href":"https:\/\/moyahousehold.com\/de\/wp-json\/wp\/v2\/product_tag?post=3657"}],"curies":[{"name":"wp","href":"https:\/\/api.w.org\/{rel}","templated":true}]}}