{"id":3671,"date":"2024-04-22T05:23:57","date_gmt":"2024-04-22T05:23:57","guid":{"rendered":"https:\/\/moyahousehold.com\/?post_type=product&#038;p=3671"},"modified":"2026-04-11T03:56:57","modified_gmt":"2026-04-11T03:56:57","slug":"wholesale-insulated-water-dispenser-2500ml","status":"publish","type":"product","link":"https:\/\/moyahousehold.com\/de\/produkt\/wholesale-insulated-water-dispenser-2500ml\/","title":{"rendered":"Wholesale Insulated Water Dispenser 2500ML \u2014Efficient Thermal Insulation for Home, Office, and Commercial Use"},"content":{"rendered":"<figure class=\"wp-block-image size-full\"><img fetchpriority=\"high\" decoding=\"async\" width=\"5472\" height=\"3648\" src=\"https:\/\/moyahousehold.com\/wp-content\/uploads\/2024\/04\/JS-\u6c14\u538b\u58f6-41.jpg\" alt=\"2.5L Air Pressure Kettle in Black\/White, minimalist thermal insulated water dispenser with air-pressure spout and ergonomic handle, ideal for home\/office\" class=\"wp-image-12905\" srcset=\"https:\/\/moyahousehold.com\/wp-content\/uploads\/2024\/04\/JS-\u6c14\u538b\u58f6-41.jpg 5472w, https:\/\/moyahousehold.com\/wp-content\/uploads\/2024\/04\/JS-\u6c14\u538b\u58f6-41-300x200.jpg 300w, https:\/\/moyahousehold.com\/wp-content\/uploads\/2024\/04\/JS-\u6c14\u538b\u58f6-41-768x512.jpg 768w, https:\/\/moyahousehold.com\/wp-content\/uploads\/2024\/04\/JS-\u6c14\u538b\u58f6-41-18x12.jpg 18w, https:\/\/moyahousehold.com\/wp-content\/uploads\/2024\/04\/JS-\u6c14\u538b\u58f6-41-285x190.jpg 285w, https:\/\/moyahousehold.com\/wp-content\/uploads\/2024\/04\/JS-\u6c14\u538b\u58f6-41-1600x1067.jpg 1600w, https:\/\/moyahousehold.com\/wp-content\/uploads\/2024\/04\/JS-\u6c14\u538b\u58f6-41-660x440.jpg 660w, https:\/\/moyahousehold.com\/wp-content\/uploads\/2024\/04\/JS-\u6c14\u538b\u58f6-41-150x100.jpg 150w\" sizes=\"(max-width: 5472px) 100vw, 5472px\" \/><\/figure>\n\n\n\n<h3 class=\"wp-block-heading\">Parameter des isolierten Wasserspenders<\/h3>\n\n\n\n<figure class=\"wp-block-table\"><table class=\"has-fixed-layout\"><tbody><tr><td><strong>Artikel<\/strong><\/td><td><strong>Material<\/strong><\/td><td><strong>Farbe<\/strong><\/td><td><strong>Dimension<\/strong><\/td><td><strong>G.W.\/PCS<\/strong><\/td><\/tr><tr><td>MY0840<\/td><td>304 + PP + PE + ABS + Silica Gel<\/td><td>Black\/Beige<\/td><td>23.8*16*28<\/td><td>2.5<\/td><\/tr><\/tbody><\/table><\/figure>\n\n\n\n<div class=\"wp-block-columns is-layout-flex wp-container-core-columns-is-layout-9d6595d7 wp-block-columns-is-layout-flex\">\n<div class=\"wp-block-column is-layout-flow wp-block-column-is-layout-flow\">\n<h3 class=\"wp-block-heading\">Individuelle Thermoskannen-Optionen<\/h3>\n\n\n\n<p><strong>Logo<\/strong>: Customize your brand logo on product and packaging.<br><strong>Logo Options<\/strong>: Printed logo, laser engraved logo, etc.<br><strong>Muster<\/strong>: Druckmuster.<br><strong>Printing Technology<\/strong>: Water transfer printing, silk screen printing, heat transfer printing, sublimation transfer, etc.<br><strong>Verpackung:<\/strong> Color box<br><a href=\"https:\/\/moyahousehold.com\/de\/individuelle-losung\/\" target=\"_blank\" rel=\"noreferrer noopener\"><strong>Erfahren Sie mehr \u00fcber individuelle Thermosl\u00f6sungen<\/strong><\/a><\/p>\n<\/div>\n<\/div>\n\n\n\n<div class=\"wp-block-columns is-layout-flex wp-container-core-columns-is-layout-9d6595d7 wp-block-columns-is-layout-flex\">\n<div class=\"wp-block-column is-layout-flow wp-block-column-is-layout-flow\">\n<figure class=\"wp-block-image size-full\"><img decoding=\"async\" width=\"3648\" height=\"5472\" src=\"https:\/\/moyahousehold.com\/wp-content\/uploads\/2024\/04\/JS-\u6c14\u538b\u58f6-24.jpg\" alt=\"2.5L Air Pressure Kettle in Black\/White, minimalist thermal insulated water dispenser with air-pressure spout and ergonomic handle, ideal for home\/office\" class=\"wp-image-12906\" srcset=\"https:\/\/moyahousehold.com\/wp-content\/uploads\/2024\/04\/JS-\u6c14\u538b\u58f6-24.jpg 3648w, https:\/\/moyahousehold.com\/wp-content\/uploads\/2024\/04\/JS-\u6c14\u538b\u58f6-24-200x300.jpg 200w, https:\/\/moyahousehold.com\/wp-content\/uploads\/2024\/04\/JS-\u6c14\u538b\u58f6-24-768x1152.jpg 768w, https:\/\/moyahousehold.com\/wp-content\/uploads\/2024\/04\/JS-\u6c14\u538b\u58f6-24-8x12.jpg 8w, https:\/\/moyahousehold.com\/wp-content\/uploads\/2024\/04\/JS-\u6c14\u538b\u58f6-24-285x428.jpg 285w, https:\/\/moyahousehold.com\/wp-content\/uploads\/2024\/04\/JS-\u6c14\u538b\u58f6-24-1600x2400.jpg 1600w, https:\/\/moyahousehold.com\/wp-content\/uploads\/2024\/04\/JS-\u6c14\u538b\u58f6-24-440x660.jpg 440w, https:\/\/moyahousehold.com\/wp-content\/uploads\/2024\/04\/JS-\u6c14\u538b\u58f6-24-100x150.jpg 100w\" sizes=\"(max-width: 3648px) 100vw, 3648px\" \/><\/figure>\n<\/div>\n\n\n\n<div class=\"wp-block-column is-layout-flow wp-block-column-is-layout-flow\">\n<figure class=\"wp-block-image size-full\"><img decoding=\"async\" width=\"3648\" height=\"5472\" src=\"https:\/\/moyahousehold.com\/wp-content\/uploads\/2024\/04\/JS-\u6c14\u538b\u58f6-33.jpg\" alt=\"2.5L Air Pressure Kettle in Black\/White, minimalist thermal insulated water dispenser with air-pressure spout and ergonomic handle, ideal for home\/office\" class=\"wp-image-12909\" srcset=\"https:\/\/moyahousehold.com\/wp-content\/uploads\/2024\/04\/JS-\u6c14\u538b\u58f6-33.jpg 3648w, https:\/\/moyahousehold.com\/wp-content\/uploads\/2024\/04\/JS-\u6c14\u538b\u58f6-33-200x300.jpg 200w, https:\/\/moyahousehold.com\/wp-content\/uploads\/2024\/04\/JS-\u6c14\u538b\u58f6-33-768x1152.jpg 768w, https:\/\/moyahousehold.com\/wp-content\/uploads\/2024\/04\/JS-\u6c14\u538b\u58f6-33-8x12.jpg 8w, https:\/\/moyahousehold.com\/wp-content\/uploads\/2024\/04\/JS-\u6c14\u538b\u58f6-33-285x428.jpg 285w, https:\/\/moyahousehold.com\/wp-content\/uploads\/2024\/04\/JS-\u6c14\u538b\u58f6-33-1600x2400.jpg 1600w, https:\/\/moyahousehold.com\/wp-content\/uploads\/2024\/04\/JS-\u6c14\u538b\u58f6-33-440x660.jpg 440w, https:\/\/moyahousehold.com\/wp-content\/uploads\/2024\/04\/JS-\u6c14\u538b\u58f6-33-100x150.jpg 100w\" sizes=\"(max-width: 3648px) 100vw, 3648px\" \/><\/figure>\n<\/div>\n<\/div>\n\n\n\n<div class=\"wp-block-columns is-layout-flex wp-container-core-columns-is-layout-9d6595d7 wp-block-columns-is-layout-flex\">\n<div class=\"wp-block-column is-layout-flow wp-block-column-is-layout-flow\">\n<figure class=\"wp-block-image size-full\"><img loading=\"lazy\" decoding=\"async\" width=\"3648\" height=\"5472\" src=\"https:\/\/moyahousehold.com\/wp-content\/uploads\/2024\/04\/JS-\u6c14\u538b\u58f6-90.jpg\" alt=\"2.5L Air Pressure Kettle in Black\/White, minimalist thermal insulated water dispenser with air-pressure spout and ergonomic handle, ideal for home\/office\" class=\"wp-image-12907\" srcset=\"https:\/\/moyahousehold.com\/wp-content\/uploads\/2024\/04\/JS-\u6c14\u538b\u58f6-90.jpg 3648w, https:\/\/moyahousehold.com\/wp-content\/uploads\/2024\/04\/JS-\u6c14\u538b\u58f6-90-200x300.jpg 200w, https:\/\/moyahousehold.com\/wp-content\/uploads\/2024\/04\/JS-\u6c14\u538b\u58f6-90-768x1152.jpg 768w, https:\/\/moyahousehold.com\/wp-content\/uploads\/2024\/04\/JS-\u6c14\u538b\u58f6-90-8x12.jpg 8w, https:\/\/moyahousehold.com\/wp-content\/uploads\/2024\/04\/JS-\u6c14\u538b\u58f6-90-285x428.jpg 285w, https:\/\/moyahousehold.com\/wp-content\/uploads\/2024\/04\/JS-\u6c14\u538b\u58f6-90-1600x2400.jpg 1600w, https:\/\/moyahousehold.com\/wp-content\/uploads\/2024\/04\/JS-\u6c14\u538b\u58f6-90-440x660.jpg 440w, https:\/\/moyahousehold.com\/wp-content\/uploads\/2024\/04\/JS-\u6c14\u538b\u58f6-90-100x150.jpg 100w\" sizes=\"(max-width: 3648px) 100vw, 3648px\" \/><\/figure>\n<\/div>\n\n\n\n<div class=\"wp-block-column is-layout-flow wp-block-column-is-layout-flow\">\n<figure class=\"wp-block-image size-full\"><img loading=\"lazy\" decoding=\"async\" width=\"3648\" height=\"5472\" src=\"https:\/\/moyahousehold.com\/wp-content\/uploads\/2024\/04\/JS-\u6c14\u538b\u58f6-1.jpg\" alt=\"2.5L Air Pressure Kettle in Black\/White, minimalist thermal insulated water dispenser with air-pressure spout and ergonomic handle, ideal for home\/office\" class=\"wp-image-12908\" srcset=\"https:\/\/moyahousehold.com\/wp-content\/uploads\/2024\/04\/JS-\u6c14\u538b\u58f6-1.jpg 3648w, https:\/\/moyahousehold.com\/wp-content\/uploads\/2024\/04\/JS-\u6c14\u538b\u58f6-1-200x300.jpg 200w, https:\/\/moyahousehold.com\/wp-content\/uploads\/2024\/04\/JS-\u6c14\u538b\u58f6-1-768x1152.jpg 768w, https:\/\/moyahousehold.com\/wp-content\/uploads\/2024\/04\/JS-\u6c14\u538b\u58f6-1-8x12.jpg 8w, https:\/\/moyahousehold.com\/wp-content\/uploads\/2024\/04\/JS-\u6c14\u538b\u58f6-1-285x428.jpg 285w, https:\/\/moyahousehold.com\/wp-content\/uploads\/2024\/04\/JS-\u6c14\u538b\u58f6-1-1600x2400.jpg 1600w, https:\/\/moyahousehold.com\/wp-content\/uploads\/2024\/04\/JS-\u6c14\u538b\u58f6-1-440x660.jpg 440w, https:\/\/moyahousehold.com\/wp-content\/uploads\/2024\/04\/JS-\u6c14\u538b\u58f6-1-100x150.jpg 100w\" sizes=\"(max-width: 3648px) 100vw, 3648px\" \/><\/figure>\n<\/div>\n<\/div>","protected":false},"excerpt":{"rendered":"<p>Gro\u00dfhandel isoliert Wasserspender 2500ml kann die interne Temperatur des Getr\u00e4nks f\u00fcr eine lange Zeit zu halten. Dieser isolierte Wasserspender ist so konzipiert, dass er leicht ist und mit einem bequemen Griff ausgestattet, so dass er sehr bequem mit Ihnen zu tragen. Es kann von vielen Menschen bei Familienfeiern, B\u00fcros oder Outdoor-Aktivit\u00e4ten verwendet werden.<\/p>\n<h3>Merkmale des isolierten Wasserspenders 2500ML\u00a0<\/h3>\n<div>\n<p><strong>Easy to Use:<\/strong> Ein Druck auf den Knopf gen\u00fcgt, und das Wasser oder die Getr\u00e4nke flie\u00dfen automatisch aus, was das Einschenken von Getr\u00e4nken extrem schnell und bequem macht.<\/p>\n<p><strong>Excellent Insulation Performance:<\/strong> Dieser isolierte Wasserspender verwendet eine doppelschichtige Vakuumisolierungstechnologie, um die richtige Temperatur von hei\u00dfen oder kalten Getr\u00e4nken zu erhalten.<\/p>\n<p><strong>Large Capacity:<\/strong> Dieser isolierte Wasserspender hat ein Fassungsverm\u00f6gen von 2,5 Litern, was den regelm\u00e4\u00dfigen Bedarf an Getr\u00e4nken auf Partys deckt und die M\u00fche des h\u00e4ufigen Nachf\u00fcllens von Wasser vermeidet.<\/p>\n<p><strong>Easy to Carry:<\/strong> Dieser isolierte Wasserspender ist ein Leichtgewicht, das sich durch seine kompakte Form und sein einfaches Design ideal f\u00fcr Outdoor-Aktivit\u00e4ten, Reisen oder Camping eignet.<\/p>\n<p><strong>Leicht zu reinigen:<\/strong> Der isolierte Wasserspender kann leicht zerlegt werden, und der Benutzer kann jede Ecke w\u00e4hrend des Gebrauchs leicht reinigen.<\/p>\n<p><strong>Environmentally Friendly Design:<\/strong> Sein Designkonzept ist nicht nur praktisch, sondern ber\u00fccksichtigt auch die Grunds\u00e4tze des Umweltschutzes. Er kann mehrfach verwendet werden. Dieser isolierte Wasserspender hilft, die Verwendung von Einweg-Plastikflaschen zu reduzieren.<\/p>\n<p><\/p>\n<p>&nbsp;<\/p>\n<\/div>","protected":false},"featured_media":12916,"comment_status":"closed","ping_status":"closed","template":"","meta":[],"product_cat":[54],"product_tag":[85],"class_list":{"0":"post-3671","1":"product","2":"type-product","3":"status-publish","4":"has-post-thumbnail","6":"product_cat-thermal-carafe-wholesale","7":"product_tag-wholesale-stainless-steel-liner-thermos-carafe","9":"first","10":"instock","11":"shipping-taxable","12":"product-type-simple"},"_links":{"self":[{"href":"https:\/\/moyahousehold.com\/de\/wp-json\/wp\/v2\/product\/3671","targetHints":{"allow":["GET"]}}],"collection":[{"href":"https:\/\/moyahousehold.com\/de\/wp-json\/wp\/v2\/product"}],"about":[{"href":"https:\/\/moyahousehold.com\/de\/wp-json\/wp\/v2\/types\/product"}],"replies":[{"embeddable":true,"href":"https:\/\/moyahousehold.com\/de\/wp-json\/wp\/v2\/comments?post=3671"}],"version-history":[{"count":2,"href":"https:\/\/moyahousehold.com\/de\/wp-json\/wp\/v2\/product\/3671\/revisions"}],"predecessor-version":[{"id":12913,"href":"https:\/\/moyahousehold.com\/de\/wp-json\/wp\/v2\/product\/3671\/revisions\/12913"}],"wp:featuredmedia":[{"embeddable":true,"href":"https:\/\/moyahousehold.com\/de\/wp-json\/wp\/v2\/media\/12916"}],"wp:attachment":[{"href":"https:\/\/moyahousehold.com\/de\/wp-json\/wp\/v2\/media?parent=3671"}],"wp:term":[{"taxonomy":"product_cat","embeddable":true,"href":"https:\/\/moyahousehold.com\/de\/wp-json\/wp\/v2\/product_cat?post=3671"},{"taxonomy":"product_tag","embeddable":true,"href":"https:\/\/moyahousehold.com\/de\/wp-json\/wp\/v2\/product_tag?post=3671"}],"curies":[{"name":"wp","href":"https:\/\/api.w.org\/{rel}","templated":true}]}}