{"id":3794,"date":"2024-04-23T00:41:19","date_gmt":"2024-04-23T00:41:19","guid":{"rendered":"https:\/\/moyahousehold.com\/?post_type=product&#038;p=3794"},"modified":"2025-02-05T10:24:58","modified_gmt":"2025-02-05T10:24:58","slug":"wholesale-environmentally-friendly-food-storage-containers","status":"publish","type":"product","link":"https:\/\/moyahousehold.com\/de\/produkt\/groshandel-lebensmittel-lagerung-container\/","title":{"rendered":"Gro\u00dfhandel Umweltfreundliche Lebensmittelbeh\u00e4lter: Die wiederverwendbaren Lebensmittelbeh\u00e4lter"},"content":{"rendered":"<div class=\"wp-block-columns is-layout-flex wp-container-core-columns-is-layout-9d6595d7 wp-block-columns-is-layout-flex\">\n<div class=\"wp-block-column is-layout-flow wp-block-column-is-layout-flow\">\n<h3 class=\"wp-block-heading\">Parameter von wiederverwendbaren Lebensmittelbeh\u00e4ltern aus Edelstahl<\/h3>\n\n\n\n<figure class=\"wp-block-table\"><table class=\"has-fixed-layout\"><tbody><tr><td>Modellnummer<\/td><td>Material<\/td><td>Farbe<\/td><td>Kapazit\u00e4t<\/td><td>Gr\u00f6\u00dfe des Produkts<\/td><td>\u00c4u\u00dfere Abmessungen des Kartons<\/td><td>ANZAHL\/CTN<\/td><td>N.W.<\/td><td>G.W.<\/td><\/tr><tr><td>MYJD016<\/td><td rowspan=\"3\">304+PP<\/td><td rowspan=\"3\">Schwarzer Deckel<br>Stahlgeh\u00e4use<\/td><td>350ml<\/td><td>14.5*11.5*5<\/td><td>58*45*56<\/td><td>160<\/td><td>0.13&nbsp;<\/td><td>23.8<\/td><\/tr><tr><td>MYJD017<\/td><td>550ml<\/td><td>16.5*12.5*5.5<\/td><td>64*50*50<\/td><td>120<\/td><td>0.16&nbsp;<\/td><td>22.2<\/td><\/tr><tr><td>MYJD018<\/td><td>850ml<\/td><td>19.5*14.5*6.5<\/td><td>76*54*43<\/td><td>96<\/td><td>0.23&nbsp;<\/td><td>25.08<\/td><\/tr><\/tbody><\/table><\/figure>\n<\/div>\n<\/div>\n\n\n\n<div class=\"wp-block-columns is-layout-flex wp-container-core-columns-is-layout-9d6595d7 wp-block-columns-is-layout-flex\">\n<div class=\"wp-block-column is-layout-flow wp-block-column-is-layout-flow\">\n<h3 class=\"wp-block-heading\">Kundenspezifische Optionen f\u00fcr Lebensmittelbeh\u00e4lter<\/h3>\n\n\n\n<p><strong>Logo<\/strong>: Gestalten Sie Ihr Markenlogo auf Lebensmittelbeh\u00e4ltern und -verpackungen.<br><strong>Deckel<\/strong>: Glasdeckel \/ PP-Deckel<br><strong>Logo-Optionen<\/strong>: Wir bieten Ihnen die M\u00f6glichkeit, Ihr Logo per Lasergravur oder Thermotransfer auf den Lebensmittelbeh\u00e4ltern anzubringen.<br><strong>Muster<\/strong>Druckmuster auf Lebensmittelbeh\u00e4ltern.<br><strong>Drucktechnik<\/strong>: Wir bieten Siebdruck, Thermotransferdruck und Wassertransferdruck an, um Ihre Produkte mit Mustern zu versehen.<br><strong>Paket<\/strong>:Farbkasten<br><a href=\"https:\/\/moyahousehold.com\/de\/individuelle-losung\/\"><strong>Entdecken Sie weitere individuelle L\u00f6sungen f\u00fcr Lebensmittelbeh\u00e4lter. <\/strong><\/a><\/p>\n<\/div>\n<\/div>\n\n\n\n<div class=\"wp-block-columns is-layout-flex wp-container-core-columns-is-layout-9d6595d7 wp-block-columns-is-layout-flex\">\n<div class=\"wp-block-column is-layout-flow wp-block-column-is-layout-flow\">\n<figure class=\"wp-block-image size-full\"><img fetchpriority=\"high\" decoding=\"async\" width=\"1500\" height=\"1500\" src=\"https:\/\/moyahousehold.com\/wp-content\/uploads\/2024\/04\/Wholesale-Environmentally-Friendly-Food-Storage-Containers-1.jpg\" alt=\"Gro\u00dfhandel Umweltfreundliche Lebensmittelbeh\u00e4lter (1)\" class=\"wp-image-9277\" srcset=\"https:\/\/moyahousehold.com\/wp-content\/uploads\/2024\/04\/Wholesale-Environmentally-Friendly-Food-Storage-Containers-1.jpg 1500w, https:\/\/moyahousehold.com\/wp-content\/uploads\/2024\/04\/Wholesale-Environmentally-Friendly-Food-Storage-Containers-1-300x300.jpg 300w, https:\/\/moyahousehold.com\/wp-content\/uploads\/2024\/04\/Wholesale-Environmentally-Friendly-Food-Storage-Containers-1-150x150.jpg 150w, https:\/\/moyahousehold.com\/wp-content\/uploads\/2024\/04\/Wholesale-Environmentally-Friendly-Food-Storage-Containers-1-768x768.jpg 768w, https:\/\/moyahousehold.com\/wp-content\/uploads\/2024\/04\/Wholesale-Environmentally-Friendly-Food-Storage-Containers-1-12x12.jpg 12w, https:\/\/moyahousehold.com\/wp-content\/uploads\/2024\/04\/Wholesale-Environmentally-Friendly-Food-Storage-Containers-1-285x285.jpg 285w, https:\/\/moyahousehold.com\/wp-content\/uploads\/2024\/04\/Wholesale-Environmentally-Friendly-Food-Storage-Containers-1-270x270.jpg 270w, https:\/\/moyahousehold.com\/wp-content\/uploads\/2024\/04\/Wholesale-Environmentally-Friendly-Food-Storage-Containers-1-540x540.jpg 540w, https:\/\/moyahousehold.com\/wp-content\/uploads\/2024\/04\/Wholesale-Environmentally-Friendly-Food-Storage-Containers-1-660x660.jpg 660w\" sizes=\"(max-width: 1500px) 100vw, 1500px\" \/><\/figure>\n<\/div>\n\n\n\n<div class=\"wp-block-column is-layout-flow wp-block-column-is-layout-flow\">\n<figure class=\"wp-block-image size-full\"><img decoding=\"async\" width=\"1500\" height=\"1500\" src=\"https:\/\/moyahousehold.com\/wp-content\/uploads\/2024\/04\/Wholesale-Environmentally-Friendly-Food-Storage-Containers-2.jpg\" alt=\"Gro\u00dfhandel Umweltfreundliche Lebensmittelbeh\u00e4lter (2)\" class=\"wp-image-9278\" srcset=\"https:\/\/moyahousehold.com\/wp-content\/uploads\/2024\/04\/Wholesale-Environmentally-Friendly-Food-Storage-Containers-2.jpg 1500w, https:\/\/moyahousehold.com\/wp-content\/uploads\/2024\/04\/Wholesale-Environmentally-Friendly-Food-Storage-Containers-2-300x300.jpg 300w, https:\/\/moyahousehold.com\/wp-content\/uploads\/2024\/04\/Wholesale-Environmentally-Friendly-Food-Storage-Containers-2-150x150.jpg 150w, https:\/\/moyahousehold.com\/wp-content\/uploads\/2024\/04\/Wholesale-Environmentally-Friendly-Food-Storage-Containers-2-768x768.jpg 768w, https:\/\/moyahousehold.com\/wp-content\/uploads\/2024\/04\/Wholesale-Environmentally-Friendly-Food-Storage-Containers-2-12x12.jpg 12w, https:\/\/moyahousehold.com\/wp-content\/uploads\/2024\/04\/Wholesale-Environmentally-Friendly-Food-Storage-Containers-2-285x285.jpg 285w, https:\/\/moyahousehold.com\/wp-content\/uploads\/2024\/04\/Wholesale-Environmentally-Friendly-Food-Storage-Containers-2-270x270.jpg 270w, https:\/\/moyahousehold.com\/wp-content\/uploads\/2024\/04\/Wholesale-Environmentally-Friendly-Food-Storage-Containers-2-540x540.jpg 540w, https:\/\/moyahousehold.com\/wp-content\/uploads\/2024\/04\/Wholesale-Environmentally-Friendly-Food-Storage-Containers-2-660x660.jpg 660w\" sizes=\"(max-width: 1500px) 100vw, 1500px\" \/><\/figure>\n<\/div>\n<\/div>","protected":false},"excerpt":{"rendered":"<p>Gro\u00dfhandel Edelstahl Umweltfreundliche Lebensmittelbeh\u00e4lter Unsere Lebensmittelbeh\u00e4lter aus Edelstahl sind f\u00fcr ihre umweltfreundliche Wiederverwendbarkeit und Multifunktionalit\u00e4t bekannt. Die Beh\u00e4lter haben eine ausgezeichnete Dichtungsleistung und eignen sich f\u00fcr die Aufbewahrung einer Vielzahl von Lebensmitteln, einschlie\u00dflich frischer Lebensmittel, gekochter Lebensmittel, Suppen usw., w\u00e4hrend sie gek\u00fchlt, eingefroren und in der Mikrowelle aufbewahrt werden k\u00f6nnen und Einweg-Plastikbeh\u00e4lter effektiv ersetzen. Wir bieten eine Vielzahl von Spezifikationen und Gro\u00dfhandelsoptionen an und unterst\u00fctzen OEM- und ODM-Kundenanpassungsdienste. Bitte kontaktieren Sie uns.<\/p>\n<h3>Merkmale und Vorteile von Lebensmittelbeh\u00e4ltern<\/h3>\n<p><strong>Umweltfreundlich und wiederverwendbar: <\/strong>Aus hochwertigem, verdicktem, lebensmittelechtem Edelstahl hergestellt, ist er wiederverwendbar und hat eine lange Lebensdauer, wodurch der j\u00e4hrliche Verbrauch von Einwegverpackungen f\u00fcr Lebensmittel effektiv reduziert wird.<\/p>\n<p><strong>Auslaufsichere Konstruktion:<\/strong> Der Deckel dieses Lebensmittelbeh\u00e4lters aus rostfreiem Stahl verf\u00fcgt \u00fcber einen vierseitigen Verriegelungsmechanismus und ist innen mit einem flexiblen Silikondichtungsring ausgestattet, der daf\u00fcr sorgt, dass die Lebensmittel nicht auslaufen.<\/p>\n<p><strong>Leicht zu reinigen:<\/strong> Die Oberfl\u00e4che des rostfreien Stahls ist mit einem elektrolytischen Verfahren behandelt, das nicht so leicht mit \u00d6lflecken verunreinigt werden kann, und der eingebaute Silikonring kann leicht entfernt werden, so dass dieser Lebensmittelbeh\u00e4lter leicht zu reinigen ist.<\/p>\n<p><strong>Vielseitig einsetzbar:<\/strong> Dieser Lebensmittelbeh\u00e4lter kann zur Aufbewahrung von Zutaten und Essensresten verwendet werden, und er unterst\u00fctzt auch das K\u00fchlen und Einfrieren, um die Lebensmittel frisch zu halten.<\/p>\n<p><strong>Erw\u00e4rmung in der Mikrowelle:<\/strong> Sein spezielles Design kann direkt zum Erhitzen in der Mikrowelle verwendet werden, ohne dass der Beh\u00e4lter gewechselt werden muss, was ihn zu einem perfekten Partner f\u00fcr Ihre K\u00fcche und Ihr t\u00e4gliches Leben macht.<\/p>","protected":false},"featured_media":9274,"comment_status":"closed","ping_status":"closed","template":"","meta":[],"product_cat":[57],"product_tag":[99],"class_list":{"0":"post-3794","1":"product","2":"type-product","3":"status-publish","4":"has-post-thumbnail","6":"product_cat-food-storage-container-wholesale","7":"product_tag-wholesale-rectangle-food-storage-containers","9":"first","10":"instock","11":"shipping-taxable","12":"product-type-simple"},"_links":{"self":[{"href":"https:\/\/moyahousehold.com\/de\/wp-json\/wp\/v2\/product\/3794","targetHints":{"allow":["GET"]}}],"collection":[{"href":"https:\/\/moyahousehold.com\/de\/wp-json\/wp\/v2\/product"}],"about":[{"href":"https:\/\/moyahousehold.com\/de\/wp-json\/wp\/v2\/types\/product"}],"replies":[{"embeddable":true,"href":"https:\/\/moyahousehold.com\/de\/wp-json\/wp\/v2\/comments?post=3794"}],"version-history":[{"count":1,"href":"https:\/\/moyahousehold.com\/de\/wp-json\/wp\/v2\/product\/3794\/revisions"}],"predecessor-version":[{"id":12959,"href":"https:\/\/moyahousehold.com\/de\/wp-json\/wp\/v2\/product\/3794\/revisions\/12959"}],"wp:featuredmedia":[{"embeddable":true,"href":"https:\/\/moyahousehold.com\/de\/wp-json\/wp\/v2\/media\/9274"}],"wp:attachment":[{"href":"https:\/\/moyahousehold.com\/de\/wp-json\/wp\/v2\/media?parent=3794"}],"wp:term":[{"taxonomy":"product_cat","embeddable":true,"href":"https:\/\/moyahousehold.com\/de\/wp-json\/wp\/v2\/product_cat?post=3794"},{"taxonomy":"product_tag","embeddable":true,"href":"https:\/\/moyahousehold.com\/de\/wp-json\/wp\/v2\/product_tag?post=3794"}],"curies":[{"name":"wp","href":"https:\/\/api.w.org\/{rel}","templated":true}]}}