{"id":3814,"date":"2024-04-23T03:07:09","date_gmt":"2024-04-23T03:07:09","guid":{"rendered":"https:\/\/moyahousehold.com\/?post_type=product&#038;p=3814"},"modified":"2024-12-04T04:31:41","modified_gmt":"2024-12-04T04:31:41","slug":"wholesale-milk-pot","status":"publish","type":"product","link":"https:\/\/moyahousehold.com\/de\/produkt\/wholesale-milk-pot\/","title":{"rendered":"Gro\u00dfhandel Edelstahl Milchtopf, hohe Qualit\u00e4t kochende Milch Topf f\u00fcr Herd und Mikrowelle"},"content":{"rendered":"<div class=\"wp-block-columns is-layout-flex wp-container-core-columns-is-layout-9d6595d7 wp-block-columns-is-layout-flex\">\n<div class=\"wp-block-column is-layout-flow wp-block-column-is-layout-flow\">\n<h3 class=\"wp-block-heading\">Parameter der Edelstahl-Milchkanne<\/h3>\n\n\n\n<figure class=\"wp-block-table\"><table class=\"has-fixed-layout\"><tbody><tr><td>Modellnummer<\/td><td>Mit Dampfgarer<\/td><td>Kapazit\u00e4t<\/td><td>Produktabmessungen (cm)<\/td><td>\u00c4u\u00dfere Gr\u00f6\u00dfe der Box (cm)<\/td><td>Menge pro Box<\/td><td>Nettogewicht (kg)<\/td><td>Bruttogewicht pro Box (kg)<\/td><\/tr><tr><td>MYHL001<\/td><td>Nein<\/td><td>2L<\/td><td>18 x 18 x 10<\/td><td>79 x 41 x 43<\/td><td>12<\/td><td>1.28<\/td><td>17.36<\/td><\/tr><tr><td>MYHL002<\/td><td>Ja<\/td><td>2L<\/td><td>18 x 18 x 10<\/td><td>79 x 41 x 43<\/td><td>12<\/td><td>1.53<\/td><td>20.36<\/td><\/tr><\/tbody><\/table><\/figure>\n\n\n\n<h2 class=\"wp-block-heading\">Individuelle Kochgeschirr-Optionen<\/h2>\n\n\n\n<p><strong>Logo: <\/strong>Ihr Markenlogo auf Kochgeschirr und Verpackungen anbringen.<br><strong>kundenspezifische Logo-Optionen:<\/strong> gedrucktes Logo, lasergraviertes Logo, usw.<br><strong>\u00c4u\u00dfere Oberfl\u00e4che: <\/strong>Sie k\u00f6nnen das Aussehen Ihres Kochgeschirrs individuell gestalten.<br><strong>Verpackung: <\/strong>Farbkasten<br><strong>Gr\u00f6\u00dfe und Kapazit\u00e4t<\/strong>: Gr\u00f6\u00dfe und Fassungsverm\u00f6gen des Kochgeschirrs individuell anpassen<br><strong><a href=\"https:\/\/moyahousehold.com\/de\/individuelle-losung\/\" target=\"_blank\" rel=\"noreferrer noopener\">Erfahren Sie mehr \u00fcber individuelle Kochgeschirrl\u00f6sungen<\/a><\/strong><\/p>\n<\/div>\n<\/div>\n\n\n\n<div class=\"wp-block-columns is-layout-flex wp-container-core-columns-is-layout-9d6595d7 wp-block-columns-is-layout-flex\">\n<div class=\"wp-block-column is-layout-flow wp-block-column-is-layout-flow\">\n<figure class=\"wp-block-image size-full\"><img fetchpriority=\"high\" decoding=\"async\" width=\"1024\" height=\"1024\" src=\"https:\/\/moyahousehold.com\/wp-content\/uploads\/2024\/04\/wholesale-stainless-steel-milk-pot-2.webp\" alt=\"Gro\u00dfhandel Edelstahl Milchkanne (2)\" class=\"wp-image-9689\" srcset=\"https:\/\/moyahousehold.com\/wp-content\/uploads\/2024\/04\/wholesale-stainless-steel-milk-pot-2.webp 1024w, https:\/\/moyahousehold.com\/wp-content\/uploads\/2024\/04\/wholesale-stainless-steel-milk-pot-2-300x300.webp 300w, https:\/\/moyahousehold.com\/wp-content\/uploads\/2024\/04\/wholesale-stainless-steel-milk-pot-2-150x150.webp 150w, https:\/\/moyahousehold.com\/wp-content\/uploads\/2024\/04\/wholesale-stainless-steel-milk-pot-2-768x768.webp 768w, https:\/\/moyahousehold.com\/wp-content\/uploads\/2024\/04\/wholesale-stainless-steel-milk-pot-2-12x12.webp 12w, https:\/\/moyahousehold.com\/wp-content\/uploads\/2024\/04\/wholesale-stainless-steel-milk-pot-2-285x285.webp 285w, https:\/\/moyahousehold.com\/wp-content\/uploads\/2024\/04\/wholesale-stainless-steel-milk-pot-2-270x270.webp 270w, https:\/\/moyahousehold.com\/wp-content\/uploads\/2024\/04\/wholesale-stainless-steel-milk-pot-2-540x540.webp 540w, https:\/\/moyahousehold.com\/wp-content\/uploads\/2024\/04\/wholesale-stainless-steel-milk-pot-2-660x660.webp 660w\" sizes=\"(max-width: 1024px) 100vw, 1024px\" \/><\/figure>\n<\/div>\n\n\n\n<div class=\"wp-block-column is-layout-flow wp-block-column-is-layout-flow\">\n<figure class=\"wp-block-image size-full\"><img decoding=\"async\" width=\"1024\" height=\"1024\" src=\"https:\/\/moyahousehold.com\/wp-content\/uploads\/2024\/04\/wholesale-stainless-steel-milk-pot-5.webp\" alt=\"Gro\u00dfhandel Edelstahl Milchkanne (5)\" class=\"wp-image-9692\" srcset=\"https:\/\/moyahousehold.com\/wp-content\/uploads\/2024\/04\/wholesale-stainless-steel-milk-pot-5.webp 1024w, https:\/\/moyahousehold.com\/wp-content\/uploads\/2024\/04\/wholesale-stainless-steel-milk-pot-5-300x300.webp 300w, https:\/\/moyahousehold.com\/wp-content\/uploads\/2024\/04\/wholesale-stainless-steel-milk-pot-5-150x150.webp 150w, https:\/\/moyahousehold.com\/wp-content\/uploads\/2024\/04\/wholesale-stainless-steel-milk-pot-5-768x768.webp 768w, https:\/\/moyahousehold.com\/wp-content\/uploads\/2024\/04\/wholesale-stainless-steel-milk-pot-5-12x12.webp 12w, https:\/\/moyahousehold.com\/wp-content\/uploads\/2024\/04\/wholesale-stainless-steel-milk-pot-5-285x285.webp 285w, https:\/\/moyahousehold.com\/wp-content\/uploads\/2024\/04\/wholesale-stainless-steel-milk-pot-5-270x270.webp 270w, https:\/\/moyahousehold.com\/wp-content\/uploads\/2024\/04\/wholesale-stainless-steel-milk-pot-5-540x540.webp 540w, https:\/\/moyahousehold.com\/wp-content\/uploads\/2024\/04\/wholesale-stainless-steel-milk-pot-5-660x660.webp 660w\" sizes=\"(max-width: 1024px) 100vw, 1024px\" \/><\/figure>\n<\/div>\n<\/div>","protected":false},"excerpt":{"rendered":"<p>Gro\u00dfhandel stilvolle Milchkanne aus Edelstahl. Dieser aus dreifachem Edelstahl gefertigte Milchtopf hat eine gute W\u00e4rmespeicherwirkung und wird zum Erhitzen von Milch, Kochen von Suppen und So\u00dfen verwendet. Es ist eine ideale Wahl f\u00fcr private und gewerbliche K\u00fcchen. Bitte kontaktieren Sie uns f\u00fcr ein Angebot.<\/p>\n<h3>Merkmale des Milchtopfes<\/h3>\n<p><strong>Mehrschichtiger Komposit-Topfboden<\/strong>: Der Boden dieser Edelstahl-Milchkanne besteht aus einem mehrschichtigen Verbundmaterial, so dass die Speisen in der Kanne schnell erhitzt und gleichm\u00e4\u00dfig gegart werden k\u00f6nnen.<\/p>\n<p><strong>Modisches Aussehen Design<\/strong>: Diese Milchkanne hat ein beiges Aussehen und ist sehr dekorativ. Das exquisite Aussehen der Kanne macht Lust aufs Kochen und bringt mehr Spa\u00df in die K\u00fcche.<\/p>\n<p><strong>Anwendbar f\u00fcr eine Vielzahl von \u00d6fen:<\/strong> Diese Milchkanne kann auf verschiedenen Herdarten verwendet werden, darunter Induktionsherde und Gasherde, und eignet sich f\u00fcr verschiedene K\u00fcchentypen.<\/p>\n<p><strong>Ausgestattet mit einem Dampftopf:<\/strong> Dieser Milchtopf ist mit einem Dampfgarer ausgestattet, der Milch kochen und Br\u00f6tchen d\u00e4mpfen kann. Er eignet sich f\u00fcr den t\u00e4glichen Gebrauch in der Familie oder f\u00fcr den vielseitigen Einsatz in der K\u00fcche.<\/p>\n<p><strong>Unterst\u00fctzung von OEM- und ODM-Anpassungen:<\/strong> Wir bieten flexible OEM- und ODM-Anpassungsdienste und k\u00f6nnen verschiedene Kapazit\u00e4ten, Farben oder Markenlogos je nach Kundenwunsch anpassen.<\/p>","protected":false},"featured_media":9693,"comment_status":"open","ping_status":"closed","template":"","meta":[],"product_cat":[56],"product_tag":[70],"class_list":{"0":"post-3814","1":"product","2":"type-product","3":"status-publish","4":"has-post-thumbnail","6":"product_cat-stainless-steel-cookware-wholesale","7":"product_tag-wholesale-2000ml-thermos-carafe","9":"first","10":"instock","11":"shipping-taxable","12":"product-type-simple"},"_links":{"self":[{"href":"https:\/\/moyahousehold.com\/de\/wp-json\/wp\/v2\/product\/3814","targetHints":{"allow":["GET"]}}],"collection":[{"href":"https:\/\/moyahousehold.com\/de\/wp-json\/wp\/v2\/product"}],"about":[{"href":"https:\/\/moyahousehold.com\/de\/wp-json\/wp\/v2\/types\/product"}],"replies":[{"embeddable":true,"href":"https:\/\/moyahousehold.com\/de\/wp-json\/wp\/v2\/comments?post=3814"}],"version-history":[{"count":0,"href":"https:\/\/moyahousehold.com\/de\/wp-json\/wp\/v2\/product\/3814\/revisions"}],"wp:featuredmedia":[{"embeddable":true,"href":"https:\/\/moyahousehold.com\/de\/wp-json\/wp\/v2\/media\/9693"}],"wp:attachment":[{"href":"https:\/\/moyahousehold.com\/de\/wp-json\/wp\/v2\/media?parent=3814"}],"wp:term":[{"taxonomy":"product_cat","embeddable":true,"href":"https:\/\/moyahousehold.com\/de\/wp-json\/wp\/v2\/product_cat?post=3814"},{"taxonomy":"product_tag","embeddable":true,"href":"https:\/\/moyahousehold.com\/de\/wp-json\/wp\/v2\/product_tag?post=3814"}],"curies":[{"name":"wp","href":"https:\/\/api.w.org\/{rel}","templated":true}]}}