{"id":3908,"date":"2024-04-30T08:35:41","date_gmt":"2024-04-30T08:35:41","guid":{"rendered":"https:\/\/moyahousehold.com\/?post_type=product&#038;p=3908"},"modified":"2025-01-09T01:37:42","modified_gmt":"2025-01-09T01:37:42","slug":"wholesale-rice-washer-strainer-bowl","status":"publish","type":"product","link":"https:\/\/moyahousehold.com\/de\/produkt\/wholesale-rice-washer-strainer-bowl\/","title":{"rendered":"Gro\u00dfhandel bunte Reis Reinigung Bowl, Bulk Mischen Sch\u00fcssel zu verkaufen"},"content":{"rendered":"<div class=\"wp-block-columns is-layout-flex wp-container-core-columns-is-layout-9d6595d7 wp-block-columns-is-layout-flex\">\n<div class=\"wp-block-column is-layout-flow wp-block-column-is-layout-flow\">\n<h2 class=\"wp-block-heading\">Parameter der Reisreinigungssch\u00fcssel<\/h2>\n\n\n\n<figure class=\"wp-block-table\"><table class=\"has-fixed-layout\"><tbody><tr><td>Modellnummer<\/td><td>Material<\/td><td>Farbe<\/td><td>Kapazit\u00e4t<\/td><td>Produkt Gr\u00f6\u00dfe\/cm<\/td><td>\u00c4u\u00dfere Gr\u00f6\u00dfe der Box\/cm<\/td><td>N.W.\/kg<\/td><td>G.W\/kg\/Pro Box<\/td><\/tr><tr><td>MYJD112<\/td><td rowspan=\"3\">304+PP<\/td><td rowspan=\"3\">Beige\/Khaki\/Gelb\/Wei\u00df<\/td><td>19CM<\/td><td>19*19*8<\/td><td>38*19*29<\/td><td>0.2<\/td><td>40<\/td><\/tr><tr><td>MYJD113<\/td><td>21CM<\/td><td>21*21*9<\/td><td>24*23*33<\/td><td>0.23<\/td><td>43<\/td><\/tr><tr><td>MYJD114<\/td><td>24CM<\/td><td>24*24*10.5<\/td><td>31*31*17.5<\/td><td>0.4<\/td><td>60<\/td><\/tr><\/tbody><\/table><\/figure>\n\n\n\n<h2 class=\"wp-block-heading\" style=\"font-size:25px\">Individuelle Optionen f\u00fcr Reisreinigungsschalen<\/h2>\n\n\n\n<p><strong>Logo<\/strong>: Ihr Markenlogo auf Produkt und Verpackung.<br><strong>Logo-Optionen<\/strong>: gedrucktes Logo, lasergraviertes Logo, etc.<br><strong>Muster<\/strong>: Druckmuster.<br><strong>Drucktechnik<\/strong>Wassertransferdruck, Siebdruck, W\u00e4rmetransferdruck, usw.<br><strong>Paket<\/strong>:Farbkasten.<br><a href=\"https:\/\/moyahousehold.com\/de\/individuelle-losung\/\" target=\"_blank\" rel=\"noreferrer noopener\"><strong>Mehr Anpassungsm\u00f6glichkeiten entdecken<\/strong><\/a><\/p>\n<\/div>\n<\/div>\n\n\n\n<div class=\"wp-block-columns is-layout-flex wp-container-core-columns-is-layout-9d6595d7 wp-block-columns-is-layout-flex\">\n<div class=\"wp-block-column is-layout-flow wp-block-column-is-layout-flow\">\n<figure class=\"wp-block-image size-full\"><img fetchpriority=\"high\" decoding=\"async\" width=\"761\" height=\"761\" src=\"https:\/\/moyahousehold.com\/wp-content\/uploads\/2024\/05\/wholesale-rice-washer-strainer-bowl-14.webp\" alt=\"\" class=\"wp-image-4747\" srcset=\"https:\/\/moyahousehold.com\/wp-content\/uploads\/2024\/05\/wholesale-rice-washer-strainer-bowl-14.webp 761w, https:\/\/moyahousehold.com\/wp-content\/uploads\/2024\/05\/wholesale-rice-washer-strainer-bowl-14-300x300.webp 300w, https:\/\/moyahousehold.com\/wp-content\/uploads\/2024\/05\/wholesale-rice-washer-strainer-bowl-14-150x150.webp 150w, https:\/\/moyahousehold.com\/wp-content\/uploads\/2024\/05\/wholesale-rice-washer-strainer-bowl-14-285x285.webp 285w, https:\/\/moyahousehold.com\/wp-content\/uploads\/2024\/05\/wholesale-rice-washer-strainer-bowl-14-270x270.webp 270w, https:\/\/moyahousehold.com\/wp-content\/uploads\/2024\/05\/wholesale-rice-washer-strainer-bowl-14-540x540.webp 540w, https:\/\/moyahousehold.com\/wp-content\/uploads\/2024\/05\/wholesale-rice-washer-strainer-bowl-14-660x660.webp 660w\" sizes=\"(max-width: 761px) 100vw, 761px\" \/><\/figure>\n<\/div>\n\n\n\n<div class=\"wp-block-column is-layout-flow wp-block-column-is-layout-flow\">\n<figure class=\"wp-block-image size-full\"><img decoding=\"async\" width=\"703\" height=\"703\" src=\"https:\/\/moyahousehold.com\/wp-content\/uploads\/2024\/04\/wholesale-rice-washer-strainer-bowl-1.jpg\" alt=\"Gro\u00dfhandel Reiswaschmaschine Sieb Sch\u00fcssel \" class=\"wp-image-4748\" srcset=\"https:\/\/moyahousehold.com\/wp-content\/uploads\/2024\/04\/wholesale-rice-washer-strainer-bowl-1.jpg 703w, https:\/\/moyahousehold.com\/wp-content\/uploads\/2024\/04\/wholesale-rice-washer-strainer-bowl-1-300x300.jpg 300w, https:\/\/moyahousehold.com\/wp-content\/uploads\/2024\/04\/wholesale-rice-washer-strainer-bowl-1-150x150.jpg 150w, https:\/\/moyahousehold.com\/wp-content\/uploads\/2024\/04\/wholesale-rice-washer-strainer-bowl-1-285x285.jpg 285w, https:\/\/moyahousehold.com\/wp-content\/uploads\/2024\/04\/wholesale-rice-washer-strainer-bowl-1-270x270.jpg 270w, https:\/\/moyahousehold.com\/wp-content\/uploads\/2024\/04\/wholesale-rice-washer-strainer-bowl-1-540x540.jpg 540w, https:\/\/moyahousehold.com\/wp-content\/uploads\/2024\/04\/wholesale-rice-washer-strainer-bowl-1-660x660.jpg 660w\" sizes=\"(max-width: 703px) 100vw, 703px\" \/><\/figure>\n<\/div>\n<\/div>","protected":false},"excerpt":{"rendered":"<p>Hergestellt aus hochwertigem Edelstahl, mit einer Vielzahl von Farben und Spezifikationen zur Auswahl. Es ist Ihr bester Assistent f\u00fcr das Waschen von Reis, das Waschen von Gem\u00fcse und das Mischen von Salaten. Es ist geeignet f\u00fcr Haus und Gro\u00dfk\u00fcchen.<\/p>\n<h3>Merkmale und Vorteile der Reiswaschmaschine Siebsch\u00fcssel<\/h3>\n<p><strong>Lebensmittelgeeignetes Material:<\/strong> Diese Reisreinigungssch\u00fcssel ist aus hochwertigem 304er Edelstahl gefertigt, um die Gesundheit und Sicherheit der Lebensmittelreinigung zu gew\u00e4hrleisten.<\/p>\n<p><strong>Klare Skalenmarkierungen<\/strong>: Die Innenwand dieser Reiswaschsch\u00fcssel ist mit klaren Skalenmarkierungen versehen, die es erm\u00f6glichen, die Menge der Zutaten genau zu erfassen, damit jedes Gericht genau richtig schmeckt.<\/p>\n<p><strong>Offenes Design mit gro\u00dfem Fassungsverm\u00f6gen:<\/strong> Sie kann auch als Salatsch\u00fcssel verwendet werden. Sie hat ein gro\u00dfes Fassungsverm\u00f6gen und ein offenes Design, das viel Platz zum einfachen Umr\u00fchren und Mischen einer Vielzahl von Zutaten bietet und sich f\u00fcr Familientreffen und Partykochen eignet.<\/p>\n<p><strong>Ausgestattet mit einem verbesserten Filterkorb:<\/strong> Der Filterkorb ist perforiert, so dass das Wasser schneller und effizienter abflie\u00dfen kann, was die Arbeit in der K\u00fcche sehr erleichtert.<\/p>\n<p><strong>Design des Tretlagers:<\/strong> Die untere Halterung der Reiswaschsch\u00fcssel hebt die Waschsch\u00fcssel an, um einen direkten Kontakt mit dem Tisch oder der Arbeitsplatte zu vermeiden, so dass der Boden hygienisch und leicht zu reinigen ist.<\/p>\n<p><strong><a href=\"https:\/\/moyahousehold.com\/de\/individuelle-losung\/\" target=\"_blank\" rel=\"noopener\">Wir unterst\u00fctzen OEM&amp;ODM kundenspezifische L\u00f6sungen.<\/a>\u00a0<\/strong><\/p>","protected":false},"featured_media":7905,"comment_status":"open","ping_status":"closed","template":"","meta":[],"product_cat":[55],"product_tag":[],"class_list":{"0":"post-3908","1":"product","2":"type-product","3":"status-publish","4":"has-post-thumbnail","6":"product_cat-salad-bowl-wholesale","8":"first","9":"instock","10":"shipping-taxable","11":"product-type-simple"},"_links":{"self":[{"href":"https:\/\/moyahousehold.com\/de\/wp-json\/wp\/v2\/product\/3908","targetHints":{"allow":["GET"]}}],"collection":[{"href":"https:\/\/moyahousehold.com\/de\/wp-json\/wp\/v2\/product"}],"about":[{"href":"https:\/\/moyahousehold.com\/de\/wp-json\/wp\/v2\/types\/product"}],"replies":[{"embeddable":true,"href":"https:\/\/moyahousehold.com\/de\/wp-json\/wp\/v2\/comments?post=3908"}],"version-history":[{"count":0,"href":"https:\/\/moyahousehold.com\/de\/wp-json\/wp\/v2\/product\/3908\/revisions"}],"wp:featuredmedia":[{"embeddable":true,"href":"https:\/\/moyahousehold.com\/de\/wp-json\/wp\/v2\/media\/7905"}],"wp:attachment":[{"href":"https:\/\/moyahousehold.com\/de\/wp-json\/wp\/v2\/media?parent=3908"}],"wp:term":[{"taxonomy":"product_cat","embeddable":true,"href":"https:\/\/moyahousehold.com\/de\/wp-json\/wp\/v2\/product_cat?post=3908"},{"taxonomy":"product_tag","embeddable":true,"href":"https:\/\/moyahousehold.com\/de\/wp-json\/wp\/v2\/product_tag?post=3908"}],"curies":[{"name":"wp","href":"https:\/\/api.w.org\/{rel}","templated":true}]}}