{"id":4695,"date":"2024-05-14T14:29:08","date_gmt":"2024-05-14T14:29:08","guid":{"rendered":"https:\/\/moyahousehold.com\/?post_type=product&#038;p=4695"},"modified":"2026-04-13T09:03:34","modified_gmt":"2026-04-13T09:03:34","slug":"wholesale-thermos-jug-korean-style","status":"publish","type":"product","link":"https:\/\/moyahousehold.com\/de\/produkt\/wholesale-thermos-jug-korean-style\/","title":{"rendered":"Wholesale 800ML Thermos Jug Korean Style with Comfortable Handle Easy to Hold"},"content":{"rendered":"<figure class=\"wp-block-image size-full\"><img fetchpriority=\"high\" decoding=\"async\" width=\"5961\" height=\"3355\" src=\"https:\/\/moyahousehold.com\/wp-content\/uploads\/2024\/05\/JS-\u97e9\u5f0f\u58f6\u5927\u5408\u7167.jpg\" alt=\"Portable Stainless Steel Vacuum Insulated Thermos Pot with Cylindrical Wooden Handle\" class=\"wp-image-12465\" srcset=\"https:\/\/moyahousehold.com\/wp-content\/uploads\/2024\/05\/JS-\u97e9\u5f0f\u58f6\u5927\u5408\u7167.jpg 5961w, https:\/\/moyahousehold.com\/wp-content\/uploads\/2024\/05\/JS-\u97e9\u5f0f\u58f6\u5927\u5408\u7167-300x169.jpg 300w, https:\/\/moyahousehold.com\/wp-content\/uploads\/2024\/05\/JS-\u97e9\u5f0f\u58f6\u5927\u5408\u7167-768x432.jpg 768w, https:\/\/moyahousehold.com\/wp-content\/uploads\/2024\/05\/JS-\u97e9\u5f0f\u58f6\u5927\u5408\u7167-18x10.jpg 18w, https:\/\/moyahousehold.com\/wp-content\/uploads\/2024\/05\/JS-\u97e9\u5f0f\u58f6\u5927\u5408\u7167-285x160.jpg 285w, https:\/\/moyahousehold.com\/wp-content\/uploads\/2024\/05\/JS-\u97e9\u5f0f\u58f6\u5927\u5408\u7167-1600x901.jpg 1600w, https:\/\/moyahousehold.com\/wp-content\/uploads\/2024\/05\/JS-\u97e9\u5f0f\u58f6\u5927\u5408\u7167-660x371.jpg 660w, https:\/\/moyahousehold.com\/wp-content\/uploads\/2024\/05\/JS-\u97e9\u5f0f\u58f6\u5927\u5408\u7167-150x84.jpg 150w\" sizes=\"(max-width: 5961px) 100vw, 5961px\" \/><\/figure>\n\n\n\n<h3 class=\"wp-block-heading\">Parameter der Thermoskanne<\/h3>\n\n\n\n<figure class=\"wp-block-table\"><table class=\"has-fixed-layout\"><tbody><tr><td><strong>Artikel<\/strong><\/td><td><strong>Material<\/strong><\/td><td><strong>Farbe<\/strong><\/td><td><strong>Dimension<\/strong><\/td><td><strong>G.W.\/PCS<\/strong><\/td><\/tr><tr><td>MY0838<\/td><td>Borosilicate +PP + Silica Gel + Acrylic\/Beech<\/td><td>White\/Black\/Natural<\/td><td>19.1*10.3*18cm<\/td><td>0.6<\/td><\/tr><\/tbody><\/table><\/figure>\n\n\n\n<div class=\"wp-block-columns is-layout-flex wp-container-core-columns-is-layout-9d6595d7 wp-block-columns-is-layout-flex\">\n<div class=\"wp-block-column is-layout-flow wp-block-column-is-layout-flow\">\n<h2 class=\"wp-block-heading\">Custom Thermos Jug Options<\/h2>\n\n\n\n<p><strong>Deckel<\/strong>: Stainless steel pressure lid.<br><strong>Logo<\/strong>: Custom your brand logo on product and package.<br><strong>Logo Options<\/strong>: Printed logo, laser engraved logo, etc.<br><strong>Muster<\/strong>: Druckmuster auf Thermoskanne.<br><strong>Drucktechnik<\/strong>: Water transfer printing, silk screen printing, heat transfer printing, sublimation transfer, etc.<br><strong>Paket<\/strong>: Farbkasten<br><a href=\"https:\/\/moyahousehold.com\/de\/individuelle-losung\/\"><strong>Mehr Anpassungsm\u00f6glichkeiten entdecken<\/strong><\/a><\/p>\n<\/div>\n<\/div>\n\n\n\n<div class=\"wp-block-columns is-layout-flex wp-container-core-columns-is-layout-9d6595d7 wp-block-columns-is-layout-flex\">\n<div class=\"wp-block-column is-layout-flow wp-block-column-is-layout-flow\">\n<figure class=\"wp-block-image size-full\"><img decoding=\"async\" width=\"800\" height=\"800\" src=\"https:\/\/moyahousehold.com\/wp-content\/uploads\/2024\/05\/JS-\u97e9\u5f0f\u58f6-18.jpg\" alt=\"Portable Stainless Steel Vacuum Insulated Thermos Pot with Cylindrical Wooden Handle\" class=\"wp-image-12468\" srcset=\"https:\/\/moyahousehold.com\/wp-content\/uploads\/2024\/05\/JS-\u97e9\u5f0f\u58f6-18.jpg 800w, https:\/\/moyahousehold.com\/wp-content\/uploads\/2024\/05\/JS-\u97e9\u5f0f\u58f6-18-300x300.jpg 300w, https:\/\/moyahousehold.com\/wp-content\/uploads\/2024\/05\/JS-\u97e9\u5f0f\u58f6-18-150x150.jpg 150w, https:\/\/moyahousehold.com\/wp-content\/uploads\/2024\/05\/JS-\u97e9\u5f0f\u58f6-18-768x768.jpg 768w, https:\/\/moyahousehold.com\/wp-content\/uploads\/2024\/05\/JS-\u97e9\u5f0f\u58f6-18-12x12.jpg 12w, https:\/\/moyahousehold.com\/wp-content\/uploads\/2024\/05\/JS-\u97e9\u5f0f\u58f6-18-285x285.jpg 285w, https:\/\/moyahousehold.com\/wp-content\/uploads\/2024\/05\/JS-\u97e9\u5f0f\u58f6-18-270x270.jpg 270w, https:\/\/moyahousehold.com\/wp-content\/uploads\/2024\/05\/JS-\u97e9\u5f0f\u58f6-18-540x540.jpg 540w, https:\/\/moyahousehold.com\/wp-content\/uploads\/2024\/05\/JS-\u97e9\u5f0f\u58f6-18-660x660.jpg 660w\" sizes=\"(max-width: 800px) 100vw, 800px\" \/><\/figure>\n<\/div>\n\n\n\n<div class=\"wp-block-column is-layout-flow wp-block-column-is-layout-flow\">\n<figure class=\"wp-block-image size-full\"><img decoding=\"async\" width=\"3776\" height=\"3776\" src=\"https:\/\/moyahousehold.com\/wp-content\/uploads\/2024\/05\/0.8L-black-thermos-jug-detail-2.jpg\" alt=\"0,8L Thermoskanne schwarz Detail (2)\" class=\"wp-image-7461\" srcset=\"https:\/\/moyahousehold.com\/wp-content\/uploads\/2024\/05\/0.8L-black-thermos-jug-detail-2.jpg 3776w, https:\/\/moyahousehold.com\/wp-content\/uploads\/2024\/05\/0.8L-black-thermos-jug-detail-2-300x300.jpg 300w, https:\/\/moyahousehold.com\/wp-content\/uploads\/2024\/05\/0.8L-black-thermos-jug-detail-2-150x150.jpg 150w, https:\/\/moyahousehold.com\/wp-content\/uploads\/2024\/05\/0.8L-black-thermos-jug-detail-2-768x768.jpg 768w, https:\/\/moyahousehold.com\/wp-content\/uploads\/2024\/05\/0.8L-black-thermos-jug-detail-2-12x12.jpg 12w, https:\/\/moyahousehold.com\/wp-content\/uploads\/2024\/05\/0.8L-black-thermos-jug-detail-2-285x285.jpg 285w, https:\/\/moyahousehold.com\/wp-content\/uploads\/2024\/05\/0.8L-black-thermos-jug-detail-2-1600x1600.jpg 1600w, https:\/\/moyahousehold.com\/wp-content\/uploads\/2024\/05\/0.8L-black-thermos-jug-detail-2-270x270.jpg 270w, https:\/\/moyahousehold.com\/wp-content\/uploads\/2024\/05\/0.8L-black-thermos-jug-detail-2-540x540.jpg 540w, https:\/\/moyahousehold.com\/wp-content\/uploads\/2024\/05\/0.8L-black-thermos-jug-detail-2-660x660.jpg 660w\" sizes=\"(max-width: 3776px) 100vw, 3776px\" \/><\/figure>\n<\/div>\n<\/div>\n\n\n\n<div class=\"wp-block-columns is-layout-flex wp-container-core-columns-is-layout-9d6595d7 wp-block-columns-is-layout-flex\">\n<div class=\"wp-block-column is-layout-flow wp-block-column-is-layout-flow\">\n<figure class=\"wp-block-image size-full\"><img loading=\"lazy\" decoding=\"async\" width=\"800\" height=\"800\" src=\"https:\/\/moyahousehold.com\/wp-content\/uploads\/2024\/05\/7-1.jpg\" alt=\"Portable Stainless Steel Vacuum Insulated Thermos Pot with Cylindrical Wooden Handle\" class=\"wp-image-12463\" srcset=\"https:\/\/moyahousehold.com\/wp-content\/uploads\/2024\/05\/7-1.jpg 800w, https:\/\/moyahousehold.com\/wp-content\/uploads\/2024\/05\/7-1-300x300.jpg 300w, https:\/\/moyahousehold.com\/wp-content\/uploads\/2024\/05\/7-1-150x150.jpg 150w, https:\/\/moyahousehold.com\/wp-content\/uploads\/2024\/05\/7-1-768x768.jpg 768w, https:\/\/moyahousehold.com\/wp-content\/uploads\/2024\/05\/7-1-12x12.jpg 12w, https:\/\/moyahousehold.com\/wp-content\/uploads\/2024\/05\/7-1-285x285.jpg 285w, https:\/\/moyahousehold.com\/wp-content\/uploads\/2024\/05\/7-1-270x270.jpg 270w, https:\/\/moyahousehold.com\/wp-content\/uploads\/2024\/05\/7-1-540x540.jpg 540w, https:\/\/moyahousehold.com\/wp-content\/uploads\/2024\/05\/7-1-660x660.jpg 660w\" sizes=\"(max-width: 800px) 100vw, 800px\" \/><\/figure>\n<\/div>\n\n\n\n<div class=\"wp-block-column is-layout-flow wp-block-column-is-layout-flow\">\n<figure class=\"wp-block-image size-full\"><img loading=\"lazy\" decoding=\"async\" width=\"800\" height=\"800\" src=\"https:\/\/moyahousehold.com\/wp-content\/uploads\/2024\/05\/6-1.jpg\" alt=\"Portable Stainless Steel Vacuum Insulated Thermos Pot with Cylindrical Wooden Handle\" class=\"wp-image-12464\" srcset=\"https:\/\/moyahousehold.com\/wp-content\/uploads\/2024\/05\/6-1.jpg 800w, https:\/\/moyahousehold.com\/wp-content\/uploads\/2024\/05\/6-1-300x300.jpg 300w, https:\/\/moyahousehold.com\/wp-content\/uploads\/2024\/05\/6-1-150x150.jpg 150w, https:\/\/moyahousehold.com\/wp-content\/uploads\/2024\/05\/6-1-768x768.jpg 768w, https:\/\/moyahousehold.com\/wp-content\/uploads\/2024\/05\/6-1-12x12.jpg 12w, https:\/\/moyahousehold.com\/wp-content\/uploads\/2024\/05\/6-1-285x285.jpg 285w, https:\/\/moyahousehold.com\/wp-content\/uploads\/2024\/05\/6-1-270x270.jpg 270w, https:\/\/moyahousehold.com\/wp-content\/uploads\/2024\/05\/6-1-540x540.jpg 540w, https:\/\/moyahousehold.com\/wp-content\/uploads\/2024\/05\/6-1-660x660.jpg 660w\" sizes=\"(max-width: 800px) 100vw, 800px\" \/><\/figure>\n<\/div>\n<\/div>\n\n\n\n<p><\/p>","protected":false},"excerpt":{"rendered":"<p>Diese stilvolle farbige Thermoskanne hat nicht nur ein minimalistisches und modernes Design im koreanischen Stil, sondern wird auch die Aufmerksamkeit auf sich ziehen, wo immer Sie hingehen. Der komfortable Holzgriff sorgt f\u00fcr ein besseres Benutzererlebnis, f\u00fchlt sich warm und nat\u00fcrlich an und ist einfach zu bedienen. Die Thermoskanne ist mit einer effizienten Isolierschicht ausgestattet, um eine hervorragende Isolierleistung zu gew\u00e4hrleisten und die Temperatur des Getr\u00e4nks lange Zeit zu halten. Ob im B\u00fcro, zu Hause oder im Freien, diese Thermoskanne ist eine ideale Wahl, die Sch\u00f6nheit und Zweckm\u00e4\u00dfigkeit vereint und es Ihnen erm\u00f6glicht, die W\u00e4rme und K\u00f6stlichkeit von Hei\u00dfgetr\u00e4nken jederzeit und \u00fcberall zu genie\u00dfen.<\/p>\n<h3>Features and Benefits of Thermos Jug<\/h3>\n<div><strong>Langfristige W\u00e4rme- und K\u00e4ltekonservierung<\/strong>: Mit dem leistungsf\u00e4higsten Glaseinsatz und der doppelschichtigen Vakuumisolierungstechnologie kann die W\u00e4rmeerhaltungszeit bis zu 24 Stunden betragen, so dass Ihre Warmwasserversorgung immer gew\u00e4hrleistet ist.<\/div>\n<div><strong>Zwei Spezifikationen<\/strong>: Wir bieten Thermoskannen mit einem Fassungsverm\u00f6gen von 0,8 l und 1,2 l an, um Ihren Bed\u00fcrfnissen gerecht zu werden. <\/div>\n<div><strong>Wooden Handle:<\/strong> Der Griff der Thermoskanne besteht aus hochwertigem Holz, das angenehm in der Hand liegt und Verbrennungen w\u00e4hrend des Gebrauchs verhindert. <\/div>\n<div><strong>Minimalist Design<\/strong>: Die Gesamtform nimmt ein minimalistisches Design an, das sich sehr gut f\u00fcr das B\u00fcro, zu Hause oder im Restaurant eignet und der Umgebung Sch\u00f6nheit verleiht. <\/div>\n<div><strong>Anti-slip Design<\/strong>: Der Boden ist rutschfest, und die Thermoskanne kann sicher und zuverl\u00e4ssig auf dem Tisch stehen. <\/div>\n<div><strong>Muster Provision<\/strong>: Wir stellen Ihnen Muster zur Verf\u00fcgung, damit Sie unsere Produkte besser kennenlernen und angemessene Entscheidungen treffen k\u00f6nnen. <\/div>\n<div><strong>Customization Plan<\/strong>: Wir k\u00f6nnen das Produktlogo und die Verpackung f\u00fcr Sie anpassen, damit Sie Ihr Markenimage besser zur Geltung bringen k\u00f6nnen. <\/div>\n<p>&nbsp;<\/p>","protected":false},"featured_media":7458,"comment_status":"open","ping_status":"closed","template":"","meta":[],"product_cat":[54],"product_tag":[83,73,85],"class_list":{"0":"post-4695","1":"product","2":"type-product","3":"status-publish","4":"has-post-thumbnail","6":"product_cat-thermal-carafe-wholesale","7":"product_tag-wholesale-800ml-thermos-carafe","8":"product_tag-wholesale-1200ml-thermos-carafe","9":"product_tag-wholesale-stainless-steel-liner-thermos-carafe","11":"first","12":"instock","13":"shipping-taxable","14":"product-type-simple"},"_links":{"self":[{"href":"https:\/\/moyahousehold.com\/de\/wp-json\/wp\/v2\/product\/4695","targetHints":{"allow":["GET"]}}],"collection":[{"href":"https:\/\/moyahousehold.com\/de\/wp-json\/wp\/v2\/product"}],"about":[{"href":"https:\/\/moyahousehold.com\/de\/wp-json\/wp\/v2\/types\/product"}],"replies":[{"embeddable":true,"href":"https:\/\/moyahousehold.com\/de\/wp-json\/wp\/v2\/comments?post=4695"}],"version-history":[{"count":2,"href":"https:\/\/moyahousehold.com\/de\/wp-json\/wp\/v2\/product\/4695\/revisions"}],"predecessor-version":[{"id":13013,"href":"https:\/\/moyahousehold.com\/de\/wp-json\/wp\/v2\/product\/4695\/revisions\/13013"}],"wp:featuredmedia":[{"embeddable":true,"href":"https:\/\/moyahousehold.com\/de\/wp-json\/wp\/v2\/media\/7458"}],"wp:attachment":[{"href":"https:\/\/moyahousehold.com\/de\/wp-json\/wp\/v2\/media?parent=4695"}],"wp:term":[{"taxonomy":"product_cat","embeddable":true,"href":"https:\/\/moyahousehold.com\/de\/wp-json\/wp\/v2\/product_cat?post=4695"},{"taxonomy":"product_tag","embeddable":true,"href":"https:\/\/moyahousehold.com\/de\/wp-json\/wp\/v2\/product_tag?post=4695"}],"curies":[{"name":"wp","href":"https:\/\/api.w.org\/{rel}","templated":true}]}}