{"id":4696,"date":"2024-05-14T14:29:10","date_gmt":"2024-05-14T14:29:10","guid":{"rendered":"https:\/\/moyahousehold.com\/?post_type=product&#038;p=4696"},"modified":"2025-04-19T09:52:58","modified_gmt":"2025-04-19T09:52:58","slug":"wholesale-japanese-style-thermos-carafe","status":"publish","type":"product","link":"https:\/\/moyahousehold.com\/de\/produkt\/wholesale-japanese-style-thermos-carafe\/","title":{"rendered":"Gro\u00dfhandel 1.2L japanischen Stil Thermoskanne, Bulk Thermal Kaffee Karaffe zum Verkauf"},"content":{"rendered":"<div class=\"wp-block-columns is-layout-flex wp-container-core-columns-is-layout-9d6595d7 wp-block-columns-is-layout-flex\">\n<div class=\"wp-block-column is-layout-flow wp-block-column-is-layout-flow\">\n<h3 class=\"wp-block-heading\">Parameter der Thermoskaraffe mit Holzgriff <\/h3>\n\n\n\n<p><strong>Modellnummer:<\/strong> MY0880<br><strong>Material:<\/strong> Borosilikat +PP + Kieselgel + Strand<br><strong>Bruttogewicht:<\/strong> 1kg<br><strong>Dimension:<\/strong> 204x130x212mm<br><strong>Farbe: <\/strong>beige\/khaki\/wei\u00df\/schwarz\/hellgrau<br><strong>BPA-frei<\/strong><\/p>\n<\/div>\n\n\n\n<div class=\"wp-block-column is-layout-flow wp-block-column-is-layout-flow\">\n<h3 class=\"wp-block-heading\">Individuelle Thermoskannen-Optionen<\/h3>\n\n\n\n<p><strong>Deckel:<\/strong> Druckdeckel aus rostfreiem Stahl.<br><strong>Logo: <\/strong>Ihr Markenlogo auf Produkt und Verpackung anbringen.<br><strong>Logo-Optionen:<\/strong> gedrucktes Logo, lasergraviertes Logo, usw.<br><strong>Muster:<\/strong> Druckmuster auf Thermoskanne.<br><strong>Drucktechnik:<\/strong> Wassertransferdruck, Siebdruck, W\u00e4rmetransferdruck, Sublimationstransfer, etc.<br><strong>Verpackung:<\/strong> Farbkasten<br><a href=\"https:\/\/moyahousehold.com\/de\/individuelle-losung\/\" target=\"_blank\" rel=\"noreferrer noopener\"><strong>Erfahren Sie mehr \u00fcber ma\u00dfgeschneiderte Thermoskannenl\u00f6sungen<\/strong><\/a><\/p>\n\n\n\n<p><br><\/p>\n<\/div>\n<\/div>\n\n\n\n<div class=\"wp-block-columns is-layout-flex wp-container-core-columns-is-layout-9d6595d7 wp-block-columns-is-layout-flex\">\n<div class=\"wp-block-column is-layout-flow wp-block-column-is-layout-flow\">\n<figure class=\"wp-block-image size-full\"><img fetchpriority=\"high\" decoding=\"async\" width=\"523\" height=\"523\" src=\"https:\/\/moyahousehold.com\/wp-content\/uploads\/2024\/05\/Exquisite-Thermos-Carafe-Display-3.webp\" alt=\"Exquisite Thermoskaraffe Display (3)\" class=\"wp-image-9934\" srcset=\"https:\/\/moyahousehold.com\/wp-content\/uploads\/2024\/05\/Exquisite-Thermos-Carafe-Display-3.webp 523w, https:\/\/moyahousehold.com\/wp-content\/uploads\/2024\/05\/Exquisite-Thermos-Carafe-Display-3-300x300.webp 300w, https:\/\/moyahousehold.com\/wp-content\/uploads\/2024\/05\/Exquisite-Thermos-Carafe-Display-3-150x150.webp 150w, https:\/\/moyahousehold.com\/wp-content\/uploads\/2024\/05\/Exquisite-Thermos-Carafe-Display-3-12x12.webp 12w, https:\/\/moyahousehold.com\/wp-content\/uploads\/2024\/05\/Exquisite-Thermos-Carafe-Display-3-285x285.webp 285w, https:\/\/moyahousehold.com\/wp-content\/uploads\/2024\/05\/Exquisite-Thermos-Carafe-Display-3-270x270.webp 270w\" sizes=\"(max-width: 523px) 100vw, 523px\" \/><\/figure>\n<\/div>\n\n\n\n<div class=\"wp-block-column is-layout-flow wp-block-column-is-layout-flow\">\n<figure class=\"wp-block-image size-full\"><img decoding=\"async\" width=\"488\" height=\"488\" src=\"https:\/\/moyahousehold.com\/wp-content\/uploads\/2024\/05\/Exquisite-Thermos-Carafe-Display-4.webp\" alt=\"Exquisite Thermoskaraffe Display (4)\" class=\"wp-image-9935\" srcset=\"https:\/\/moyahousehold.com\/wp-content\/uploads\/2024\/05\/Exquisite-Thermos-Carafe-Display-4.webp 488w, https:\/\/moyahousehold.com\/wp-content\/uploads\/2024\/05\/Exquisite-Thermos-Carafe-Display-4-300x300.webp 300w, https:\/\/moyahousehold.com\/wp-content\/uploads\/2024\/05\/Exquisite-Thermos-Carafe-Display-4-150x150.webp 150w, https:\/\/moyahousehold.com\/wp-content\/uploads\/2024\/05\/Exquisite-Thermos-Carafe-Display-4-12x12.webp 12w, https:\/\/moyahousehold.com\/wp-content\/uploads\/2024\/05\/Exquisite-Thermos-Carafe-Display-4-285x285.webp 285w, https:\/\/moyahousehold.com\/wp-content\/uploads\/2024\/05\/Exquisite-Thermos-Carafe-Display-4-270x270.webp 270w\" sizes=\"(max-width: 488px) 100vw, 488px\" \/><\/figure>\n<\/div>\n<\/div>","protected":false},"excerpt":{"rendered":"<p>Gro\u00dfhandels-Thermoskanne im japanischen Stil, mit einem einfachen und sch\u00f6nen Aussehen, gepaart mit einem eleganten isolierten Holzgriff, passend f\u00fcr alle Arten von Wohnstilen. Hochwertige Auskleidungsmaterialien erm\u00f6glichen es, Dinge f\u00fcr eine lange Zeit hei\u00df und kalt zu halten. Geeignet f\u00fcr Restaurants, Hotels und den Hausgebrauch. Unterst\u00fctzt OEM &amp; ODM. Bitte kontaktieren Sie uns f\u00fcr ein Angebot.<\/p>\n<h3>Eigenschaften und Vorteile von Customizbale Coffee Thermos<\/h3>\n<div>\n<p><strong>Einzigartiges Design:<\/strong> Diese Thermoskanne verbindet modernen, minimalistischen Stil mit nat\u00fcrlichen Elementen, und der Holzgriff verleiht ein Gef\u00fchl von W\u00e4rme, das sowohl praktisch als auch sch\u00f6n ist.<\/p>\n<p><strong>Bequemer Wasserauslass:<\/strong> Die Thermoskanne verf\u00fcgt \u00fcber einen One-Touch-Schalter, mit dem man bequem und schnell Wasser einf\u00fcllen kann, der ein \u00dcberlaufen verhindert und die Benutzung komfortabler macht.<\/p>\n<p><strong>Humanisierter Griff:<\/strong> Der Holzgriff ist nicht nur sch\u00f6n, sondern liegt auch gut in der Hand, was die Benutzung angenehmer macht und ein Abrutschen verhindert.<\/p>\n<p><strong>Vielseitig einsetzbar:<\/strong> Diese Thermoskanne eignet sich f\u00fcr eine Vielzahl von Getr\u00e4nken wie Wasser, Tee, Saft usw., um einer Vielzahl von Lebensgewohnheiten gerecht zu werden. Der Boden kann abgenommen werden, um den Innenbeh\u00e4lter zur einfachen Reinigung zu entfernen.<\/p>\n<p><strong>Abnehmbare Ausf\u00fchrung:<\/strong> Der Deckel kann zum Reinigen in drei Teile zerlegt werden und verdeckt keinen Schmutz.<\/p>\n<\/div>\n<p><a href=\"https:\/\/moyahousehold.com\/de\/wholesale-japanese-style-thermos-coffee-carafe-series\/\" target=\"_blank\" rel=\"noopener\"><strong>Erfahren Sie mehr \u00fcber die Thermokaffeemaschine Japanese Style.<\/strong><\/a><\/p>","protected":false},"featured_media":9943,"comment_status":"closed","ping_status":"closed","template":"","meta":[],"product_cat":[54],"product_tag":[73,85],"class_list":{"0":"post-4696","1":"product","2":"type-product","3":"status-publish","4":"has-post-thumbnail","6":"product_cat-thermal-carafe-wholesale","7":"product_tag-wholesale-1200ml-thermos-carafe","8":"product_tag-wholesale-stainless-steel-liner-thermos-carafe","10":"first","11":"instock","12":"shipping-taxable","13":"product-type-simple"},"_links":{"self":[{"href":"https:\/\/moyahousehold.com\/de\/wp-json\/wp\/v2\/product\/4696","targetHints":{"allow":["GET"]}}],"collection":[{"href":"https:\/\/moyahousehold.com\/de\/wp-json\/wp\/v2\/product"}],"about":[{"href":"https:\/\/moyahousehold.com\/de\/wp-json\/wp\/v2\/types\/product"}],"replies":[{"embeddable":true,"href":"https:\/\/moyahousehold.com\/de\/wp-json\/wp\/v2\/comments?post=4696"}],"version-history":[{"count":0,"href":"https:\/\/moyahousehold.com\/de\/wp-json\/wp\/v2\/product\/4696\/revisions"}],"wp:featuredmedia":[{"embeddable":true,"href":"https:\/\/moyahousehold.com\/de\/wp-json\/wp\/v2\/media\/9943"}],"wp:attachment":[{"href":"https:\/\/moyahousehold.com\/de\/wp-json\/wp\/v2\/media?parent=4696"}],"wp:term":[{"taxonomy":"product_cat","embeddable":true,"href":"https:\/\/moyahousehold.com\/de\/wp-json\/wp\/v2\/product_cat?post=4696"},{"taxonomy":"product_tag","embeddable":true,"href":"https:\/\/moyahousehold.com\/de\/wp-json\/wp\/v2\/product_tag?post=4696"}],"curies":[{"name":"wp","href":"https:\/\/api.w.org\/{rel}","templated":true}]}}