{"id":4720,"date":"2024-05-14T15:52:22","date_gmt":"2024-05-14T15:52:22","guid":{"rendered":"https:\/\/moyahousehold.com\/?post_type=product&#038;p=4720"},"modified":"2025-02-05T06:25:01","modified_gmt":"2025-02-05T06:25:01","slug":"wholesale-minimalist-style-insulated-kettle","status":"publish","type":"product","link":"https:\/\/moyahousehold.com\/de\/produkt\/wholesale-minimalist-style-insulated-kettle\/","title":{"rendered":"Gro\u00dfhandel Minimalist Style isoliert Wasserkocher (0,8 L und 1,2 L), Bulk stilvolle thermische Karaffe, Unterst\u00fctzung OEM &amp; ODM"},"content":{"rendered":"<div class=\"wp-block-columns is-layout-flex wp-container-core-columns-is-layout-9d6595d7 wp-block-columns-is-layout-flex\">\n<div class=\"wp-block-column is-layout-flow wp-block-column-is-layout-flow\">\n<h3 class=\"wp-block-heading\">Parameter der Gro\u00dfhandel isoliert Wasserkocher<\/h3>\n\n\n\n<p><strong>Modellnummer:<\/strong> MY0897<br><strong>Material: <\/strong>Borosilikat +PP + Kieselgel + Buche<br><strong>Bruttogewicht:<\/strong> 0,8 kg<br><strong>Kapazit\u00e4t:<\/strong> 0.8L\/1.2L<br><strong>Dimension: <\/strong>191x103x240mm<br><strong>Farbe: <\/strong>schwarz\/dunkelgrau\/rosa\/wei\u00df\/mintgr\u00fcn\/chinesisch rot<br><strong>BPA-frei<\/strong><\/p>\n<\/div>\n\n\n\n<div class=\"wp-block-column is-layout-flow wp-block-column-is-layout-flow\">\n<h3 class=\"wp-block-heading\">Individuelle Optionen f\u00fcr isolierte Wasserkocher<\/h3>\n\n\n\n<p><strong>Deckel:<\/strong> Druckdeckel aus rostfreiem Stahl.<br><strong>Logo:<\/strong> Ihr Markenlogo auf Produkt und Verpackung anbringen.<br><strong>Logo-Optionen:<\/strong> gedrucktes Logo, lasergraviertes Logo, usw.<br><strong>Muster:<\/strong> Druckmuster auf Thermoskanne.<br><strong>Drucktechnik:<\/strong> Wassertransferdruck, Siebdruck, W\u00e4rmetransferdruck, Sublimationstransfer, etc.<br><strong>Verpackung: <\/strong>Farbkasten<br><a href=\"https:\/\/moyahousehold.com\/de\/individuelle-losung\/\"><strong>Erfahren Sie mehr \u00fcber den Service f\u00fcr isolierte Wasserkocher<\/strong><\/a><\/p>\n\n\n\n<p><br><\/p>\n<\/div>\n<\/div>\n\n\n\n<div class=\"wp-block-columns is-layout-flex wp-container-core-columns-is-layout-9d6595d7 wp-block-columns-is-layout-flex\">\n<div class=\"wp-block-column is-layout-flow wp-block-column-is-layout-flow\">\n<figure class=\"wp-block-image size-full\"><img fetchpriority=\"high\" decoding=\"async\" width=\"4022\" height=\"4022\" src=\"https:\/\/moyahousehold.com\/wp-content\/uploads\/2024\/05\/wholesale-insulated-kettle-2.webp\" alt=\"Gro\u00dfhandel isolierte Wasserkocher (2)\" class=\"wp-image-10018\" srcset=\"https:\/\/moyahousehold.com\/wp-content\/uploads\/2024\/05\/wholesale-insulated-kettle-2.webp 4022w, https:\/\/moyahousehold.com\/wp-content\/uploads\/2024\/05\/wholesale-insulated-kettle-2-300x300.webp 300w, https:\/\/moyahousehold.com\/wp-content\/uploads\/2024\/05\/wholesale-insulated-kettle-2-150x150.webp 150w, https:\/\/moyahousehold.com\/wp-content\/uploads\/2024\/05\/wholesale-insulated-kettle-2-768x768.webp 768w, https:\/\/moyahousehold.com\/wp-content\/uploads\/2024\/05\/wholesale-insulated-kettle-2-12x12.webp 12w, https:\/\/moyahousehold.com\/wp-content\/uploads\/2024\/05\/wholesale-insulated-kettle-2-285x285.webp 285w, https:\/\/moyahousehold.com\/wp-content\/uploads\/2024\/05\/wholesale-insulated-kettle-2-1600x1600.webp 1600w, https:\/\/moyahousehold.com\/wp-content\/uploads\/2024\/05\/wholesale-insulated-kettle-2-270x270.webp 270w, https:\/\/moyahousehold.com\/wp-content\/uploads\/2024\/05\/wholesale-insulated-kettle-2-540x540.webp 540w, https:\/\/moyahousehold.com\/wp-content\/uploads\/2024\/05\/wholesale-insulated-kettle-2-660x660.webp 660w\" sizes=\"(max-width: 4022px) 100vw, 4022px\" \/><\/figure>\n<\/div>\n\n\n\n<div class=\"wp-block-column is-layout-flow wp-block-column-is-layout-flow\">\n<figure class=\"wp-block-image size-full\"><img decoding=\"async\" width=\"4160\" height=\"4160\" src=\"https:\/\/moyahousehold.com\/wp-content\/uploads\/2024\/05\/wholesale-insulated-kettle-3.webp\" alt=\"Gro\u00dfhandel isolierte Wasserkocher (3)\" class=\"wp-image-10019\" srcset=\"https:\/\/moyahousehold.com\/wp-content\/uploads\/2024\/05\/wholesale-insulated-kettle-3.webp 4160w, https:\/\/moyahousehold.com\/wp-content\/uploads\/2024\/05\/wholesale-insulated-kettle-3-300x300.webp 300w, https:\/\/moyahousehold.com\/wp-content\/uploads\/2024\/05\/wholesale-insulated-kettle-3-150x150.webp 150w, https:\/\/moyahousehold.com\/wp-content\/uploads\/2024\/05\/wholesale-insulated-kettle-3-768x768.webp 768w, https:\/\/moyahousehold.com\/wp-content\/uploads\/2024\/05\/wholesale-insulated-kettle-3-12x12.webp 12w, https:\/\/moyahousehold.com\/wp-content\/uploads\/2024\/05\/wholesale-insulated-kettle-3-285x285.webp 285w, https:\/\/moyahousehold.com\/wp-content\/uploads\/2024\/05\/wholesale-insulated-kettle-3-1600x1600.webp 1600w, https:\/\/moyahousehold.com\/wp-content\/uploads\/2024\/05\/wholesale-insulated-kettle-3-270x270.webp 270w, https:\/\/moyahousehold.com\/wp-content\/uploads\/2024\/05\/wholesale-insulated-kettle-3-540x540.webp 540w, https:\/\/moyahousehold.com\/wp-content\/uploads\/2024\/05\/wholesale-insulated-kettle-3-660x660.webp 660w\" sizes=\"(max-width: 4160px) 100vw, 4160px\" \/><\/figure>\n<\/div>\n<\/div>","protected":false},"excerpt":{"rendered":"<p>Minimalistischer isolierter Wasserkocher f\u00fcr den Gro\u00dfhandel. Unser isolierter Wasserkocher verf\u00fcgt \u00fcber einen Innenraum aus Edelstahl, der Ihre hei\u00dfen Getr\u00e4nke bis zu 24 Stunden lang warm h\u00e4lt. Au\u00dferdem hat er einen Holzgriff f\u00fcr eine einfache Bedienung. Er ist die ideale Wahl f\u00fcr Ihren Bedarf an hei\u00dfen Getr\u00e4nken zu Hause oder unterwegs. Kontaktieren Sie uns f\u00fcr ein Angebot.<\/p>\n<h3>Eigenschaften und Vorteile des isolierten Wasserkochers im minimalistischen Stil<\/h3>\n<div>\n<p><strong>Kapazit\u00e4tsoptionen:<\/strong> Dieser isolierte Wasserkocher im minimalistischen Stil ist mit einem Fassungsverm\u00f6gen von 0,8 l und 1,2 l erh\u00e4ltlich, um unterschiedlichen Bed\u00fcrfnissen gerecht zu werden.<\/p>\n<p><strong>Griff aus Holz:<\/strong> Dieser isolierte Wasserkocher ist mit einem Holzgriff ausgestattet, der bequem in der Hand liegt und leicht mit einer Hand bedient werden kann.<\/p>\n<p><strong>Leichtes Wasser f<\/strong>illing: Dieser isolierte Wasserkocher ist mit einem gut durchdachten Deckel ausgestattet, der mit einer einfachen Drehung mit Wasser gef\u00fcllt werden kann und zudem sehr leicht zu reinigen ist.<\/p>\n<p><strong>Gestaltung der Presse:<\/strong> Der Deckel dieses isolierten Wasserkochers l\u00e4sst sich mit nur einem Knopfdruck \u00f6ffnen, wodurch das Ausgie\u00dfen von Wasser reibungslos und einfach vonstatten geht.<\/p>\n<p><strong>Gro\u00dfhandelsservice:<\/strong> Wir bieten Gro\u00dfhandel isoliert Wasserkocher zu Fabrikpreisen und bieten Probe Unterst\u00fctzung.<\/p>\n<p><strong>Ma\u00dfgeschneiderte L\u00f6sungen:<\/strong> Wir bieten OEM und ODM kundenspezifische L\u00f6sungen f\u00fcr isolierte Wasserkocher an, um Ihre eigene Marke f\u00fcr isolierte Wasserkocher zu schaffen.<\/p>\n<\/div>","protected":false},"featured_media":10020,"comment_status":"closed","ping_status":"closed","template":"","meta":[],"product_cat":[54],"product_tag":[83,73,85],"class_list":{"0":"post-4720","1":"product","2":"type-product","3":"status-publish","4":"has-post-thumbnail","6":"product_cat-thermal-carafe-wholesale","7":"product_tag-wholesale-800ml-thermos-carafe","8":"product_tag-wholesale-1200ml-thermos-carafe","9":"product_tag-wholesale-stainless-steel-liner-thermos-carafe","11":"first","12":"instock","13":"shipping-taxable","14":"product-type-simple"},"_links":{"self":[{"href":"https:\/\/moyahousehold.com\/de\/wp-json\/wp\/v2\/product\/4720","targetHints":{"allow":["GET"]}}],"collection":[{"href":"https:\/\/moyahousehold.com\/de\/wp-json\/wp\/v2\/product"}],"about":[{"href":"https:\/\/moyahousehold.com\/de\/wp-json\/wp\/v2\/types\/product"}],"replies":[{"embeddable":true,"href":"https:\/\/moyahousehold.com\/de\/wp-json\/wp\/v2\/comments?post=4720"}],"version-history":[{"count":0,"href":"https:\/\/moyahousehold.com\/de\/wp-json\/wp\/v2\/product\/4720\/revisions"}],"wp:featuredmedia":[{"embeddable":true,"href":"https:\/\/moyahousehold.com\/de\/wp-json\/wp\/v2\/media\/10020"}],"wp:attachment":[{"href":"https:\/\/moyahousehold.com\/de\/wp-json\/wp\/v2\/media?parent=4720"}],"wp:term":[{"taxonomy":"product_cat","embeddable":true,"href":"https:\/\/moyahousehold.com\/de\/wp-json\/wp\/v2\/product_cat?post=4720"},{"taxonomy":"product_tag","embeddable":true,"href":"https:\/\/moyahousehold.com\/de\/wp-json\/wp\/v2\/product_tag?post=4720"}],"curies":[{"name":"wp","href":"https:\/\/api.w.org\/{rel}","templated":true}]}}