{"id":4762,"date":"2024-05-17T08:20:47","date_gmt":"2024-05-17T08:20:47","guid":{"rendered":"https:\/\/moyahousehold.com\/?post_type=product&#038;p=4762"},"modified":"2024-08-07T02:23:27","modified_gmt":"2024-08-07T02:23:27","slug":"wholesale-custom-mixing-bowls","status":"publish","type":"product","link":"https:\/\/moyahousehold.com\/de\/produkt\/wholesale-custom-mixing-bowls\/","title":{"rendered":"Edelstahl Nice Kitchen R\u00fchrsch\u00fcsseln Set 3-tlg."},"content":{"rendered":"<div class=\"wp-block-columns is-layout-flex wp-container-core-columns-is-layout-9d6595d7 wp-block-columns-is-layout-flex\">\n<div class=\"wp-block-column is-layout-flow wp-block-column-is-layout-flow\">\n<h2 class=\"wp-block-heading\">Edelstahl-K\u00fcchen-Mixsch\u00fcsseln Abmessungen <\/h2>\n\n\n\n<figure class=\"wp-block-table\"><table class=\"has-fixed-layout\"><tbody><tr><td>Modellnummer<\/td><td>Material<\/td><td>Farbe<\/td><td>Kapazit\u00e4t<\/td><td>Produkt Gr\u00f6\u00dfe\/cm<\/td><td>\u00c4u\u00dfere Gr\u00f6\u00dfe der Box\/cm<\/td><td>N.W.\/kg<\/td><td>G.W\/kg\/Pro Box<\/td><\/tr><tr><td>MYQH004<\/td><td rowspan=\"3\">201<\/td><td rowspan=\"3\">Rosa\/Wei\u00df\/Gelb\/Violett\/Blau<\/td><td>20CM<\/td><td>21*21*9.8<\/td><td>43*22*39<\/td><td>0.24<\/td><td>14.4<\/td><\/tr><tr><td>MYQH005<\/td><td>24CM<\/td><td>25.2*25.2*10.6<\/td><td>51*26*50<\/td><td>0.25<\/td><td>12<\/td><\/tr><tr><td>MYQH006<\/td><td>28CM<\/td><td>28.9*28.9*11.8<\/td><td>59*30*55<\/td><td>0.45<\/td><td>11.6<\/td><\/tr><\/tbody><\/table><\/figure>\n\n\n\n<h2 class=\"wp-block-heading\" style=\"font-size:25px\">Optionen f\u00fcr kundenspezifische Mischsch\u00fcsseln f\u00fcr die K\u00fcche<\/h2>\n\n\n\n<p><strong>Logo<\/strong>: Ihr Markenlogo auf Produkt und Verpackung.<br><strong>Logo-Optionen:<\/strong> gedrucktes Logo, lasergraviertes Logo, usw.<br><strong>Muster<\/strong>: Druckmuster.<br><strong>Drucktechnik<\/strong>Wassertransferdruck, Siebdruck, W\u00e4rmetransferdruck, usw.<br><strong>Paket<\/strong>:Farbkasten.<br><a href=\"https:\/\/moyahousehold.com\/de\/individuelle-losung\/\" target=\"_blank\" rel=\"noreferrer noopener\"><strong>Mehr Anpassungsm\u00f6glichkeiten entdecken<\/strong><\/a><\/p>\n<\/div>\n<\/div>\n\n\n\n<div class=\"wp-block-columns is-layout-flex wp-container-core-columns-is-layout-9d6595d7 wp-block-columns-is-layout-flex\">\n<div class=\"wp-block-column is-layout-flow wp-block-column-is-layout-flow\">\n<figure class=\"wp-block-image size-full\"><img fetchpriority=\"high\" decoding=\"async\" width=\"785\" height=\"780\" src=\"https:\/\/moyahousehold.com\/wp-content\/uploads\/2024\/05\/wholesale-mixing-bowls-2.webp\" alt=\"benutzerdefinierte mischen Schalen Gro\u00dfhandel\" class=\"wp-image-4785\" srcset=\"https:\/\/moyahousehold.com\/wp-content\/uploads\/2024\/05\/wholesale-mixing-bowls-2.webp 785w, https:\/\/moyahousehold.com\/wp-content\/uploads\/2024\/05\/wholesale-mixing-bowls-2-300x298.webp 300w, https:\/\/moyahousehold.com\/wp-content\/uploads\/2024\/05\/wholesale-mixing-bowls-2-150x150.webp 150w, https:\/\/moyahousehold.com\/wp-content\/uploads\/2024\/05\/wholesale-mixing-bowls-2-768x763.webp 768w, https:\/\/moyahousehold.com\/wp-content\/uploads\/2024\/05\/wholesale-mixing-bowls-2-285x283.webp 285w, https:\/\/moyahousehold.com\/wp-content\/uploads\/2024\/05\/wholesale-mixing-bowls-2-660x656.webp 660w\" sizes=\"(max-width: 785px) 100vw, 785px\" \/><\/figure>\n<\/div>\n\n\n\n<div class=\"wp-block-column is-layout-flow wp-block-column-is-layout-flow\">\n<figure class=\"wp-block-image size-full\"><img decoding=\"async\" width=\"795\" height=\"787\" src=\"https:\/\/moyahousehold.com\/wp-content\/uploads\/2024\/05\/wholesale-mixing-bowls.webp\" alt=\"benutzerdefinierte mischen Schalen Gro\u00dfhandel\" class=\"wp-image-4786\" srcset=\"https:\/\/moyahousehold.com\/wp-content\/uploads\/2024\/05\/wholesale-mixing-bowls.webp 795w, https:\/\/moyahousehold.com\/wp-content\/uploads\/2024\/05\/wholesale-mixing-bowls-300x297.webp 300w, https:\/\/moyahousehold.com\/wp-content\/uploads\/2024\/05\/wholesale-mixing-bowls-768x760.webp 768w, https:\/\/moyahousehold.com\/wp-content\/uploads\/2024\/05\/wholesale-mixing-bowls-285x282.webp 285w, https:\/\/moyahousehold.com\/wp-content\/uploads\/2024\/05\/wholesale-mixing-bowls-660x653.webp 660w, https:\/\/moyahousehold.com\/wp-content\/uploads\/2024\/05\/wholesale-mixing-bowls-150x148.webp 150w\" sizes=\"(max-width: 795px) 100vw, 795px\" \/><\/figure>\n<\/div>\n<\/div>","protected":false},"excerpt":{"rendered":"<p>Diese K\u00fcchenr\u00fchrsch\u00fcsseln sind aus lebensmittelechtem 304er Edelstahl gefertigt, der sehr haltbar ist und ein farbenfrohes und sch\u00f6nes Aussehen hat. Sie sind ein echter Blickfang in jeder Szene. Sie sind sehr geeignet f\u00fcr den Einsatz zu Hause, in Restaurants und auf Partys. Das R\u00fchrsch\u00fcsselset gibt es in 3 Gr\u00f6\u00dfen, vom Verquirlen von Eiern bis zum Mischen von Salaten, sie k\u00f6nnen Ihre Bed\u00fcrfnisse erf\u00fcllen und sind ein effektives Werkzeug f\u00fcr Sie, um Ihre Essenszubereitung zu verbessern.<\/p>\n<h3>Eigenschaften und Vorteile von R\u00fchrsch\u00fcsseln<\/h3>\n<p>1. Unsere Produkte sind aus lebensmittelechtem rostfreiem Stahl mit starker Korrosionsbest\u00e4ndigkeit, die effektiv Rost zu verhindern und sicherzustellen, dass sie hell und neu nach langfristigen Gebrauch bleiben k\u00f6nnen.<br \/>2. Lebensmittelgeeignete Materialien enthalten keine sch\u00e4dlichen Substanzen und reagieren nicht chemisch mit Lebensmitteln. So wird sichergestellt, dass jeder Bissen rein und frei von Verunreinigungen ist und Sie und Ihre Familie gesundes und leckeres Essen genie\u00dfen k\u00f6nnen.<br \/>3. Die Oberfl\u00e4che dieser K\u00fcche Edelstahl R\u00fchrsch\u00fcssel nimmt erweiterte matt geb\u00fcrstet Technologie, die stark verbessert die Sch\u00f6nheit des Produkts und erh\u00f6ht den Komfort der Hand.<br \/>4. Die matte Behandlung kann die R\u00fcckst\u00e4nde von Fingerabdr\u00fccken und Flecken effektiv reduzieren, wodurch das Produkt im t\u00e4glichen Gebrauch leichter zu reinigen und zu pflegen ist und immer ein hochwertiges Aussehen beh\u00e4lt.<br \/>5. Die Innenwand der R\u00fchrsch\u00fcssel ist mit einer Skalenmarkierung versehen, damit Sie die Menge der Lebensmittel leicht kontrollieren k\u00f6nnen. Helfen Sie K\u00f6chen und Servicepersonal, effizienter zu arbeiten, stellen Sie sicher, dass die Menge jedes Mal genau richtig ist, und verschwenden Sie keine Zutaten.<br \/>6. Diese R\u00fchrsch\u00fcssel aus rostfreiem Stahl verf\u00fcgt \u00fcber ein einzigartiges Umlenkungsdesign, das den Ausgie\u00dfvorgang reibungsloser gestaltet und sicherstellt, dass die Fl\u00fcssigkeit bei jeder Verwendung gleichm\u00e4\u00dfig ausflie\u00dft und die K\u00fcche effektiv sauber h\u00e4lt.<br \/>7. als Hersteller von R\u00fchrsch\u00fcsseln f\u00fcr die K\u00fcche k\u00f6nnen wir jede Kapazit\u00e4t f\u00fcr Sie anpassen, kontaktieren Sie uns und teilen Sie uns Ihren Bedarf mit.<\/p>","protected":false},"featured_media":7885,"comment_status":"open","ping_status":"closed","template":"","meta":[],"product_cat":[55],"product_tag":[],"class_list":{"0":"post-4762","1":"product","2":"type-product","3":"status-publish","4":"has-post-thumbnail","6":"product_cat-salad-bowl-wholesale","8":"first","9":"instock","10":"shipping-taxable","11":"product-type-simple"},"_links":{"self":[{"href":"https:\/\/moyahousehold.com\/de\/wp-json\/wp\/v2\/product\/4762","targetHints":{"allow":["GET"]}}],"collection":[{"href":"https:\/\/moyahousehold.com\/de\/wp-json\/wp\/v2\/product"}],"about":[{"href":"https:\/\/moyahousehold.com\/de\/wp-json\/wp\/v2\/types\/product"}],"replies":[{"embeddable":true,"href":"https:\/\/moyahousehold.com\/de\/wp-json\/wp\/v2\/comments?post=4762"}],"version-history":[{"count":0,"href":"https:\/\/moyahousehold.com\/de\/wp-json\/wp\/v2\/product\/4762\/revisions"}],"wp:featuredmedia":[{"embeddable":true,"href":"https:\/\/moyahousehold.com\/de\/wp-json\/wp\/v2\/media\/7885"}],"wp:attachment":[{"href":"https:\/\/moyahousehold.com\/de\/wp-json\/wp\/v2\/media?parent=4762"}],"wp:term":[{"taxonomy":"product_cat","embeddable":true,"href":"https:\/\/moyahousehold.com\/de\/wp-json\/wp\/v2\/product_cat?post=4762"},{"taxonomy":"product_tag","embeddable":true,"href":"https:\/\/moyahousehold.com\/de\/wp-json\/wp\/v2\/product_tag?post=4762"}],"curies":[{"name":"wp","href":"https:\/\/api.w.org\/{rel}","templated":true}]}}