{"id":4789,"date":"2024-05-17T09:21:31","date_gmt":"2024-05-17T09:21:31","guid":{"rendered":"https:\/\/moyahousehold.com\/?post_type=product&#038;p=4789"},"modified":"2026-04-14T01:07:03","modified_gmt":"2026-04-14T01:07:03","slug":"wholesale-stainless-steel-3-compartment-food-containers-with-lids","status":"publish","type":"product","link":"https:\/\/moyahousehold.com\/de\/produkt\/anpassbare-lebensmittelbehalter-im-groshandel\/","title":{"rendered":"Wholesale Stainless Steel 3 Compartment Food Containers with Lids | Support OEM&amp;ODM"},"content":{"rendered":"<h3 class=\"wp-block-heading\">Parameter des 3-Fach-Lebensmittelbeh\u00e4lters aus Edelstahl<\/h3>\n\n\n\n<figure class=\"wp-block-table\"><table class=\"has-fixed-layout\"><tbody><tr><td><strong>Artikel<\/strong><\/td><td><strong>Material<\/strong><\/td><td><strong>Farbe<\/strong><\/td><td><strong>Kapazit\u00e4t<\/strong><\/td><td><strong>Dimension<\/strong><\/td><td><strong>PCS\/Koffer<\/strong><\/td><td><strong>N.W.\/PCS<\/strong><\/td><\/tr><tr><td>MYJD024<\/td><td rowspan=\"3\">304 + PP<\/td><td rowspan=\"3\">Black lid + Steel body<\/td><td>1200ML 3-compartments<\/td><td>20*20*6.5cm<\/td><td> 60 <\/td><td>0.26kg<\/td><\/tr><tr><td>MYJD025<\/td><td>1500ML single compartment<\/td><td>20*20*6.5cm<\/td><td>60<\/td><td>0.24kg<\/td><\/tr><tr><td>MYJD026<\/td><td>2000ML deep single compartment<\/td><td>20*20*10cm<\/td><td>48<\/td><td>0,4 kg<\/td><\/tr><\/tbody><\/table><\/figure>\n\n\n\n<div class=\"wp-block-columns is-layout-flex wp-container-core-columns-is-layout-9d6595d7 wp-block-columns-is-layout-flex\">\n<div class=\"wp-block-column is-layout-flow wp-block-column-is-layout-flow\">\n<h3 class=\"wp-block-heading\">Kundenspezifische Optionen f\u00fcr Lebensmittelbeh\u00e4lter<\/h3>\n\n\n\n<p><strong>Logo:<\/strong> Customize your brand logo on product and package.<br><strong>Deckel: <\/strong>PP lid<br><strong>Logo Options: <\/strong>Printed logo, laser engraved logo, etc.<br><strong>Muster:<\/strong> Printing patterns on food storage containers.<br><strong>Printing Technology:<\/strong> Water transfer printing, silk screen printing, heat transfer printing, etc.<br><strong>Verpackung:<\/strong> Color box<br><a href=\"https:\/\/moyahousehold.com\/de\/individuelle-losung\/\" data-type=\"page\" data-id=\"2817\"><strong>Entdecken Sie weitere individuelle L\u00f6sungen f\u00fcr Lebensmittelbeh\u00e4lter.<\/strong><\/a><\/p>\n<\/div>\n<\/div>\n\n\n\n<div class=\"wp-block-columns is-layout-flex wp-container-core-columns-is-layout-9d6595d7 wp-block-columns-is-layout-flex\">\n<div class=\"wp-block-column is-layout-flow wp-block-column-is-layout-flow\">\n<figure class=\"wp-block-image size-full\"><img fetchpriority=\"high\" decoding=\"async\" width=\"1500\" height=\"1500\" src=\"https:\/\/moyahousehold.com\/wp-content\/uploads\/2024\/05\/stainless-steel-food-container-display-1.jpg\" alt=\"Lebensmittelbeh\u00e4lter-Display aus Edelstahl (1)\" class=\"wp-image-9102\" srcset=\"https:\/\/moyahousehold.com\/wp-content\/uploads\/2024\/05\/stainless-steel-food-container-display-1.jpg 1500w, https:\/\/moyahousehold.com\/wp-content\/uploads\/2024\/05\/stainless-steel-food-container-display-1-300x300.jpg 300w, https:\/\/moyahousehold.com\/wp-content\/uploads\/2024\/05\/stainless-steel-food-container-display-1-150x150.jpg 150w, https:\/\/moyahousehold.com\/wp-content\/uploads\/2024\/05\/stainless-steel-food-container-display-1-768x768.jpg 768w, https:\/\/moyahousehold.com\/wp-content\/uploads\/2024\/05\/stainless-steel-food-container-display-1-12x12.jpg 12w, https:\/\/moyahousehold.com\/wp-content\/uploads\/2024\/05\/stainless-steel-food-container-display-1-285x285.jpg 285w, https:\/\/moyahousehold.com\/wp-content\/uploads\/2024\/05\/stainless-steel-food-container-display-1-270x270.jpg 270w, https:\/\/moyahousehold.com\/wp-content\/uploads\/2024\/05\/stainless-steel-food-container-display-1-540x540.jpg 540w, https:\/\/moyahousehold.com\/wp-content\/uploads\/2024\/05\/stainless-steel-food-container-display-1-660x660.jpg 660w\" sizes=\"(max-width: 1500px) 100vw, 1500px\" \/><\/figure>\n<\/div>\n\n\n\n<div class=\"wp-block-column is-layout-flow wp-block-column-is-layout-flow\">\n<figure class=\"wp-block-image size-full\"><img decoding=\"async\" width=\"1500\" height=\"1500\" src=\"https:\/\/moyahousehold.com\/wp-content\/uploads\/2024\/05\/stainless-steel-food-container-display-2.jpg\" alt=\"Display f\u00fcr Lebensmittelbeh\u00e4lter aus Edelstahl (2)\" class=\"wp-image-9103\" srcset=\"https:\/\/moyahousehold.com\/wp-content\/uploads\/2024\/05\/stainless-steel-food-container-display-2.jpg 1500w, https:\/\/moyahousehold.com\/wp-content\/uploads\/2024\/05\/stainless-steel-food-container-display-2-300x300.jpg 300w, https:\/\/moyahousehold.com\/wp-content\/uploads\/2024\/05\/stainless-steel-food-container-display-2-150x150.jpg 150w, https:\/\/moyahousehold.com\/wp-content\/uploads\/2024\/05\/stainless-steel-food-container-display-2-768x768.jpg 768w, https:\/\/moyahousehold.com\/wp-content\/uploads\/2024\/05\/stainless-steel-food-container-display-2-12x12.jpg 12w, https:\/\/moyahousehold.com\/wp-content\/uploads\/2024\/05\/stainless-steel-food-container-display-2-285x285.jpg 285w, https:\/\/moyahousehold.com\/wp-content\/uploads\/2024\/05\/stainless-steel-food-container-display-2-270x270.jpg 270w, https:\/\/moyahousehold.com\/wp-content\/uploads\/2024\/05\/stainless-steel-food-container-display-2-540x540.jpg 540w, https:\/\/moyahousehold.com\/wp-content\/uploads\/2024\/05\/stainless-steel-food-container-display-2-660x660.jpg 660w\" sizes=\"(max-width: 1500px) 100vw, 1500px\" \/><\/figure>\n<\/div>\n<\/div>\n\n\n\n<div class=\"wp-block-columns is-layout-flex wp-container-core-columns-is-layout-9d6595d7 wp-block-columns-is-layout-flex\">\n<div class=\"wp-block-column is-layout-flow wp-block-column-is-layout-flow\">\n<figure class=\"wp-block-image size-full\"><img decoding=\"async\" width=\"3635\" height=\"3635\" src=\"https:\/\/moyahousehold.com\/wp-content\/uploads\/2024\/05\/JD-\u5c0f\u659c\u8fb9\u6b63\u65b9\u5f62\u4fdd\u9c9c\u76d2-13.jpg\" alt=\"MOYA SUS304 Stainless Steel Insulated Food Storage Containers, Leak-Proof Fresh-Keeping Set with Multi Compartments for Camping &amp; Meal Prep\" class=\"wp-image-13021\" srcset=\"https:\/\/moyahousehold.com\/wp-content\/uploads\/2024\/05\/JD-\u5c0f\u659c\u8fb9\u6b63\u65b9\u5f62\u4fdd\u9c9c\u76d2-13.jpg 3635w, https:\/\/moyahousehold.com\/wp-content\/uploads\/2024\/05\/JD-\u5c0f\u659c\u8fb9\u6b63\u65b9\u5f62\u4fdd\u9c9c\u76d2-13-300x300.jpg 300w, https:\/\/moyahousehold.com\/wp-content\/uploads\/2024\/05\/JD-\u5c0f\u659c\u8fb9\u6b63\u65b9\u5f62\u4fdd\u9c9c\u76d2-13-150x150.jpg 150w, https:\/\/moyahousehold.com\/wp-content\/uploads\/2024\/05\/JD-\u5c0f\u659c\u8fb9\u6b63\u65b9\u5f62\u4fdd\u9c9c\u76d2-13-768x768.jpg 768w, https:\/\/moyahousehold.com\/wp-content\/uploads\/2024\/05\/JD-\u5c0f\u659c\u8fb9\u6b63\u65b9\u5f62\u4fdd\u9c9c\u76d2-13-12x12.jpg 12w, https:\/\/moyahousehold.com\/wp-content\/uploads\/2024\/05\/JD-\u5c0f\u659c\u8fb9\u6b63\u65b9\u5f62\u4fdd\u9c9c\u76d2-13-285x285.jpg 285w, https:\/\/moyahousehold.com\/wp-content\/uploads\/2024\/05\/JD-\u5c0f\u659c\u8fb9\u6b63\u65b9\u5f62\u4fdd\u9c9c\u76d2-13-1600x1600.jpg 1600w, https:\/\/moyahousehold.com\/wp-content\/uploads\/2024\/05\/JD-\u5c0f\u659c\u8fb9\u6b63\u65b9\u5f62\u4fdd\u9c9c\u76d2-13-270x270.jpg 270w, https:\/\/moyahousehold.com\/wp-content\/uploads\/2024\/05\/JD-\u5c0f\u659c\u8fb9\u6b63\u65b9\u5f62\u4fdd\u9c9c\u76d2-13-540x540.jpg 540w, https:\/\/moyahousehold.com\/wp-content\/uploads\/2024\/05\/JD-\u5c0f\u659c\u8fb9\u6b63\u65b9\u5f62\u4fdd\u9c9c\u76d2-13-660x660.jpg 660w\" sizes=\"(max-width: 3635px) 100vw, 3635px\" \/><\/figure>\n<\/div>\n\n\n\n<div class=\"wp-block-column is-layout-flow wp-block-column-is-layout-flow\">\n<figure class=\"wp-block-image size-full\"><img loading=\"lazy\" decoding=\"async\" width=\"3635\" height=\"3635\" src=\"https:\/\/moyahousehold.com\/wp-content\/uploads\/2024\/05\/JD-\u5c0f\u659c\u8fb9\u6b63\u65b9\u5f62\u4fdd\u9c9c\u76d2-15.jpg\" alt=\"MOYA SUS304 Stainless Steel Insulated Food Storage Containers, Leak-Proof Fresh-Keeping Set with Multi Compartments for Camping &amp; Meal Prep\" class=\"wp-image-13022\" srcset=\"https:\/\/moyahousehold.com\/wp-content\/uploads\/2024\/05\/JD-\u5c0f\u659c\u8fb9\u6b63\u65b9\u5f62\u4fdd\u9c9c\u76d2-15.jpg 3635w, https:\/\/moyahousehold.com\/wp-content\/uploads\/2024\/05\/JD-\u5c0f\u659c\u8fb9\u6b63\u65b9\u5f62\u4fdd\u9c9c\u76d2-15-300x300.jpg 300w, https:\/\/moyahousehold.com\/wp-content\/uploads\/2024\/05\/JD-\u5c0f\u659c\u8fb9\u6b63\u65b9\u5f62\u4fdd\u9c9c\u76d2-15-150x150.jpg 150w, https:\/\/moyahousehold.com\/wp-content\/uploads\/2024\/05\/JD-\u5c0f\u659c\u8fb9\u6b63\u65b9\u5f62\u4fdd\u9c9c\u76d2-15-768x768.jpg 768w, https:\/\/moyahousehold.com\/wp-content\/uploads\/2024\/05\/JD-\u5c0f\u659c\u8fb9\u6b63\u65b9\u5f62\u4fdd\u9c9c\u76d2-15-12x12.jpg 12w, https:\/\/moyahousehold.com\/wp-content\/uploads\/2024\/05\/JD-\u5c0f\u659c\u8fb9\u6b63\u65b9\u5f62\u4fdd\u9c9c\u76d2-15-285x285.jpg 285w, https:\/\/moyahousehold.com\/wp-content\/uploads\/2024\/05\/JD-\u5c0f\u659c\u8fb9\u6b63\u65b9\u5f62\u4fdd\u9c9c\u76d2-15-1600x1600.jpg 1600w, https:\/\/moyahousehold.com\/wp-content\/uploads\/2024\/05\/JD-\u5c0f\u659c\u8fb9\u6b63\u65b9\u5f62\u4fdd\u9c9c\u76d2-15-270x270.jpg 270w, https:\/\/moyahousehold.com\/wp-content\/uploads\/2024\/05\/JD-\u5c0f\u659c\u8fb9\u6b63\u65b9\u5f62\u4fdd\u9c9c\u76d2-15-540x540.jpg 540w, https:\/\/moyahousehold.com\/wp-content\/uploads\/2024\/05\/JD-\u5c0f\u659c\u8fb9\u6b63\u65b9\u5f62\u4fdd\u9c9c\u76d2-15-660x660.jpg 660w\" sizes=\"(max-width: 3635px) 100vw, 3635px\" \/><\/figure>\n<\/div>\n<\/div>","protected":false},"excerpt":{"rendered":"<p>Gro\u00dfhandel Drei-Fach-Lebensmittelbeh\u00e4lter, aus all-dickem Edelstahl, mehr haltbar, und poliert, sehr glatt und leicht zu reinigen. Wir haben drei F\u00e4cher und einzelne F\u00e4cher und verschiedene Kapazit\u00e4ten zur Auswahl, so k\u00f6nnen Sie mischen und passen sie vern\u00fcnftig eine Vielzahl von Lebensmitteln zu speichern. Wir unterst\u00fctzen OEM &amp; ODM, bitte kontaktieren Sie uns.<\/p>\n<h3>Merkmale und Vorteile des 3-Fach-Lebensmittelbeh\u00e4lters<\/h3>\n<p><strong>3 F\u00e4cher:<\/strong> Das Design mit drei F\u00e4chern trennt die Lebensmittel, damit der Geschmack und die Textur der einzelnen Lebensmittel erhalten bleiben. Sehr gut geeignet f\u00fcr Lunchpakete.<\/p>\n<p><strong>High-quality Material:<\/strong> Dieser Lebensmittelbeh\u00e4lter ist aus Edelstahl 304 gefertigt, um eine lange Lebensdauer zu gew\u00e4hrleisten.<\/p>\n<p><strong>Enhanced Durability:<\/strong> Dieser Lebensmittelbeh\u00e4lter aus rostfreiem Stahl wurde verbessert und verdickt, ist hochtemperatur- und korrosionsbest\u00e4ndig und hat eine l\u00e4ngere Lebensdauer.<\/p>\n<p><strong>Leicht zu reinigen<\/strong>: Die interne elektrolytische Behandlung ist glatt und rund, leicht zu reinigen, und es bleibt kein Lebensmittelgeruch zur\u00fcck. <\/p>\n<p><strong>Sealed and Leak-proof design<\/strong>: Ausgestattet mit einem verbreiterten Silikondichtungsring, liegt er eng an, um rundum auslaufsicher und feuchtigkeitsgesch\u00fctzt zu sein und Lebensmittel frisch zu halten. <\/p>\n<p><strong>Sturdy Lid:<\/strong> Der Lebensmittelbeh\u00e4lter ist mit einem verdickten Deckel ausgestattet, der sich nicht so leicht verformt, mit einem atmungsaktiven Knopf und einem kleinen Ohrdesign, das das \u00d6ffnen und Schlie\u00dfen des Deckels erleichtert. <\/p>\n<p><strong>OEM&amp;ODM Support:<\/strong> Moya bietet Gro\u00dfhandelsdienstleistungen f\u00fcr Lebensmittelbeh\u00e4lter aus Edelstahl an und unterst\u00fctzt OEM&amp;ODM-L\u00f6sungen, um Ihre pers\u00f6nlichen Bed\u00fcrfnisse zu erf\u00fcllen. <\/p>\n<p>&nbsp;<\/p>","protected":false},"featured_media":9099,"comment_status":"open","ping_status":"closed","template":"","meta":[],"product_cat":[57],"product_tag":[96,100],"class_list":{"0":"post-4789","1":"product","2":"type-product","3":"status-publish","4":"has-post-thumbnail","6":"product_cat-food-storage-container-wholesale","7":"product_tag-wholesale-multi-compartment-storage-food-containers","8":"product_tag-wholesale-square-food-storage-containers","10":"first","11":"instock","12":"shipping-taxable","13":"product-type-simple"},"_links":{"self":[{"href":"https:\/\/moyahousehold.com\/de\/wp-json\/wp\/v2\/product\/4789","targetHints":{"allow":["GET"]}}],"collection":[{"href":"https:\/\/moyahousehold.com\/de\/wp-json\/wp\/v2\/product"}],"about":[{"href":"https:\/\/moyahousehold.com\/de\/wp-json\/wp\/v2\/types\/product"}],"replies":[{"embeddable":true,"href":"https:\/\/moyahousehold.com\/de\/wp-json\/wp\/v2\/comments?post=4789"}],"version-history":[{"count":2,"href":"https:\/\/moyahousehold.com\/de\/wp-json\/wp\/v2\/product\/4789\/revisions"}],"predecessor-version":[{"id":13024,"href":"https:\/\/moyahousehold.com\/de\/wp-json\/wp\/v2\/product\/4789\/revisions\/13024"}],"wp:featuredmedia":[{"embeddable":true,"href":"https:\/\/moyahousehold.com\/de\/wp-json\/wp\/v2\/media\/9099"}],"wp:attachment":[{"href":"https:\/\/moyahousehold.com\/de\/wp-json\/wp\/v2\/media?parent=4789"}],"wp:term":[{"taxonomy":"product_cat","embeddable":true,"href":"https:\/\/moyahousehold.com\/de\/wp-json\/wp\/v2\/product_cat?post=4789"},{"taxonomy":"product_tag","embeddable":true,"href":"https:\/\/moyahousehold.com\/de\/wp-json\/wp\/v2\/product_tag?post=4789"}],"curies":[{"name":"wp","href":"https:\/\/api.w.org\/{rel}","templated":true}]}}