{"id":4804,"date":"2024-05-17T10:21:26","date_gmt":"2024-05-17T10:21:26","guid":{"rendered":"https:\/\/moyahousehold.com\/?post_type=product&#038;p=4804"},"modified":"2026-04-14T02:17:29","modified_gmt":"2026-04-14T02:17:29","slug":"wholesale-stainless-steel-food-containers-in-bulk","status":"publish","type":"product","link":"https:\/\/moyahousehold.com\/de\/produkt\/wholesale-stainless-steel-food-containers-in-bulk\/","title":{"rendered":"Edelstahl Mahlzeit Prep Container in der Fabrik Gro\u00dfhandelspreis"},"content":{"rendered":"<h3 class=\"wp-block-heading\">Parameter von Lebensmittelbeh\u00e4ltern<\/h3>\n\n\n\n<figure class=\"wp-block-table\"><table class=\"has-fixed-layout\"><tbody><tr><td><strong>Artikel<\/strong><\/td><td>Material<\/td><td>Farbe<\/td><td>Kapazit\u00e4t<\/td><td>Lid Type<\/td><td>Dimension\/CM<\/td><td>PCS\/Koffer<\/td><td>N.W.\/PCS<\/td><\/tr><tr><td>MYJD027<\/td><td rowspan=\"6\">304 + PP<\/td><td rowspan=\"6\">Black lid + Steel body<\/td><td>550ml<\/td><td>Flat Lid<\/td><td>17*12.5*6<\/td><td>120<\/td><td>0.18<\/td><\/tr><tr><td>MYJD028<\/td><td>850ml<\/td><td>Flat Lid<\/td><td>19*14*6.8<\/td><td>96<\/td><td>0.26<\/td><\/tr><tr><td>MYJD029<\/td><td>1800ml<\/td><td>Flat Lid<\/td><td>22.5*17.5*7.8<\/td><td>60<\/td><td>0.39<\/td><\/tr><tr><td>MYJD030<\/td><td>550ml<\/td><td>High Lid<\/td><td>17*12.5*6<\/td><td>120<\/td><td>0.19<\/td><\/tr><tr><td>MYJD031<\/td><td>850ml<\/td><td>High Lid<\/td><td>19*14*7.2<\/td><td>96<\/td><td>0.27<\/td><\/tr><tr><td>MYJD032<\/td><td>1800ml<\/td><td>Schwarzer Deckel mit Griff<\/td><td>22.5*17.5*9<\/td><td>60<\/td><td>0.42<\/td><\/tr><\/tbody><\/table><\/figure>\n\n\n\n<h3 class=\"wp-block-heading\">Kundenspezifische Lebensmittelbeh\u00e4lter Optionen<\/h3>\n\n\n\n<p><strong>Logo<\/strong>: Custom your brand logo on product and package.<br><strong>Deckel<\/strong>: PP lid<br><strong>Logo Options<\/strong>: Printed logo, laser engraved logo, etc.<br><strong>Muster<\/strong>: Printing patterns on food storage containers.<br><strong>Printing Technology<\/strong>: Water transfer printing, silk screen printing, heat transfer printing, etc.<br><strong>Paket<\/strong>: Farbkasten<br><a href=\"https:\/\/moyahousehold.com\/de\/individuelle-losung\/\" data-type=\"page\" data-id=\"2817\"><strong>Mehr Anpassungsm\u00f6glichkeiten entdecken<\/strong><\/a><\/p>\n\n\n\n<div class=\"wp-block-columns is-layout-flex wp-container-core-columns-is-layout-9d6595d7 wp-block-columns-is-layout-flex\">\n<div class=\"wp-block-column is-layout-flow wp-block-column-is-layout-flow\">\n<figure class=\"wp-block-image size-full\"><img fetchpriority=\"high\" decoding=\"async\" width=\"3560\" height=\"3560\" src=\"https:\/\/moyahousehold.com\/wp-content\/uploads\/2024\/05\/stainless-steel-meal-prep-containers-detail-1.webp\" alt=\"Essensvorbereitungsbeh\u00e4lter aus Edelstahl Detail (1)\" class=\"wp-image-7814\" srcset=\"https:\/\/moyahousehold.com\/wp-content\/uploads\/2024\/05\/stainless-steel-meal-prep-containers-detail-1.webp 3560w, https:\/\/moyahousehold.com\/wp-content\/uploads\/2024\/05\/stainless-steel-meal-prep-containers-detail-1-300x300.webp 300w, https:\/\/moyahousehold.com\/wp-content\/uploads\/2024\/05\/stainless-steel-meal-prep-containers-detail-1-150x150.webp 150w, https:\/\/moyahousehold.com\/wp-content\/uploads\/2024\/05\/stainless-steel-meal-prep-containers-detail-1-768x768.webp 768w, https:\/\/moyahousehold.com\/wp-content\/uploads\/2024\/05\/stainless-steel-meal-prep-containers-detail-1-12x12.webp 12w, https:\/\/moyahousehold.com\/wp-content\/uploads\/2024\/05\/stainless-steel-meal-prep-containers-detail-1-285x285.webp 285w, https:\/\/moyahousehold.com\/wp-content\/uploads\/2024\/05\/stainless-steel-meal-prep-containers-detail-1-1600x1600.webp 1600w, https:\/\/moyahousehold.com\/wp-content\/uploads\/2024\/05\/stainless-steel-meal-prep-containers-detail-1-270x270.webp 270w, https:\/\/moyahousehold.com\/wp-content\/uploads\/2024\/05\/stainless-steel-meal-prep-containers-detail-1-540x540.webp 540w, https:\/\/moyahousehold.com\/wp-content\/uploads\/2024\/05\/stainless-steel-meal-prep-containers-detail-1-660x660.webp 660w\" sizes=\"(max-width: 3560px) 100vw, 3560px\" \/><\/figure>\n<\/div>\n\n\n\n<div class=\"wp-block-column is-layout-flow wp-block-column-is-layout-flow\">\n<figure class=\"wp-block-image size-full\"><img decoding=\"async\" width=\"3579\" height=\"3579\" src=\"https:\/\/moyahousehold.com\/wp-content\/uploads\/2024\/05\/stainless-steel-meal-prep-containers-detail-2.webp\" alt=\"Edelstahl-Mahlzeitsbeh\u00e4lter Detail (2)\" class=\"wp-image-7815\" srcset=\"https:\/\/moyahousehold.com\/wp-content\/uploads\/2024\/05\/stainless-steel-meal-prep-containers-detail-2.webp 3579w, https:\/\/moyahousehold.com\/wp-content\/uploads\/2024\/05\/stainless-steel-meal-prep-containers-detail-2-300x300.webp 300w, https:\/\/moyahousehold.com\/wp-content\/uploads\/2024\/05\/stainless-steel-meal-prep-containers-detail-2-150x150.webp 150w, https:\/\/moyahousehold.com\/wp-content\/uploads\/2024\/05\/stainless-steel-meal-prep-containers-detail-2-768x768.webp 768w, https:\/\/moyahousehold.com\/wp-content\/uploads\/2024\/05\/stainless-steel-meal-prep-containers-detail-2-12x12.webp 12w, https:\/\/moyahousehold.com\/wp-content\/uploads\/2024\/05\/stainless-steel-meal-prep-containers-detail-2-285x285.webp 285w, https:\/\/moyahousehold.com\/wp-content\/uploads\/2024\/05\/stainless-steel-meal-prep-containers-detail-2-1600x1600.webp 1600w, https:\/\/moyahousehold.com\/wp-content\/uploads\/2024\/05\/stainless-steel-meal-prep-containers-detail-2-270x270.webp 270w, https:\/\/moyahousehold.com\/wp-content\/uploads\/2024\/05\/stainless-steel-meal-prep-containers-detail-2-540x540.webp 540w, https:\/\/moyahousehold.com\/wp-content\/uploads\/2024\/05\/stainless-steel-meal-prep-containers-detail-2-660x660.webp 660w\" sizes=\"(max-width: 3579px) 100vw, 3579px\" \/><\/figure>\n<\/div>\n<\/div>\n\n\n\n<div class=\"wp-block-columns is-layout-flex wp-container-core-columns-is-layout-9d6595d7 wp-block-columns-is-layout-flex\">\n<div class=\"wp-block-column is-layout-flow wp-block-column-is-layout-flow\">\n<figure class=\"wp-block-image size-full\"><img decoding=\"async\" width=\"3583\" height=\"5315\" src=\"https:\/\/moyahousehold.com\/wp-content\/uploads\/2024\/05\/JD-220315\u5c0f\u659c\u8fb9\u4fdd\u9c9c\u76d2-31.jpg\" alt=\"MOYA SUS304 Stainless Steel Insulated Food Storage Containers, Leak-Proof Fresh-Keeping Set with Multi Compartments for Camping &amp; Meal Prep\" class=\"wp-image-13026\" srcset=\"https:\/\/moyahousehold.com\/wp-content\/uploads\/2024\/05\/JD-220315\u5c0f\u659c\u8fb9\u4fdd\u9c9c\u76d2-31.jpg 3583w, https:\/\/moyahousehold.com\/wp-content\/uploads\/2024\/05\/JD-220315\u5c0f\u659c\u8fb9\u4fdd\u9c9c\u76d2-31-202x300.jpg 202w, https:\/\/moyahousehold.com\/wp-content\/uploads\/2024\/05\/JD-220315\u5c0f\u659c\u8fb9\u4fdd\u9c9c\u76d2-31-768x1139.jpg 768w, https:\/\/moyahousehold.com\/wp-content\/uploads\/2024\/05\/JD-220315\u5c0f\u659c\u8fb9\u4fdd\u9c9c\u76d2-31-8x12.jpg 8w, https:\/\/moyahousehold.com\/wp-content\/uploads\/2024\/05\/JD-220315\u5c0f\u659c\u8fb9\u4fdd\u9c9c\u76d2-31-285x423.jpg 285w, https:\/\/moyahousehold.com\/wp-content\/uploads\/2024\/05\/JD-220315\u5c0f\u659c\u8fb9\u4fdd\u9c9c\u76d2-31-1600x2373.jpg 1600w, https:\/\/moyahousehold.com\/wp-content\/uploads\/2024\/05\/JD-220315\u5c0f\u659c\u8fb9\u4fdd\u9c9c\u76d2-31-445x660.jpg 445w, https:\/\/moyahousehold.com\/wp-content\/uploads\/2024\/05\/JD-220315\u5c0f\u659c\u8fb9\u4fdd\u9c9c\u76d2-31-101x150.jpg 101w\" sizes=\"(max-width: 3583px) 100vw, 3583px\" \/><\/figure>\n<\/div>\n\n\n\n<div class=\"wp-block-column is-layout-flow wp-block-column-is-layout-flow\">\n<figure class=\"wp-block-image size-full\"><img loading=\"lazy\" decoding=\"async\" width=\"3608\" height=\"5292\" src=\"https:\/\/moyahousehold.com\/wp-content\/uploads\/2024\/05\/JD-220315\u5c0f\u659c\u8fb9\u4fdd\u9c9c\u76d2-32.jpg\" alt=\"MOYA SUS304 Stainless Steel Insulated Food Storage Containers, Leak-Proof Fresh-Keeping Set with Multi Compartments for Camping &amp; Meal Prep\" class=\"wp-image-13028\" srcset=\"https:\/\/moyahousehold.com\/wp-content\/uploads\/2024\/05\/JD-220315\u5c0f\u659c\u8fb9\u4fdd\u9c9c\u76d2-32.jpg 3608w, https:\/\/moyahousehold.com\/wp-content\/uploads\/2024\/05\/JD-220315\u5c0f\u659c\u8fb9\u4fdd\u9c9c\u76d2-32-205x300.jpg 205w, https:\/\/moyahousehold.com\/wp-content\/uploads\/2024\/05\/JD-220315\u5c0f\u659c\u8fb9\u4fdd\u9c9c\u76d2-32-768x1126.jpg 768w, https:\/\/moyahousehold.com\/wp-content\/uploads\/2024\/05\/JD-220315\u5c0f\u659c\u8fb9\u4fdd\u9c9c\u76d2-32-8x12.jpg 8w, https:\/\/moyahousehold.com\/wp-content\/uploads\/2024\/05\/JD-220315\u5c0f\u659c\u8fb9\u4fdd\u9c9c\u76d2-32-285x418.jpg 285w, https:\/\/moyahousehold.com\/wp-content\/uploads\/2024\/05\/JD-220315\u5c0f\u659c\u8fb9\u4fdd\u9c9c\u76d2-32-1600x2347.jpg 1600w, https:\/\/moyahousehold.com\/wp-content\/uploads\/2024\/05\/JD-220315\u5c0f\u659c\u8fb9\u4fdd\u9c9c\u76d2-32-450x660.jpg 450w, https:\/\/moyahousehold.com\/wp-content\/uploads\/2024\/05\/JD-220315\u5c0f\u659c\u8fb9\u4fdd\u9c9c\u76d2-32-102x150.jpg 102w\" sizes=\"(max-width: 3608px) 100vw, 3608px\" \/><\/figure>\n<\/div>\n<\/div>","protected":false},"excerpt":{"rendered":"<p>Unsere Edelstahl-Mahlzeitsbeh\u00e4lter haben eine hervorragende Dichtungsleistung und k\u00f6nnen Lebensmittel effektiv frisch halten. Die Beh\u00e4lter haben ein geringes Gewicht, was f\u00fcr den Transport oder die Lagerung von Lebensmitteln zu Hause sehr praktisch ist. Sie sind aus lebensmittelechtem, sicherem Edelstahl gefertigt, langlebig, umweltfreundlich und ungiftig und k\u00f6nnen wiederverwendet werden. Die durchschnittliche Lebensdauer betr\u00e4gt mehr als 20 Jahre und tr\u00e4gt dazu bei, die Erzeugung von Einwegm\u00fcll zu reduzieren und die Umwelt zu sch\u00fctzen.<\/p>\n<h3>Merkmale und Vorteile von Gro\u00dfhandels-Edelstahl-Lebensmittelbeh\u00e4ltern<\/h3>\n<h3><strong>Food-Grade 304 Stainless Steel<\/strong><\/h3>\n<p>Stainless steel meal prep containers are made of food-grade 304 stainless steel, which is not easy to breed bacteria and is safer to use.<\/p>\n<p><strong>Wide Seal, Leak Proof<\/strong><\/p>\n<p>This stainless steel meal prep container has a widened sealing silicone ring, which fits tightly and is leak-proof and moisture-proof in all directions.<\/p>\n<h3><strong>Warp-Resistant Lid, Easy Open<\/strong><\/h3>\n<p>It is equipped with a thickened lid that is not easy to deform, with breathable buttons and small ears on the edge, which is easy to open and close the lid.<\/p>\n<p><strong><a href=\"https:\/\/moyahousehold.com\/de\/individuelle-losung\/\">Wir bieten OEM&amp;ODM kundenspezifische L\u00f6sungen f\u00fcr Lebensmittelbeh\u00e4lter an.\u00a0<\/a><\/strong><\/p>","protected":false},"featured_media":7808,"comment_status":"open","ping_status":"closed","template":"","meta":[],"product_cat":[57],"product_tag":[96,99],"class_list":{"0":"post-4804","1":"product","2":"type-product","3":"status-publish","4":"has-post-thumbnail","6":"product_cat-food-storage-container-wholesale","7":"product_tag-wholesale-multi-compartment-storage-food-containers","8":"product_tag-wholesale-rectangle-food-storage-containers","10":"first","11":"instock","12":"shipping-taxable","13":"product-type-simple"},"_links":{"self":[{"href":"https:\/\/moyahousehold.com\/de\/wp-json\/wp\/v2\/product\/4804","targetHints":{"allow":["GET"]}}],"collection":[{"href":"https:\/\/moyahousehold.com\/de\/wp-json\/wp\/v2\/product"}],"about":[{"href":"https:\/\/moyahousehold.com\/de\/wp-json\/wp\/v2\/types\/product"}],"replies":[{"embeddable":true,"href":"https:\/\/moyahousehold.com\/de\/wp-json\/wp\/v2\/comments?post=4804"}],"version-history":[{"count":8,"href":"https:\/\/moyahousehold.com\/de\/wp-json\/wp\/v2\/product\/4804\/revisions"}],"predecessor-version":[{"id":13040,"href":"https:\/\/moyahousehold.com\/de\/wp-json\/wp\/v2\/product\/4804\/revisions\/13040"}],"wp:featuredmedia":[{"embeddable":true,"href":"https:\/\/moyahousehold.com\/de\/wp-json\/wp\/v2\/media\/7808"}],"wp:attachment":[{"href":"https:\/\/moyahousehold.com\/de\/wp-json\/wp\/v2\/media?parent=4804"}],"wp:term":[{"taxonomy":"product_cat","embeddable":true,"href":"https:\/\/moyahousehold.com\/de\/wp-json\/wp\/v2\/product_cat?post=4804"},{"taxonomy":"product_tag","embeddable":true,"href":"https:\/\/moyahousehold.com\/de\/wp-json\/wp\/v2\/product_tag?post=4804"}],"curies":[{"name":"wp","href":"https:\/\/api.w.org\/{rel}","templated":true}]}}