{"id":4823,"date":"2024-05-20T08:29:11","date_gmt":"2024-05-20T08:29:11","guid":{"rendered":"https:\/\/moyahousehold.com\/?post_type=product&#038;p=4823"},"modified":"2025-02-05T10:20:38","modified_gmt":"2025-02-05T10:20:38","slug":"large-stainless-steel-food-containers-with-lids","status":"publish","type":"product","link":"https:\/\/moyahousehold.com\/de\/produkt\/individuell-gestaltbare-lebensmittelbehalter-mit-anhangenden-deckeln\/","title":{"rendered":"Gro\u00dfe Lebensmittelbeh\u00e4lter aus Edelstahl mit Deckel: Ein guter Beh\u00e4lter zum Einfrieren von Lebensmitteln"},"content":{"rendered":"<div class=\"wp-block-columns is-layout-flex wp-container-core-columns-is-layout-9d6595d7 wp-block-columns-is-layout-flex\">\n<div class=\"wp-block-column is-layout-flow wp-block-column-is-layout-flow\">\n<h3 class=\"wp-block-heading\">Parameter von Lebensmittelbeh\u00e4ltern aus Edelstahl<\/h3>\n\n\n\n<figure class=\"wp-block-table\"><table class=\"has-fixed-layout\"><tbody><tr><td>Modellnummer<\/td><td>Material<\/td><td>Farbe<\/td><td>Kapazit\u00e4t<\/td><td>Gr\u00f6\u00dfe des Produkts<\/td><td>\u00c4u\u00dfere Abmessungen des Kartons<\/td><td>ANZAHL\/CTN<\/td><td>N.W.<\/td><td>G.W.<\/td><\/tr><tr><td>MYJD033<\/td><td>304+PP<\/td><td rowspan=\"3\">Schwarzer Deckel,<br>Stahlgeh\u00e4use<br>(hoher Deckel)<\/td><td>550ml<\/td><td>15*11.5*7.5<\/td><td>60*50*53<\/td><td>120<\/td><td>0.27<\/td><td>56.4<\/td><\/tr><tr><td>MYJD034<\/td><td>304+PP<\/td><td>850ml<\/td><td>17.5*13*8<\/td><td>61*58*60<\/td><td>96<\/td><td>0.22<\/td><td>40.32<\/td><\/tr><tr><td>MYJD035<\/td><td>304+PP<\/td><td>1500ml<\/td><td>20.5*15*10.5<\/td><td>67*66*45<\/td><td>60<\/td><td>0.35<\/td><td>33<\/td><\/tr><tr><td>MYJD036<\/td><td>304+PP<\/td><td rowspan=\"2\">Schwarzer Deckel mit Griff<br>Stahlgeh\u00e4use<br>(hoher Deckel)<\/td><td>2800ml<\/td><td>23.5*19.5*13<\/td><td>68*67*69.5<\/td><td>36<\/td><td>0.47<\/td><td>24.12<\/td><\/tr><tr><td>MYJD037<\/td><td>304+PP<\/td><td>5000ml<\/td><td>29*21.5*15<\/td><td>65*46*60<\/td><td>24<\/td><td>0.89<\/td><td>26.16<\/td><\/tr><\/tbody><\/table><\/figure>\n<\/div>\n<\/div>\n\n\n\n<h3 class=\"wp-block-heading\">Kundenspezifische Lebensmittelbeh\u00e4lter Optionen<\/h3>\n\n\n\n<p><strong>Logo<\/strong>: Gestalten Sie Ihr Markenlogo auf Lebensmittelbeh\u00e4ltern und -verpackungen.<br><strong>Deckel<\/strong>: W\u00e4hlen Sie einen Glas- oder PP-Deckel f\u00fcr Ihre Lebensmittelbeh\u00e4lter aus Edelstahl<br><strong>Logo-Optionen<\/strong>: Wir bieten Ihnen die M\u00f6glichkeit, Ihr Logo per Lasergravur oder Thermotransfer auf Lebensmittelbeh\u00e4ltern anzubringen.<br><strong>Muster<\/strong>Druckmuster auf Lebensmittelbeh\u00e4ltern.<br><strong>Drucktechnik<\/strong>: Wir bieten Siebdruck, Thermotransferdruck und Wassertransferdruck an, um Ihre Produkte mit Mustern zu versehen.<br><strong>Verpackung: <\/strong>Sie k\u00f6nnen uns die Datei zusenden und wir werden die Farbbox f\u00fcr Lebensmittelbeh\u00e4lter f\u00fcr Sie anfertigen.<br><a href=\"https:\/\/moyahousehold.com\/de\/individuelle-losung\/\"><strong>Entdecken Sie weitere individuelle L\u00f6sungen f\u00fcr Lebensmittelbeh\u00e4lter.<\/strong><\/a><\/p>\n\n\n\n<div class=\"wp-block-columns is-layout-flex wp-container-core-columns-is-layout-9d6595d7 wp-block-columns-is-layout-flex\">\n<div class=\"wp-block-column is-layout-flow wp-block-column-is-layout-flow\">\n<figure class=\"wp-block-image size-full\"><img fetchpriority=\"high\" decoding=\"async\" width=\"1500\" height=\"1500\" src=\"https:\/\/moyahousehold.com\/wp-content\/uploads\/2024\/05\/large-stainless-steel-food-container-series-1.jpg\" alt=\"gro\u00dfe Edelstahl-Lebensmittelbeh\u00e4lter-Serie (1)\" class=\"wp-image-9132\" srcset=\"https:\/\/moyahousehold.com\/wp-content\/uploads\/2024\/05\/large-stainless-steel-food-container-series-1.jpg 1500w, https:\/\/moyahousehold.com\/wp-content\/uploads\/2024\/05\/large-stainless-steel-food-container-series-1-300x300.jpg 300w, https:\/\/moyahousehold.com\/wp-content\/uploads\/2024\/05\/large-stainless-steel-food-container-series-1-150x150.jpg 150w, https:\/\/moyahousehold.com\/wp-content\/uploads\/2024\/05\/large-stainless-steel-food-container-series-1-768x768.jpg 768w, https:\/\/moyahousehold.com\/wp-content\/uploads\/2024\/05\/large-stainless-steel-food-container-series-1-12x12.jpg 12w, https:\/\/moyahousehold.com\/wp-content\/uploads\/2024\/05\/large-stainless-steel-food-container-series-1-285x285.jpg 285w, https:\/\/moyahousehold.com\/wp-content\/uploads\/2024\/05\/large-stainless-steel-food-container-series-1-270x270.jpg 270w, https:\/\/moyahousehold.com\/wp-content\/uploads\/2024\/05\/large-stainless-steel-food-container-series-1-540x540.jpg 540w, https:\/\/moyahousehold.com\/wp-content\/uploads\/2024\/05\/large-stainless-steel-food-container-series-1-660x660.jpg 660w\" sizes=\"(max-width: 1500px) 100vw, 1500px\" \/><\/figure>\n<\/div>\n\n\n\n<div class=\"wp-block-column is-layout-flow wp-block-column-is-layout-flow\">\n<figure class=\"wp-block-image size-full\"><img decoding=\"async\" width=\"1500\" height=\"1500\" src=\"https:\/\/moyahousehold.com\/wp-content\/uploads\/2024\/05\/large-stainless-steel-food-container-series-2.jpg\" alt=\"gro\u00dfe Edelstahl-Lebensmittelbeh\u00e4lter-Serie (2)\" class=\"wp-image-9133\" srcset=\"https:\/\/moyahousehold.com\/wp-content\/uploads\/2024\/05\/large-stainless-steel-food-container-series-2.jpg 1500w, https:\/\/moyahousehold.com\/wp-content\/uploads\/2024\/05\/large-stainless-steel-food-container-series-2-300x300.jpg 300w, https:\/\/moyahousehold.com\/wp-content\/uploads\/2024\/05\/large-stainless-steel-food-container-series-2-150x150.jpg 150w, https:\/\/moyahousehold.com\/wp-content\/uploads\/2024\/05\/large-stainless-steel-food-container-series-2-768x768.jpg 768w, https:\/\/moyahousehold.com\/wp-content\/uploads\/2024\/05\/large-stainless-steel-food-container-series-2-12x12.jpg 12w, https:\/\/moyahousehold.com\/wp-content\/uploads\/2024\/05\/large-stainless-steel-food-container-series-2-285x285.jpg 285w, https:\/\/moyahousehold.com\/wp-content\/uploads\/2024\/05\/large-stainless-steel-food-container-series-2-270x270.jpg 270w, https:\/\/moyahousehold.com\/wp-content\/uploads\/2024\/05\/large-stainless-steel-food-container-series-2-540x540.jpg 540w, https:\/\/moyahousehold.com\/wp-content\/uploads\/2024\/05\/large-stainless-steel-food-container-series-2-660x660.jpg 660w\" sizes=\"(max-width: 1500px) 100vw, 1500px\" \/><\/figure>\n<\/div>\n<\/div>\n\n\n\n<div class=\"wp-block-columns is-layout-flex wp-container-core-columns-is-layout-9d6595d7 wp-block-columns-is-layout-flex\">\n<div class=\"wp-block-column is-layout-flow wp-block-column-is-layout-flow\"><\/div>\n\n\n\n<div class=\"wp-block-column is-layout-flow wp-block-column-is-layout-flow\"><\/div>\n<\/div>","protected":false},"excerpt":{"rendered":"<p>Gro\u00dfhandel gro\u00dfe Kapazit\u00e4t Edelstahl Lebensmittelbeh\u00e4lter, aus verdicktem Edelstahl, und Edelstahl Lebensmittelbeh\u00e4lter mit verdickten Deckel, sehr geeignet f\u00fcr den h\u00e4ufigen Gebrauch, wie Hotels, Restaurants und anderen Orten. Sie k\u00f6nnen zur Aufbewahrung von gefrorenen Lebensmitteln, festen Lebensmitteln und anderen Arten von Lebensmitteln verwendet werden. Gro\u00dfes Fassungsverm\u00f6gen Modell MYJD035-037 mit einem Griff-Design, sehr benutzerfreundlich, die Presse Design um den Deckel k\u00f6nnen Sie leicht versiegeln die Lebensmittel. Kontaktieren Sie uns f\u00fcr ein Angebot.<\/p>\n<h3>Merkmale und Vorteile von Lebensmittelbeh\u00e4ltern\u00a0<\/h3>\n<p><strong>Edelstahl 304 in Lebensmittelqualit\u00e4t:<\/strong> Diese gro\u00dfe Edelstahl-Lunchbox ist aus 304er Edelstahl gefertigt, der langlebig und korrosionsbest\u00e4ndig ist und keine sch\u00e4dlichen Substanzen enth\u00e4lt, so dass die Verwendung sicherer ist.<\/p>\n<p><strong>Verdicktes Material aus rostfreiem Stahl:<\/strong> Es wird verdickter Edelstahl verwendet, der haltbarer ist als gew\u00f6hnliche Lebensmittelbeh\u00e4lter aus Edelstahl und sich hervorragend f\u00fcr die Lagerung von Tiefk\u00fchlkost in Restaurants und Hotels eignet.<\/p>\n<p><strong>Deckel aus lebensmittelechtem PP-Material:<\/strong> Der Deckel ist mit einem Schnappverschluss ausgestattet, um sicherzustellen, dass der Deckel fest sitzt, das Auslaufen von Lebensmitteln verhindert und den t\u00e4glichen Gebrauch erleichtert.<\/p>\n<p><strong>Leicht zu reinigen und langlebig:<\/strong> Die Innenwand des Lebensmittelbeh\u00e4lters wird im Elektrolyseverfahren hergestellt, und die Oberfl\u00e4che ist glatt und rund und l\u00e4sst sich leicht reinigen. Es gibt keinen Restgeruch bei der Lagerung von Lebensmitteln, wodurch die Lebensmittel frisch bleiben.<\/p>\n<p><strong>Verbreiterter Dichtungsring aus Silikon:<\/strong> Der Deckel ist mit einem verbreiterten Silikonring ausgestattet, der f\u00fcr einen festen Sitz sorgt, eine rundum auslaufsichere Funktion bietet, das Eindringen von Wasserdampf von au\u00dfen wirksam verhindert und die Lebensmittel trocken h\u00e4lt.<\/p>\n<p><strong>OEM&amp;ODM-Anpassungsdienst:<\/strong> Wir bieten professionelle OEM&amp;ODM-Sonderanfertigungen an, um einzigartige Lebensmittelbeh\u00e4lter aus rostfreiem Stahl nach Kundenw\u00fcnschen zu kreieren und sicherzustellen, dass Ihre pers\u00f6nlichen Anforderungen erf\u00fcllt werden.<\/p>","protected":false},"featured_media":9272,"comment_status":"closed","ping_status":"closed","template":"","meta":[],"product_cat":[57],"product_tag":[99],"class_list":{"0":"post-4823","1":"product","2":"type-product","3":"status-publish","4":"has-post-thumbnail","6":"product_cat-food-storage-container-wholesale","7":"product_tag-wholesale-rectangle-food-storage-containers","9":"first","10":"instock","11":"shipping-taxable","12":"product-type-simple"},"_links":{"self":[{"href":"https:\/\/moyahousehold.com\/de\/wp-json\/wp\/v2\/product\/4823","targetHints":{"allow":["GET"]}}],"collection":[{"href":"https:\/\/moyahousehold.com\/de\/wp-json\/wp\/v2\/product"}],"about":[{"href":"https:\/\/moyahousehold.com\/de\/wp-json\/wp\/v2\/types\/product"}],"replies":[{"embeddable":true,"href":"https:\/\/moyahousehold.com\/de\/wp-json\/wp\/v2\/comments?post=4823"}],"version-history":[{"count":0,"href":"https:\/\/moyahousehold.com\/de\/wp-json\/wp\/v2\/product\/4823\/revisions"}],"wp:featuredmedia":[{"embeddable":true,"href":"https:\/\/moyahousehold.com\/de\/wp-json\/wp\/v2\/media\/9272"}],"wp:attachment":[{"href":"https:\/\/moyahousehold.com\/de\/wp-json\/wp\/v2\/media?parent=4823"}],"wp:term":[{"taxonomy":"product_cat","embeddable":true,"href":"https:\/\/moyahousehold.com\/de\/wp-json\/wp\/v2\/product_cat?post=4823"},{"taxonomy":"product_tag","embeddable":true,"href":"https:\/\/moyahousehold.com\/de\/wp-json\/wp\/v2\/product_tag?post=4823"}],"curies":[{"name":"wp","href":"https:\/\/api.w.org\/{rel}","templated":true}]}}