{"id":4860,"date":"2024-05-21T03:56:43","date_gmt":"2024-05-21T03:56:43","guid":{"rendered":"https:\/\/moyahousehold.com\/?post_type=product&#038;p=4860"},"modified":"2025-02-05T10:18:25","modified_gmt":"2025-02-05T10:18:25","slug":"wholesale-food-storage-containers-commercial","status":"publish","type":"product","link":"https:\/\/moyahousehold.com\/de\/produkt\/wholesale-food-storage-containers-commercial\/","title":{"rendered":"Bulk Gro\u00dfhandel kommerzielle K\u00fcche Lebensmittel Lagerung Container mit Datum Zifferblatt"},"content":{"rendered":"<h3 class=\"wp-block-heading\">Parameter von Lebensmittelbeh\u00e4ltern f\u00fcr die gewerbliche K\u00fcche<\/h3>\n\n\n\n<p><strong>Material:<\/strong>Edelstahl 304 + PP<br><strong>Farbe:<\/strong>Beige\/khakifarbener durchsichtiger Deckel, Stahlgeh\u00e4use<\/p>\n\n\n\n<div class=\"wp-block-columns is-layout-flex wp-container-core-columns-is-layout-9d6595d7 wp-block-columns-is-layout-flex\">\n<div class=\"wp-block-column is-layout-flow wp-block-column-is-layout-flow\">\n<div class=\"wp-block-columns is-layout-flex wp-container-core-columns-is-layout-9d6595d7 wp-block-columns-is-layout-flex\">\n<div class=\"wp-block-column is-layout-flow wp-block-column-is-layout-flow\">\n<p><strong>Modellnummer:MYJD044<\/strong><br>Fassungsverm\u00f6gen: 300ml<br>Produktabmessungen: 11.6\u00d79.5\u00d75cm<br>\u00c4u\u00dfere Abmessung der Box: 60\u00d739\u00d727cm<br>Menge pro Box:100<br>Nettogewicht:0,11kg<br>Bruttogewicht pro Karton: 12,88 kg<br><strong>Modellnummer:MYJD045<\/strong><br>Fassungsverm\u00f6gen: 500ml<br>Produktabmessungen: 11,6\u00d79,5\u00d77,5<br>\u00c4u\u00dfere Box Dimension:60\u00d739.5\u00d732.5cm<br>Menge pro Box:80<br>Nettogewicht:0,12kg<br>Bruttogewicht pro Karton: 10,93 kg<br>Deckeltyp:hoher Deckel mit Griff<br><strong>Modellnummer:MYJD046<\/strong><br>Fassungsverm\u00f6gen: 600ml<br>Produktabmessungen: 11,6\u00d79,5\u00d79,5cm<br>\u00c4u\u00dfere Abmessung der Box:60\u00d739\u00d740cm<br>Menge pro Box:80<br>Nettogewicht:0,16kg<br>Bruttogewicht pro Karton:14kg<br><strong>Modellnummer:MYJD047<\/strong><br>Fassungsverm\u00f6gen: 700ml<br>Produktabmessungen: 19\u00d711,7\u00d75cm<br>\u00c4u\u00dfere Box Dimension:60\u00d739\u00d741.5cm<br>Menge pro Box:80<br>Nettogewicht:0,21kg<br>Bruttogewicht pro Karton: 17,67 kg<br><strong>Modellnummer:MYJD048<\/strong><br>Fassungsverm\u00f6gen: 1100ml<br>Produktabmessungen: 19\u00d711,7\u00d77,5cm<br>\u00c4u\u00dfere Box Dimension:60\u00d739.5\u00d746.5cm<br>Menge pro Box:60<br>Nettogewicht: 0,23 kg<br>Bruttogewicht pro Karton: 15,28 kg<\/p>\n<\/div>\n\n\n\n<div class=\"wp-block-column is-layout-flow wp-block-column-is-layout-flow\">\n<p><strong>Modellnummer:MYJD049<\/strong><br>Fassungsverm\u00f6gen: 1400ml<br>Produktabmessungen: 19\u00d711,7\u00d79,5cm<br>\u00c4u\u00dfere Box Dimension:60\u00d739.5\u00d749.5cm<br>Menge pro Box:60<br>Nettogewicht:0,28kg<br>Bruttogewicht pro Karton:17.97kg<br><strong>Modellnummer:MYJD050<\/strong><br>Fassungsverm\u00f6gen: 1700ml<br>Produkt Abmessung: 23.5\u00d719.1\u00d75.6cm<br>\u00c4u\u00dfere Box Dimension:59x48x54.5cm<br>Menge pro Box:48<br>Nettogewicht:0.39kg<br>Bruttogewicht pro Karton:20.36kg<br><strong>Modellnummer:MYJD051<\/strong><br>Fassungsverm\u00f6gen: 2400ml<br>Produkt Abmessung: 23.5\u00d719.1\u00d77.6cm<br>\u00c4u\u00dfere Box Dimension:59\u00d748\u00d761.5cm<br>Menge pro Box:48<br>Nettogewicht:0,42kg<br>Bruttogewicht pro Karton: 23,5 kg<br><strong>Modellnummer:MYJD052<\/strong><br>Fassungsverm\u00f6gen: 3200ml<br>Produktabmessungen: 23,5\u00d7<em>19.1<\/em>\u00d79,6cm<br>\u00c4u\u00dfere Box Dimension:59\u00d748\u00d759cm<br>Menge pro Box:36<br>Nettogewicht:0,46kg<br>Bruttogewicht pro Karton: 18,35 kg<\/p>\n<\/div>\n<\/div>\n<\/div>\n<\/div>\n\n\n\n<h3 class=\"wp-block-heading\">Individuelle Optionen f\u00fcr kommerzielle Lebensmittelbeh\u00e4lter<\/h3>\n\n\n\n<p><strong>Logo:<\/strong> Ihr Markenlogo auf Produkt und Verpackung anbringen.<br><strong>Deckel: <\/strong>Glasdeckel, PP-Deckel<br><strong>Logo-Optionen: <\/strong>gedrucktes Logo, lasergraviertes Logo, usw.<br><strong>Muster:<\/strong> Druck von Mustern auf Lebensmittelbeh\u00e4ltern.<br><strong>Drucktechnik:<\/strong> Wassertransferdruck, Siebdruck, W\u00e4rmetransferdruck, usw.<br><strong>Paket: <\/strong>Farbkasten<br><a href=\"https:\/\/moyahousehold.com\/de\/individuelle-losung\/\" data-type=\"page\" data-id=\"2817\"><strong>Erfahren Sie mehr \u00fcber individuelle L\u00f6sungen f\u00fcr Lebensmittelbeh\u00e4lter. <\/strong><\/a><\/p>\n\n\n\n<div class=\"wp-block-columns is-layout-flex wp-container-core-columns-is-layout-9d6595d7 wp-block-columns-is-layout-flex\">\n<div class=\"wp-block-column is-layout-flow wp-block-column-is-layout-flow\">\n<figure class=\"wp-block-image size-full\"><img fetchpriority=\"high\" decoding=\"async\" width=\"1500\" height=\"1500\" src=\"https:\/\/moyahousehold.com\/wp-content\/uploads\/2024\/05\/commercial-kitchen-food-storage-containers-1.jpg\" alt=\"Vorratsbeh\u00e4lter f\u00fcr Lebensmittel in der Gro\u00dfk\u00fcche (1)\" class=\"wp-image-9191\" srcset=\"https:\/\/moyahousehold.com\/wp-content\/uploads\/2024\/05\/commercial-kitchen-food-storage-containers-1.jpg 1500w, https:\/\/moyahousehold.com\/wp-content\/uploads\/2024\/05\/commercial-kitchen-food-storage-containers-1-300x300.jpg 300w, https:\/\/moyahousehold.com\/wp-content\/uploads\/2024\/05\/commercial-kitchen-food-storage-containers-1-150x150.jpg 150w, https:\/\/moyahousehold.com\/wp-content\/uploads\/2024\/05\/commercial-kitchen-food-storage-containers-1-768x768.jpg 768w, https:\/\/moyahousehold.com\/wp-content\/uploads\/2024\/05\/commercial-kitchen-food-storage-containers-1-12x12.jpg 12w, https:\/\/moyahousehold.com\/wp-content\/uploads\/2024\/05\/commercial-kitchen-food-storage-containers-1-285x285.jpg 285w, https:\/\/moyahousehold.com\/wp-content\/uploads\/2024\/05\/commercial-kitchen-food-storage-containers-1-270x270.jpg 270w, https:\/\/moyahousehold.com\/wp-content\/uploads\/2024\/05\/commercial-kitchen-food-storage-containers-1-540x540.jpg 540w, https:\/\/moyahousehold.com\/wp-content\/uploads\/2024\/05\/commercial-kitchen-food-storage-containers-1-660x660.jpg 660w\" sizes=\"(max-width: 1500px) 100vw, 1500px\" \/><\/figure>\n<\/div>\n\n\n\n<div class=\"wp-block-column is-layout-flow wp-block-column-is-layout-flow\">\n<figure class=\"wp-block-image size-full\"><img decoding=\"async\" width=\"1500\" height=\"1500\" src=\"https:\/\/moyahousehold.com\/wp-content\/uploads\/2024\/05\/commercial-kitchen-food-storage-containers-2.jpg\" alt=\"Vorratsbeh\u00e4lter f\u00fcr Lebensmittel in der Gro\u00dfk\u00fcche (2)\" class=\"wp-image-9192\" srcset=\"https:\/\/moyahousehold.com\/wp-content\/uploads\/2024\/05\/commercial-kitchen-food-storage-containers-2.jpg 1500w, https:\/\/moyahousehold.com\/wp-content\/uploads\/2024\/05\/commercial-kitchen-food-storage-containers-2-300x300.jpg 300w, https:\/\/moyahousehold.com\/wp-content\/uploads\/2024\/05\/commercial-kitchen-food-storage-containers-2-150x150.jpg 150w, https:\/\/moyahousehold.com\/wp-content\/uploads\/2024\/05\/commercial-kitchen-food-storage-containers-2-768x768.jpg 768w, https:\/\/moyahousehold.com\/wp-content\/uploads\/2024\/05\/commercial-kitchen-food-storage-containers-2-12x12.jpg 12w, https:\/\/moyahousehold.com\/wp-content\/uploads\/2024\/05\/commercial-kitchen-food-storage-containers-2-285x285.jpg 285w, https:\/\/moyahousehold.com\/wp-content\/uploads\/2024\/05\/commercial-kitchen-food-storage-containers-2-270x270.jpg 270w, https:\/\/moyahousehold.com\/wp-content\/uploads\/2024\/05\/commercial-kitchen-food-storage-containers-2-540x540.jpg 540w, https:\/\/moyahousehold.com\/wp-content\/uploads\/2024\/05\/commercial-kitchen-food-storage-containers-2-660x660.jpg 660w\" sizes=\"(max-width: 1500px) 100vw, 1500px\" \/><\/figure>\n<\/div>\n<\/div>\n\n\n\n<p><\/p>","protected":false},"excerpt":{"rendered":"<p>Gro\u00dfhandel Edelstahl kommerziellen Lebensmittelbeh\u00e4lter, f\u00fcr gro\u00dfe Catering-Industrie entwickelt, aus hochwertigen Materialien, effektiv zu speichern und zu sch\u00fctzen, die Frische und Qualit\u00e4t der verschiedenen Zutaten. Die Oberfl\u00e4che des Beh\u00e4lters wird durch ein elektrolytisches Verfahren behandelt, das die f\u00fcr die Reinigung erforderliche Zeit stark reduziert, was f\u00fcr Gro\u00dfk\u00fcchen, die h\u00e4ufig verwendet werden m\u00fcssen, sehr geeignet ist. Kontaktieren Sie uns f\u00fcr ein Angebot.<\/p>\n<h3>Merkmale und Vorteile von kommerziellen Lebensmittelbeh\u00e4ltern<\/h3>\n<p><strong>Material Edelstahl 304:<\/strong> Aus hochwertigem Edelstahl 304 gefertigt, ist der kommerzielle Lebensmittelbeh\u00e4lter robust und langlebig, so dass er auch nach l\u00e4ngerem Gebrauch nicht rostet, sicher und unbedenklich ist und sich zur Aufbewahrung aller Arten von Lebensmitteln eignet.<\/p>\n<p><strong>Verbessertes, verdicktes Design:<\/strong> Nach dem Eindicken haben die Beh\u00e4lter f\u00fcr die Aufbewahrung von Lebensmitteln in der Gro\u00dfk\u00fcche eine h\u00f6here Temperatur- und Korrosionsbest\u00e4ndigkeit, k\u00f6nnen h\u00f6heren Temperaturschwankungen und langfristigem Gebrauch standhalten und sind nicht leicht zu verformen.<\/p>\n<p><strong>Mehrere Spezifikationen verf\u00fcgbar:<\/strong> Neun verschiedene Spezifikationen stehen zur Verf\u00fcgung, um unterschiedlichen Bed\u00fcrfnissen gerecht zu werden. Egal, ob es sich um ein Arbeitsessen, ein Reisepicknick oder die Aufbewahrung von Lebensmitteln in einem Restaurant handelt, Sie werden die richtige Gr\u00f6\u00dfe finden.<\/p>\n<p><strong>Empfohlen f\u00fcr die Verwendung mit Eispackungen:<\/strong> Um die Lebensmittel frisch und k\u00fchl zu halten, empfiehlt sich die Verwendung von K\u00fchlakkus, mit denen die Lebensmittel bei hei\u00dfem Wetter lange frisch gehalten werden k\u00f6nnen.<\/p>\n<p><strong>Geeignet f\u00fcr eine Vielzahl von Lebensmitteln: <\/strong>Diese K\u00fcchenbeh\u00e4lter aus rostfreiem Stahl eignen sich sehr gut f\u00fcr die Aufbewahrung einer Vielzahl von Lebensmitteln, einschlie\u00dflich Fl\u00fcssigkeiten, Trockenwaren, So\u00dfen, Suppen usw. Aufgrund ihrer Undurchl\u00e4ssigkeit k\u00f6nnen sie den Geschmack und die Beschaffenheit von Lebensmitteln wirksam sch\u00fctzen.<\/p>\n<p><strong>Leicht zu stapeln und zu lagern:<\/strong> Diese kommerziellen Lebensmittelbeh\u00e4lter aus Edelstahl sind so konzipiert, dass sie gestapelt werden k\u00f6nnen, um Lagerplatz zu sparen. Sie eignen sich besonders f\u00fcr kommerzielle Umgebungen wie Restaurants und lebensmittelverarbeitende Betriebe, die viel Lagerplatz ben\u00f6tigen.<\/p>\n<p>&nbsp;<\/p>","protected":false},"featured_media":9166,"comment_status":"open","ping_status":"closed","template":"","meta":[],"product_cat":[57],"product_tag":[95,99],"class_list":{"0":"post-4860","1":"product","2":"type-product","3":"status-publish","4":"has-post-thumbnail","6":"product_cat-food-storage-container-wholesale","7":"product_tag-wholesale-food-storage-containers-with-date-dial","8":"product_tag-wholesale-rectangle-food-storage-containers","10":"first","11":"instock","12":"shipping-taxable","13":"product-type-simple"},"_links":{"self":[{"href":"https:\/\/moyahousehold.com\/de\/wp-json\/wp\/v2\/product\/4860","targetHints":{"allow":["GET"]}}],"collection":[{"href":"https:\/\/moyahousehold.com\/de\/wp-json\/wp\/v2\/product"}],"about":[{"href":"https:\/\/moyahousehold.com\/de\/wp-json\/wp\/v2\/types\/product"}],"replies":[{"embeddable":true,"href":"https:\/\/moyahousehold.com\/de\/wp-json\/wp\/v2\/comments?post=4860"}],"version-history":[{"count":0,"href":"https:\/\/moyahousehold.com\/de\/wp-json\/wp\/v2\/product\/4860\/revisions"}],"wp:featuredmedia":[{"embeddable":true,"href":"https:\/\/moyahousehold.com\/de\/wp-json\/wp\/v2\/media\/9166"}],"wp:attachment":[{"href":"https:\/\/moyahousehold.com\/de\/wp-json\/wp\/v2\/media?parent=4860"}],"wp:term":[{"taxonomy":"product_cat","embeddable":true,"href":"https:\/\/moyahousehold.com\/de\/wp-json\/wp\/v2\/product_cat?post=4860"},{"taxonomy":"product_tag","embeddable":true,"href":"https:\/\/moyahousehold.com\/de\/wp-json\/wp\/v2\/product_tag?post=4860"}],"curies":[{"name":"wp","href":"https:\/\/api.w.org\/{rel}","templated":true}]}}