{"id":4874,"date":"2024-05-21T08:02:33","date_gmt":"2024-05-21T08:02:33","guid":{"rendered":"https:\/\/moyahousehold.com\/?post_type=product&#038;p=4874"},"modified":"2026-04-14T05:47:04","modified_gmt":"2026-04-14T05:47:04","slug":"wholesale-premium-stainless-steel-food-storage-containers","status":"publish","type":"product","link":"https:\/\/moyahousehold.com\/de\/produkt\/wholesale-premium-stainless-steel-food-storage-containers\/","title":{"rendered":"Gro\u00dfhandel Premium-Edelstahl-Nahrungsmittelbeh\u00e4lter"},"content":{"rendered":"<div class=\"wp-block-columns is-layout-flex wp-container-core-columns-is-layout-9d6595d7 wp-block-columns-is-layout-flex\">\n<div class=\"wp-block-column is-layout-flow wp-block-column-is-layout-flow\">\n<h3 class=\"wp-block-heading\">Parameter der Gro\u00dfhandel Edelstahl Lebensmittel Lagerung Container<\/h3>\n<\/div>\n<\/div>\n\n\n\n<figure class=\"wp-block-table\"><table><tbody><tr><td><strong>Artikel<\/strong><\/td><td><strong>Material<\/strong><\/td><td><strong>Kapazit\u00e4t<\/strong><\/td><td><strong>Gr\u00f6\u00dfe des Produkts<\/strong><\/td><td><strong>PCS\/Koffer<\/strong><\/td><td><strong>N.W.\/PCS<\/strong><\/td><td><strong>G.W.\/Fall<\/strong><\/td><\/tr><tr><td>MYJD062<\/td><td rowspan=\"9\">304 + PP<\/td><td>300ml<\/td><td>11.6*9.5*5<\/td><td>100<\/td><td>0.11&nbsp;<\/td><td>12.88<\/td><\/tr><tr><td>MYJD063<\/td><td>500ml<\/td><td>11.6*9.5*7.5<\/td><td>80<\/td><td>0.12&nbsp;<\/td><td>10.93<\/td><\/tr><tr><td>MYJD064<\/td><td>600ml<\/td><td>11.6*9.5*9.5<\/td><td>80<\/td><td>0.16&nbsp;<\/td><td>14<\/td><\/tr><tr><td>MYJD065<\/td><td>700ml<\/td><td>19*11.7*5<\/td><td>80<\/td><td>0.21&nbsp;<\/td><td>17.67<\/td><\/tr><tr><td>MYJD066<\/td><td>1100ml<\/td><td>19*11.7*7.5<\/td><td>60<\/td><td>0.23&nbsp;<\/td><td>15.28<\/td><\/tr><tr><td>MYJD067<\/td><td>1400ml<\/td><td>19*11.7*9.5<\/td><td>60<\/td><td>0.28&nbsp;<\/td><td>17.97<\/td><\/tr><tr><td>MYJD068<\/td><td>1700ml<\/td><td>23.5*19.1*5.6<\/td><td>48<\/td><td>0.39&nbsp;<\/td><td>20.36<\/td><\/tr><tr><td>MYJD069<\/td><td>2400ml<\/td><td>23.5*19.1*7.6<\/td><td>48<\/td><td>0.42&nbsp;<\/td><td>23.5<\/td><\/tr><tr><td>MYJD070<\/td><td>3200ml<\/td><td>23.5*19.1*9.6<\/td><td>36<\/td><td>0.46&nbsp;<\/td><td>18.35<\/td><\/tr><\/tbody><\/table><\/figure>\n\n\n\n<h3 class=\"wp-block-heading\">Individuelle Optionen f\u00fcr Lebensmittelbeh\u00e4lter<\/h3>\n\n\n\n<p><strong>Logo<\/strong>: Custom your brand logo on product and package.<br><strong>Deckel<\/strong>: PP lid<br><strong>Logo Options<\/strong>: gedrucktes Logo, lasergraviertes Logo, etc.<br><strong>Muster<\/strong>: Printing patterns on food storage containers.<br><strong>Printing Technology<\/strong>: Water transfer printing, silk screen printing, heat transfer printing, etc.<br><strong>Paket<\/strong>: Farbkasten<br><a href=\"https:\/\/moyahousehold.com\/de\/individuelle-losung\/\" data-type=\"page\" data-id=\"2817\"><strong>Mehr Anpassungsm\u00f6glichkeiten entdecken<\/strong><\/a><\/p>\n\n\n\n<div class=\"wp-block-columns is-layout-flex wp-container-core-columns-is-layout-9d6595d7 wp-block-columns-is-layout-flex\">\n<div class=\"wp-block-column is-layout-flow wp-block-column-is-layout-flow\">\n<figure class=\"wp-block-image size-full\"><img fetchpriority=\"high\" decoding=\"async\" width=\"566\" height=\"566\" src=\"https:\/\/moyahousehold.com\/wp-content\/uploads\/2024\/05\/food-storage-container-wholesale-1.webp\" alt=\"Lebensmittelbeh\u00e4lter Gro\u00dfhandel\" class=\"wp-image-4885\" srcset=\"https:\/\/moyahousehold.com\/wp-content\/uploads\/2024\/05\/food-storage-container-wholesale-1.webp 566w, https:\/\/moyahousehold.com\/wp-content\/uploads\/2024\/05\/food-storage-container-wholesale-1-300x300.webp 300w, https:\/\/moyahousehold.com\/wp-content\/uploads\/2024\/05\/food-storage-container-wholesale-1-150x150.webp 150w, https:\/\/moyahousehold.com\/wp-content\/uploads\/2024\/05\/food-storage-container-wholesale-1-285x285.webp 285w, https:\/\/moyahousehold.com\/wp-content\/uploads\/2024\/05\/food-storage-container-wholesale-1-270x270.webp 270w, https:\/\/moyahousehold.com\/wp-content\/uploads\/2024\/05\/food-storage-container-wholesale-1-540x540.webp 540w\" sizes=\"(max-width: 566px) 100vw, 566px\" \/><\/figure>\n<\/div>\n\n\n\n<div class=\"wp-block-column is-layout-flow wp-block-column-is-layout-flow\">\n<figure class=\"wp-block-image size-full\"><img decoding=\"async\" width=\"569\" height=\"567\" src=\"https:\/\/moyahousehold.com\/wp-content\/uploads\/2024\/05\/food-storage-container-wholesale-2.webp\" alt=\"Lebensmittelbeh\u00e4lter Gro\u00dfhandel\" class=\"wp-image-4886\" srcset=\"https:\/\/moyahousehold.com\/wp-content\/uploads\/2024\/05\/food-storage-container-wholesale-2.webp 569w, https:\/\/moyahousehold.com\/wp-content\/uploads\/2024\/05\/food-storage-container-wholesale-2-300x300.webp 300w, https:\/\/moyahousehold.com\/wp-content\/uploads\/2024\/05\/food-storage-container-wholesale-2-150x150.webp 150w, https:\/\/moyahousehold.com\/wp-content\/uploads\/2024\/05\/food-storage-container-wholesale-2-285x284.webp 285w, https:\/\/moyahousehold.com\/wp-content\/uploads\/2024\/05\/food-storage-container-wholesale-2-270x270.webp 270w\" sizes=\"(max-width: 569px) 100vw, 569px\" \/><\/figure>\n<\/div>\n<\/div>\n\n\n\n<div class=\"wp-block-columns is-layout-flex wp-container-core-columns-is-layout-9d6595d7 wp-block-columns-is-layout-flex\">\n<div class=\"wp-block-column is-layout-flow wp-block-column-is-layout-flow\">\n<figure class=\"wp-block-image size-full\"><img decoding=\"async\" width=\"570\" height=\"571\" src=\"https:\/\/moyahousehold.com\/wp-content\/uploads\/2024\/05\/food-storage-container-wholesale-3.webp\" alt=\"Lebensmittelbeh\u00e4lter Gro\u00dfhandel\" class=\"wp-image-4887\" srcset=\"https:\/\/moyahousehold.com\/wp-content\/uploads\/2024\/05\/food-storage-container-wholesale-3.webp 570w, https:\/\/moyahousehold.com\/wp-content\/uploads\/2024\/05\/food-storage-container-wholesale-3-300x300.webp 300w, https:\/\/moyahousehold.com\/wp-content\/uploads\/2024\/05\/food-storage-container-wholesale-3-150x150.webp 150w, https:\/\/moyahousehold.com\/wp-content\/uploads\/2024\/05\/food-storage-container-wholesale-3-285x286.webp 285w, https:\/\/moyahousehold.com\/wp-content\/uploads\/2024\/05\/food-storage-container-wholesale-3-270x270.webp 270w, https:\/\/moyahousehold.com\/wp-content\/uploads\/2024\/05\/food-storage-container-wholesale-3-540x540.webp 540w\" sizes=\"(max-width: 570px) 100vw, 570px\" \/><\/figure>\n<\/div>\n\n\n\n<div class=\"wp-block-column is-layout-flow wp-block-column-is-layout-flow\">\n<figure class=\"wp-block-image size-full\"><img loading=\"lazy\" decoding=\"async\" width=\"559\" height=\"566\" src=\"https:\/\/moyahousehold.com\/wp-content\/uploads\/2024\/05\/food-storage-container-wholesale-4.webp\" alt=\"Lebensmittelbeh\u00e4lter Gro\u00dfhandel\" class=\"wp-image-4888\" srcset=\"https:\/\/moyahousehold.com\/wp-content\/uploads\/2024\/05\/food-storage-container-wholesale-4.webp 559w, https:\/\/moyahousehold.com\/wp-content\/uploads\/2024\/05\/food-storage-container-wholesale-4-296x300.webp 296w, https:\/\/moyahousehold.com\/wp-content\/uploads\/2024\/05\/food-storage-container-wholesale-4-285x289.webp 285w, https:\/\/moyahousehold.com\/wp-content\/uploads\/2024\/05\/food-storage-container-wholesale-4-148x150.webp 148w\" sizes=\"(max-width: 559px) 100vw, 559px\" \/><\/figure>\n<\/div>\n<\/div>\n\n\n\n<p><\/p>","protected":false},"excerpt":{"rendered":"<p>Wir bieten Gro\u00dfhandel Edelstahl Lebensmittelbeh\u00e4lter, mit einer Vielzahl von Spezifikationen, Kapazit\u00e4ten und Designs zur Auswahl. Diese Lebensmittelbeh\u00e4lter sind aus hochwertigem Edelstahl mit Zeiterfassungsmodulen hergestellt, um die Sicherheit und Frische der Lebensmittel zu gew\u00e4hrleisten. Im Vergleich zu Kunststoffen sind Lebensmittelbeh\u00e4lter aus Edelstahl haltbarer und sicherer. Wir haben nicht nur Gro\u00dfhandel Edelstahl Lebensmittelbeh\u00e4lter von festen Spezifikationen, aber auch wir k\u00f6nnen auch das Logo, Gr\u00f6\u00dfe, Verpackung, Kapazit\u00e4t, Deckel f\u00fcr Lebensmittel-Lagerbeh\u00e4lter nach Ihren Bed\u00fcrfnissen anpassen.die umfassendste benutzerdefinierte und Gro\u00dfhandel Lebensmittelbeh\u00e4lter Service bei Moya, willkommen, uns f\u00fcr ein Angebot zu kontaktieren.<\/p>\n<h3>Merkmale und Vorteile von Lebensmittelbeh\u00e4ltern aus Edelstahl<\/h3>\n<p>1. entworfen mit Janpan Lebensmittelbeh\u00e4ltern, kann es als japanische Lunchbox verwendet werden. Wenn Sie reisen, f\u00fcgen Sie exquisiten Reis hinzu, damit Sie eine gem\u00fctliche Zeit genie\u00dfen k\u00f6nnen.<\/p>\n<p>2. Dieser Gro\u00dfhandel Lebensmittel Lagerung Container ist aus hochwertigem Edelstahl gefertigt. Im Vergleich zu gew\u00f6hnlichen Kunststoffbeh\u00e4ltern hat er eine l\u00e4ngere Lebensdauer und ist nicht leicht zu zerkratzen. Die normale Nutzungsdauer betr\u00e4gt mehr als 20 Jahre.<\/p>\n<p>3.This food storage container is made of upgraded and thickened stainless steel, which is more resistant to high temperature and corrosion than ordinary stainless steel containers; it is more durable.<\/p>\n<p>4. dieser Gro\u00dfhandel Lebensmittel Lagerung Container hat eine verbreiterte Abdichtung Silikonring, die fest sitzt und kann v\u00f6llig auslaufsicher sein.<\/p>\n<p>5. der Deckel dieses Lebensmittelbeh\u00e4lters ist ein verdickter Deckel, der sich nicht leicht verformt. Er hat einen atmungsaktiven Knopf und einen kleinen Ohrschalter am Rand, um das \u00d6ffnen und Schlie\u00dfen des Deckels zu erleichtern.<\/p>\n<p>6.There are nine specifications to choose from, and it can be paired with a storage bag when carrying it out, which can keep you warm and cool.<\/p>\n<p>7. es wird empfohlen, es in Kombination mit einem Eisbeutel zu verwenden, um es k\u00fchl zu halten!<\/p>\n<p>8. wir bieten auch Gro\u00dfhandel Lebensmittel Lagerung Container Service f\u00fcr kleine Auftr\u00e4ge.<br \/><strong><br \/><a href=\"https:\/\/moyahousehold.com\/de\/individuelle-losung\/\">9. wir bieten OEM&amp;ODM kundenorientierte L\u00f6sungen f\u00fcr Lebensmittelbeh\u00e4lter an.<\/a><\/strong><\/p>","protected":false},"featured_media":7748,"comment_status":"open","ping_status":"closed","template":"","meta":[],"product_cat":[57],"product_tag":[95,99],"class_list":{"0":"post-4874","1":"product","2":"type-product","3":"status-publish","4":"has-post-thumbnail","6":"product_cat-food-storage-container-wholesale","7":"product_tag-wholesale-food-storage-containers-with-date-dial","8":"product_tag-wholesale-rectangle-food-storage-containers","10":"first","11":"instock","12":"shipping-taxable","13":"product-type-simple"},"_links":{"self":[{"href":"https:\/\/moyahousehold.com\/de\/wp-json\/wp\/v2\/product\/4874","targetHints":{"allow":["GET"]}}],"collection":[{"href":"https:\/\/moyahousehold.com\/de\/wp-json\/wp\/v2\/product"}],"about":[{"href":"https:\/\/moyahousehold.com\/de\/wp-json\/wp\/v2\/types\/product"}],"replies":[{"embeddable":true,"href":"https:\/\/moyahousehold.com\/de\/wp-json\/wp\/v2\/comments?post=4874"}],"version-history":[{"count":2,"href":"https:\/\/moyahousehold.com\/de\/wp-json\/wp\/v2\/product\/4874\/revisions"}],"predecessor-version":[{"id":13055,"href":"https:\/\/moyahousehold.com\/de\/wp-json\/wp\/v2\/product\/4874\/revisions\/13055"}],"wp:featuredmedia":[{"embeddable":true,"href":"https:\/\/moyahousehold.com\/de\/wp-json\/wp\/v2\/media\/7748"}],"wp:attachment":[{"href":"https:\/\/moyahousehold.com\/de\/wp-json\/wp\/v2\/media?parent=4874"}],"wp:term":[{"taxonomy":"product_cat","embeddable":true,"href":"https:\/\/moyahousehold.com\/de\/wp-json\/wp\/v2\/product_cat?post=4874"},{"taxonomy":"product_tag","embeddable":true,"href":"https:\/\/moyahousehold.com\/de\/wp-json\/wp\/v2\/product_tag?post=4874"}],"curies":[{"name":"wp","href":"https:\/\/api.w.org\/{rel}","templated":true}]}}