{"id":4891,"date":"2024-05-21T08:53:30","date_gmt":"2024-05-21T08:53:30","guid":{"rendered":"https:\/\/moyahousehold.com\/?post_type=product&#038;p=4891"},"modified":"2026-04-04T08:40:13","modified_gmt":"2026-04-04T08:40:13","slug":"bulk-food-storage-container-with-glass-lid-wholesale","status":"publish","type":"product","link":"https:\/\/moyahousehold.com\/de\/produkt\/bulk-food-storage-container-with-glass-lid-wholesale\/","title":{"rendered":"Wholesale Japanese-Style SUS304 Fresh Food Container | Leakproof &amp; Glass Lids Bulk Supply"},"content":{"rendered":"<div class=\"wp-block-columns is-layout-flex wp-container-core-columns-is-layout-9d6595d7 wp-block-columns-is-layout-flex\">\n<div class=\"wp-block-column is-layout-flow wp-block-column-is-layout-flow\">\n<h3 class=\"wp-block-heading\">Parameter des Frischhaltebeh\u00e4lters aus Edelstahl<\/h3>\n<\/div>\n<\/div>\n\n\n\n<figure class=\"wp-block-table\"><table><tbody><tr><td>Artikel<\/td><td>Material<\/td><td>Farbe<\/td><td>Kapazit\u00e4t<\/td><td>Gr\u00f6\u00dfe des Produkts<\/td><td>Quantity Per Case<\/td><td>N.W\/PCS<\/td><td>G.W\/Koffer<\/td><\/tr><tr><td>MYJD077<\/td><td rowspan=\"9\">SUS304+Glass Lid<\/td><td rowspan=\"9\">Beige\/khaki<\/td><td>300ml<\/td><td>11.6*9.5*5<\/td><td>100<\/td><td>0.18<\/td><td>38<\/td><\/tr><tr><td>MYJD078<\/td><td>500ml<\/td><td>11.6*9.5*7.5<\/td><td>80<\/td><td>0.2<\/td><td>32<\/td><\/tr><tr><td>MYJD079<\/td><td>600ml<\/td><td>11.6*9.5*9.5<\/td><td>80<\/td><td>0.23<\/td><td>34.4<\/td><\/tr><tr><td>MYJD080<\/td><td>700ml<\/td><td>19*11.7*5<\/td><td>80<\/td><td>0.36<\/td><td>44.8<\/td><\/tr><tr><td>MYJD081<\/td><td>1100ml<\/td><td>19*11.7*7.5<\/td><td>60<\/td><td>0.38<\/td><td>34.8<\/td><\/tr><tr><td>MYJD082<\/td><td>1400ml<\/td><td>19*11.7*8.9<\/td><td>60<\/td><td>0.43<\/td><td>37.8<\/td><\/tr><tr><td>MYJD083<\/td><td>1700ml<\/td><td>23.6*19.2*5<\/td><td>48<\/td><td>0.7<\/td><td>43.2<\/td><\/tr><tr><td>MYJD084<\/td><td>2400ml<\/td><td>23.6*19.2*7<\/td><td>48<\/td><td>0.73<\/td><td>44.64<\/td><\/tr><tr><td>MYJD085<\/td><td>3200ml<\/td><td>23.6*19.5*9<\/td><td>36<\/td><td>0.8<\/td><td>36<\/td><\/tr><\/tbody><\/table><\/figure>\n\n\n\n<h3 class=\"wp-block-heading\">Kundenspezifische Optionen f\u00fcr Lebensmittelbeh\u00e4lter<\/h3>\n\n\n\n<p><strong>Logo: <\/strong>Customize your brand logo on product and package.<br><strong>Deckel:<\/strong> Glasdeckel, PP-Deckel<br><strong>Logo Options:<\/strong> Printed logo, laser engraved logo and more<br><strong>Muster: <\/strong>Printing patterns on stainless steel food contaners.<br><strong>Printing Technology:<\/strong> Water transfer printing,silk screen printing, heat transfer printing and more<br><strong>Verpackung:<\/strong> Color box<br><a href=\"https:\/\/moyahousehold.com\/de\/individuelle-losung\/\" data-type=\"page\" data-id=\"2817\"><strong>Entdecken Sie weitere Optionen f\u00fcr individuelle Lebensmittelbeh\u00e4lter<\/strong><\/a><\/p>\n\n\n\n<div class=\"wp-block-columns is-layout-flex wp-container-core-columns-is-layout-9d6595d7 wp-block-columns-is-layout-flex\">\n<div class=\"wp-block-column is-layout-flow wp-block-column-is-layout-flow\">\n<figure class=\"wp-block-image size-full\"><img fetchpriority=\"high\" decoding=\"async\" width=\"566\" height=\"576\" src=\"https:\/\/moyahousehold.com\/wp-content\/uploads\/2024\/05\/bulk-food-storage-containers-whosale4.png\" alt=\"Vorratsbeh\u00e4lter f\u00fcr Lebensmittel im Gro\u00dfhandel\" class=\"wp-image-4910\" srcset=\"https:\/\/moyahousehold.com\/wp-content\/uploads\/2024\/05\/bulk-food-storage-containers-whosale4.png 566w, https:\/\/moyahousehold.com\/wp-content\/uploads\/2024\/05\/bulk-food-storage-containers-whosale4-295x300.png 295w, https:\/\/moyahousehold.com\/wp-content\/uploads\/2024\/05\/bulk-food-storage-containers-whosale4-285x290.png 285w, https:\/\/moyahousehold.com\/wp-content\/uploads\/2024\/05\/bulk-food-storage-containers-whosale4-147x150.png 147w\" sizes=\"(max-width: 566px) 100vw, 566px\" \/><\/figure>\n<\/div>\n\n\n\n<div class=\"wp-block-column is-layout-flow wp-block-column-is-layout-flow\">\n<figure class=\"wp-block-image size-full\"><img decoding=\"async\" width=\"566\" height=\"571\" src=\"https:\/\/moyahousehold.com\/wp-content\/uploads\/2024\/05\/bulk-food-storage-containers-whosale7.webp\" alt=\"Vorratsbeh\u00e4lter f\u00fcr Lebensmittel im Gro\u00dfhandel\" class=\"wp-image-4909\" srcset=\"https:\/\/moyahousehold.com\/wp-content\/uploads\/2024\/05\/bulk-food-storage-containers-whosale7.webp 566w, https:\/\/moyahousehold.com\/wp-content\/uploads\/2024\/05\/bulk-food-storage-containers-whosale7-297x300.webp 297w, https:\/\/moyahousehold.com\/wp-content\/uploads\/2024\/05\/bulk-food-storage-containers-whosale7-150x150.webp 150w, https:\/\/moyahousehold.com\/wp-content\/uploads\/2024\/05\/bulk-food-storage-containers-whosale7-285x288.webp 285w\" sizes=\"(max-width: 566px) 100vw, 566px\" \/><\/figure>\n<\/div>\n<\/div>\n\n\n\n<div class=\"wp-block-columns is-layout-flex wp-container-core-columns-is-layout-9d6595d7 wp-block-columns-is-layout-flex\">\n<div class=\"wp-block-column is-layout-flow wp-block-column-is-layout-flow\">\n<figure class=\"wp-block-image size-full\"><img decoding=\"async\" width=\"567\" height=\"575\" src=\"https:\/\/moyahousehold.com\/wp-content\/uploads\/2024\/05\/bulk-food-storage-containers-whosale6.webp\" alt=\"Vorratsbeh\u00e4lter f\u00fcr Lebensmittel im Gro\u00dfhandel\" class=\"wp-image-4913\" srcset=\"https:\/\/moyahousehold.com\/wp-content\/uploads\/2024\/05\/bulk-food-storage-containers-whosale6.webp 567w, https:\/\/moyahousehold.com\/wp-content\/uploads\/2024\/05\/bulk-food-storage-containers-whosale6-296x300.webp 296w, https:\/\/moyahousehold.com\/wp-content\/uploads\/2024\/05\/bulk-food-storage-containers-whosale6-285x289.webp 285w, https:\/\/moyahousehold.com\/wp-content\/uploads\/2024\/05\/bulk-food-storage-containers-whosale6-148x150.webp 148w\" sizes=\"(max-width: 567px) 100vw, 567px\" \/><\/figure>\n<\/div>\n\n\n\n<div class=\"wp-block-column is-layout-flow wp-block-column-is-layout-flow\">\n<figure class=\"wp-block-image size-full\"><img loading=\"lazy\" decoding=\"async\" width=\"572\" height=\"572\" src=\"https:\/\/moyahousehold.com\/wp-content\/uploads\/2024\/05\/bulk-food-storage-containers-whosale5.webp\" alt=\"Vorratsbeh\u00e4lter f\u00fcr Lebensmittel im Gro\u00dfhandel\" class=\"wp-image-4912\" srcset=\"https:\/\/moyahousehold.com\/wp-content\/uploads\/2024\/05\/bulk-food-storage-containers-whosale5.webp 572w, https:\/\/moyahousehold.com\/wp-content\/uploads\/2024\/05\/bulk-food-storage-containers-whosale5-300x300.webp 300w, https:\/\/moyahousehold.com\/wp-content\/uploads\/2024\/05\/bulk-food-storage-containers-whosale5-150x150.webp 150w, https:\/\/moyahousehold.com\/wp-content\/uploads\/2024\/05\/bulk-food-storage-containers-whosale5-285x285.webp 285w, https:\/\/moyahousehold.com\/wp-content\/uploads\/2024\/05\/bulk-food-storage-containers-whosale5-270x270.webp 270w, https:\/\/moyahousehold.com\/wp-content\/uploads\/2024\/05\/bulk-food-storage-containers-whosale5-540x540.webp 540w\" sizes=\"(max-width: 572px) 100vw, 572px\" \/><\/figure>\n<\/div>\n<\/div>\n\n\n\n<p><\/p>","protected":false},"excerpt":{"rendered":"<p>Gro\u00dfhandel Edelstahlbeh\u00e4lter f\u00fcr frische Lebensmittel mit Glasdeckel, mit ausgezeichneter Dichtungsleistung, gute K\u00e4lte- und Hitzebest\u00e4ndigkeit und Korrosionsbest\u00e4ndigkeit, geeignet f\u00fcr die Konservierung und Lagerung von Lebensmitteln in privaten K\u00fcchen und Catering-Industrie. Wir bieten Gro\u00dfhandel und ma\u00dfgeschneiderte Lebensmittel-Container Dienstleistungen. Willkommen, uns zu kontaktieren.<\/p>\n<h3>Merkmale und Vorteile von Frischhaltebeh\u00e4ltern aus Edelstahl<\/h3>\n<p><strong>Material Advantages:<\/strong> Dieser Beh\u00e4lter f\u00fcr frische Lebensmittel besteht aus Edelstahl 304, der eine gute Best\u00e4ndigkeit gegen hohe und niedrige Temperaturen aufweist, sich an eine Vielzahl von Umgebungen anpasst und eine hohe Korrosionsbest\u00e4ndigkeit aufweist, so dass die Lebensmittel lange frisch bleiben.<\/p>\n<p><strong>Sealing Characteristics<\/strong>: Der Beh\u00e4lter f\u00fcr frische Lebensmittel ist mit einem Silikondichtungsring ausgestattet, der das Auslaufen von Fl\u00fcssigkeiten wirksam verhindert, so dass er sicher transportiert werden kann und keine Lebensmittel versch\u00fcttet werden.<\/p>\n<p><strong>Fresh-keeping Function:<\/strong> Der Frischhaltebeh\u00e4lter aus Edelstahl verf\u00fcgt \u00fcber eine schnelle W\u00e4rmeleitung, so dass sich die kalte Luft schnell in den Beh\u00e4lter f\u00fcllt, die Frische der Lebensmittel schnell erhalten bleibt und die Haltbarkeit verl\u00e4ngert wird.<\/p>\n<p><strong>Visual Design:<\/strong> Der transparente Glasdeckel erleichtert die Sicht auf die Lebensmittel im Beh\u00e4lter, was f\u00fcr die Verwendung und Verwaltung praktisch ist.<\/p>\n<p><strong>Ventilation Hole Design:<\/strong> Die Glasabdeckung verf\u00fcgt \u00fcber eine Silikon\u00f6ffnung, die vor dem \u00d6ffnen des Deckels ge\u00f6ffnet werden kann, um die Luftzirkulation aufrechtzuerhalten und Ger\u00fcche zu vermeiden.<\/p>\n<p><strong>Various Specifications:<\/strong> MOYA stainless steel food container manufacturer provides a variety of different specifications to meet various capacity requirements and different uses.<\/p>","protected":false},"featured_media":6873,"comment_status":"open","ping_status":"closed","template":"","meta":[],"product_cat":[57],"product_tag":[99],"class_list":{"0":"post-4891","1":"product","2":"type-product","3":"status-publish","4":"has-post-thumbnail","6":"product_cat-food-storage-container-wholesale","7":"product_tag-wholesale-rectangle-food-storage-containers","9":"first","10":"instock","11":"shipping-taxable","12":"product-type-simple"},"_links":{"self":[{"href":"https:\/\/moyahousehold.com\/de\/wp-json\/wp\/v2\/product\/4891","targetHints":{"allow":["GET"]}}],"collection":[{"href":"https:\/\/moyahousehold.com\/de\/wp-json\/wp\/v2\/product"}],"about":[{"href":"https:\/\/moyahousehold.com\/de\/wp-json\/wp\/v2\/types\/product"}],"replies":[{"embeddable":true,"href":"https:\/\/moyahousehold.com\/de\/wp-json\/wp\/v2\/comments?post=4891"}],"version-history":[{"count":0,"href":"https:\/\/moyahousehold.com\/de\/wp-json\/wp\/v2\/product\/4891\/revisions"}],"wp:featuredmedia":[{"embeddable":true,"href":"https:\/\/moyahousehold.com\/de\/wp-json\/wp\/v2\/media\/6873"}],"wp:attachment":[{"href":"https:\/\/moyahousehold.com\/de\/wp-json\/wp\/v2\/media?parent=4891"}],"wp:term":[{"taxonomy":"product_cat","embeddable":true,"href":"https:\/\/moyahousehold.com\/de\/wp-json\/wp\/v2\/product_cat?post=4891"},{"taxonomy":"product_tag","embeddable":true,"href":"https:\/\/moyahousehold.com\/de\/wp-json\/wp\/v2\/product_tag?post=4891"}],"curies":[{"name":"wp","href":"https:\/\/api.w.org\/{rel}","templated":true}]}}