{"id":4933,"date":"2024-05-22T01:26:04","date_gmt":"2024-05-22T01:26:04","guid":{"rendered":"https:\/\/moyahousehold.com\/?post_type=product&#038;p=4933"},"modified":"2026-04-14T07:52:49","modified_gmt":"2026-04-14T07:52:49","slug":"wholesale-microwave-safe-stainless-steel-food-containers","status":"publish","type":"product","link":"https:\/\/moyahousehold.com\/de\/produkt\/grose-metallbehalter-fur-lebensmittel-im-groshandel\/","title":{"rendered":"Wholesale Microwave Safe Stainless Steel Food Containers | 680ML &#8211; 2200ML | Support ODM &amp; OEM Service"},"content":{"rendered":"<figure class=\"wp-block-image size-full\"><img fetchpriority=\"high\" decoding=\"async\" width=\"5472\" height=\"3648\" src=\"https:\/\/moyahousehold.com\/wp-content\/uploads\/2024\/05\/SC-\u4fdd\u9c9c\u76d2-67.jpg\" alt=\"MOYA SUS304 Stainless Steel Insulated Food Storage Containers, Leak-Proof Fresh-Keeping Set with Multi Compartments for Camping &amp; Meal Prep\" class=\"wp-image-13061\" srcset=\"https:\/\/moyahousehold.com\/wp-content\/uploads\/2024\/05\/SC-\u4fdd\u9c9c\u76d2-67.jpg 5472w, https:\/\/moyahousehold.com\/wp-content\/uploads\/2024\/05\/SC-\u4fdd\u9c9c\u76d2-67-300x200.jpg 300w, https:\/\/moyahousehold.com\/wp-content\/uploads\/2024\/05\/SC-\u4fdd\u9c9c\u76d2-67-768x512.jpg 768w, https:\/\/moyahousehold.com\/wp-content\/uploads\/2024\/05\/SC-\u4fdd\u9c9c\u76d2-67-18x12.jpg 18w, https:\/\/moyahousehold.com\/wp-content\/uploads\/2024\/05\/SC-\u4fdd\u9c9c\u76d2-67-285x190.jpg 285w, https:\/\/moyahousehold.com\/wp-content\/uploads\/2024\/05\/SC-\u4fdd\u9c9c\u76d2-67-1600x1067.jpg 1600w, https:\/\/moyahousehold.com\/wp-content\/uploads\/2024\/05\/SC-\u4fdd\u9c9c\u76d2-67-660x440.jpg 660w, https:\/\/moyahousehold.com\/wp-content\/uploads\/2024\/05\/SC-\u4fdd\u9c9c\u76d2-67-150x100.jpg 150w\" sizes=\"(max-width: 5472px) 100vw, 5472px\" \/><\/figure>\n\n\n\n<div class=\"wp-block-columns is-layout-flex wp-container-core-columns-is-layout-9d6595d7 wp-block-columns-is-layout-flex\">\n<div class=\"wp-block-column is-layout-flow wp-block-column-is-layout-flow\">\n<h3 class=\"wp-block-heading\">Parameter f\u00fcr mikrowellengeeignete Edelstahl-Lebensmittelbeh\u00e4lter<\/h3>\n<\/div>\n<\/div>\n\n\n\n<figure class=\"wp-block-table\"><table><tbody><tr><td>Artikel<\/td><td>Material<\/td><td>Farbe<\/td><td>Kapazit\u00e4t<\/td><td>Gr\u00f6\u00dfe des Produkts<\/td><td>PCS\/Koffer<\/td><td>N.W<\/td><td>G.W\/Koffer<\/td><\/tr><tr><td>MYSC005<\/td><td rowspan=\"6\">304 + PP<\/td><td rowspan=\"6\">Nature\/Beige\/Khaki<\/td><td>680ml<\/td><td>20*14*6<\/td><td>80<\/td><td>0.3<\/td><td>32<\/td><\/tr><tr><td>MYSC006<\/td><td>1200ml<\/td><td>20*14*8.8<\/td><td>60<\/td><td>0.33<\/td><td>25.8<\/td><\/tr><tr><td>MYSC007<\/td><td>1500ml<\/td><td>20*14*10.8<\/td><td>50<\/td><td>0.36<\/td><td>23<\/td><\/tr><tr><td>MYSC008<\/td><td>1000ml<\/td><td>22*16*6<\/td><td>80<\/td><td>0.35<\/td><td>36<\/td><\/tr><tr><td>MYSC009<\/td><td>1600ml<\/td><td>22*16*9<\/td><td>60<\/td><td>0.39<\/td><td>29.4<\/td><\/tr><tr><td>MYSC010<\/td><td>2200ml<\/td><td>22*16*12<\/td><td>50<\/td><td>0.43<\/td><td>26.5<\/td><\/tr><\/tbody><\/table><\/figure>\n\n\n\n<h3 class=\"wp-block-heading\">Kundenspezifische Optionen f\u00fcr Lebensmittelbeh\u00e4lter<\/h3>\n\n\n\n<p><strong>Logo<\/strong>: Customize your brand logo on food container and packaging.<br><strong>Deckel:<\/strong> Glasdeckel, PP-Deckel<br><strong>Logo Options<\/strong>: Printed logo, laser engraved logo, etc.<br><strong>Muster<\/strong>: Printing patterns on food storage containers.<br><strong>Printing Technology<\/strong>: Water transfer printing, silk screen printing, heat transfer printing, etc.<br><strong>Paket<\/strong>: Farbkasten<br><a href=\"https:\/\/moyahousehold.com\/de\/individuelle-losung\/\" data-type=\"page\" data-id=\"2817\"><strong>Entdecken Sie mehr \u00fcber die individuelle Anpassung von Lebensmittelbeh\u00e4ltern<\/strong><\/a><\/p>\n\n\n\n<div class=\"wp-block-columns is-layout-flex wp-container-core-columns-is-layout-9d6595d7 wp-block-columns-is-layout-flex\">\n<div class=\"wp-block-column is-layout-flow wp-block-column-is-layout-flow\">\n<figure class=\"wp-block-image size-full\"><img decoding=\"async\" width=\"1500\" height=\"1500\" src=\"https:\/\/moyahousehold.com\/wp-content\/uploads\/2024\/05\/microwavable-stainless-steel-food-container-1.jpg\" alt=\"mikrowellengeeigneter Lebensmittelbeh\u00e4lter aus rostfreiem Stahl (1)\" class=\"wp-image-9264\" srcset=\"https:\/\/moyahousehold.com\/wp-content\/uploads\/2024\/05\/microwavable-stainless-steel-food-container-1.jpg 1500w, https:\/\/moyahousehold.com\/wp-content\/uploads\/2024\/05\/microwavable-stainless-steel-food-container-1-300x300.jpg 300w, https:\/\/moyahousehold.com\/wp-content\/uploads\/2024\/05\/microwavable-stainless-steel-food-container-1-150x150.jpg 150w, https:\/\/moyahousehold.com\/wp-content\/uploads\/2024\/05\/microwavable-stainless-steel-food-container-1-768x768.jpg 768w, https:\/\/moyahousehold.com\/wp-content\/uploads\/2024\/05\/microwavable-stainless-steel-food-container-1-12x12.jpg 12w, https:\/\/moyahousehold.com\/wp-content\/uploads\/2024\/05\/microwavable-stainless-steel-food-container-1-285x285.jpg 285w, https:\/\/moyahousehold.com\/wp-content\/uploads\/2024\/05\/microwavable-stainless-steel-food-container-1-270x270.jpg 270w, https:\/\/moyahousehold.com\/wp-content\/uploads\/2024\/05\/microwavable-stainless-steel-food-container-1-540x540.jpg 540w, https:\/\/moyahousehold.com\/wp-content\/uploads\/2024\/05\/microwavable-stainless-steel-food-container-1-660x660.jpg 660w\" sizes=\"(max-width: 1500px) 100vw, 1500px\" \/><\/figure>\n<\/div>\n\n\n\n<div class=\"wp-block-column is-layout-flow wp-block-column-is-layout-flow\">\n<figure class=\"wp-block-image size-full\"><img decoding=\"async\" width=\"1500\" height=\"1500\" src=\"https:\/\/moyahousehold.com\/wp-content\/uploads\/2024\/05\/microwavable-stainless-steel-food-container-2.jpg\" alt=\"mikrowellengeeigneter Lebensmittelbeh\u00e4lter aus rostfreiem Stahl (2)\" class=\"wp-image-9265\" srcset=\"https:\/\/moyahousehold.com\/wp-content\/uploads\/2024\/05\/microwavable-stainless-steel-food-container-2.jpg 1500w, https:\/\/moyahousehold.com\/wp-content\/uploads\/2024\/05\/microwavable-stainless-steel-food-container-2-300x300.jpg 300w, https:\/\/moyahousehold.com\/wp-content\/uploads\/2024\/05\/microwavable-stainless-steel-food-container-2-150x150.jpg 150w, https:\/\/moyahousehold.com\/wp-content\/uploads\/2024\/05\/microwavable-stainless-steel-food-container-2-768x768.jpg 768w, https:\/\/moyahousehold.com\/wp-content\/uploads\/2024\/05\/microwavable-stainless-steel-food-container-2-12x12.jpg 12w, https:\/\/moyahousehold.com\/wp-content\/uploads\/2024\/05\/microwavable-stainless-steel-food-container-2-285x285.jpg 285w, https:\/\/moyahousehold.com\/wp-content\/uploads\/2024\/05\/microwavable-stainless-steel-food-container-2-270x270.jpg 270w, https:\/\/moyahousehold.com\/wp-content\/uploads\/2024\/05\/microwavable-stainless-steel-food-container-2-540x540.jpg 540w, https:\/\/moyahousehold.com\/wp-content\/uploads\/2024\/05\/microwavable-stainless-steel-food-container-2-660x660.jpg 660w\" sizes=\"(max-width: 1500px) 100vw, 1500px\" \/><\/figure>\n<\/div>\n<\/div>\n\n\n\n<div class=\"wp-block-columns is-layout-flex wp-container-core-columns-is-layout-9d6595d7 wp-block-columns-is-layout-flex\">\n<div class=\"wp-block-column is-layout-flow wp-block-column-is-layout-flow\">\n<figure class=\"wp-block-image size-full\"><img loading=\"lazy\" decoding=\"async\" width=\"4160\" height=\"6240\" src=\"https:\/\/moyahousehold.com\/wp-content\/uploads\/2024\/05\/SC-\u4fdd\u9c9c\u76d2-209.jpg\" alt=\"MOYA SUS304 Stainless Steel Insulated Food Storage Containers, Leak-Proof Fresh-Keeping Set with Multi Compartments for Camping &amp; Meal Prep\" class=\"wp-image-13057\" srcset=\"https:\/\/moyahousehold.com\/wp-content\/uploads\/2024\/05\/SC-\u4fdd\u9c9c\u76d2-209.jpg 4160w, https:\/\/moyahousehold.com\/wp-content\/uploads\/2024\/05\/SC-\u4fdd\u9c9c\u76d2-209-200x300.jpg 200w, https:\/\/moyahousehold.com\/wp-content\/uploads\/2024\/05\/SC-\u4fdd\u9c9c\u76d2-209-768x1152.jpg 768w, https:\/\/moyahousehold.com\/wp-content\/uploads\/2024\/05\/SC-\u4fdd\u9c9c\u76d2-209-8x12.jpg 8w, https:\/\/moyahousehold.com\/wp-content\/uploads\/2024\/05\/SC-\u4fdd\u9c9c\u76d2-209-285x428.jpg 285w, https:\/\/moyahousehold.com\/wp-content\/uploads\/2024\/05\/SC-\u4fdd\u9c9c\u76d2-209-1600x2400.jpg 1600w, https:\/\/moyahousehold.com\/wp-content\/uploads\/2024\/05\/SC-\u4fdd\u9c9c\u76d2-209-440x660.jpg 440w, https:\/\/moyahousehold.com\/wp-content\/uploads\/2024\/05\/SC-\u4fdd\u9c9c\u76d2-209-100x150.jpg 100w\" sizes=\"(max-width: 4160px) 100vw, 4160px\" \/><\/figure>\n<\/div>\n\n\n\n<div class=\"wp-block-column is-layout-flow wp-block-column-is-layout-flow\">\n<figure class=\"wp-block-image size-full\"><img loading=\"lazy\" decoding=\"async\" width=\"4160\" height=\"6240\" src=\"https:\/\/moyahousehold.com\/wp-content\/uploads\/2024\/05\/SC-\u4fdd\u9c9c\u76d2-210.jpg\" alt=\"MOYA SUS304 Stainless Steel Insulated Food Storage Containers, Leak-Proof Fresh-Keeping Set with Multi Compartments for Camping &amp; Meal Prep\" class=\"wp-image-13058\" srcset=\"https:\/\/moyahousehold.com\/wp-content\/uploads\/2024\/05\/SC-\u4fdd\u9c9c\u76d2-210.jpg 4160w, https:\/\/moyahousehold.com\/wp-content\/uploads\/2024\/05\/SC-\u4fdd\u9c9c\u76d2-210-200x300.jpg 200w, https:\/\/moyahousehold.com\/wp-content\/uploads\/2024\/05\/SC-\u4fdd\u9c9c\u76d2-210-768x1152.jpg 768w, https:\/\/moyahousehold.com\/wp-content\/uploads\/2024\/05\/SC-\u4fdd\u9c9c\u76d2-210-8x12.jpg 8w, https:\/\/moyahousehold.com\/wp-content\/uploads\/2024\/05\/SC-\u4fdd\u9c9c\u76d2-210-285x428.jpg 285w, https:\/\/moyahousehold.com\/wp-content\/uploads\/2024\/05\/SC-\u4fdd\u9c9c\u76d2-210-1600x2400.jpg 1600w, https:\/\/moyahousehold.com\/wp-content\/uploads\/2024\/05\/SC-\u4fdd\u9c9c\u76d2-210-440x660.jpg 440w, https:\/\/moyahousehold.com\/wp-content\/uploads\/2024\/05\/SC-\u4fdd\u9c9c\u76d2-210-100x150.jpg 100w\" sizes=\"(max-width: 4160px) 100vw, 4160px\" \/><\/figure>\n<\/div>\n<\/div>\n\n\n\n<div class=\"wp-block-columns is-layout-flex wp-container-core-columns-is-layout-9d6595d7 wp-block-columns-is-layout-flex\">\n<div class=\"wp-block-column is-layout-flow wp-block-column-is-layout-flow\"><\/div>\n\n\n\n<div class=\"wp-block-column is-layout-flow wp-block-column-is-layout-flow\"><\/div>\n<\/div>","protected":false},"excerpt":{"rendered":"<p>Der Gro\u00dfhandel mit mikrowellengeeigneten Lebensmittelbeh\u00e4ltern aus rostfreiem Stahl verbessert den Komfort des Lebens erheblich. Wir bieten Gro\u00dfhandelsoptionen mit verschiedenen Spezifikationen und Kapazit\u00e4ten, einschlie\u00dflich 680ml bis 2200ml, aus lebensmittelechtem Edelstahl, geeignet f\u00fcr den gewerblichen und privaten Gebrauch. Als Hersteller von Lebensmittelbeh\u00e4ltern unterst\u00fctzen wir kundenspezifische Dienstleistungen und k\u00f6nnen Markenlogos hinzuf\u00fcgen oder exklusive Verpackungen nach Ihren W\u00fcnschen entwerfen. Sie sind herzlich eingeladen, uns zu kontaktieren.<\/p>\n<h3>Merkmale und Vorteile des mikrowellengeeigneten Lebensmittelbeh\u00e4lters aus Edelstahl<\/h3>\n<p><strong>Gro\u00dfe Kapazit\u00e4t:<\/strong> Im Vergleich zu herk\u00f6mmlichen Lebensmittelbeh\u00e4ltern auf dem Markt bieten wir eine Vielzahl von Gr\u00f6\u00dfenoptionen an, darunter auch Lebensmittelbeh\u00e4lter aus Edelstahl mit gro\u00dfem Fassungsverm\u00f6gen.<\/p>\n<p><strong>Zeitmodul-Design:<\/strong> Das Zeiterfassungsmodul auf dem Deckel dieses Lebensmittelbeh\u00e4lters aus Edelstahl kann Ihnen helfen, das Aufbewahrungsdatum besser zu erfassen und die Frische der Zutaten zu gew\u00e4hrleisten.<\/p>\n<p><strong>Auslaufsichere Konstruktion:<\/strong> Dieser mikrowellengeeignete Lebensmittelbeh\u00e4lter aus Edelstahl ist mit einem verdickten Silikonring ausgestattet, der auch dann nicht ausl\u00e4uft, wenn er auf den Kopf gestellt wird.<\/p>\n<p><strong>Mikrowellengeeignet:<\/strong> Dank seines speziellen Designs kann dieser Lebensmittelbeh\u00e4lter direkt in der Mikrowelle erhitzt werden, ohne dass die Lebensmittel aus der Box in andere Beh\u00e4lter umgef\u00fcllt werden m\u00fcssen, was den Gebrauch erheblich erleichtert.<\/p>","protected":false},"featured_media":9251,"comment_status":"closed","ping_status":"closed","template":"","meta":[],"product_cat":[57],"product_tag":[95,106,99],"class_list":{"0":"post-4933","1":"product","2":"type-product","3":"status-publish","4":"has-post-thumbnail","6":"product_cat-food-storage-container-wholesale","7":"product_tag-wholesale-food-storage-containers-with-date-dial","8":"product_tag-microwavable-food-storage-containers","9":"product_tag-wholesale-rectangle-food-storage-containers","11":"first","12":"instock","13":"shipping-taxable","14":"product-type-simple"},"_links":{"self":[{"href":"https:\/\/moyahousehold.com\/de\/wp-json\/wp\/v2\/product\/4933","targetHints":{"allow":["GET"]}}],"collection":[{"href":"https:\/\/moyahousehold.com\/de\/wp-json\/wp\/v2\/product"}],"about":[{"href":"https:\/\/moyahousehold.com\/de\/wp-json\/wp\/v2\/types\/product"}],"replies":[{"embeddable":true,"href":"https:\/\/moyahousehold.com\/de\/wp-json\/wp\/v2\/comments?post=4933"}],"version-history":[{"count":3,"href":"https:\/\/moyahousehold.com\/de\/wp-json\/wp\/v2\/product\/4933\/revisions"}],"predecessor-version":[{"id":13075,"href":"https:\/\/moyahousehold.com\/de\/wp-json\/wp\/v2\/product\/4933\/revisions\/13075"}],"wp:featuredmedia":[{"embeddable":true,"href":"https:\/\/moyahousehold.com\/de\/wp-json\/wp\/v2\/media\/9251"}],"wp:attachment":[{"href":"https:\/\/moyahousehold.com\/de\/wp-json\/wp\/v2\/media?parent=4933"}],"wp:term":[{"taxonomy":"product_cat","embeddable":true,"href":"https:\/\/moyahousehold.com\/de\/wp-json\/wp\/v2\/product_cat?post=4933"},{"taxonomy":"product_tag","embeddable":true,"href":"https:\/\/moyahousehold.com\/de\/wp-json\/wp\/v2\/product_tag?post=4933"}],"curies":[{"name":"wp","href":"https:\/\/api.w.org\/{rel}","templated":true}]}}