{"id":4957,"date":"2024-05-22T01:57:05","date_gmt":"2024-05-22T01:57:05","guid":{"rendered":"https:\/\/moyahousehold.com\/?post_type=product&#038;p=4957"},"modified":"2025-03-05T10:21:28","modified_gmt":"2025-03-05T10:21:28","slug":"custom-square-metal-containers-with-handle-wholesale","status":"publish","type":"product","link":"https:\/\/moyahousehold.com\/de\/produkt\/custom-square-metal-containers-with-handle-wholesale\/","title":{"rendered":"Gro\u00dfhandel Edelstahl Square Food Containers mit Deckel und Griffe"},"content":{"rendered":"<h2 class=\"wp-block-heading\">Quadratischer Lebensmittelbeh\u00e4lter aus Edelstahl Parameter<\/h2>\n\n\n\n<p><strong>Material<\/strong>:304+PP      <strong>Farbe<\/strong>:Stahl <\/p>\n\n\n\n<figure class=\"wp-block-table\"><table><tbody><tr><td>Modellnummer<\/td><td>Kapazit\u00e4t<\/td><td>Gr\u00f6\u00dfe des Produkts<\/td><td>\u00c4u\u00dfere Gr\u00f6\u00dfe des Kartons<\/td><td>Menge pro Kiste<\/td><td>N.W<\/td><td>G.W\/Koffer<\/td><\/tr><tr><td>MYJX001<\/td><td>1200ml<\/td><td>17.5*17.5*8.5<\/td><td>74*44*55<\/td><td>60<\/td><td>0.36<\/td><td>23.6<\/td><\/tr><tr><td>MYJX002<\/td><td>1600ml<\/td><td>17.5*17.5*10.5<\/td><td>74*44*56<\/td><td>48<\/td><td>0.39<\/td><td>20.72<\/td><\/tr><tr><td>MYJX003<\/td><td>2300ml<\/td><td>21.5*21.5*11.5<\/td><td>68*56*68<\/td><td>45<\/td><td>0.51<\/td><td>24.95<\/td><\/tr><tr><td>MYJX004<\/td><td>3000ml<\/td><td>21.5*21.5*12<\/td><td>68*53*68<\/td><td>36<\/td><td>0.56<\/td><td>22.16<\/td><\/tr><\/tbody><\/table><\/figure>\n\n\n\n<h3 class=\"wp-block-heading\">Kundenspezifische Optionen f\u00fcr Lebensmittelbeh\u00e4lter<\/h3>\n\n\n\n<p><strong>Logo<\/strong>: Gestalten Sie Ihr Markenlogo auf Lebensmittelbeh\u00e4ltern und -verpackungen.<br><strong>Deckel<\/strong>: Glasdeckel, PP-Deckel<br><strong>Logo-Optionen<\/strong>: gedrucktes Logo, lasergraviertes Logo, etc.<br><strong>Muster<\/strong>Druckmuster auf Lebensmittelbeh\u00e4ltern.<br><strong>Drucktechnik<\/strong>Wassertransferdruck, Siebdruck, W\u00e4rmetransferdruck, usw.<br><strong>Paket<\/strong>:Farbkasten<br><a href=\"https:\/\/moyahousehold.com\/de\/individuelle-losung\/\" data-type=\"page\" data-id=\"2817\"><strong>Erfahren Sie mehr \u00fcber individuelle L\u00f6sungen f\u00fcr Lebensmittelbeh\u00e4lter<\/strong><\/a><\/p>\n\n\n\n<div class=\"wp-block-columns is-layout-flex wp-container-core-columns-is-layout-9d6595d7 wp-block-columns-is-layout-flex\">\n<div class=\"wp-block-column is-layout-flow wp-block-column-is-layout-flow\">\n<figure class=\"wp-block-image size-full\"><img fetchpriority=\"high\" decoding=\"async\" width=\"1500\" height=\"1500\" src=\"https:\/\/moyahousehold.com\/wp-content\/uploads\/2024\/05\/stainlss-steel-square-food-container-display-1.jpg\" alt=\"Quadratisches Display f\u00fcr Lebensmittelbeh\u00e4lter aus rostfreiem Stahl (1)\" class=\"wp-image-9094\" srcset=\"https:\/\/moyahousehold.com\/wp-content\/uploads\/2024\/05\/stainlss-steel-square-food-container-display-1.jpg 1500w, https:\/\/moyahousehold.com\/wp-content\/uploads\/2024\/05\/stainlss-steel-square-food-container-display-1-300x300.jpg 300w, https:\/\/moyahousehold.com\/wp-content\/uploads\/2024\/05\/stainlss-steel-square-food-container-display-1-150x150.jpg 150w, https:\/\/moyahousehold.com\/wp-content\/uploads\/2024\/05\/stainlss-steel-square-food-container-display-1-768x768.jpg 768w, https:\/\/moyahousehold.com\/wp-content\/uploads\/2024\/05\/stainlss-steel-square-food-container-display-1-12x12.jpg 12w, https:\/\/moyahousehold.com\/wp-content\/uploads\/2024\/05\/stainlss-steel-square-food-container-display-1-285x285.jpg 285w, https:\/\/moyahousehold.com\/wp-content\/uploads\/2024\/05\/stainlss-steel-square-food-container-display-1-270x270.jpg 270w, https:\/\/moyahousehold.com\/wp-content\/uploads\/2024\/05\/stainlss-steel-square-food-container-display-1-540x540.jpg 540w, https:\/\/moyahousehold.com\/wp-content\/uploads\/2024\/05\/stainlss-steel-square-food-container-display-1-660x660.jpg 660w\" sizes=\"(max-width: 1500px) 100vw, 1500px\" \/><\/figure>\n<\/div>\n\n\n\n<div class=\"wp-block-column is-layout-flow wp-block-column-is-layout-flow\">\n<figure class=\"wp-block-image size-full\"><img decoding=\"async\" width=\"1500\" height=\"1500\" src=\"https:\/\/moyahousehold.com\/wp-content\/uploads\/2024\/05\/stainlss-steel-square-food-container-display-2.jpg\" alt=\"Quadratisches Display f\u00fcr Lebensmittelbeh\u00e4lter aus rostfreiem Stahl (2)\" class=\"wp-image-9095\" srcset=\"https:\/\/moyahousehold.com\/wp-content\/uploads\/2024\/05\/stainlss-steel-square-food-container-display-2.jpg 1500w, https:\/\/moyahousehold.com\/wp-content\/uploads\/2024\/05\/stainlss-steel-square-food-container-display-2-300x300.jpg 300w, https:\/\/moyahousehold.com\/wp-content\/uploads\/2024\/05\/stainlss-steel-square-food-container-display-2-150x150.jpg 150w, https:\/\/moyahousehold.com\/wp-content\/uploads\/2024\/05\/stainlss-steel-square-food-container-display-2-768x768.jpg 768w, https:\/\/moyahousehold.com\/wp-content\/uploads\/2024\/05\/stainlss-steel-square-food-container-display-2-12x12.jpg 12w, https:\/\/moyahousehold.com\/wp-content\/uploads\/2024\/05\/stainlss-steel-square-food-container-display-2-285x285.jpg 285w, https:\/\/moyahousehold.com\/wp-content\/uploads\/2024\/05\/stainlss-steel-square-food-container-display-2-270x270.jpg 270w, https:\/\/moyahousehold.com\/wp-content\/uploads\/2024\/05\/stainlss-steel-square-food-container-display-2-540x540.jpg 540w, https:\/\/moyahousehold.com\/wp-content\/uploads\/2024\/05\/stainlss-steel-square-food-container-display-2-660x660.jpg 660w\" sizes=\"(max-width: 1500px) 100vw, 1500px\" \/><\/figure>\n<\/div>\n<\/div>","protected":false},"excerpt":{"rendered":"<p>Gro\u00dfhandel Edelstahl quadratischen Lebensmittelbeh\u00e4lter mit Griff, ist dieser Lebensmittelbeh\u00e4lter mit einem verdickten sichtbaren transparenten Deckel ausgestattet, so dass Lebensmittel Lagerung und Sortierung einfacher. Dies kann f\u00fcr die Lagerung von Lebensmitteln bei Raumtemperatur, f\u00fcr die Lagerung von Tiefk\u00fchlkost, als Lunchbox und viele andere Zwecke verwendet werden. Bitte kontaktieren Sie uns f\u00fcr ein Angebot.<\/p>\n<h3>Merkmale des quadratischen Lebensmittelbeh\u00e4lters aus Edelstahl<\/h3>\n<p><strong>Versiegelt und auslaufsicher:<\/strong> Dieser quadratische Lebensmittelbeh\u00e4lter hat einen eingebauten Silikondichtungsring, der in alle Richtungen dicht ist und die Frische der Lebensmittel effektiv verl\u00e4ngert.<\/p>\n<p><strong>Hochwertige Materialien:<\/strong> Der quadratische Lebensmittelbeh\u00e4lter ist aus Edelstahl 304 gefertigt, der antibakterielle Eigenschaften hat, die Lebensmittelsicherheit gew\u00e4hrleistet und die Haltbarkeit effektiv verl\u00e4ngert.<\/p>\n<p><strong>Leicht zu reinigen:<\/strong> Dieser Lebensmittelbeh\u00e4lter ist poliert und hinterl\u00e4sst nicht so leicht Flecken auf der Oberfl\u00e4che. Er ist leicht zu reinigen und kann auch in der Sp\u00fclmaschine gereinigt werden, um Zeit zu sparen.<\/p>\n<p><strong>Bequemer Griff:<\/strong> Dieser Lebensmittelbeh\u00e4lter ist mit einem klappbaren Aufbewahrungsgriff ausgestattet, der bequem in der Hand liegt und bei Nichtgebrauch keinen Platz wegnimmt.<\/p>\n<p><strong>Verdickter Sichtschutz<\/strong>: Ausgestattet mit einem transparenten Sichtdeckel aus PP, k\u00f6nnen Sie jederzeit den Zustand der Lebensmittel in der Box \u00fcberpr\u00fcfen. Bessere Klassifizierung der Lebensmittel.<\/p>\n<p>&nbsp;<\/p>","protected":false},"featured_media":9091,"comment_status":"open","ping_status":"closed","template":"","meta":[],"product_cat":[57],"product_tag":[95,107,100],"class_list":{"0":"post-4957","1":"product","2":"type-product","3":"status-publish","4":"has-post-thumbnail","6":"product_cat-food-storage-container-wholesale","7":"product_tag-wholesale-food-storage-containers-with-date-dial","8":"product_tag-large-stainless-steel-food-storage-containers","9":"product_tag-wholesale-square-food-storage-containers","11":"first","12":"instock","13":"shipping-taxable","14":"product-type-simple"},"_links":{"self":[{"href":"https:\/\/moyahousehold.com\/de\/wp-json\/wp\/v2\/product\/4957","targetHints":{"allow":["GET"]}}],"collection":[{"href":"https:\/\/moyahousehold.com\/de\/wp-json\/wp\/v2\/product"}],"about":[{"href":"https:\/\/moyahousehold.com\/de\/wp-json\/wp\/v2\/types\/product"}],"replies":[{"embeddable":true,"href":"https:\/\/moyahousehold.com\/de\/wp-json\/wp\/v2\/comments?post=4957"}],"version-history":[{"count":1,"href":"https:\/\/moyahousehold.com\/de\/wp-json\/wp\/v2\/product\/4957\/revisions"}],"predecessor-version":[{"id":13076,"href":"https:\/\/moyahousehold.com\/de\/wp-json\/wp\/v2\/product\/4957\/revisions\/13076"}],"wp:featuredmedia":[{"embeddable":true,"href":"https:\/\/moyahousehold.com\/de\/wp-json\/wp\/v2\/media\/9091"}],"wp:attachment":[{"href":"https:\/\/moyahousehold.com\/de\/wp-json\/wp\/v2\/media?parent=4957"}],"wp:term":[{"taxonomy":"product_cat","embeddable":true,"href":"https:\/\/moyahousehold.com\/de\/wp-json\/wp\/v2\/product_cat?post=4957"},{"taxonomy":"product_tag","embeddable":true,"href":"https:\/\/moyahousehold.com\/de\/wp-json\/wp\/v2\/product_tag?post=4957"}],"curies":[{"name":"wp","href":"https:\/\/api.w.org\/{rel}","templated":true}]}}