{"id":4968,"date":"2024-05-22T02:46:14","date_gmt":"2024-05-22T02:46:14","guid":{"rendered":"https:\/\/moyahousehold.com\/?post_type=product&#038;p=4968"},"modified":"2025-03-05T10:21:38","modified_gmt":"2025-03-05T10:21:38","slug":"wholesale-stainless-steel-rectangle-food-container","status":"publish","type":"product","link":"https:\/\/moyahousehold.com\/de\/produkt\/groshandel-edelstahl-rechteck-lebensmittel-container\/","title":{"rendered":"Lebensmittelbeh\u00e4lter aus Edelstahl f\u00fcr Restaurants Kommerzielle Lebensmittelbeh\u00e4lter: A Beste Beh\u00e4lter zum Einfrieren von Lebensmitteln"},"content":{"rendered":"<div class=\"wp-block-columns is-layout-flex wp-container-core-columns-is-layout-9d6595d7 wp-block-columns-is-layout-flex\">\n<div class=\"wp-block-column is-layout-flow wp-block-column-is-layout-flow\">\n<h3 class=\"wp-block-heading\">Parameter f\u00fcr kommerzielle Lebensmittelbeh\u00e4lter aus Edelstahl<\/h3>\n<\/div>\n<\/div>\n\n\n\n<p><strong>Material<\/strong>:304+PP  <strong>Farbe<\/strong>:Stahl<\/p>\n\n\n\n<figure class=\"wp-block-table\"><table><tbody><tr><td>Modellnummer<\/td><td>Kapazit\u00e4t<\/td><td>Gr\u00f6\u00dfe des Produkts<\/td><td>\u00c4u\u00dfere Gr\u00f6\u00dfe des Kartons<\/td><td>Menge pro Kiste<\/td><td>N.W<\/td><td>G.W\/Koffer<\/td><\/tr><tr><td>MYJX005<\/td><td>1700ml<\/td><td>23*16*8.5<\/td><td>71*49*51<\/td><td>48<\/td><td>0.42<\/td><td>22.16<\/td><\/tr><tr><td>MYJX006<\/td><td>2100ml<\/td><td>23*16*10.5<\/td><td>77*49*51<\/td><td>42<\/td><td>0.46<\/td><td>21.32<\/td><\/tr><tr><td>MYJX007<\/td><td>3200ml<\/td><td>27.5*19*11.5<\/td><td>44*57*60<\/td><td>36<\/td><td>0.61<\/td><td>23.96<\/td><\/tr><tr><td>MYJX008<\/td><td>3900ml<\/td><td>27.5*19*12.5<\/td><td>66*57*60<\/td><td>30<\/td><td>0.65<\/td><td>21.5<\/td><\/tr><\/tbody><\/table><\/figure>\n\n\n\n<h3 class=\"wp-block-heading\">Kundenspezifische Edelstahl-Lebensmittelbeh\u00e4lter-Optionen<\/h3>\n\n\n\n<p><strong>Logo<\/strong>: Passen Sie Ihr Markenlogo auf Produkt und Verpackung an.<br><strong>Deckel<\/strong>: Glasdeckel, PP-Deckel<br><strong>Logo-Optionen<\/strong>: gedrucktes Logo, lasergraviertes Logo, etc.<br><strong>Muster<\/strong>Druckmuster auf Lebensmittelbeh\u00e4ltern.<br><strong>Drucktechnik<\/strong>Wassertransferdruck, Siebdruck, W\u00e4rmetransferdruck, usw.<br><strong>Paket<\/strong>:Farbkasten<br><a href=\"https:\/\/moyahousehold.com\/de\/individuelle-losung\/\" data-type=\"page\" data-id=\"2817\"><strong>Erfahren Sie mehr \u00fcber individuelle L\u00f6sungen f\u00fcr Lebensmittelbeh\u00e4lter.<\/strong><\/a><\/p>\n\n\n\n<div class=\"wp-block-columns is-layout-flex wp-container-core-columns-is-layout-9d6595d7 wp-block-columns-is-layout-flex\">\n<div class=\"wp-block-column is-layout-flow wp-block-column-is-layout-flow\">\n<figure class=\"wp-block-image size-full\"><img fetchpriority=\"high\" decoding=\"async\" width=\"1400\" height=\"1400\" src=\"https:\/\/moyahousehold.com\/wp-content\/uploads\/2024\/05\/Stainless-Steel-Commercial-Food-Container-2.jpg\" alt=\"Kommerzielle Lebensmittelbeh\u00e4lter aus Edelstahl (2)\" class=\"wp-image-9140\" srcset=\"https:\/\/moyahousehold.com\/wp-content\/uploads\/2024\/05\/Stainless-Steel-Commercial-Food-Container-2.jpg 1400w, https:\/\/moyahousehold.com\/wp-content\/uploads\/2024\/05\/Stainless-Steel-Commercial-Food-Container-2-300x300.jpg 300w, https:\/\/moyahousehold.com\/wp-content\/uploads\/2024\/05\/Stainless-Steel-Commercial-Food-Container-2-150x150.jpg 150w, https:\/\/moyahousehold.com\/wp-content\/uploads\/2024\/05\/Stainless-Steel-Commercial-Food-Container-2-768x768.jpg 768w, https:\/\/moyahousehold.com\/wp-content\/uploads\/2024\/05\/Stainless-Steel-Commercial-Food-Container-2-12x12.jpg 12w, https:\/\/moyahousehold.com\/wp-content\/uploads\/2024\/05\/Stainless-Steel-Commercial-Food-Container-2-285x285.jpg 285w, https:\/\/moyahousehold.com\/wp-content\/uploads\/2024\/05\/Stainless-Steel-Commercial-Food-Container-2-270x270.jpg 270w, https:\/\/moyahousehold.com\/wp-content\/uploads\/2024\/05\/Stainless-Steel-Commercial-Food-Container-2-540x540.jpg 540w, https:\/\/moyahousehold.com\/wp-content\/uploads\/2024\/05\/Stainless-Steel-Commercial-Food-Container-2-660x660.jpg 660w\" sizes=\"(max-width: 1400px) 100vw, 1400px\" \/><\/figure>\n<\/div>\n\n\n\n<div class=\"wp-block-column is-layout-flow wp-block-column-is-layout-flow\">\n<figure class=\"wp-block-image size-full\"><img decoding=\"async\" width=\"1400\" height=\"1400\" src=\"https:\/\/moyahousehold.com\/wp-content\/uploads\/2024\/05\/Stainless-Steel-Commercial-Food-Container-1.jpg\" alt=\"Edelstahlbeh\u00e4lter f\u00fcr Lebensmittel (1)\" class=\"wp-image-9139\" srcset=\"https:\/\/moyahousehold.com\/wp-content\/uploads\/2024\/05\/Stainless-Steel-Commercial-Food-Container-1.jpg 1400w, https:\/\/moyahousehold.com\/wp-content\/uploads\/2024\/05\/Stainless-Steel-Commercial-Food-Container-1-300x300.jpg 300w, https:\/\/moyahousehold.com\/wp-content\/uploads\/2024\/05\/Stainless-Steel-Commercial-Food-Container-1-150x150.jpg 150w, https:\/\/moyahousehold.com\/wp-content\/uploads\/2024\/05\/Stainless-Steel-Commercial-Food-Container-1-768x768.jpg 768w, https:\/\/moyahousehold.com\/wp-content\/uploads\/2024\/05\/Stainless-Steel-Commercial-Food-Container-1-12x12.jpg 12w, https:\/\/moyahousehold.com\/wp-content\/uploads\/2024\/05\/Stainless-Steel-Commercial-Food-Container-1-285x285.jpg 285w, https:\/\/moyahousehold.com\/wp-content\/uploads\/2024\/05\/Stainless-Steel-Commercial-Food-Container-1-270x270.jpg 270w, https:\/\/moyahousehold.com\/wp-content\/uploads\/2024\/05\/Stainless-Steel-Commercial-Food-Container-1-540x540.jpg 540w, https:\/\/moyahousehold.com\/wp-content\/uploads\/2024\/05\/Stainless-Steel-Commercial-Food-Container-1-660x660.jpg 660w\" sizes=\"(max-width: 1400px) 100vw, 1400px\" \/><\/figure>\n<\/div>\n<\/div>\n\n\n\n<div class=\"wp-block-columns is-layout-flex wp-container-core-columns-is-layout-9d6595d7 wp-block-columns-is-layout-flex\">\n<div class=\"wp-block-column is-layout-flow wp-block-column-is-layout-flow\"><\/div>\n\n\n\n<div class=\"wp-block-column is-layout-flow wp-block-column-is-layout-flow\"><\/div>\n<\/div>","protected":false},"excerpt":{"rendered":"<p>Wir bieten eine Vielzahl von Lebensmittelbeh\u00e4ltern aus Edelstahl an, von 1700 ml bis 3900 ml, verschiedene Kapazit\u00e4ten k\u00f6nnen Ihren Lagerungsanforderungen entsprechen. Dieser Lebensmittelbeh\u00e4lter aus Edelstahl eignet sich besonders gut f\u00fcr die K\u00fcche zu Hause, f\u00fcr Picknicks im Freien, f\u00fcr Restaurants und andere Gelegenheiten, um Lebensmittel zu lagern und zu transportieren. Der Griff ist ergonomisch geformt, liegt gut in der Hand und ist leicht zu tragen. Bitte kontaktieren Sie uns.<\/p>\n<h3>Merkmale und Vorteile von Edelstahl-Lebensmittelbeh\u00e4ltern f\u00fcr den Handel\u00a0<\/h3>\n<p><strong>Hochwertiges Material<\/strong>: Der rechteckige Lebensmittelbeh\u00e4lter aus rostfreiem Stahl ist aus 304er Edelstahl gefertigt, der eine ausgezeichnete Korrosionsbest\u00e4ndigkeit und Haltbarkeit sowie einen sch\u00f6nen metallischen Glanz aufweist und auch nach l\u00e4ngerem Gebrauch seinen Glanz beibeh\u00e4lt.<\/p>\n<p><strong>Auslaufsichere Konstruktion<\/strong>: Der eingebaute hochwertige Silikondichtring sorgt daf\u00fcr, dass der Edelstahlbeh\u00e4lter xfood in alle Richtungen dicht ist. So wird das Auslaufen von Lebensmitteln und Fl\u00fcssigkeiten wirksam verhindert, und die Lebensmittel bleiben frisch und hygienisch.<\/p>\n<p><strong>Transparentes Cover-Design<\/strong>: Der transparente Deckel aus lebensmittelechtem PP-Material hilft dem Benutzer, die im Beh\u00e4lter gelagerten Lebensmittel besser zu sehen und unn\u00f6tiges \u00d6ffnen zu vermeiden.<\/p>\n<p><strong>Mehrere Spezifikationen verf\u00fcgbar<\/strong>: Es sind verschiedene Gr\u00f6\u00dfen und Kapazit\u00e4ten erh\u00e4ltlich, um den Bed\u00fcrfnissen der verschiedenen Benutzer gerecht zu werden. Er eignet sich f\u00fcr verschiedene Anl\u00e4sse wie Heimk\u00fcchen, Picknicks im Freien, Restaurants, Schulen, B\u00fcros, usw.<\/p>\n<p><strong>Beispielhafte Unterst\u00fctzung<\/strong>: Wir bieten Muster dieses rechteckigen Lebensmittelbeh\u00e4lters aus Edelstahl an<\/p>\n<p><strong>Ma\u00dfgeschneiderter Service:<\/strong> Wir bieten nicht nur Gro\u00dfhandelsdienstleistungen f\u00fcr Lebensmittelbeh\u00e4lter an, sondern helfen unseren Kunden auch bei der Entwicklung ma\u00dfgeschneiderter L\u00f6sungen f\u00fcr Lebensmittelbeh\u00e4lter. F\u00fcr weitere Details, kontaktieren Sie uns bitte.<\/p>","protected":false},"featured_media":9141,"comment_status":"closed","ping_status":"closed","template":"","meta":[],"product_cat":[57],"product_tag":[107,99],"class_list":{"0":"post-4968","1":"product","2":"type-product","3":"status-publish","4":"has-post-thumbnail","6":"product_cat-food-storage-container-wholesale","7":"product_tag-large-stainless-steel-food-storage-containers","8":"product_tag-wholesale-rectangle-food-storage-containers","10":"first","11":"instock","12":"shipping-taxable","13":"product-type-simple"},"_links":{"self":[{"href":"https:\/\/moyahousehold.com\/de\/wp-json\/wp\/v2\/product\/4968","targetHints":{"allow":["GET"]}}],"collection":[{"href":"https:\/\/moyahousehold.com\/de\/wp-json\/wp\/v2\/product"}],"about":[{"href":"https:\/\/moyahousehold.com\/de\/wp-json\/wp\/v2\/types\/product"}],"replies":[{"embeddable":true,"href":"https:\/\/moyahousehold.com\/de\/wp-json\/wp\/v2\/comments?post=4968"}],"version-history":[{"count":0,"href":"https:\/\/moyahousehold.com\/de\/wp-json\/wp\/v2\/product\/4968\/revisions"}],"wp:featuredmedia":[{"embeddable":true,"href":"https:\/\/moyahousehold.com\/de\/wp-json\/wp\/v2\/media\/9141"}],"wp:attachment":[{"href":"https:\/\/moyahousehold.com\/de\/wp-json\/wp\/v2\/media?parent=4968"}],"wp:term":[{"taxonomy":"product_cat","embeddable":true,"href":"https:\/\/moyahousehold.com\/de\/wp-json\/wp\/v2\/product_cat?post=4968"},{"taxonomy":"product_tag","embeddable":true,"href":"https:\/\/moyahousehold.com\/de\/wp-json\/wp\/v2\/product_tag?post=4968"}],"curies":[{"name":"wp","href":"https:\/\/api.w.org\/{rel}","templated":true}]}}