{"id":4979,"date":"2024-05-22T03:02:37","date_gmt":"2024-05-22T03:02:37","guid":{"rendered":"https:\/\/moyahousehold.com\/?post_type=product&#038;p=4979"},"modified":"2025-03-05T10:12:08","modified_gmt":"2025-03-05T10:12:08","slug":"full-range-of-customized-stainless-steel-food-containers","status":"publish","type":"product","link":"https:\/\/moyahousehold.com\/de\/produkt\/full-range-of-customized-stainless-steel-food-containers\/","title":{"rendered":"Individuell gestaltete Lebensmittelbeh\u00e4lter aus Edelstahl: Drucken Sie Logo und Design-Paket f\u00fcr Bulk Food Containers"},"content":{"rendered":"<div class=\"wp-block-columns is-layout-flex wp-container-core-columns-is-layout-9d6595d7 wp-block-columns-is-layout-flex\">\n<div class=\"wp-block-column is-layout-flow wp-block-column-is-layout-flow\">\n<h3 class=\"wp-block-heading\">Parameter von kundenspezifischen Lebensmittelbeh\u00e4ltern<\/h3>\n<\/div>\n<\/div>\n\n\n\n<p><strong>Material<\/strong>:304+PE    <strong>Farbe<\/strong>:Stahl<\/p>\n\n\n\n<figure class=\"wp-block-table\"><table><tbody><tr><td>Modellnummer<\/td><td>Kapazit\u00e4t<\/td><td>Gr\u00f6\u00dfe des Produkts<\/td><td>\u00c4u\u00dfere Gr\u00f6\u00dfe des Kartons<\/td><td>Menge pro Kiste<\/td><td>N.W<\/td><td>G.W\/Koffer<\/td><\/tr><tr><td>MYZT001<\/td><td>700ml<\/td><td>16.1*11.9*4.4<\/td><td>51*50*34.5<\/td><td>84<\/td><td>0.19<\/td><td>17.96<\/td><\/tr><tr><td>MYZT002<\/td><td>1100ml<\/td><td>19.6*14.9*4.8<\/td><td>62*41*38<\/td><td>56<\/td><td>0.27<\/td><td>17.12<\/td><\/tr><tr><td>MYZT003<\/td><td>1700ml<\/td><td>23.7*18.2*5.4<\/td><td>57*49*45<\/td><td>42<\/td><td>0.4<\/td><td>18.8<\/td><\/tr><tr><td>MYZT004<\/td><td>1000ml<\/td><td>16.1*11.9*6.6<\/td><td>51*50*43.5<\/td><td>72<\/td><td>0.3<\/td><td>23.6<\/td><\/tr><tr><td>MYZT005<\/td><td>1800ml<\/td><td>19.6*14.9*7.8<\/td><td>62*41*51<\/td><td>48<\/td><td>0.35<\/td><td>18.8<\/td><\/tr><tr><td>MYZT006<\/td><td>3000ml<\/td><td>23.7*18.2*8.8<\/td><td>59*49*57<\/td><td>36<\/td><td>0.5<\/td><td>20<\/td><\/tr><\/tbody><\/table><\/figure>\n\n\n\n<h3 class=\"wp-block-heading\">Kundenspezifische Lebensmittelbeh\u00e4lter Optionen<\/h3>\n\n\n\n<p><strong>Logo<\/strong>: Individuelle Gestaltung von Lebensmittelbeh\u00e4ltern und -verpackungen mit Ihrem Markenlogo.<br><strong>Deckel<\/strong>: W\u00e4hlen Sie Glas- oder PP-Deckel f\u00fcr Ihre Edelstahl-Lebensmittelbeh\u00e4lter<br><strong>Logo-Optionen<\/strong>: Wir bieten Ihnen Lasergravur oder Thermotransferverfahren, um Ihr Logo auf Lebensmittelbeh\u00e4ltern anzubringen.<br><strong>Muster<\/strong>Druckmuster auf Lebensmittelbeh\u00e4ltern.<br><strong>Drucktechnik<\/strong>: Wir bieten Siebdruck, Thermotransferdruck und Wassertransferdruck an, um Ihre Produkte mit Mustern zu versehen.<br><strong>Paket<\/strong>Sie k\u00f6nnen uns die Datei senden und wir werden die Lebensmittel-Container Farbe Box f\u00fcr Sie anpassen<br><a href=\"https:\/\/moyahousehold.com\/de\/individuelle-losung\/\" data-type=\"page\" data-id=\"2817\"><strong>Mehr Anpassungsm\u00f6glichkeiten entdecken<\/strong><\/a><\/p>\n\n\n\n<div class=\"wp-block-columns is-layout-flex wp-container-core-columns-is-layout-9d6595d7 wp-block-columns-is-layout-flex\">\n<div class=\"wp-block-column is-layout-flow wp-block-column-is-layout-flow\">\n<figure class=\"wp-block-image size-full\"><img fetchpriority=\"high\" decoding=\"async\" width=\"601\" height=\"594\" src=\"https:\/\/moyahousehold.com\/wp-content\/uploads\/2024\/05\/customized-food-containers-1.webp\" alt=\"Kundenspezifische Lebensmittelbeh\u00e4lter (1)\" class=\"wp-image-6941\" srcset=\"https:\/\/moyahousehold.com\/wp-content\/uploads\/2024\/05\/customized-food-containers-1.webp 601w, https:\/\/moyahousehold.com\/wp-content\/uploads\/2024\/05\/customized-food-containers-1-300x297.webp 300w, https:\/\/moyahousehold.com\/wp-content\/uploads\/2024\/05\/customized-food-containers-1-12x12.webp 12w, https:\/\/moyahousehold.com\/wp-content\/uploads\/2024\/05\/customized-food-containers-1-285x282.webp 285w, https:\/\/moyahousehold.com\/wp-content\/uploads\/2024\/05\/customized-food-containers-1-150x148.webp 150w\" sizes=\"(max-width: 601px) 100vw, 601px\" \/><\/figure>\n<\/div>\n\n\n\n<div class=\"wp-block-column is-layout-flow wp-block-column-is-layout-flow\">\n<figure class=\"wp-block-image size-full\"><img decoding=\"async\" width=\"597\" height=\"587\" src=\"https:\/\/moyahousehold.com\/wp-content\/uploads\/2024\/05\/customized-food-containers-2.webp\" alt=\"kundenspezifische Lebensmittelbeh\u00e4lter (2)\" class=\"wp-image-6942\" srcset=\"https:\/\/moyahousehold.com\/wp-content\/uploads\/2024\/05\/customized-food-containers-2.webp 597w, https:\/\/moyahousehold.com\/wp-content\/uploads\/2024\/05\/customized-food-containers-2-300x295.webp 300w, https:\/\/moyahousehold.com\/wp-content\/uploads\/2024\/05\/customized-food-containers-2-12x12.webp 12w, https:\/\/moyahousehold.com\/wp-content\/uploads\/2024\/05\/customized-food-containers-2-285x280.webp 285w, https:\/\/moyahousehold.com\/wp-content\/uploads\/2024\/05\/customized-food-containers-2-150x147.webp 150w\" sizes=\"(max-width: 597px) 100vw, 597px\" \/><\/figure>\n<\/div>\n<\/div>\n\n\n\n<div class=\"wp-block-columns is-layout-flex wp-container-core-columns-is-layout-9d6595d7 wp-block-columns-is-layout-flex\">\n<div class=\"wp-block-column is-layout-flow wp-block-column-is-layout-flow\">\n<figure class=\"wp-block-image size-full\"><img decoding=\"async\" width=\"596\" height=\"594\" src=\"https:\/\/moyahousehold.com\/wp-content\/uploads\/2024\/05\/customized-food-containers-3.webp\" alt=\"kundenspezifische Lebensmittelbeh\u00e4lter (3)\" class=\"wp-image-6943\" srcset=\"https:\/\/moyahousehold.com\/wp-content\/uploads\/2024\/05\/customized-food-containers-3.webp 596w, https:\/\/moyahousehold.com\/wp-content\/uploads\/2024\/05\/customized-food-containers-3-300x300.webp 300w, https:\/\/moyahousehold.com\/wp-content\/uploads\/2024\/05\/customized-food-containers-3-150x150.webp 150w, https:\/\/moyahousehold.com\/wp-content\/uploads\/2024\/05\/customized-food-containers-3-12x12.webp 12w, https:\/\/moyahousehold.com\/wp-content\/uploads\/2024\/05\/customized-food-containers-3-285x284.webp 285w, https:\/\/moyahousehold.com\/wp-content\/uploads\/2024\/05\/customized-food-containers-3-270x270.webp 270w\" sizes=\"(max-width: 596px) 100vw, 596px\" \/><\/figure>\n<\/div>\n\n\n\n<div class=\"wp-block-column is-layout-flow wp-block-column-is-layout-flow\">\n<figure class=\"wp-block-image size-full\"><img loading=\"lazy\" decoding=\"async\" width=\"595\" height=\"589\" src=\"https:\/\/moyahousehold.com\/wp-content\/uploads\/2024\/05\/customized-food-containers-4.webp\" alt=\"kundenspezifische Lebensmittelbeh\u00e4lter (4)\" class=\"wp-image-6944\" srcset=\"https:\/\/moyahousehold.com\/wp-content\/uploads\/2024\/05\/customized-food-containers-4.webp 595w, https:\/\/moyahousehold.com\/wp-content\/uploads\/2024\/05\/customized-food-containers-4-300x297.webp 300w, https:\/\/moyahousehold.com\/wp-content\/uploads\/2024\/05\/customized-food-containers-4-12x12.webp 12w, https:\/\/moyahousehold.com\/wp-content\/uploads\/2024\/05\/customized-food-containers-4-285x282.webp 285w, https:\/\/moyahousehold.com\/wp-content\/uploads\/2024\/05\/customized-food-containers-4-150x148.webp 150w\" sizes=\"(max-width: 595px) 100vw, 595px\" \/><\/figure>\n<\/div>\n<\/div>","protected":false},"excerpt":{"rendered":"<p>Sehen Sie sich unsere ma\u00dfgeschneiderten Edelstahlbeh\u00e4lter an. Wir bieten kundenspezifische Beh\u00e4lterlogos, Produktverpackungen, Fassungsverm\u00f6gen und Gr\u00f6\u00dfen an. Mehr \u00fcber kundenspezifische Lebensmittelbeh\u00e4lter erfahren Sie in unserer <a href=\"https:\/\/moyahousehold.com\/de\/individuelle-losung\/\" target=\"_blank\" rel=\"noopener\">cuctom-L\u00f6sung<\/a>. Durch die Formulierung von ma\u00dfgeschneiderten L\u00f6sungen f\u00fcr Lebensmittelbeh\u00e4lter werden Ihre Bed\u00fcrfnisse perfekt dargestellt.<\/p>\n<h3>Merkmale von kundenspezifischen Lebensmittelbeh\u00e4ltern<\/h3>\n<p>Dieser individuell gestaltbare Lebensmittelbeh\u00e4lter ist aus Edelstahl 304 gefertigt, der leicht zu reinigen und geruchsneutral ist. Das Innere ist elektrolytisch poliert, um das Wachstum von Bakterien wirklich zu verhindern.<\/p>\n<p>Sie k\u00f6nnen eine Vielzahl von Spezifikationen ausw\u00e4hlen oder individuell anpassen, um Ihre verschiedenen Lagerungsanforderungen zu erf\u00fcllen.<\/p>\n<p>Der Lebensmittelbeh\u00e4lter ist an allen Seiten abgerundet, so dass er bequemer in der Hand liegt und leicht zu entnehmen ist, ohne die H\u00e4nde zu verletzen.<\/p>\n<p>Das erhabene Design an den vier Seiten des Bodens kann die Reibung erh\u00f6hen, wenn er auf die Arbeitsfl\u00e4che gestellt wird, um ein Verrutschen zu verhindern, und dieses Design kann verhindern, dass der Lebensmittelbeh\u00e4lter nach dem Einfrieren an der K\u00fchlschrankoberfl\u00e4che klebt.<\/p>\n<p>Wir akzeptieren Bestellungen in kleinen Mengen, damit Sie das Feedback des Marktes beim Verkauf besser erfassen k\u00f6nnen.<\/p>\n<p>Moya, der Hersteller von Lebensmittelbeh\u00e4ltern aus Edelstahl, bietet Ihnen flexible Anpassungsl\u00f6sungen, damit Sie Ihre Produkte besser personalisieren und Ihr Markenimage verbessern k\u00f6nnen.<\/p>","protected":false},"featured_media":7669,"comment_status":"closed","ping_status":"closed","template":"","meta":[],"product_cat":[57],"product_tag":[106,99],"class_list":{"0":"post-4979","1":"product","2":"type-product","3":"status-publish","4":"has-post-thumbnail","6":"product_cat-food-storage-container-wholesale","7":"product_tag-microwavable-food-storage-containers","8":"product_tag-wholesale-rectangle-food-storage-containers","10":"first","11":"instock","12":"shipping-taxable","13":"product-type-simple"},"_links":{"self":[{"href":"https:\/\/moyahousehold.com\/de\/wp-json\/wp\/v2\/product\/4979","targetHints":{"allow":["GET"]}}],"collection":[{"href":"https:\/\/moyahousehold.com\/de\/wp-json\/wp\/v2\/product"}],"about":[{"href":"https:\/\/moyahousehold.com\/de\/wp-json\/wp\/v2\/types\/product"}],"replies":[{"embeddable":true,"href":"https:\/\/moyahousehold.com\/de\/wp-json\/wp\/v2\/comments?post=4979"}],"version-history":[{"count":0,"href":"https:\/\/moyahousehold.com\/de\/wp-json\/wp\/v2\/product\/4979\/revisions"}],"wp:featuredmedia":[{"embeddable":true,"href":"https:\/\/moyahousehold.com\/de\/wp-json\/wp\/v2\/media\/7669"}],"wp:attachment":[{"href":"https:\/\/moyahousehold.com\/de\/wp-json\/wp\/v2\/media?parent=4979"}],"wp:term":[{"taxonomy":"product_cat","embeddable":true,"href":"https:\/\/moyahousehold.com\/de\/wp-json\/wp\/v2\/product_cat?post=4979"},{"taxonomy":"product_tag","embeddable":true,"href":"https:\/\/moyahousehold.com\/de\/wp-json\/wp\/v2\/product_tag?post=4979"}],"curies":[{"name":"wp","href":"https:\/\/api.w.org\/{rel}","templated":true}]}}