{"id":4995,"date":"2024-05-22T03:23:32","date_gmt":"2024-05-22T03:23:32","guid":{"rendered":"https:\/\/moyahousehold.com\/?post_type=product&#038;p=4995"},"modified":"2025-03-05T10:11:51","modified_gmt":"2025-03-05T10:11:51","slug":"stylish-round-food-storage-container-wholesale","status":"publish","type":"product","link":"https:\/\/moyahousehold.com\/de\/produkt\/stylish-round-food-storage-container-wholesale\/","title":{"rendered":"Stilvolle Runde Lebensmittel Lagerung Container Gro\u00dfhandel"},"content":{"rendered":"<div class=\"wp-block-columns is-layout-flex wp-container-core-columns-is-layout-9d6595d7 wp-block-columns-is-layout-flex\">\n<div class=\"wp-block-column is-layout-flow wp-block-column-is-layout-flow\">\n<h3 class=\"wp-block-heading\">Parameter des runden Lebensmittelbeh\u00e4lters<\/h3>\n<\/div>\n<\/div>\n\n\n\n<p><strong>Material<\/strong>:304+PE  <strong>Farbe<\/strong>:Stahl<\/p>\n\n\n\n<figure class=\"wp-block-table\"><table><tbody><tr><td>Modellnummer<\/td><td>Kapazit\u00e4t<\/td><td>Gr\u00f6\u00dfe des Produkts<\/td><td>\u00c4u\u00dfere Gr\u00f6\u00dfe des Kartons<\/td><td>Menge pro Kiste<\/td><td>N.W<\/td><td>G.W\/Koffer<\/td><\/tr><tr><td>MYZT007<\/td><td>500ml<\/td><td>10.6*10.6*6.3<\/td><td>56*45*43<\/td><td>120<\/td><td>0.3<\/td><td>38<\/td><\/tr><tr><td>MYZT008<\/td><td>750ml<\/td><td>10.6*10.6*7.3<\/td><td>56*45*46<\/td><td>80<\/td><td>0.2<\/td><td>18<\/td><\/tr><tr><td>MYZT009<\/td><td>1350ml<\/td><td>14.6*14.6*9.2<\/td><td>61*46*48<\/td><td>60<\/td><td>0.25<\/td><td>17<\/td><\/tr><\/tbody><\/table><\/figure>\n\n\n\n<h3 class=\"wp-block-heading\">Individuelle Optionen f\u00fcr runde Lebensmittelbeh\u00e4lter<\/h3>\n\n\n\n<p><strong>Logo<\/strong>: Ihr Markenlogo auf Produkt und Verpackung.<br><strong>Deckel<\/strong>: Glasdeckel, PP-Deckel<br><strong>Logo-Optionen<\/strong>: gedrucktes Logo, lasergraviertes Logo, etc.<br><strong>Muster<\/strong>Druckmuster auf Lebensmittelbeh\u00e4ltern.<br><strong>Drucktechnik<\/strong>Wassertransferdruck, Siebdruck, W\u00e4rmetransferdruck, usw.<br><strong>Paket<\/strong>:Farbkasten<br><a href=\"https:\/\/moyahousehold.com\/de\/individuelle-losung\/\" data-type=\"page\" data-id=\"2817\"><strong>Mehr Anpassungsm\u00f6glichkeiten entdecken<\/strong><\/a><\/p>\n\n\n\n<div class=\"wp-block-columns is-layout-flex wp-container-core-columns-is-layout-9d6595d7 wp-block-columns-is-layout-flex\">\n<div class=\"wp-block-column is-layout-flow wp-block-column-is-layout-flow\">\n<figure class=\"wp-block-image size-full\"><img fetchpriority=\"high\" decoding=\"async\" width=\"590\" height=\"592\" src=\"https:\/\/moyahousehold.com\/wp-content\/uploads\/2024\/05\/Round-food-container-wholesale-4.webp\" alt=\"Runder Lebensmittelbeh\u00e4lter im Gro\u00dfhandel \" class=\"wp-image-5006\" srcset=\"https:\/\/moyahousehold.com\/wp-content\/uploads\/2024\/05\/Round-food-container-wholesale-4.webp 590w, https:\/\/moyahousehold.com\/wp-content\/uploads\/2024\/05\/Round-food-container-wholesale-4-300x300.webp 300w, https:\/\/moyahousehold.com\/wp-content\/uploads\/2024\/05\/Round-food-container-wholesale-4-150x150.webp 150w, https:\/\/moyahousehold.com\/wp-content\/uploads\/2024\/05\/Round-food-container-wholesale-4-285x286.webp 285w, https:\/\/moyahousehold.com\/wp-content\/uploads\/2024\/05\/Round-food-container-wholesale-4-270x270.webp 270w\" sizes=\"(max-width: 590px) 100vw, 590px\" \/><\/figure>\n<\/div>\n\n\n\n<div class=\"wp-block-column is-layout-flow wp-block-column-is-layout-flow\">\n<figure class=\"wp-block-image size-full\"><img decoding=\"async\" width=\"591\" height=\"595\" src=\"https:\/\/moyahousehold.com\/wp-content\/uploads\/2024\/05\/Round-food-container-wholesale-3.webp\" alt=\"Runder Lebensmittelbeh\u00e4lter im Gro\u00dfhandel\" class=\"wp-image-5005\" srcset=\"https:\/\/moyahousehold.com\/wp-content\/uploads\/2024\/05\/Round-food-container-wholesale-3.webp 591w, https:\/\/moyahousehold.com\/wp-content\/uploads\/2024\/05\/Round-food-container-wholesale-3-298x300.webp 298w, https:\/\/moyahousehold.com\/wp-content\/uploads\/2024\/05\/Round-food-container-wholesale-3-150x150.webp 150w, https:\/\/moyahousehold.com\/wp-content\/uploads\/2024\/05\/Round-food-container-wholesale-3-285x287.webp 285w\" sizes=\"(max-width: 591px) 100vw, 591px\" \/><\/figure>\n<\/div>\n<\/div>","protected":false},"excerpt":{"rendered":"<p>Runde Lebensmittelbeh\u00e4lter f\u00fcr den Gro\u00dfhandel - Wir bieten runde Lebensmittelbeh\u00e4lter f\u00fcr den Gro\u00dfhandel in verschiedenen Spezifikationen an. Jeder Beh\u00e4lter ist mit einem hochwertigen Dichtungsdeckel ausgestattet, um sicherzustellen, dass die Lebensmittel frisch und hygienisch sind. Das runde Design ist leicht zu lagern und zu tragen, die ideal f\u00fcr Catering, Hotels und K\u00fcchen zu Hause ist. w\u00e4hlen. W\u00e4hlen Sie unsere luftdichten Lebensmittelbeh\u00e4lter, um Ihre Lebensmittellagerung effizienter, sicherer und bequemer zu machen.<\/p>\n<h3>Merkmale und Vorteile des runden Lebensmittelbeh\u00e4lters<\/h3>\n<p>304 Edelstahl Material, verschiedene Spezifikationen k\u00f6nnen frei angepasst werden, schnelles Einfrieren, leicht zu reinigen ohne Geruch, elektrolytisches Polieren, Anti-Schimmel und Anti-Bakterien.<\/p>\n<p>Das Design der kleinen Ohrmuschel macht das \u00d6ffnen und Schlie\u00dfen bequemer.<\/p>\n<p>Glatte Kanten und Ecken, leicht zu handhaben, ohne die H\u00e4nde zu verletzen, mit dem Boden auf allen vier Seiten erh\u00f6ht, um ein Anhaften mit der Oberfl\u00e4che des K\u00fchlschranks nach dem Einfrieren zu verhindern, so dass es schwer zu rutschen.<\/p>\n<p>Vertiefung des Hochkapazit\u00e4tsdesigns f\u00fcr mehr Kapazit\u00e4t.<\/p>\n<p><strong><a href=\"https:\/\/moyahousehold.com\/de\/individuelle-losung\/\">Unterst\u00fctzung von OEM&amp;ODM kundenspezifischen Lebensmittelbeh\u00e4lterl\u00f6sungen<\/a><\/strong><\/p>","protected":false},"featured_media":7796,"comment_status":"open","ping_status":"closed","template":"","meta":[],"product_cat":[57],"product_tag":[106,98],"class_list":{"0":"post-4995","1":"product","2":"type-product","3":"status-publish","4":"has-post-thumbnail","6":"product_cat-food-storage-container-wholesale","7":"product_tag-microwavable-food-storage-containers","8":"product_tag-wholesale-round-food-storage-containers","10":"first","11":"instock","12":"shipping-taxable","13":"product-type-simple"},"_links":{"self":[{"href":"https:\/\/moyahousehold.com\/de\/wp-json\/wp\/v2\/product\/4995","targetHints":{"allow":["GET"]}}],"collection":[{"href":"https:\/\/moyahousehold.com\/de\/wp-json\/wp\/v2\/product"}],"about":[{"href":"https:\/\/moyahousehold.com\/de\/wp-json\/wp\/v2\/types\/product"}],"replies":[{"embeddable":true,"href":"https:\/\/moyahousehold.com\/de\/wp-json\/wp\/v2\/comments?post=4995"}],"version-history":[{"count":0,"href":"https:\/\/moyahousehold.com\/de\/wp-json\/wp\/v2\/product\/4995\/revisions"}],"wp:featuredmedia":[{"embeddable":true,"href":"https:\/\/moyahousehold.com\/de\/wp-json\/wp\/v2\/media\/7796"}],"wp:attachment":[{"href":"https:\/\/moyahousehold.com\/de\/wp-json\/wp\/v2\/media?parent=4995"}],"wp:term":[{"taxonomy":"product_cat","embeddable":true,"href":"https:\/\/moyahousehold.com\/de\/wp-json\/wp\/v2\/product_cat?post=4995"},{"taxonomy":"product_tag","embeddable":true,"href":"https:\/\/moyahousehold.com\/de\/wp-json\/wp\/v2\/product_tag?post=4995"}],"curies":[{"name":"wp","href":"https:\/\/api.w.org\/{rel}","templated":true}]}}