{"id":5016,"date":"2024-05-22T06:04:02","date_gmt":"2024-05-22T06:04:02","guid":{"rendered":"https:\/\/moyahousehold.com\/?post_type=product&#038;p=5016"},"modified":"2025-02-05T08:44:21","modified_gmt":"2025-02-05T08:44:21","slug":"wholesale-rectangular-lunch-boxes-in-bulk","status":"publish","type":"product","link":"https:\/\/moyahousehold.com\/de\/produkt\/groshandel-rechteckige-lunchboxen-in-loser-schuttung\/","title":{"rendered":"Gro\u00dfhandel rechteckige Lunch-Boxen in Bulk - MOYA Edelstahl Lunch-Box Lieferant und Hersteller"},"content":{"rendered":"<div class=\"wp-block-columns is-layout-flex wp-container-core-columns-is-layout-9d6595d7 wp-block-columns-is-layout-flex\">\n<div class=\"wp-block-column is-layout-flow wp-block-column-is-layout-flow\">\n<h3 class=\"wp-block-heading\">Parameter f\u00fcr rechteckige Lunchboxen <\/h3>\n<\/div>\n<\/div>\n\n\n\n<p><strong>Material<\/strong>:304+PP  <strong>Farbe<\/strong>:Gr\u00fcn\/Gelb<\/p>\n\n\n\n<figure class=\"wp-block-table\"><table><tbody><tr><td>Modellnummer<\/td><td>Kapazit\u00e4t<\/td><td>Gr\u00f6\u00dfe des Produkts<\/td><td>\u00c4u\u00dfere Gr\u00f6\u00dfe des Kartons<\/td><td>Menge pro Kiste<\/td><td>N.W<\/td><td>G.W\/Koffer<\/td><\/tr><tr><td>MYJD099<\/td><td>550ML<\/td><td>14.5*10*7.5&nbsp;<\/td><td>60*50*53<\/td><td>60<\/td><td>0.25<\/td><td>26.4<\/td><\/tr><tr><td>MYJD100<\/td><td>850ML<\/td><td>17*11.8*8<\/td><td>61*58*60<\/td><td>48<\/td><td>0.35<\/td><td>26.28<\/td><\/tr><tr><td>MYJD101<\/td><td>1800ML<br>mit Griff<\/td><td>19.8*14.5*10<\/td><td>67*66*45<\/td><td>36<\/td><td>0.53<\/td><td>42<\/td><\/tr><\/tbody><\/table><\/figure>\n\n\n\n<h3 class=\"wp-block-heading\">Individuelle Lunchbox-Optionen<\/h3>\n\n\n\n<p><strong>Logo<\/strong>: Gestalten Sie Ihr Markenlogo auf Brotdosen und Verpackungen.<br><strong>Deckel<\/strong>: Glasdeckel, PP-Deckel<br><strong>Logo-Optionen<\/strong>: gedrucktes Logo, lasergraviertes Logo, etc.<br><strong>Muster<\/strong>Druckmuster auf rechteckigen Brotdosen und Verpackungen.<br><strong>Drucktechnik:<\/strong> Wassertransferdruck, Siebdruck, W\u00e4rmetransferdruck, usw.<br><strong>Paket<\/strong>:Farbkasten<br><a href=\"https:\/\/moyahousehold.com\/de\/individuelle-losung\/\" data-type=\"page\" data-id=\"2817\"><strong>Erfahren Sie mehr \u00fcber individuelle Lunchbox-L\u00f6sungen <\/strong><\/a><\/p>\n\n\n\n<div class=\"wp-block-columns is-layout-flex wp-container-core-columns-is-layout-9d6595d7 wp-block-columns-is-layout-flex\">\n<div class=\"wp-block-column is-layout-flow wp-block-column-is-layout-flow\">\n<figure class=\"wp-block-image size-full\"><img fetchpriority=\"high\" decoding=\"async\" width=\"2656\" height=\"2658\" src=\"https:\/\/moyahousehold.com\/wp-content\/uploads\/2024\/05\/stainless-steel-lunch-box-supplier-2.jpg\" alt=\"Edelstahl-Lunchbox Lieferant (2)\" class=\"wp-image-7604\" srcset=\"https:\/\/moyahousehold.com\/wp-content\/uploads\/2024\/05\/stainless-steel-lunch-box-supplier-2.jpg 2656w, https:\/\/moyahousehold.com\/wp-content\/uploads\/2024\/05\/stainless-steel-lunch-box-supplier-2-300x300.jpg 300w, https:\/\/moyahousehold.com\/wp-content\/uploads\/2024\/05\/stainless-steel-lunch-box-supplier-2-150x150.jpg 150w, https:\/\/moyahousehold.com\/wp-content\/uploads\/2024\/05\/stainless-steel-lunch-box-supplier-2-768x769.jpg 768w, https:\/\/moyahousehold.com\/wp-content\/uploads\/2024\/05\/stainless-steel-lunch-box-supplier-2-12x12.jpg 12w, https:\/\/moyahousehold.com\/wp-content\/uploads\/2024\/05\/stainless-steel-lunch-box-supplier-2-285x285.jpg 285w, https:\/\/moyahousehold.com\/wp-content\/uploads\/2024\/05\/stainless-steel-lunch-box-supplier-2-1600x1601.jpg 1600w, https:\/\/moyahousehold.com\/wp-content\/uploads\/2024\/05\/stainless-steel-lunch-box-supplier-2-270x270.jpg 270w, https:\/\/moyahousehold.com\/wp-content\/uploads\/2024\/05\/stainless-steel-lunch-box-supplier-2-540x540.jpg 540w, https:\/\/moyahousehold.com\/wp-content\/uploads\/2024\/05\/stainless-steel-lunch-box-supplier-2-660x660.jpg 660w\" sizes=\"(max-width: 2656px) 100vw, 2656px\" \/><\/figure>\n<\/div>\n\n\n\n<div class=\"wp-block-column is-layout-flow wp-block-column-is-layout-flow\">\n<figure class=\"wp-block-image size-full\"><img decoding=\"async\" width=\"2656\" height=\"2658\" src=\"https:\/\/moyahousehold.com\/wp-content\/uploads\/2024\/05\/stainless-steel-lunch-box-supplier-4.jpg\" alt=\"Edelstahl-Lunchbox Lieferant (4)\" class=\"wp-image-7606\" srcset=\"https:\/\/moyahousehold.com\/wp-content\/uploads\/2024\/05\/stainless-steel-lunch-box-supplier-4.jpg 2656w, https:\/\/moyahousehold.com\/wp-content\/uploads\/2024\/05\/stainless-steel-lunch-box-supplier-4-300x300.jpg 300w, https:\/\/moyahousehold.com\/wp-content\/uploads\/2024\/05\/stainless-steel-lunch-box-supplier-4-150x150.jpg 150w, https:\/\/moyahousehold.com\/wp-content\/uploads\/2024\/05\/stainless-steel-lunch-box-supplier-4-768x769.jpg 768w, https:\/\/moyahousehold.com\/wp-content\/uploads\/2024\/05\/stainless-steel-lunch-box-supplier-4-12x12.jpg 12w, https:\/\/moyahousehold.com\/wp-content\/uploads\/2024\/05\/stainless-steel-lunch-box-supplier-4-285x285.jpg 285w, https:\/\/moyahousehold.com\/wp-content\/uploads\/2024\/05\/stainless-steel-lunch-box-supplier-4-1600x1601.jpg 1600w, https:\/\/moyahousehold.com\/wp-content\/uploads\/2024\/05\/stainless-steel-lunch-box-supplier-4-270x270.jpg 270w, https:\/\/moyahousehold.com\/wp-content\/uploads\/2024\/05\/stainless-steel-lunch-box-supplier-4-540x540.jpg 540w, https:\/\/moyahousehold.com\/wp-content\/uploads\/2024\/05\/stainless-steel-lunch-box-supplier-4-660x660.jpg 660w\" sizes=\"(max-width: 2656px) 100vw, 2656px\" \/><\/figure>\n<\/div>\n<\/div>","protected":false},"excerpt":{"rendered":"<p>MOYA ist ein Edelstahl-Lunch-Box Lieferant und Hersteller in China. Wir bieten hochwertige Gro\u00dfhandel rechteckige Lunch-Box-Produkte. Unsere Edelstahl-Lunchboxen sind aus lebensmittelechtem 304-Edelstahl, der korrosionsbest\u00e4ndig, leicht zu reinigen und mit ergonomischen Griffen ausgestattet ist. Sie sind leicht zu tragen und geeignet f\u00fcr zu Hause, Schule, B\u00fcro, Picknick im Freien und Restaurants. W\u00e4hlen Sie MOYA als Ihren hochwertigen Edelstahl-Lunchbox-Lieferanten, wir bieten Ihnen die besten Gro\u00dfhandels- und kundenspezifischen Dienstleistungen, willkommen, uns f\u00fcr wettbewerbsf\u00e4hige Preise zu kontaktieren.<\/p>\n<h3>Merkmale und Vorteile der rechteckigen Lunchboxen<\/h3>\n<p><strong>Hochwertige Dienstleistungen<\/strong>: Als Chinas f\u00fchrender Edelstahl-Lunchbox-Lieferant bietet unser Team Ihnen den besten Gro\u00dfhandels-Lunchbox-Service durch die Bereitstellung von kostenlosen Proben, klerikale Unterst\u00fctzung, etc.<\/p>\n<p><strong>Kundenspezifische OEM&amp;ODM-L\u00f6sungen<\/strong>: Unsere Fabrik f\u00fcr Lunchboxen aus Edelstahl entwirft eine ma\u00dfgeschneiderte L\u00f6sung, die Ihren Anforderungen entspricht, und stellt Produkte her, die den internationalen Standards und der Marktanerkennung entsprechen.<\/p>\n<p><strong>Einfaches Design<\/strong>: Unsere Lunch-Boxen nehmen minimalistischen Stil Design und saubere und frische Farbe passend, und das gesamte Erscheinungsbild ist modisch und sch\u00f6n<\/p>\n<p><strong>Lebensmittelgeeignetes Material<\/strong>: Unsere Edelstahl-Lunchboxen sind aus lebensmittelechtem 304-Edelstahl gefertigt, der robust und langlebig, sturzsicher und korrosionsbest\u00e4ndig ist und eine sichere und gesunde Nutzung gew\u00e4hrleistet.<\/p>\n<p><strong>Abgeteilter Entwurf<\/strong>: Das Innere der Brotdose ist nach F\u00e4chern unterteilt, was die Aufbewahrung von Lebensmitteln erleichtert, eine Vermischung der Geschmacksrichtungen verhindert und eine bessere Abstimmung der N\u00e4hrwerte erm\u00f6glicht.<\/p>\n<p><strong>Vollst\u00e4ndige Spezifikationen<\/strong>: Bieten eine Vielzahl von Spezifikationen, k\u00f6nnen Benutzer frei kombinieren und verwenden, um verschiedene Bed\u00fcrfnisse zu erf\u00fcllen.<\/p>\n<p><strong>Leicht durchf\u00fchrbar<\/strong>: Die Brotdose ist mit einem Vier-Seiten-Verschluss und einem Silikonring ausgestattet, was die Handhabung erleichtert und daf\u00fcr sorgt, dass die Lebensmittel nicht auslaufen.<\/p>\n<p><strong>Doppellagige Dichtung<\/strong>: Doppellagiges Siegeldesign, mehr Sicherheit beim Mitnehmen, h\u00e4lt Lebensmittel frisch.<\/p>\n<p><strong>Leicht und robust<\/strong>: Die Lunchbox ist einfach und praktisch im Design, leicht und robust, geeignet f\u00fcr die t\u00e4gliche Lebensmittelkonservierung und viele andere Anwendungen.<\/p>\n<p><strong><a href=\"https:\/\/moyahousehold.com\/de\/individuelle-losung\/\">\u00a0Erfahren Sie mehr \u00fcber den OEM&amp;ODM-Kundendienst<\/a><\/strong><\/p>","protected":false},"featured_media":8937,"comment_status":"closed","ping_status":"closed","template":"","meta":[],"product_cat":[58],"product_tag":[87,92],"class_list":{"0":"post-5016","1":"product","2":"type-product","3":"status-publish","4":"has-post-thumbnail","6":"product_cat-lunch-box-wholesale","7":"product_tag-wholesale-multi-compartment-lunch-box","8":"product_tag-wholesale-rectangle-lunch-box","10":"first","11":"instock","12":"shipping-taxable","13":"product-type-simple"},"_links":{"self":[{"href":"https:\/\/moyahousehold.com\/de\/wp-json\/wp\/v2\/product\/5016","targetHints":{"allow":["GET"]}}],"collection":[{"href":"https:\/\/moyahousehold.com\/de\/wp-json\/wp\/v2\/product"}],"about":[{"href":"https:\/\/moyahousehold.com\/de\/wp-json\/wp\/v2\/types\/product"}],"replies":[{"embeddable":true,"href":"https:\/\/moyahousehold.com\/de\/wp-json\/wp\/v2\/comments?post=5016"}],"version-history":[{"count":0,"href":"https:\/\/moyahousehold.com\/de\/wp-json\/wp\/v2\/product\/5016\/revisions"}],"wp:featuredmedia":[{"embeddable":true,"href":"https:\/\/moyahousehold.com\/de\/wp-json\/wp\/v2\/media\/8937"}],"wp:attachment":[{"href":"https:\/\/moyahousehold.com\/de\/wp-json\/wp\/v2\/media?parent=5016"}],"wp:term":[{"taxonomy":"product_cat","embeddable":true,"href":"https:\/\/moyahousehold.com\/de\/wp-json\/wp\/v2\/product_cat?post=5016"},{"taxonomy":"product_tag","embeddable":true,"href":"https:\/\/moyahousehold.com\/de\/wp-json\/wp\/v2\/product_tag?post=5016"}],"curies":[{"name":"wp","href":"https:\/\/api.w.org\/{rel}","templated":true}]}}