{"id":5029,"date":"2024-05-22T06:26:05","date_gmt":"2024-05-22T06:26:05","guid":{"rendered":"https:\/\/moyahousehold.com\/?post_type=product&#038;p=5029"},"modified":"2024-11-17T15:16:04","modified_gmt":"2024-11-17T15:16:04","slug":"wholesale-stackable-stainless-steel-lunch-boxes-with-lids","status":"publish","type":"product","link":"https:\/\/moyahousehold.com\/de\/produkt\/wholesale-stackable-stainless-steel-lunch-boxes-with-lids\/","title":{"rendered":"Gro\u00dfhandel stapelbar Edelstahl Lunch-Boxen mit Deckel: Niedliches Design und farbenfrohe Erscheinung"},"content":{"rendered":"<div class=\"wp-block-columns is-layout-flex wp-container-core-columns-is-layout-9d6595d7 wp-block-columns-is-layout-flex\">\n<div class=\"wp-block-column is-layout-flow wp-block-column-is-layout-flow\">\n<h3 class=\"wp-block-heading\">Parameter der stapelbaren Edelstahl-Lunchbox<\/h3>\n<\/div>\n<\/div>\n\n\n\n<p><strong>Material<\/strong>:304+PP   <strong>Farbe<\/strong>:Gr\u00fcn\/Gelb<\/p>\n\n\n\n<figure class=\"wp-block-table\"><table><tbody><tr><td>Modellnummer<\/td><td>Kapazit\u00e4t<\/td><td>Gr\u00f6\u00dfe des Produkts<\/td><td>\u00c4u\u00dfere Gr\u00f6\u00dfe des Kartons<\/td><td>Menge pro Kiste<\/td><td>N.W<\/td><td>G.W\/Koffer<\/td><\/tr><tr><td>MYJD102<\/td><td>550ML<\/td><td>11.5*7.9*7.5<\/td><td>60*50*53<\/td><td>120<\/td><td>0.15<\/td><td>39.36<\/td><\/tr><tr><td>MYJD103<\/td><td>850ML<\/td><td>13.5*9.5*8.5<\/td><td>61*58*60<\/td><td>96<\/td><td>0.21<\/td><td>28.8<\/td><\/tr><tr><td>MYJD104<\/td><td>1500ML<\/td><td>16*11*9.5<\/td><td>67*66*45<\/td><td>60<\/td><td>0.28<\/td><td>24.12<\/td><\/tr><tr><td>MYJD105<\/td><td>2800ML<br>mit Griff<\/td><td>19*13*12.5<\/td><td>68*67*69.5<\/td><td>36<\/td><td>0.47<\/td><td>16.3<\/td><\/tr><\/tbody><\/table><\/figure>\n\n\n\n<h3 class=\"wp-block-heading\">Individuelle Lunchbox-Optionen<\/h3>\n\n\n\n<p><strong>Logo<\/strong>: Gestalten Sie Ihr Markenlogo auf Brotdosen und Verpackungen.<br><strong>Deckel<\/strong>: Glasdeckel, PP-Deckel<br><strong>Logo-Optionen<\/strong>: gedrucktes Logo, lasergraviertes Logo, etc.<br><strong>Muster<\/strong>Druckmuster auf stapelbarer Brotdose<br><strong>Drucktechnik<\/strong>Wassertransferdruck, Siebdruck, W\u00e4rmetransferdruck, usw.<br><strong>Paket<\/strong>:Farbkasten<br><a href=\"https:\/\/moyahousehold.com\/de\/individuelle-losung\/\" data-type=\"page\" data-id=\"2817\"><strong>Entdecken Sie weitere individuelle L\u00f6sungen f\u00fcr Lunchboxen. <\/strong><\/a><\/p>\n\n\n\n<div class=\"wp-block-columns is-layout-flex wp-container-core-columns-is-layout-9d6595d7 wp-block-columns-is-layout-flex\">\n<div class=\"wp-block-column is-layout-flow wp-block-column-is-layout-flow\">\n<figure class=\"wp-block-image size-full\"><img fetchpriority=\"high\" decoding=\"async\" width=\"1500\" height=\"1501\" src=\"https:\/\/moyahousehold.com\/wp-content\/uploads\/2024\/05\/Stackable-Stainless-Steel-Lunch-Box-1.jpg\" alt=\"Stapelbare Lunchbox aus Edelstahl (1)\" class=\"wp-image-9296\" srcset=\"https:\/\/moyahousehold.com\/wp-content\/uploads\/2024\/05\/Stackable-Stainless-Steel-Lunch-Box-1.jpg 1500w, https:\/\/moyahousehold.com\/wp-content\/uploads\/2024\/05\/Stackable-Stainless-Steel-Lunch-Box-1-300x300.jpg 300w, https:\/\/moyahousehold.com\/wp-content\/uploads\/2024\/05\/Stackable-Stainless-Steel-Lunch-Box-1-150x150.jpg 150w, https:\/\/moyahousehold.com\/wp-content\/uploads\/2024\/05\/Stackable-Stainless-Steel-Lunch-Box-1-768x769.jpg 768w, https:\/\/moyahousehold.com\/wp-content\/uploads\/2024\/05\/Stackable-Stainless-Steel-Lunch-Box-1-12x12.jpg 12w, https:\/\/moyahousehold.com\/wp-content\/uploads\/2024\/05\/Stackable-Stainless-Steel-Lunch-Box-1-285x285.jpg 285w, https:\/\/moyahousehold.com\/wp-content\/uploads\/2024\/05\/Stackable-Stainless-Steel-Lunch-Box-1-270x270.jpg 270w, https:\/\/moyahousehold.com\/wp-content\/uploads\/2024\/05\/Stackable-Stainless-Steel-Lunch-Box-1-540x540.jpg 540w, https:\/\/moyahousehold.com\/wp-content\/uploads\/2024\/05\/Stackable-Stainless-Steel-Lunch-Box-1-660x660.jpg 660w\" sizes=\"(max-width: 1500px) 100vw, 1500px\" \/><\/figure>\n<\/div>\n\n\n\n<div class=\"wp-block-column is-layout-flow wp-block-column-is-layout-flow\">\n<figure class=\"wp-block-image size-full\"><img decoding=\"async\" width=\"1500\" height=\"1501\" src=\"https:\/\/moyahousehold.com\/wp-content\/uploads\/2024\/05\/Stackable-Stainless-Steel-Lunch-Box-2.jpg\" alt=\"Stapelbare Lunchbox aus Edelstahl (2)\" class=\"wp-image-9297\" srcset=\"https:\/\/moyahousehold.com\/wp-content\/uploads\/2024\/05\/Stackable-Stainless-Steel-Lunch-Box-2.jpg 1500w, https:\/\/moyahousehold.com\/wp-content\/uploads\/2024\/05\/Stackable-Stainless-Steel-Lunch-Box-2-300x300.jpg 300w, https:\/\/moyahousehold.com\/wp-content\/uploads\/2024\/05\/Stackable-Stainless-Steel-Lunch-Box-2-150x150.jpg 150w, https:\/\/moyahousehold.com\/wp-content\/uploads\/2024\/05\/Stackable-Stainless-Steel-Lunch-Box-2-768x769.jpg 768w, https:\/\/moyahousehold.com\/wp-content\/uploads\/2024\/05\/Stackable-Stainless-Steel-Lunch-Box-2-12x12.jpg 12w, https:\/\/moyahousehold.com\/wp-content\/uploads\/2024\/05\/Stackable-Stainless-Steel-Lunch-Box-2-285x285.jpg 285w, https:\/\/moyahousehold.com\/wp-content\/uploads\/2024\/05\/Stackable-Stainless-Steel-Lunch-Box-2-270x270.jpg 270w, https:\/\/moyahousehold.com\/wp-content\/uploads\/2024\/05\/Stackable-Stainless-Steel-Lunch-Box-2-540x540.jpg 540w, https:\/\/moyahousehold.com\/wp-content\/uploads\/2024\/05\/Stackable-Stainless-Steel-Lunch-Box-2-660x660.jpg 660w\" sizes=\"(max-width: 1500px) 100vw, 1500px\" \/><\/figure>\n<\/div>\n<\/div>","protected":false},"excerpt":{"rendered":"<p>Unsere stapelbaren Edelstahl-Lunchboxen sind die perfekte L\u00f6sung f\u00fcr das moderne Leben und eignen sich f\u00fcr zu Hause, die Schule, das B\u00fcro und Aktivit\u00e4ten im Freien. Das niedliche Aussehen der Brotdose bringt ein gutes Esserlebnis f\u00fcr die Benutzer, und verschiedene Kapazit\u00e4ten erf\u00fcllen die Bed\u00fcrfnisse von Kindern und Erwachsenen. Gro\u00df- und Einzelh\u00e4ndler k\u00f6nnen uns gerne kontaktieren, um Lunchboxen in gro\u00dfen Mengen zu kaufen.<\/p>\n<h3>Merkmale der stapelbaren Lunchbox aus Edelstahl<\/h3>\n<p><strong>Niedliche Form und farbenfrohe Erscheinung:<\/strong> Diese Lunchboxen haben eine Vielzahl von niedlichen Formen und farbenfrohen Erscheinungsbildern. Sie sind nicht nur funktional und praktisch, sondern bringen auch Spa\u00df beim Essen. Ob Kinder oder Erwachsene, sie k\u00f6nnen ihre Lieblingsmodelle finden und bringen Vitalit\u00e4t und Freude in jede Mahlzeit.<\/p>\n<p><strong>Stapelbares Design:<\/strong> Unsere Lunchbox ist platzsparend und l\u00e4sst sich zur Aufbewahrung und zum Transport leicht stapeln. Sie sorgt f\u00fcr mehr Ordnung in der K\u00fcche und im Rucksack und eignet sich f\u00fcr das schnelllebige Leben.<\/p>\n<p><strong>Langlebig und umweltfreundlich:<\/strong> Diese Lunchboxen sind aus hochwertigem Edelstahl gefertigt, der sowohl robust als auch umweltfreundlich ist. Sie k\u00f6nnen h\u00e4ufig verwendet werden und helfen Ihnen, Einwegplastik zu reduzieren und ein gr\u00fcnes Leben zu unterst\u00fctzen.<\/p>\n<p><strong>Super leicht zu reinigen:<\/strong> Die Brotdose hat eine glatte Oberfl\u00e4che und ist sehr leicht zu reinigen. Sie kann mit der Hand oder in der Sp\u00fclmaschine gereinigt werden, was Ihre Zeit spart.<\/p>\n<p><strong>Vielseitig einsetzbar:<\/strong> Diese Lunchbox eignet sich nicht nur f\u00fcr das t\u00e4gliche Mittagessen, sondern auch f\u00fcr Reisen im Freien, Picknicks, Sport und Partys. Sie ist praktisch und bequem und erm\u00f6glicht es Ihnen, jederzeit und \u00fcberall k\u00f6stliche und gesunde Mahlzeiten zu genie\u00dfen.<\/p>\n<p><strong>Fabrikpreise:<\/strong> Wir bieten Fabrikpreise f\u00fcr Gro\u00dfhandels-Lunchboxen, um sicherzustellen, dass Sie qualitativ hochwertige Produkte zu den wettbewerbsf\u00e4higsten Preisen kaufen.<\/p>","protected":false},"featured_media":7619,"comment_status":"closed","ping_status":"closed","template":"","meta":[],"product_cat":[57],"product_tag":[],"class_list":{"0":"post-5029","1":"product","2":"type-product","3":"status-publish","4":"has-post-thumbnail","6":"product_cat-food-storage-container-wholesale","8":"first","9":"instock","10":"shipping-taxable","11":"product-type-simple"},"_links":{"self":[{"href":"https:\/\/moyahousehold.com\/de\/wp-json\/wp\/v2\/product\/5029","targetHints":{"allow":["GET"]}}],"collection":[{"href":"https:\/\/moyahousehold.com\/de\/wp-json\/wp\/v2\/product"}],"about":[{"href":"https:\/\/moyahousehold.com\/de\/wp-json\/wp\/v2\/types\/product"}],"replies":[{"embeddable":true,"href":"https:\/\/moyahousehold.com\/de\/wp-json\/wp\/v2\/comments?post=5029"}],"version-history":[{"count":0,"href":"https:\/\/moyahousehold.com\/de\/wp-json\/wp\/v2\/product\/5029\/revisions"}],"wp:featuredmedia":[{"embeddable":true,"href":"https:\/\/moyahousehold.com\/de\/wp-json\/wp\/v2\/media\/7619"}],"wp:attachment":[{"href":"https:\/\/moyahousehold.com\/de\/wp-json\/wp\/v2\/media?parent=5029"}],"wp:term":[{"taxonomy":"product_cat","embeddable":true,"href":"https:\/\/moyahousehold.com\/de\/wp-json\/wp\/v2\/product_cat?post=5029"},{"taxonomy":"product_tag","embeddable":true,"href":"https:\/\/moyahousehold.com\/de\/wp-json\/wp\/v2\/product_tag?post=5029"}],"curies":[{"name":"wp","href":"https:\/\/api.w.org\/{rel}","templated":true}]}}