{"id":5047,"date":"2024-05-22T07:04:39","date_gmt":"2024-05-22T07:04:39","guid":{"rendered":"https:\/\/moyahousehold.com\/?post_type=product&#038;p=5047"},"modified":"2025-02-05T08:44:07","modified_gmt":"2025-02-05T08:44:07","slug":"wholesale-lunch-boxes-made-of-stainless-steel","status":"publish","type":"product","link":"https:\/\/moyahousehold.com\/de\/produkt\/wholesale-lunch-boxes-made-of-stainless-steel\/","title":{"rendered":"Gro\u00dfhandel 2 Fach Edelstahl Mittagessen Boxen: Unterst\u00fctzung OEM &amp; ODM Anpassung"},"content":{"rendered":"<h2 class=\"wp-block-heading\">Parameter der Lunchbox aus Edelstahl<\/h2>\n\n\n\n<figure class=\"wp-block-table\"><table><tbody><tr><td>Modellnummer<\/td><td>Kapazit\u00e4t<\/td><td>Gr\u00f6\u00dfe des Produkts<\/td><td>\u00c4u\u00dfere Gr\u00f6\u00dfe der Box<\/td><td>Menge pro Kiste<\/td><td>N.W<\/td><td>G.W\/Koffer<\/td><\/tr><tr><td>MYJD002<\/td><td>700ml<\/td><td>21.5*15*7<\/td><td>65*40*70<\/td><td>60<\/td><td>0.43<\/td><td>32.4<\/td><\/tr><tr><td>MYJD003<\/td><td>1000ml<\/td><td>21.5*15*8.5<\/td><td>65*40*70<\/td><td>48<\/td><td>0.5<\/td><td>28.8<\/td><\/tr><\/tbody><\/table><\/figure>\n\n\n\n<h3 class=\"wp-block-heading\">Individuelle Lunchbox-Optionen<\/h3>\n\n\n\n<p><strong>Logo:<\/strong> Ihr eigenes Markenlogo auf Produkt und Verpackung.<br><strong>Logo-Optionen: <\/strong>gedrucktes Logo, lasergraviertes Logo, usw.<br><strong>Muster:<\/strong> Druckmuster <br><strong>Drucktechnik: <\/strong>Wassertransferdruck, Siebdruck, W\u00e4rmetransferdruck, Sublimationstransfer, etc.<br><strong>Verpackung: <\/strong>Farbkasten<br><a href=\"https:\/\/moyahousehold.com\/de\/individuelle-losung\/\"><strong>Mehr Anpassungsm\u00f6glichkeiten entdecken<\/strong><\/a><\/p>\n\n\n\n<div class=\"wp-block-columns is-layout-flex wp-container-core-columns-is-layout-9d6595d7 wp-block-columns-is-layout-flex\">\n<div class=\"wp-block-column is-layout-flow wp-block-column-is-layout-flow\">\n<figure class=\"wp-block-image size-full\"><img fetchpriority=\"high\" decoding=\"async\" width=\"1500\" height=\"1500\" src=\"https:\/\/moyahousehold.com\/wp-content\/uploads\/2024\/05\/stainless-steel-lunch-box-detail-1-1.jpg\" alt=\"Edelstahl-Lunchbox Detail (1)\" class=\"wp-image-8871\" srcset=\"https:\/\/moyahousehold.com\/wp-content\/uploads\/2024\/05\/stainless-steel-lunch-box-detail-1-1.jpg 1500w, https:\/\/moyahousehold.com\/wp-content\/uploads\/2024\/05\/stainless-steel-lunch-box-detail-1-1-300x300.jpg 300w, https:\/\/moyahousehold.com\/wp-content\/uploads\/2024\/05\/stainless-steel-lunch-box-detail-1-1-150x150.jpg 150w, https:\/\/moyahousehold.com\/wp-content\/uploads\/2024\/05\/stainless-steel-lunch-box-detail-1-1-768x768.jpg 768w, https:\/\/moyahousehold.com\/wp-content\/uploads\/2024\/05\/stainless-steel-lunch-box-detail-1-1-12x12.jpg 12w, https:\/\/moyahousehold.com\/wp-content\/uploads\/2024\/05\/stainless-steel-lunch-box-detail-1-1-285x285.jpg 285w, https:\/\/moyahousehold.com\/wp-content\/uploads\/2024\/05\/stainless-steel-lunch-box-detail-1-1-270x270.jpg 270w, https:\/\/moyahousehold.com\/wp-content\/uploads\/2024\/05\/stainless-steel-lunch-box-detail-1-1-540x540.jpg 540w, https:\/\/moyahousehold.com\/wp-content\/uploads\/2024\/05\/stainless-steel-lunch-box-detail-1-1-660x660.jpg 660w\" sizes=\"(max-width: 1500px) 100vw, 1500px\" \/><\/figure>\n<\/div>\n\n\n\n<div class=\"wp-block-column is-layout-flow wp-block-column-is-layout-flow\">\n<figure class=\"wp-block-image size-full\"><img decoding=\"async\" width=\"1500\" height=\"1500\" src=\"https:\/\/moyahousehold.com\/wp-content\/uploads\/2024\/05\/stainless-steel-lunch-box-detail-2-1.jpg\" alt=\"Edelstahl-Lunchbox Detail (2)\" class=\"wp-image-8872\" srcset=\"https:\/\/moyahousehold.com\/wp-content\/uploads\/2024\/05\/stainless-steel-lunch-box-detail-2-1.jpg 1500w, https:\/\/moyahousehold.com\/wp-content\/uploads\/2024\/05\/stainless-steel-lunch-box-detail-2-1-300x300.jpg 300w, https:\/\/moyahousehold.com\/wp-content\/uploads\/2024\/05\/stainless-steel-lunch-box-detail-2-1-150x150.jpg 150w, https:\/\/moyahousehold.com\/wp-content\/uploads\/2024\/05\/stainless-steel-lunch-box-detail-2-1-768x768.jpg 768w, https:\/\/moyahousehold.com\/wp-content\/uploads\/2024\/05\/stainless-steel-lunch-box-detail-2-1-12x12.jpg 12w, https:\/\/moyahousehold.com\/wp-content\/uploads\/2024\/05\/stainless-steel-lunch-box-detail-2-1-285x285.jpg 285w, https:\/\/moyahousehold.com\/wp-content\/uploads\/2024\/05\/stainless-steel-lunch-box-detail-2-1-270x270.jpg 270w, https:\/\/moyahousehold.com\/wp-content\/uploads\/2024\/05\/stainless-steel-lunch-box-detail-2-1-540x540.jpg 540w, https:\/\/moyahousehold.com\/wp-content\/uploads\/2024\/05\/stainless-steel-lunch-box-detail-2-1-660x660.jpg 660w\" sizes=\"(max-width: 1500px) 100vw, 1500px\" \/><\/figure>\n<\/div>\n<\/div>\n\n\n\n<div class=\"wp-block-columns is-layout-flex wp-container-core-columns-is-layout-9d6595d7 wp-block-columns-is-layout-flex\">\n<div class=\"wp-block-column is-layout-flow wp-block-column-is-layout-flow\"><\/div>\n\n\n\n<div class=\"wp-block-column is-layout-flow wp-block-column-is-layout-flow\"><\/div>\n<\/div>","protected":false},"excerpt":{"rendered":"<p>Gro\u00dfhandel hochwertige Edelstahl-Lunch-Boxen, unterst\u00fctzen wir OEM &amp; ODM kundenspezifische Lunch-Box Dienstleistungen, und bieten eine Vielzahl von Anpassungsm\u00f6glichkeiten, einschlie\u00dflich Farbauswahl, Logo-Druck zu Verpackungsdesign. Machen Sie Ihre Produkte markenspezifischer und wettbewerbsf\u00e4higer. Ob es sich um ein Catering-Unternehmen, eine Schule, ein Unternehmen oder eine Familie, unsere Edelstahl-Lunch-Boxen sind Ihre ideale Wahl.<\/p>\n<h3>Eigenschaften und Vorteile der Bento Box<\/h3>\n<p><strong>Hochwertiges Material aus rostfreiem Stahl 304:<\/strong> Er ist aus lebensmittelechtem Edelstahl gefertigt und entspricht den internationalen Zertifizierungsstandards, um die Lebensmittelsicherheit und Gesundheit zu gew\u00e4hrleisten.<\/p>\n<p><strong>Versiegelte Ausf\u00fchrung:<\/strong> Ausgestattet mit einem Silikondichtungsring und einem vierseitigen Schnallenverschluss, der das Auslaufen von fl\u00fcssigen Lebensmitteln im Inneren verhindert.<\/p>\n<p><strong>Transparente obere Abdeckung:<\/strong> Der transparente Deckel erm\u00f6glicht eine einfache Kontrolle des Inhalts, ohne die Lunchbox \u00f6ffnen zu m\u00fcssen.<\/p>\n<p><strong>Modisches und einfaches Design:<\/strong> Diese Lunchbox hat schlichte Farben und sch\u00f6ne Formen, die zu verschiedenen Szenen passen und das Esserlebnis verbessern.<\/p>\n<p><strong>Unterst\u00fctzung von OEM und ODM:\u00a0<\/strong> Ma\u00dfgeschneiderte Dienstleistungen, um die pers\u00f6nlichen Bed\u00fcrfnisse der Kunden zu erf\u00fcllen, geeignet f\u00fcr Gro\u00dfeink\u00e4ufe und Markenanpassung.<\/p>","protected":false},"featured_media":8869,"comment_status":"closed","ping_status":"closed","template":"","meta":[],"product_cat":[58],"product_tag":[87,92],"class_list":{"0":"post-5047","1":"product","2":"type-product","3":"status-publish","4":"has-post-thumbnail","6":"product_cat-lunch-box-wholesale","7":"product_tag-wholesale-multi-compartment-lunch-box","8":"product_tag-wholesale-rectangle-lunch-box","10":"first","11":"instock","12":"shipping-taxable","13":"product-type-simple"},"_links":{"self":[{"href":"https:\/\/moyahousehold.com\/de\/wp-json\/wp\/v2\/product\/5047","targetHints":{"allow":["GET"]}}],"collection":[{"href":"https:\/\/moyahousehold.com\/de\/wp-json\/wp\/v2\/product"}],"about":[{"href":"https:\/\/moyahousehold.com\/de\/wp-json\/wp\/v2\/types\/product"}],"replies":[{"embeddable":true,"href":"https:\/\/moyahousehold.com\/de\/wp-json\/wp\/v2\/comments?post=5047"}],"version-history":[{"count":0,"href":"https:\/\/moyahousehold.com\/de\/wp-json\/wp\/v2\/product\/5047\/revisions"}],"wp:featuredmedia":[{"embeddable":true,"href":"https:\/\/moyahousehold.com\/de\/wp-json\/wp\/v2\/media\/8869"}],"wp:attachment":[{"href":"https:\/\/moyahousehold.com\/de\/wp-json\/wp\/v2\/media?parent=5047"}],"wp:term":[{"taxonomy":"product_cat","embeddable":true,"href":"https:\/\/moyahousehold.com\/de\/wp-json\/wp\/v2\/product_cat?post=5047"},{"taxonomy":"product_tag","embeddable":true,"href":"https:\/\/moyahousehold.com\/de\/wp-json\/wp\/v2\/product_tag?post=5047"}],"curies":[{"name":"wp","href":"https:\/\/api.w.org\/{rel}","templated":true}]}}