{"id":5059,"date":"2024-05-22T07:25:14","date_gmt":"2024-05-22T07:25:14","guid":{"rendered":"https:\/\/moyahousehold.com\/?post_type=product&#038;p=5059"},"modified":"2025-02-05T08:43:51","modified_gmt":"2025-02-05T08:43:51","slug":"wholesale-compartment-stainless-steel-lunch-box-leak-proof","status":"publish","type":"product","link":"https:\/\/moyahousehold.com\/de\/produkt\/wholesale-compartment-stainless-steel-lunch-box-leak-proof\/","title":{"rendered":"Gro\u00dfhandel Double Compartment Edelstahl Lunch Box Leak Proof"},"content":{"rendered":"<h2 class=\"wp-block-heading\">Parameter der Double Compartment Lunch Box aus Edelstahl<\/h2>\n\n\n\n<p>Material:304+PP Farbe:Rosa\/Blau\/Gr\u00fcn <\/p>\n\n\n\n<figure class=\"wp-block-table\"><table><tbody><tr><td>Modellnummer<\/td><td>Kapazit\u00e4t<\/td><td>Gr\u00f6\u00dfe des Produkts<\/td><td>\u00c4u\u00dfere Gr\u00f6\u00dfe der Box<\/td><td>Menge pro Kiste<\/td><td>N.W<\/td><td>G.W\/Koffer<\/td><\/tr><tr><td>MYJD004<\/td><td>350ml<\/td><td>15*11*6<\/td><td>47*35.5*48.5<\/td><td>60<\/td><td>0.18&nbsp;<\/td><td>22.8<\/td><\/tr><tr><td>MYJD005<\/td><td>550ml<\/td><td>17*13*6.5<\/td><td>54*31*54<\/td><td>48<\/td><td>0.24&nbsp;<\/td><td>21.12<\/td><\/tr><tr><td>MYJD006<\/td><td>850ml<\/td><td>19*14*7<\/td><td>62*34*47.5<\/td><td>36<\/td><td>0.31&nbsp;<\/td><td>18.36<\/td><\/tr><\/tbody><\/table><\/figure>\n\n\n\n<h3 class=\"wp-block-heading\">Individuelle Lunchbox-Optionen<\/h3>\n\n\n\n<p><strong>Logo<\/strong>: Ihr Markenlogo auf Produkt und Verpackung.<br><strong>Logo-Optionen<\/strong>: gedrucktes Logo, lasergraviertes Logo, etc.<br><strong>Muster<\/strong>: Druckmuster <br><strong>Drucktechnik<\/strong>Wassertransferdruck, Siebdruck, W\u00e4rmetransferdruck, Sublimationstransfer, etc.<br><strong>Paket<\/strong>:Farbkasten<br><a href=\"https:\/\/moyahousehold.com\/de\/individuelle-losung\/\"><strong>Erfahren Sie mehr \u00fcber individuelle Lunchbox-L\u00f6sungen <\/strong><\/a><br><br><\/p>\n\n\n\n<div class=\"wp-block-columns is-layout-flex wp-container-core-columns-is-layout-9d6595d7 wp-block-columns-is-layout-flex\">\n<div class=\"wp-block-column is-layout-flow wp-block-column-is-layout-flow\">\n<figure class=\"wp-block-image size-full\"><img fetchpriority=\"high\" decoding=\"async\" width=\"1500\" height=\"1500\" src=\"https:\/\/moyahousehold.com\/wp-content\/uploads\/2024\/05\/Double-Compartment-Stainless-Steel-Lunch-Box-Display-3.jpg\" alt=\"Double Compartment Edelstahl Lunch Box Display (3)\" class=\"wp-image-8619\" srcset=\"https:\/\/moyahousehold.com\/wp-content\/uploads\/2024\/05\/Double-Compartment-Stainless-Steel-Lunch-Box-Display-3.jpg 1500w, https:\/\/moyahousehold.com\/wp-content\/uploads\/2024\/05\/Double-Compartment-Stainless-Steel-Lunch-Box-Display-3-300x300.jpg 300w, https:\/\/moyahousehold.com\/wp-content\/uploads\/2024\/05\/Double-Compartment-Stainless-Steel-Lunch-Box-Display-3-150x150.jpg 150w, https:\/\/moyahousehold.com\/wp-content\/uploads\/2024\/05\/Double-Compartment-Stainless-Steel-Lunch-Box-Display-3-768x768.jpg 768w, https:\/\/moyahousehold.com\/wp-content\/uploads\/2024\/05\/Double-Compartment-Stainless-Steel-Lunch-Box-Display-3-12x12.jpg 12w, https:\/\/moyahousehold.com\/wp-content\/uploads\/2024\/05\/Double-Compartment-Stainless-Steel-Lunch-Box-Display-3-285x285.jpg 285w, https:\/\/moyahousehold.com\/wp-content\/uploads\/2024\/05\/Double-Compartment-Stainless-Steel-Lunch-Box-Display-3-270x270.jpg 270w, https:\/\/moyahousehold.com\/wp-content\/uploads\/2024\/05\/Double-Compartment-Stainless-Steel-Lunch-Box-Display-3-540x540.jpg 540w, https:\/\/moyahousehold.com\/wp-content\/uploads\/2024\/05\/Double-Compartment-Stainless-Steel-Lunch-Box-Display-3-660x660.jpg 660w\" sizes=\"(max-width: 1500px) 100vw, 1500px\" \/><\/figure>\n<\/div>\n\n\n\n<div class=\"wp-block-column is-layout-flow wp-block-column-is-layout-flow\">\n<figure class=\"wp-block-image size-full\"><img decoding=\"async\" width=\"1500\" height=\"1500\" src=\"https:\/\/moyahousehold.com\/wp-content\/uploads\/2024\/05\/Double-Compartment-Stainless-Steel-Lunch-Box-Display-4.jpg\" alt=\"Double Compartment Edelstahl Lunch Box Display (4)\" class=\"wp-image-8620\" srcset=\"https:\/\/moyahousehold.com\/wp-content\/uploads\/2024\/05\/Double-Compartment-Stainless-Steel-Lunch-Box-Display-4.jpg 1500w, https:\/\/moyahousehold.com\/wp-content\/uploads\/2024\/05\/Double-Compartment-Stainless-Steel-Lunch-Box-Display-4-300x300.jpg 300w, https:\/\/moyahousehold.com\/wp-content\/uploads\/2024\/05\/Double-Compartment-Stainless-Steel-Lunch-Box-Display-4-150x150.jpg 150w, https:\/\/moyahousehold.com\/wp-content\/uploads\/2024\/05\/Double-Compartment-Stainless-Steel-Lunch-Box-Display-4-768x768.jpg 768w, https:\/\/moyahousehold.com\/wp-content\/uploads\/2024\/05\/Double-Compartment-Stainless-Steel-Lunch-Box-Display-4-12x12.jpg 12w, https:\/\/moyahousehold.com\/wp-content\/uploads\/2024\/05\/Double-Compartment-Stainless-Steel-Lunch-Box-Display-4-285x285.jpg 285w, https:\/\/moyahousehold.com\/wp-content\/uploads\/2024\/05\/Double-Compartment-Stainless-Steel-Lunch-Box-Display-4-270x270.jpg 270w, https:\/\/moyahousehold.com\/wp-content\/uploads\/2024\/05\/Double-Compartment-Stainless-Steel-Lunch-Box-Display-4-540x540.jpg 540w, https:\/\/moyahousehold.com\/wp-content\/uploads\/2024\/05\/Double-Compartment-Stainless-Steel-Lunch-Box-Display-4-660x660.jpg 660w\" sizes=\"(max-width: 1500px) 100vw, 1500px\" \/><\/figure>\n<\/div>\n<\/div>","protected":false},"excerpt":{"rendered":"<p>Gro\u00dfhandel Fach Edelstahl Lunch-Box, mit guten auslaufsicheres Design, und leicht zu tragen. Es gibt drei Gr\u00f6\u00dfen von 350ml, 550ml, 750ml zur Auswahl. Geeignet f\u00fcr B\u00fcro, Schule, Picknick im Freien und andere Szenen. Wir bieten Gro\u00dfhandel Fach Edelstahl-Lunch-Box zum Fabrikpreis, willkommen, uns zu kontaktieren.<\/p>\n<h3>Eigenschaften und Vorteile der Double Compartment Stainless Steel Lunch Box<\/h3>\n<p><strong>Minimalistisches Aussehen:<\/strong> Diese Lunchbox aus rostfreiem Stahl hat ein minimalistisches Farbdesign und ist in den drei Farben Rosa, Gelb und Blau erh\u00e4ltlich, die f\u00fcr mehrere Personen geeignet sind.<\/p>\n<p><strong>Leicht und praktisch:<\/strong> Diese Lunchbox aus Edelstahl hat ein geringes Gewicht und kann leicht in einen Rucksack gesteckt werden. Sie eignet sich f\u00fcr das t\u00e4gliche Pendeln, Gesch\u00e4ftsreisen oder Outdoor-Aktivit\u00e4ten.<\/p>\n<p><strong>Mehrere Gr\u00f6\u00dfenoptionen:<\/strong> Wir bieten Lunchboxen mit einem Fassungsverm\u00f6gen von 350 ml, 550 ml und 850 ml an, so dass sowohl Erwachsene als auch Kinder die passende Auswahl haben.<\/p>\n<p><strong>Auslaufsichere Konstruktion:<\/strong> Diese Edelstahl-Lunchbox verf\u00fcgt \u00fcber das beste auslaufsichere Design, das ein versehentliches Auslaufen und Vermischen von Lebensmitteln effektiv verhindert, wodurch sie sicherer zu verwenden ist<\/p>\n<p><strong>Beispielhafte Unterst\u00fctzung:<\/strong> Wir bieten kostenlose Edelstahl-Lunchbox-Proben an, damit Sie unsere Produkte besser verstehen k\u00f6nnen.<\/p>\n<p><strong>Ma\u00dfgeschneiderter Service:<\/strong> Wenn Sie das Gef\u00fchl haben, dass das Aussehen oder die Gr\u00f6\u00dfe dieser 304 Edelstahl-Lunchbox nicht geeignet ist, bieten wir eingehende kundenspezifische Lunch-Box-L\u00f6sungen, um eine ideale Lunch-Box f\u00fcr Sie anpassen.<\/p>\n<p>&nbsp;<\/p>","protected":false},"featured_media":8608,"comment_status":"closed","ping_status":"closed","template":"","meta":[],"product_cat":[58],"product_tag":[87,92],"class_list":{"0":"post-5059","1":"product","2":"type-product","3":"status-publish","4":"has-post-thumbnail","6":"product_cat-lunch-box-wholesale","7":"product_tag-wholesale-multi-compartment-lunch-box","8":"product_tag-wholesale-rectangle-lunch-box","10":"first","11":"instock","12":"shipping-taxable","13":"product-type-simple"},"_links":{"self":[{"href":"https:\/\/moyahousehold.com\/de\/wp-json\/wp\/v2\/product\/5059","targetHints":{"allow":["GET"]}}],"collection":[{"href":"https:\/\/moyahousehold.com\/de\/wp-json\/wp\/v2\/product"}],"about":[{"href":"https:\/\/moyahousehold.com\/de\/wp-json\/wp\/v2\/types\/product"}],"replies":[{"embeddable":true,"href":"https:\/\/moyahousehold.com\/de\/wp-json\/wp\/v2\/comments?post=5059"}],"version-history":[{"count":0,"href":"https:\/\/moyahousehold.com\/de\/wp-json\/wp\/v2\/product\/5059\/revisions"}],"wp:featuredmedia":[{"embeddable":true,"href":"https:\/\/moyahousehold.com\/de\/wp-json\/wp\/v2\/media\/8608"}],"wp:attachment":[{"href":"https:\/\/moyahousehold.com\/de\/wp-json\/wp\/v2\/media?parent=5059"}],"wp:term":[{"taxonomy":"product_cat","embeddable":true,"href":"https:\/\/moyahousehold.com\/de\/wp-json\/wp\/v2\/product_cat?post=5059"},{"taxonomy":"product_tag","embeddable":true,"href":"https:\/\/moyahousehold.com\/de\/wp-json\/wp\/v2\/product_tag?post=5059"}],"curies":[{"name":"wp","href":"https:\/\/api.w.org\/{rel}","templated":true}]}}