{"id":5098,"date":"2024-05-22T08:38:26","date_gmt":"2024-05-22T08:38:26","guid":{"rendered":"https:\/\/moyahousehold.com\/?post_type=product&#038;p=5098"},"modified":"2025-02-05T08:43:04","modified_gmt":"2025-02-05T08:43:04","slug":"stainless-steel-lunch-box-with-removable-compartments","status":"publish","type":"product","link":"https:\/\/moyahousehold.com\/de\/produkt\/benutzerdefinierte-kein-kreuz-geschmack-insualted-lunch-box-groshandel\/","title":{"rendered":"Gro\u00dfhandel Edelstahl Lunch Box mit abnehmbaren F\u00e4chern"},"content":{"rendered":"<h3 class=\"wp-block-heading\">Parameter der Lunchbox aus Edelstahl<\/h3>\n\n\n\n<p><strong>Material:<\/strong>304 + PP <strong> Farbe:<\/strong>blau\/beige\/rosa<\/p>\n\n\n\n<figure class=\"wp-block-table\"><table><tbody><tr><td>Modellnummer<\/td><td>Kapazit\u00e4t<\/td><td>Gr\u00f6\u00dfe des Produkts<\/td><td>\u00c4u\u00dfere Gr\u00f6\u00dfe der Box<\/td><td>Menge pro Kiste<\/td><td>N.W<\/td><td>G.W\/Koffer<\/td><\/tr><tr><td>MYJD007<\/td><td>Zwei\/drei F\u00e4cher<\/td><td>24*17*6<\/td><td>52*50*53<\/td><td>36<\/td><td>0.42&nbsp;<\/td><td>22.32<\/td><\/tr><\/tbody><\/table><\/figure>\n\n\n\n<h3 class=\"wp-block-heading\">Individuelle Edelstahl-Lunchbox-Optionen<\/h3>\n\n\n\n<p><strong>Logo<\/strong>: Gestalten Sie Ihr Markenlogo auf der Lunchbox aus Edelstahl und der Verpackung.<br><strong>Deckel<\/strong>: W\u00e4hlen Sie einen Glas- oder PP-Deckel f\u00fcr Ihre Lunchbox aus Edelstahl.<br><strong>Logo-Optionen<\/strong>: Wir bieten Lasergravur oder Thermotransferverfahren an, um Ihr Logo auf der Brotdose zu gestalten.<br><strong>Muster<\/strong>: Druckmuster auf Brotdose.<br><strong>Drucktechnik<\/strong>: Wir bieten Siebdruck, Thermotransferdruck und Wassertransferdruck an, um Muster f\u00fcr Brotdosen zu gestalten.<br><strong>Paket<\/strong>Sie k\u00f6nnen uns die Datei senden und wir werden die Farbe des Lebensmittelbeh\u00e4lters Box f\u00fcr Sie anpassenErkunden Sie mehr Anpassungen<br><a href=\"https:\/\/moyahousehold.com\/de\/individuelle-losung\/\"><strong>Erfahren Sie mehr \u00fcber ma\u00dfgeschneiderte Lunchbox-L\u00f6sungen<\/strong><\/a><br><\/p>\n\n\n\n<div class=\"wp-block-columns is-layout-flex wp-container-core-columns-is-layout-9d6595d7 wp-block-columns-is-layout-flex\">\n<div class=\"wp-block-column is-layout-flow wp-block-column-is-layout-flow\">\n<figure class=\"wp-block-image size-full\"><img fetchpriority=\"high\" decoding=\"async\" width=\"2000\" height=\"2000\" src=\"https:\/\/moyahousehold.com\/wp-content\/uploads\/2024\/05\/stainless-steel-lunch-box-detail-1.jpg\" alt=\"Edelstahl-Lunchbox Detail (1)\" class=\"wp-image-8676\" srcset=\"https:\/\/moyahousehold.com\/wp-content\/uploads\/2024\/05\/stainless-steel-lunch-box-detail-1.jpg 2000w, https:\/\/moyahousehold.com\/wp-content\/uploads\/2024\/05\/stainless-steel-lunch-box-detail-1-300x300.jpg 300w, https:\/\/moyahousehold.com\/wp-content\/uploads\/2024\/05\/stainless-steel-lunch-box-detail-1-150x150.jpg 150w, https:\/\/moyahousehold.com\/wp-content\/uploads\/2024\/05\/stainless-steel-lunch-box-detail-1-768x768.jpg 768w, https:\/\/moyahousehold.com\/wp-content\/uploads\/2024\/05\/stainless-steel-lunch-box-detail-1-12x12.jpg 12w, https:\/\/moyahousehold.com\/wp-content\/uploads\/2024\/05\/stainless-steel-lunch-box-detail-1-285x285.jpg 285w, https:\/\/moyahousehold.com\/wp-content\/uploads\/2024\/05\/stainless-steel-lunch-box-detail-1-1600x1600.jpg 1600w, https:\/\/moyahousehold.com\/wp-content\/uploads\/2024\/05\/stainless-steel-lunch-box-detail-1-270x270.jpg 270w, https:\/\/moyahousehold.com\/wp-content\/uploads\/2024\/05\/stainless-steel-lunch-box-detail-1-540x540.jpg 540w, https:\/\/moyahousehold.com\/wp-content\/uploads\/2024\/05\/stainless-steel-lunch-box-detail-1-660x660.jpg 660w\" sizes=\"(max-width: 2000px) 100vw, 2000px\" \/><\/figure>\n<\/div>\n\n\n\n<div class=\"wp-block-column is-layout-flow wp-block-column-is-layout-flow\">\n<figure class=\"wp-block-image size-full\"><img decoding=\"async\" width=\"2000\" height=\"2000\" src=\"https:\/\/moyahousehold.com\/wp-content\/uploads\/2024\/05\/stainless-steel-lunch-box-detail-2.jpg\" alt=\"Edelstahl-Lunchbox Detail (2)\" class=\"wp-image-8677\" srcset=\"https:\/\/moyahousehold.com\/wp-content\/uploads\/2024\/05\/stainless-steel-lunch-box-detail-2.jpg 2000w, https:\/\/moyahousehold.com\/wp-content\/uploads\/2024\/05\/stainless-steel-lunch-box-detail-2-300x300.jpg 300w, https:\/\/moyahousehold.com\/wp-content\/uploads\/2024\/05\/stainless-steel-lunch-box-detail-2-150x150.jpg 150w, https:\/\/moyahousehold.com\/wp-content\/uploads\/2024\/05\/stainless-steel-lunch-box-detail-2-768x768.jpg 768w, https:\/\/moyahousehold.com\/wp-content\/uploads\/2024\/05\/stainless-steel-lunch-box-detail-2-12x12.jpg 12w, https:\/\/moyahousehold.com\/wp-content\/uploads\/2024\/05\/stainless-steel-lunch-box-detail-2-285x285.jpg 285w, https:\/\/moyahousehold.com\/wp-content\/uploads\/2024\/05\/stainless-steel-lunch-box-detail-2-1600x1600.jpg 1600w, https:\/\/moyahousehold.com\/wp-content\/uploads\/2024\/05\/stainless-steel-lunch-box-detail-2-270x270.jpg 270w, https:\/\/moyahousehold.com\/wp-content\/uploads\/2024\/05\/stainless-steel-lunch-box-detail-2-540x540.jpg 540w, https:\/\/moyahousehold.com\/wp-content\/uploads\/2024\/05\/stainless-steel-lunch-box-detail-2-660x660.jpg 660w\" sizes=\"(max-width: 2000px) 100vw, 2000px\" \/><\/figure>\n<\/div>\n<\/div>","protected":false},"excerpt":{"rendered":"<p>Gro\u00dfhandel Edelstahl Lunch-Box mit herausnehmbaren F\u00e4chern, herausnehmbare F\u00e4cher k\u00f6nnen in der Sp\u00fclmaschine f\u00fcr die Reinigung gesetzt werden, sparen Sie Ihre Zeit. Wir bieten drei Farben zur Auswahl, sehr geeignet f\u00fcr den Einzelhandel, begr\u00fc\u00dfen Gro\u00dfh\u00e4ndler und Distributoren, uns f\u00fcr den Kauf zu kontaktieren.<\/p>\n<h3>Eigenschaften und Vorteile der isolierten Lunchbox aus Edelstahl\u00a0<\/h3>\n<p><strong>Gestaltung der Trennwand:<\/strong> Die Lunchbox hat zwei F\u00e4cher im Inneren, in denen verschiedene Lebensmittel verpackt werden k\u00f6nnen und der urspr\u00fcngliche Geschmack der Lebensmittel erhalten bleibt.<\/p>\n<p><strong>Herausnehmbare F\u00e4cher:<\/strong> Diese Lunchbox hat herausnehmbare F\u00e4cher und kann in der Sp\u00fclmaschine gereinigt werden, was die Reinigung bequemer und zeitsparender macht.<\/p>\n<p><strong>Tragbar:<\/strong> Diese Lunchbox hat einen festen Verschluss und einen praktischen Griff, der leicht zu transportieren ist und sich f\u00fcr B\u00fcroangestellte, Studenten und andere Personen eignet, die ausw\u00e4rts essen.<\/p>\n<p><strong>Umweltfreundlich und gesund:<\/strong> Diese Lunchbox ist aus lebensmittelechtem Edelstahl gefertigt, der sicher, zuverl\u00e4ssig, wiederverwendbar und umweltfreundlich ist.<\/p>\n<p><strong>OEM&amp;ODM-Anpassung:<\/strong> Als professioneller Hersteller von Lunchboxen bieten wir ma\u00dfgeschneiderte Lunchboxen aus einer Hand an, einschlie\u00dflich kundenspezifischer Formen, Materialien, Verpackungen und mehr.<\/p>","protected":false},"featured_media":8678,"comment_status":"closed","ping_status":"closed","template":"","meta":[],"product_cat":[58],"product_tag":[87,92],"class_list":{"0":"post-5098","1":"product","2":"type-product","3":"status-publish","4":"has-post-thumbnail","6":"product_cat-lunch-box-wholesale","7":"product_tag-wholesale-multi-compartment-lunch-box","8":"product_tag-wholesale-rectangle-lunch-box","10":"first","11":"instock","12":"shipping-taxable","13":"product-type-simple"},"_links":{"self":[{"href":"https:\/\/moyahousehold.com\/de\/wp-json\/wp\/v2\/product\/5098","targetHints":{"allow":["GET"]}}],"collection":[{"href":"https:\/\/moyahousehold.com\/de\/wp-json\/wp\/v2\/product"}],"about":[{"href":"https:\/\/moyahousehold.com\/de\/wp-json\/wp\/v2\/types\/product"}],"replies":[{"embeddable":true,"href":"https:\/\/moyahousehold.com\/de\/wp-json\/wp\/v2\/comments?post=5098"}],"version-history":[{"count":0,"href":"https:\/\/moyahousehold.com\/de\/wp-json\/wp\/v2\/product\/5098\/revisions"}],"wp:featuredmedia":[{"embeddable":true,"href":"https:\/\/moyahousehold.com\/de\/wp-json\/wp\/v2\/media\/8678"}],"wp:attachment":[{"href":"https:\/\/moyahousehold.com\/de\/wp-json\/wp\/v2\/media?parent=5098"}],"wp:term":[{"taxonomy":"product_cat","embeddable":true,"href":"https:\/\/moyahousehold.com\/de\/wp-json\/wp\/v2\/product_cat?post=5098"},{"taxonomy":"product_tag","embeddable":true,"href":"https:\/\/moyahousehold.com\/de\/wp-json\/wp\/v2\/product_tag?post=5098"}],"curies":[{"name":"wp","href":"https:\/\/api.w.org\/{rel}","templated":true}]}}