{"id":5111,"date":"2024-05-22T08:55:33","date_gmt":"2024-05-22T08:55:33","guid":{"rendered":"https:\/\/moyahousehold.com\/?post_type=product&#038;p=5111"},"modified":"2025-02-05T08:42:47","modified_gmt":"2025-02-05T08:42:47","slug":"wholesale-stylish-lunch-boxes-for-women","status":"publish","type":"product","link":"https:\/\/moyahousehold.com\/de\/produkt\/wholesale-stylish-lunch-boxes-for-women\/","title":{"rendered":"Gro\u00dfhandel stilvolle Lunch-Boxen f\u00fcr Frauen: Kreatives Design, inspiriert von Handtaschen"},"content":{"rendered":"<h2 class=\"wp-block-heading\">Parameter der stilvollen Lunchbox<\/h2>\n\n\n\n<p><strong>Material:<\/strong>304 + PP <strong> Farbe:<\/strong>Beige\/Khaki<\/p>\n\n\n\n<figure class=\"wp-block-table\"><table><tbody><tr><td>Modellnummer<\/td><td>Kapazit\u00e4t<\/td><td>Gr\u00f6\u00dfe des Produkts<\/td><td>\u00c4u\u00dfere Gr\u00f6\u00dfe der Box<\/td><td>Menge pro Kiste<\/td><td>N.W<\/td><td>G.W\/Koffer<\/td><\/tr><tr><td>MYJD086<\/td><td>Einzelne Schicht<\/td><td>23*14.5*8.5<\/td><td>64*55*51<\/td><td>48<\/td><td>0.55<\/td><td>30.4<\/td><\/tr><tr><td>MYJD087<\/td><td>Doppelte Schichten<\/td><td>23*14.5*14.5<\/td><td>63*50*47<\/td><td>24<\/td><td>0.94<\/td><td>25.56<\/td><\/tr><\/tbody><\/table><\/figure>\n\n\n\n<h3 class=\"wp-block-heading\">Individuelle Lunchbox-Optionen<\/h3>\n\n\n\n<p><strong>Logo:<\/strong> Ihr Markenlogo auf Produkt und Verpackung anbringen.<br><strong>Logo-Optionen: <\/strong>gedrucktes Logo, lasergraviertes Logo, usw.<br><strong>Muster:<\/strong> Druckmuster <br><strong>Drucktechnik: <\/strong>Wassertransferdruck, Siebdruck, W\u00e4rmetransferdruck, Sublimationstransfer, etc.<br><strong>Verpackung:<\/strong>Farbkasten<br><a href=\"https:\/\/moyahousehold.com\/de\/individuelle-losung\/\"><strong>Erfahren Sie mehr \u00fcber die individuelle Lunchbox-L\u00f6sung<\/strong>.<\/a><br><br><\/p>\n\n\n\n<div class=\"wp-block-columns is-layout-flex wp-container-core-columns-is-layout-9d6595d7 wp-block-columns-is-layout-flex\">\n<div class=\"wp-block-column is-layout-flow wp-block-column-is-layout-flow\">\n<figure class=\"wp-block-image size-full\"><img fetchpriority=\"high\" decoding=\"async\" width=\"1500\" height=\"1500\" src=\"https:\/\/moyahousehold.com\/wp-content\/uploads\/2024\/05\/white-single-layer-stylish-lunch-box.jpg\" alt=\"wei\u00dfe einlagige stilvolle Brotdose\" class=\"wp-image-8789\" srcset=\"https:\/\/moyahousehold.com\/wp-content\/uploads\/2024\/05\/white-single-layer-stylish-lunch-box.jpg 1500w, https:\/\/moyahousehold.com\/wp-content\/uploads\/2024\/05\/white-single-layer-stylish-lunch-box-300x300.jpg 300w, https:\/\/moyahousehold.com\/wp-content\/uploads\/2024\/05\/white-single-layer-stylish-lunch-box-150x150.jpg 150w, https:\/\/moyahousehold.com\/wp-content\/uploads\/2024\/05\/white-single-layer-stylish-lunch-box-768x768.jpg 768w, https:\/\/moyahousehold.com\/wp-content\/uploads\/2024\/05\/white-single-layer-stylish-lunch-box-12x12.jpg 12w, https:\/\/moyahousehold.com\/wp-content\/uploads\/2024\/05\/white-single-layer-stylish-lunch-box-285x285.jpg 285w, https:\/\/moyahousehold.com\/wp-content\/uploads\/2024\/05\/white-single-layer-stylish-lunch-box-270x270.jpg 270w, https:\/\/moyahousehold.com\/wp-content\/uploads\/2024\/05\/white-single-layer-stylish-lunch-box-540x540.jpg 540w, https:\/\/moyahousehold.com\/wp-content\/uploads\/2024\/05\/white-single-layer-stylish-lunch-box-660x660.jpg 660w\" sizes=\"(max-width: 1500px) 100vw, 1500px\" \/><\/figure>\n<\/div>\n\n\n\n<div class=\"wp-block-column is-layout-flow wp-block-column-is-layout-flow\">\n<figure class=\"wp-block-image size-full\"><img decoding=\"async\" width=\"1500\" height=\"1500\" src=\"https:\/\/moyahousehold.com\/wp-content\/uploads\/2024\/05\/stylish-lunch-box-display-3.jpg\" alt=\"stilvolles Lunchbox-Display (3)\" class=\"wp-image-8788\" srcset=\"https:\/\/moyahousehold.com\/wp-content\/uploads\/2024\/05\/stylish-lunch-box-display-3.jpg 1500w, https:\/\/moyahousehold.com\/wp-content\/uploads\/2024\/05\/stylish-lunch-box-display-3-300x300.jpg 300w, https:\/\/moyahousehold.com\/wp-content\/uploads\/2024\/05\/stylish-lunch-box-display-3-150x150.jpg 150w, https:\/\/moyahousehold.com\/wp-content\/uploads\/2024\/05\/stylish-lunch-box-display-3-768x768.jpg 768w, https:\/\/moyahousehold.com\/wp-content\/uploads\/2024\/05\/stylish-lunch-box-display-3-12x12.jpg 12w, https:\/\/moyahousehold.com\/wp-content\/uploads\/2024\/05\/stylish-lunch-box-display-3-285x285.jpg 285w, https:\/\/moyahousehold.com\/wp-content\/uploads\/2024\/05\/stylish-lunch-box-display-3-270x270.jpg 270w, https:\/\/moyahousehold.com\/wp-content\/uploads\/2024\/05\/stylish-lunch-box-display-3-540x540.jpg 540w, https:\/\/moyahousehold.com\/wp-content\/uploads\/2024\/05\/stylish-lunch-box-display-3-660x660.jpg 660w\" sizes=\"(max-width: 1500px) 100vw, 1500px\" \/><\/figure>\n<\/div>\n<\/div>\n\n\n\n<div class=\"wp-block-columns is-layout-flex wp-container-core-columns-is-layout-9d6595d7 wp-block-columns-is-layout-flex\">\n<div class=\"wp-block-column is-layout-flow wp-block-column-is-layout-flow\">\n<figure class=\"wp-block-image size-full\"><img decoding=\"async\" width=\"1500\" height=\"1500\" src=\"https:\/\/moyahousehold.com\/wp-content\/uploads\/2024\/05\/brown-single-layer-stylish-lunch-box.jpg\" alt=\"braune einlagige stilvolle Brotdose\" class=\"wp-image-8781\" srcset=\"https:\/\/moyahousehold.com\/wp-content\/uploads\/2024\/05\/brown-single-layer-stylish-lunch-box.jpg 1500w, https:\/\/moyahousehold.com\/wp-content\/uploads\/2024\/05\/brown-single-layer-stylish-lunch-box-300x300.jpg 300w, https:\/\/moyahousehold.com\/wp-content\/uploads\/2024\/05\/brown-single-layer-stylish-lunch-box-150x150.jpg 150w, https:\/\/moyahousehold.com\/wp-content\/uploads\/2024\/05\/brown-single-layer-stylish-lunch-box-768x768.jpg 768w, https:\/\/moyahousehold.com\/wp-content\/uploads\/2024\/05\/brown-single-layer-stylish-lunch-box-12x12.jpg 12w, https:\/\/moyahousehold.com\/wp-content\/uploads\/2024\/05\/brown-single-layer-stylish-lunch-box-285x285.jpg 285w, https:\/\/moyahousehold.com\/wp-content\/uploads\/2024\/05\/brown-single-layer-stylish-lunch-box-270x270.jpg 270w, https:\/\/moyahousehold.com\/wp-content\/uploads\/2024\/05\/brown-single-layer-stylish-lunch-box-540x540.jpg 540w, https:\/\/moyahousehold.com\/wp-content\/uploads\/2024\/05\/brown-single-layer-stylish-lunch-box-660x660.jpg 660w\" sizes=\"(max-width: 1500px) 100vw, 1500px\" \/><\/figure>\n<\/div>\n\n\n\n<div class=\"wp-block-column is-layout-flow wp-block-column-is-layout-flow\">\n<figure class=\"wp-block-image size-full\"><img loading=\"lazy\" decoding=\"async\" width=\"1500\" height=\"1500\" src=\"https:\/\/moyahousehold.com\/wp-content\/uploads\/2024\/05\/brown-double-layer-stylish-lunch-box.jpg\" alt=\"braune doppellagige stilvolle Brotdose\" class=\"wp-image-8780\" srcset=\"https:\/\/moyahousehold.com\/wp-content\/uploads\/2024\/05\/brown-double-layer-stylish-lunch-box.jpg 1500w, https:\/\/moyahousehold.com\/wp-content\/uploads\/2024\/05\/brown-double-layer-stylish-lunch-box-300x300.jpg 300w, https:\/\/moyahousehold.com\/wp-content\/uploads\/2024\/05\/brown-double-layer-stylish-lunch-box-150x150.jpg 150w, https:\/\/moyahousehold.com\/wp-content\/uploads\/2024\/05\/brown-double-layer-stylish-lunch-box-768x768.jpg 768w, https:\/\/moyahousehold.com\/wp-content\/uploads\/2024\/05\/brown-double-layer-stylish-lunch-box-12x12.jpg 12w, https:\/\/moyahousehold.com\/wp-content\/uploads\/2024\/05\/brown-double-layer-stylish-lunch-box-285x285.jpg 285w, https:\/\/moyahousehold.com\/wp-content\/uploads\/2024\/05\/brown-double-layer-stylish-lunch-box-270x270.jpg 270w, https:\/\/moyahousehold.com\/wp-content\/uploads\/2024\/05\/brown-double-layer-stylish-lunch-box-540x540.jpg 540w, https:\/\/moyahousehold.com\/wp-content\/uploads\/2024\/05\/brown-double-layer-stylish-lunch-box-660x660.jpg 660w\" sizes=\"(max-width: 1500px) 100vw, 1500px\" \/><\/figure>\n<\/div>\n<\/div>","protected":false},"excerpt":{"rendered":"<p>Gro\u00dfhandel Mode Lunch-Box, sieht diese Lunch-Box wie eine Damenhandtasche, sehr geeignet f\u00fcr Damen zu tragen. Es hat nicht nur ein modisches Aussehen, sondern bietet auch einschichtige und zweischichtige Designs, um verschiedene Essensbed\u00fcrfnisse zu erf\u00fcllen. Die einschichtige Stil ist einfach und leicht, geeignet f\u00fcr einfache Mittagessen oder Snacks; die zweischichtige Design bietet mehr Stauraum. willkommen B2B K\u00e4ufer, uns zu kontaktieren.<\/p>\n<h3>Eigenschaften und Vorteile der Stylish Lunch Box<\/h3>\n<p><strong>Stilvolles Aussehen:<\/strong> Dies ist eine stilvolle Lunchbox im minimalistischen Stil. Das Design ist von Frauenhandtaschen inspiriert. Es ist einfach, aber elegant, zeigt einen einzigartigen Geschmack, bringt gute Stimmung f\u00fcr die Nutzer, und ist sehr geeignet f\u00fcr Frauen zu tragen.<\/p>\n<p><strong>Zwei Stile:<\/strong> Diese elegante Lunchbox gibt es in zwei Ausf\u00fchrungen: einlagig und zweilagig. Die doppellagige Ausf\u00fchrung bietet ein gr\u00f6\u00dferes Fassungsverm\u00f6gen, um den Anforderungen verschiedener Szenarien gerecht zu werden.<\/p>\n<p><strong>Gesundes Material:<\/strong> Das Innenfutter der Brotdose besteht aus lebensmittelechtem Edelstahl 304, der sich durch eine hohe Haltbarkeit und antibakterielle Eigenschaften auszeichnet und eine ideale Wahl f\u00fcr eine gesunde Ern\u00e4hrung ist.<\/p>\n<p><strong>Versteckter Griff:<\/strong> Diese Lunchbox ist mit einem versteckten Griff ausgestattet, der die Gesamtform nicht beeintr\u00e4chtigt, und der Griff kann bei Gebrauch leicht herausgezogen werden.<\/p>\n<p><strong>Gro\u00dfhandel und Personalisierung:<\/strong> Wir bieten Gro\u00dfhandels-Lunchboxen an und unterst\u00fctzen Sie dabei, Ihre unterschiedlichen Bed\u00fcrfnisse durch personalisierte, ma\u00dfgeschneiderte Lunchbox-L\u00f6sungen zu erf\u00fcllen.<\/p>","protected":false},"featured_media":8784,"comment_status":"closed","ping_status":"closed","template":"","meta":[],"product_cat":[58],"product_tag":[90,86,92],"class_list":{"0":"post-5111","1":"product","2":"type-product","3":"status-publish","4":"has-post-thumbnail","6":"product_cat-lunch-box-wholesale","7":"product_tag-wholesale-double-layer-lunch-box","8":"product_tag-wholesale-insulated-lunch-box","9":"product_tag-wholesale-rectangle-lunch-box","11":"first","12":"instock","13":"shipping-taxable","14":"product-type-simple"},"_links":{"self":[{"href":"https:\/\/moyahousehold.com\/de\/wp-json\/wp\/v2\/product\/5111","targetHints":{"allow":["GET"]}}],"collection":[{"href":"https:\/\/moyahousehold.com\/de\/wp-json\/wp\/v2\/product"}],"about":[{"href":"https:\/\/moyahousehold.com\/de\/wp-json\/wp\/v2\/types\/product"}],"replies":[{"embeddable":true,"href":"https:\/\/moyahousehold.com\/de\/wp-json\/wp\/v2\/comments?post=5111"}],"version-history":[{"count":0,"href":"https:\/\/moyahousehold.com\/de\/wp-json\/wp\/v2\/product\/5111\/revisions"}],"wp:featuredmedia":[{"embeddable":true,"href":"https:\/\/moyahousehold.com\/de\/wp-json\/wp\/v2\/media\/8784"}],"wp:attachment":[{"href":"https:\/\/moyahousehold.com\/de\/wp-json\/wp\/v2\/media?parent=5111"}],"wp:term":[{"taxonomy":"product_cat","embeddable":true,"href":"https:\/\/moyahousehold.com\/de\/wp-json\/wp\/v2\/product_cat?post=5111"},{"taxonomy":"product_tag","embeddable":true,"href":"https:\/\/moyahousehold.com\/de\/wp-json\/wp\/v2\/product_tag?post=5111"}],"curies":[{"name":"wp","href":"https:\/\/api.w.org\/{rel}","templated":true}]}}