{"id":5126,"date":"2024-05-22T09:21:59","date_gmt":"2024-05-22T09:21:59","guid":{"rendered":"https:\/\/moyahousehold.com\/?post_type=product&#038;p=5126"},"modified":"2025-02-05T08:42:27","modified_gmt":"2025-02-05T08:42:27","slug":"wholesale-fashionable-lunch-boxes-for-adults","status":"publish","type":"product","link":"https:\/\/moyahousehold.com\/de\/produkt\/wholesale-fashionable-lunch-boxes-for-adults\/","title":{"rendered":"Gro\u00dfhandel Modische Lunchboxen f\u00fcr Erwachsene"},"content":{"rendered":"<h2 class=\"wp-block-heading\">Parameter der Fashion Lunch Box<\/h2>\n\n\n\n<p><strong>Material:<\/strong>304 + PP <strong> Farbe:<\/strong>Wei\u00df\/Gelb\/Beige\/Khaki<\/p>\n\n\n\n<figure class=\"wp-block-table\"><table><tbody><tr><td>Modellnummer<\/td><td>Kapazit\u00e4t<\/td><td>Gr\u00f6\u00dfe des Produkts<\/td><td>\u00c4u\u00dfere Gr\u00f6\u00dfe der Box<\/td><td>Menge pro Kiste<\/td><td>N.W<\/td><td>G.W\/Koffer<\/td><\/tr><tr><td>MYJD088<\/td><td>Einzelne Schicht<\/td><td>22*11.5*8.5<\/td><td>58.5*41*58.5<\/td><td>48<\/td><td>0.39<\/td><td>23.3<\/td><\/tr><tr><td>MYJD089<\/td><td>Doppelte Schichten<\/td><td>22*11.5*15<\/td><td>56*39.5*44<\/td><td>24<\/td><td>0.57<\/td><td>16.92<\/td><\/tr><tr><td>MYJD090<\/td><td>Doppellagen mit Schale<\/td><td>22*11.5*15<\/td><td>56*39.5*44<\/td><td>24<\/td><td>0.69<\/td><td>19.92<\/td><\/tr><\/tbody><\/table><\/figure>\n\n\n\n<h3 class=\"wp-block-heading\">Optionen f\u00fcr individuelle Lunchboxen<\/h3>\n\n\n\n<p><strong>Logo<\/strong>: Gestalten Sie Ihr Markenlogo auf Brotdosen und Verpackungen.<br><strong>Logo-Optionen<\/strong>: gedrucktes Logo, lasergraviertes Logo, etc.<br><strong>Muster<\/strong>: Druckmuster <br><strong>Drucktechnik<\/strong>Wassertransferdruck, Siebdruck, W\u00e4rmetransferdruck, Sublimationstransfer, etc.<br><strong>Verpackung:<\/strong> Farbkasten<br><a href=\"https:\/\/moyahousehold.com\/de\/individuelle-losung\/\"><strong>Erfahren Sie mehr \u00fcber die individuelle Lunchbox-L\u00f6sung<\/strong><\/a><\/p>\n\n\n\n<div class=\"wp-block-columns is-layout-flex wp-container-core-columns-is-layout-9d6595d7 wp-block-columns-is-layout-flex\">\n<div class=\"wp-block-column is-layout-flow wp-block-column-is-layout-flow\">\n<figure class=\"wp-block-image size-full\"><img fetchpriority=\"high\" decoding=\"async\" width=\"3353\" height=\"3353\" src=\"https:\/\/moyahousehold.com\/wp-content\/uploads\/2024\/05\/fashion-lunch-box-display-1.jpg\" alt=\"fashion lunch box display (1)\" class=\"wp-image-8806\" srcset=\"https:\/\/moyahousehold.com\/wp-content\/uploads\/2024\/05\/fashion-lunch-box-display-1.jpg 3353w, https:\/\/moyahousehold.com\/wp-content\/uploads\/2024\/05\/fashion-lunch-box-display-1-300x300.jpg 300w, https:\/\/moyahousehold.com\/wp-content\/uploads\/2024\/05\/fashion-lunch-box-display-1-150x150.jpg 150w, https:\/\/moyahousehold.com\/wp-content\/uploads\/2024\/05\/fashion-lunch-box-display-1-768x768.jpg 768w, https:\/\/moyahousehold.com\/wp-content\/uploads\/2024\/05\/fashion-lunch-box-display-1-12x12.jpg 12w, https:\/\/moyahousehold.com\/wp-content\/uploads\/2024\/05\/fashion-lunch-box-display-1-285x285.jpg 285w, https:\/\/moyahousehold.com\/wp-content\/uploads\/2024\/05\/fashion-lunch-box-display-1-1600x1600.jpg 1600w, https:\/\/moyahousehold.com\/wp-content\/uploads\/2024\/05\/fashion-lunch-box-display-1-270x270.jpg 270w, https:\/\/moyahousehold.com\/wp-content\/uploads\/2024\/05\/fashion-lunch-box-display-1-540x540.jpg 540w, https:\/\/moyahousehold.com\/wp-content\/uploads\/2024\/05\/fashion-lunch-box-display-1-660x660.jpg 660w\" sizes=\"(max-width: 3353px) 100vw, 3353px\" \/><\/figure>\n<\/div>\n\n\n\n<div class=\"wp-block-column is-layout-flow wp-block-column-is-layout-flow\">\n<figure class=\"wp-block-image size-full\"><img decoding=\"async\" width=\"3567\" height=\"3567\" src=\"https:\/\/moyahousehold.com\/wp-content\/uploads\/2024\/05\/fashion-lunch-box-display-2.jpg\" alt=\"Mode-Lunchbox-Display (2)\" class=\"wp-image-8807\" srcset=\"https:\/\/moyahousehold.com\/wp-content\/uploads\/2024\/05\/fashion-lunch-box-display-2.jpg 3567w, https:\/\/moyahousehold.com\/wp-content\/uploads\/2024\/05\/fashion-lunch-box-display-2-300x300.jpg 300w, https:\/\/moyahousehold.com\/wp-content\/uploads\/2024\/05\/fashion-lunch-box-display-2-150x150.jpg 150w, https:\/\/moyahousehold.com\/wp-content\/uploads\/2024\/05\/fashion-lunch-box-display-2-768x768.jpg 768w, https:\/\/moyahousehold.com\/wp-content\/uploads\/2024\/05\/fashion-lunch-box-display-2-12x12.jpg 12w, https:\/\/moyahousehold.com\/wp-content\/uploads\/2024\/05\/fashion-lunch-box-display-2-285x285.jpg 285w, https:\/\/moyahousehold.com\/wp-content\/uploads\/2024\/05\/fashion-lunch-box-display-2-1600x1600.jpg 1600w, https:\/\/moyahousehold.com\/wp-content\/uploads\/2024\/05\/fashion-lunch-box-display-2-270x270.jpg 270w, https:\/\/moyahousehold.com\/wp-content\/uploads\/2024\/05\/fashion-lunch-box-display-2-540x540.jpg 540w, https:\/\/moyahousehold.com\/wp-content\/uploads\/2024\/05\/fashion-lunch-box-display-2-660x660.jpg 660w\" sizes=\"(max-width: 3567px) 100vw, 3567px\" \/><\/figure>\n<\/div>\n<\/div>","protected":false},"excerpt":{"rendered":"<p>Gro\u00dfhandel stilvolle Lunch-Boxen f\u00fcr Erwachsene, diese Lunch-Box ist stilvoll gestaltet, leicht zu tragen, sowohl sch\u00f6n und praktisch, geeignet f\u00fcr Outdoor, Schule, B\u00fcro und andere Gelegenheiten. Es gibt mehrere Stile zur Auswahl, einschlie\u00dflich doppelschichtiger und einschichtiger Optionen, die verschiedene Arten von Lebensmitteln trennen k\u00f6nnen. Gerne k\u00f6nnen Sie uns f\u00fcr ein Angebot kontaktieren.<\/p>\n<h3>Eigenschaften und Vorteile der Fashion Lunch Box<\/h3>\n<p><strong>Modisches Aussehen:<\/strong> Das Design dieser Fashion Lunch Box ist vom modernen minimalistischen Stil inspiriert, im Einklang mit zeitgen\u00f6ssischer \u00c4sthetik, mit gro\u00dfem Fassungsverm\u00f6gen, sehr geeignet f\u00fcr Erwachsene.<\/p>\n<p><strong>Versteckter Klappgriff:<\/strong> Diese Fashion Lunch Box ist mit einem versteckten Klappgriff ausgestattet, der clever gestaltet ist, keinen Platz wegnimmt, leicht zu tragen ist und sowohl sch\u00f6n als auch praktisch ist.<\/p>\n<p><strong>Auskleidung aus rostfreiem Stahl 304:<\/strong> Die Auskleidung der Lunchbox besteht aus hochwertigem 304er Edelstahl, um Lebensmittelsicherheit und Hygiene zu gew\u00e4hrleisten, so dass Sie Ihre Lebensmittel unbesorgt aufbewahren k\u00f6nnen.<\/p>\n<p><strong>Unabh\u00e4ngiges Lebensmittelfach:<\/strong> Die Brotdose hat ein unabh\u00e4ngiges Design, in jeder Schicht k\u00f6nnen verschiedene Arten von Lebensmitteln getrennt aufbewahrt werden, wodurch eine Vermischung der Lebensmittel verhindert wird.<\/p>\n<p><strong>Auslaufsichere Konstruktion:<\/strong> Die doppelseitige Verschlussschnalle sorgt f\u00fcr eine zuverl\u00e4ssigere Abdichtung der Brotdose, damit diese nicht ausl\u00e4uft.<\/p>\n<p><strong>Gro\u00dfhandelsservice:<\/strong> Wir bieten den besten Gro\u00dfhandelsservice f\u00fcr Lunchboxen und unterst\u00fctzen Sie umfassend bei Verpackung, Logistik, Preis und anderen Aspekten.<\/p>","protected":false},"featured_media":8801,"comment_status":"closed","ping_status":"closed","template":"","meta":[],"product_cat":[58],"product_tag":[90,86,92],"class_list":{"0":"post-5126","1":"product","2":"type-product","3":"status-publish","4":"has-post-thumbnail","6":"product_cat-lunch-box-wholesale","7":"product_tag-wholesale-double-layer-lunch-box","8":"product_tag-wholesale-insulated-lunch-box","9":"product_tag-wholesale-rectangle-lunch-box","11":"first","12":"instock","13":"shipping-taxable","14":"product-type-simple"},"_links":{"self":[{"href":"https:\/\/moyahousehold.com\/de\/wp-json\/wp\/v2\/product\/5126","targetHints":{"allow":["GET"]}}],"collection":[{"href":"https:\/\/moyahousehold.com\/de\/wp-json\/wp\/v2\/product"}],"about":[{"href":"https:\/\/moyahousehold.com\/de\/wp-json\/wp\/v2\/types\/product"}],"replies":[{"embeddable":true,"href":"https:\/\/moyahousehold.com\/de\/wp-json\/wp\/v2\/comments?post=5126"}],"version-history":[{"count":0,"href":"https:\/\/moyahousehold.com\/de\/wp-json\/wp\/v2\/product\/5126\/revisions"}],"wp:featuredmedia":[{"embeddable":true,"href":"https:\/\/moyahousehold.com\/de\/wp-json\/wp\/v2\/media\/8801"}],"wp:attachment":[{"href":"https:\/\/moyahousehold.com\/de\/wp-json\/wp\/v2\/media?parent=5126"}],"wp:term":[{"taxonomy":"product_cat","embeddable":true,"href":"https:\/\/moyahousehold.com\/de\/wp-json\/wp\/v2\/product_cat?post=5126"},{"taxonomy":"product_tag","embeddable":true,"href":"https:\/\/moyahousehold.com\/de\/wp-json\/wp\/v2\/product_tag?post=5126"}],"curies":[{"name":"wp","href":"https:\/\/api.w.org\/{rel}","templated":true}]}}