{"id":5136,"date":"2024-05-22T09:43:47","date_gmt":"2024-05-22T09:43:47","guid":{"rendered":"https:\/\/moyahousehold.com\/?post_type=product&#038;p=5136"},"modified":"2025-02-05T08:42:01","modified_gmt":"2025-02-05T08:42:01","slug":"bulk-lunch-boxes-wholesale-detachable-and-multi-layer-design","status":"publish","type":"product","link":"https:\/\/moyahousehold.com\/de\/produkt\/bulk-lunch-boxes-wholesale-detachable-and-multi-layer-design\/","title":{"rendered":"Gro\u00dfe Lunchboxen mit Griff: Modisches Aussehen, mehrschichtiges Lunch-Box-Design"},"content":{"rendered":"<h2 class=\"wp-block-heading\">Parameter der Lunchbox mit Griff<\/h2>\n\n\n\n<p><strong>Material:<\/strong>304 + PP <strong> Farbe:<\/strong>Beige\/Khaki<\/p>\n\n\n\n<figure class=\"wp-block-table\"><table><tbody><tr><td>Modellnummer<\/td><td>Kapazit\u00e4t<\/td><td>Gr\u00f6\u00dfe des Produkts<\/td><td>\u00c4u\u00dfere Gr\u00f6\u00dfe der Box<\/td><td>Menge pro Kiste<\/td><td>N.W<\/td><td>G.W\/Koffer<\/td><\/tr><tr><td>MYJD010<\/td><td>Einzelne Schicht<\/td><td>16.5*14.5*12.5<\/td><td>62*46.5*54.5<\/td><td>48<\/td><td>0.3<\/td><td>24<\/td><\/tr><tr><td>MYJD011<\/td><td>Doppelte Schichten<\/td><td>16.5*14.5*19<\/td><td>62*46.5*61.5<\/td><td>36<\/td><td>0.63<\/td><td>29.88<\/td><\/tr><tr><td>MYJD012<\/td><td>Dreifache Schichten<\/td><td>16.5*14.5*26<\/td><td>62*46.5*55<\/td><td>24<\/td><td>0.9<\/td><td>26.4<\/td><\/tr><tr><td>MYJD013<\/td><td>Vierte Schichten<\/td><td>16.5*14.5*32.5<\/td><td>62*46.5*69<\/td><td>24<\/td><td>1.2<\/td><td>33.6<\/td><\/tr><\/tbody><\/table><\/figure>\n\n\n\n<h3 class=\"wp-block-heading\">Individuelle Lunchbox-Optionen<\/h3>\n\n\n\n<p><strong>Logo<\/strong>: Ihr Markenlogo auf der Brotdose und der Verpackung.<br><strong>Logo-Optionen<\/strong>: gedrucktes Logo, lasergraviertes Logo, etc.<br><strong>Muster<\/strong>: Druckmuster <br><strong>Drucktechnik<\/strong>Wassertransferdruck, Siebdruck, W\u00e4rmetransferdruck, Sublimationstransfer, etc.<br><strong>Paket<\/strong>:Farbkasten<br><a href=\"https:\/\/moyahousehold.com\/de\/individuelle-losung\/\"><strong>Erfahren Sie mehr \u00fcber individuelle Lunchbox-L\u00f6sungen<\/strong><\/a><\/p>\n\n\n\n<div class=\"wp-block-columns is-layout-flex wp-container-core-columns-is-layout-9d6595d7 wp-block-columns-is-layout-flex\">\n<div class=\"wp-block-column is-layout-flow wp-block-column-is-layout-flow\">\n<figure class=\"wp-block-image size-full\"><img fetchpriority=\"high\" decoding=\"async\" width=\"1500\" height=\"1500\" src=\"https:\/\/moyahousehold.com\/wp-content\/uploads\/2024\/05\/wholesale-lunch-boxes-detail-1.jpg\" alt=\"Gro\u00dfhandels-Lunchboxen Detail (1)\" class=\"wp-image-8665\" srcset=\"https:\/\/moyahousehold.com\/wp-content\/uploads\/2024\/05\/wholesale-lunch-boxes-detail-1.jpg 1500w, https:\/\/moyahousehold.com\/wp-content\/uploads\/2024\/05\/wholesale-lunch-boxes-detail-1-300x300.jpg 300w, https:\/\/moyahousehold.com\/wp-content\/uploads\/2024\/05\/wholesale-lunch-boxes-detail-1-150x150.jpg 150w, https:\/\/moyahousehold.com\/wp-content\/uploads\/2024\/05\/wholesale-lunch-boxes-detail-1-768x768.jpg 768w, https:\/\/moyahousehold.com\/wp-content\/uploads\/2024\/05\/wholesale-lunch-boxes-detail-1-12x12.jpg 12w, https:\/\/moyahousehold.com\/wp-content\/uploads\/2024\/05\/wholesale-lunch-boxes-detail-1-285x285.jpg 285w, https:\/\/moyahousehold.com\/wp-content\/uploads\/2024\/05\/wholesale-lunch-boxes-detail-1-270x270.jpg 270w, https:\/\/moyahousehold.com\/wp-content\/uploads\/2024\/05\/wholesale-lunch-boxes-detail-1-540x540.jpg 540w, https:\/\/moyahousehold.com\/wp-content\/uploads\/2024\/05\/wholesale-lunch-boxes-detail-1-660x660.jpg 660w\" sizes=\"(max-width: 1500px) 100vw, 1500px\" \/><\/figure>\n<\/div>\n\n\n\n<div class=\"wp-block-column is-layout-flow wp-block-column-is-layout-flow\">\n<figure class=\"wp-block-image size-full\"><img decoding=\"async\" width=\"1500\" height=\"1500\" src=\"https:\/\/moyahousehold.com\/wp-content\/uploads\/2024\/05\/wholesale-lunch-boxes-detail-2.jpg\" alt=\"Gro\u00dfhandels-Lunchboxen Detail (2)\" class=\"wp-image-8666\" srcset=\"https:\/\/moyahousehold.com\/wp-content\/uploads\/2024\/05\/wholesale-lunch-boxes-detail-2.jpg 1500w, https:\/\/moyahousehold.com\/wp-content\/uploads\/2024\/05\/wholesale-lunch-boxes-detail-2-300x300.jpg 300w, https:\/\/moyahousehold.com\/wp-content\/uploads\/2024\/05\/wholesale-lunch-boxes-detail-2-150x150.jpg 150w, https:\/\/moyahousehold.com\/wp-content\/uploads\/2024\/05\/wholesale-lunch-boxes-detail-2-768x768.jpg 768w, https:\/\/moyahousehold.com\/wp-content\/uploads\/2024\/05\/wholesale-lunch-boxes-detail-2-12x12.jpg 12w, https:\/\/moyahousehold.com\/wp-content\/uploads\/2024\/05\/wholesale-lunch-boxes-detail-2-285x285.jpg 285w, https:\/\/moyahousehold.com\/wp-content\/uploads\/2024\/05\/wholesale-lunch-boxes-detail-2-270x270.jpg 270w, https:\/\/moyahousehold.com\/wp-content\/uploads\/2024\/05\/wholesale-lunch-boxes-detail-2-540x540.jpg 540w, https:\/\/moyahousehold.com\/wp-content\/uploads\/2024\/05\/wholesale-lunch-boxes-detail-2-660x660.jpg 660w\" sizes=\"(max-width: 1500px) 100vw, 1500px\" \/><\/figure>\n<\/div>\n<\/div>","protected":false},"excerpt":{"rendered":"<p>Bulk-Lunch-Box mit Griff zum Verkauf, Multi-Layer-Design, kann jede Schicht verschiedene Gerichte getrennt zu speichern, um sicherzustellen, dass das Essen nicht gemischt werden. Ausgestattet mit ergonomischem Griff, bequem zu halten und leicht zu tragen, sehr geeignet f\u00fcr Outdoor-Picknicks, Camping und andere Gelegenheiten, kontaktieren Sie uns f\u00fcr ein Angebot.<\/p>\n<h3>Eigenschaften und Vorteile der Lunchbox mit Griff<\/h3>\n<p><strong>Hochwertiges Material:<\/strong> Das Innenfutter der Brotdose ist aus lebensmittelechtem Edelstahl 304 gefertigt. Das hochwertige Material ist nicht nur rostfrei und korrosionsbest\u00e4ndig, sondern h\u00e4lt die Lebensmittel auch lange Zeit frisch und lecker.<\/p>\n<p><strong>Handgriff:<\/strong> Diese Lunchbox hat einen Griff, so dass man sie leicht tragen kann, ohne sie in einen Rucksack zu stecken.<\/p>\n<p><strong>Unabh\u00e4ngiger Schichtaufbau<\/strong>: Jede Schicht der Brotdose kann unabh\u00e4ngig voneinander verschiedene Lebensmittel aufnehmen, um sicherzustellen, dass es keine geschmacklichen \u00dcberschneidungen zwischen den verschiedenen Lebensmitteln gibt.<\/p>\n<p><strong>Gute Abdichtung:<\/strong> Diese Lunchbox verf\u00fcgt \u00fcber eine hervorragende Dichtungsleistung. Wir haben mehrere auslaufsichere Designs entwickelt, um sicherzustellen, dass Benutzer fl\u00fcssige Lebensmittel wie Suppe unbesorgt transportieren k\u00f6nnen.<\/p>\n<p><strong>Beispielhafte Unterst\u00fctzung:<\/strong> Wir bieten kostenlose Proben f\u00fcr Gro\u00dfhandel Lunch-Boxen Gesch\u00e4ft, damit Sie besser verstehen, unsere Produkte.<\/p>\n<p><strong>Kundenspezifischer OEM- und ODM-Service:<\/strong> Wir bieten OEM- und ODM-Dienstleistungen f\u00fcr kundenspezifische Lunchboxen an, einschlie\u00dflich der Anpassung von Form, Verpackung und mehr.<\/p>","protected":false},"featured_media":8663,"comment_status":"closed","ping_status":"closed","template":"","meta":[],"product_cat":[58],"product_tag":[89,90,86,91],"class_list":{"0":"post-5136","1":"product","2":"type-product","3":"status-publish","4":"has-post-thumbnail","6":"product_cat-lunch-box-wholesale","7":"product_tag-wholesale-3-layer-lunch-box","8":"product_tag-wholesale-double-layer-lunch-box","9":"product_tag-wholesale-insulated-lunch-box","10":"product_tag-wholesale-round-lunch-box","12":"first","13":"instock","14":"shipping-taxable","15":"product-type-simple"},"_links":{"self":[{"href":"https:\/\/moyahousehold.com\/de\/wp-json\/wp\/v2\/product\/5136","targetHints":{"allow":["GET"]}}],"collection":[{"href":"https:\/\/moyahousehold.com\/de\/wp-json\/wp\/v2\/product"}],"about":[{"href":"https:\/\/moyahousehold.com\/de\/wp-json\/wp\/v2\/types\/product"}],"replies":[{"embeddable":true,"href":"https:\/\/moyahousehold.com\/de\/wp-json\/wp\/v2\/comments?post=5136"}],"version-history":[{"count":0,"href":"https:\/\/moyahousehold.com\/de\/wp-json\/wp\/v2\/product\/5136\/revisions"}],"wp:featuredmedia":[{"embeddable":true,"href":"https:\/\/moyahousehold.com\/de\/wp-json\/wp\/v2\/media\/8663"}],"wp:attachment":[{"href":"https:\/\/moyahousehold.com\/de\/wp-json\/wp\/v2\/media?parent=5136"}],"wp:term":[{"taxonomy":"product_cat","embeddable":true,"href":"https:\/\/moyahousehold.com\/de\/wp-json\/wp\/v2\/product_cat?post=5136"},{"taxonomy":"product_tag","embeddable":true,"href":"https:\/\/moyahousehold.com\/de\/wp-json\/wp\/v2\/product_tag?post=5136"}],"curies":[{"name":"wp","href":"https:\/\/api.w.org\/{rel}","templated":true}]}}