{"id":5150,"date":"2024-05-22T10:05:35","date_gmt":"2024-05-22T10:05:35","guid":{"rendered":"https:\/\/moyahousehold.com\/?post_type=product&#038;p=5150"},"modified":"2025-02-05T08:41:46","modified_gmt":"2025-02-05T08:41:46","slug":"wholesale-insulated-lunch-boxes","status":"publish","type":"product","link":"https:\/\/moyahousehold.com\/de\/produkt\/wholesale-insulated-lunch-boxes\/","title":{"rendered":"Gro\u00dfhandel Edelstahl isoliert Lunch-Boxen mit anpassbare L\u00f6sung f\u00fcr Gro\u00dfauftr\u00e4ge"},"content":{"rendered":"<h2 class=\"wp-block-heading\">Parameter der isolierten Lunchbox aus Edelstahl<\/h2>\n\n\n\n<p><strong>Material:<\/strong>304 + PP <strong> Farbe:<\/strong>Beige\/Khaki<\/p>\n\n\n\n<figure class=\"wp-block-table\"><table><tbody><tr><td>Modellnummer<\/td><td>Kapazit\u00e4t<\/td><td>Gr\u00f6\u00dfe des Produkts<\/td><td>\u00c4u\u00dfere Gr\u00f6\u00dfe der Box<\/td><td>Menge pro Kiste<\/td><td>N.W<\/td><td>G.W\/Koffer<\/td><\/tr><tr><td>MYLY003<\/td><td>Einzelne Schicht<\/td><td>14.6*14.6*12.5<\/td><td>66*48*57<\/td><td>48<\/td><td>0.55<\/td><td>34<\/td><\/tr><tr><td>MYLY004<\/td><td>Doppelte Schichten<\/td><td>14.6*14.6*19.7<\/td><td>66*48*65<\/td><td>36<\/td><td>0.8<\/td><td>30<\/td><\/tr><tr><td>MYLY005<\/td><td>Dreifache Schichten<\/td><td>14.6*14.6*27<\/td><td>65*48*58<\/td><td>24<\/td><td>1.1<\/td><td>27<\/td><\/tr><tr><td>MYLY006<\/td><td>Vierte Schichten<\/td><td>14.6*14.6*34.8<\/td><td>65*33*73<\/td><td>16<\/td><td>1.4<\/td><td>23<\/td><\/tr><\/tbody><\/table><\/figure>\n\n\n\n<h3 class=\"wp-block-heading\">Kundenspezifische isolierte Edelstahl-Lunchbox-Optionen<\/h3>\n\n\n\n<p><strong>Logo<\/strong>: Ihr Markenlogo auf Produkt und Verpackung.<br><strong>Logo-Optionen<\/strong>: gedrucktes Logo, lasergraviertes Logo, etc.<br><strong>Muster:<\/strong> Druckmuster <br><strong>Drucktechnik<\/strong>Wassertransferdruck, Siebdruck, W\u00e4rmetransferdruck, Sublimationstransfer, etc.<br><strong>Paket<\/strong>:Farbkasten<br><a href=\"https:\/\/moyahousehold.com\/de\/individuelle-losung\/\"><strong>Mehr Anpassungsm\u00f6glichkeiten entdecken<\/strong><\/a><\/p>\n\n\n\n<div class=\"wp-block-columns is-layout-flex wp-container-core-columns-is-layout-9d6595d7 wp-block-columns-is-layout-flex\">\n<div class=\"wp-block-column is-layout-flow wp-block-column-is-layout-flow\">\n<figure class=\"wp-block-image size-full\"><img fetchpriority=\"high\" decoding=\"async\" width=\"3346\" height=\"3346\" src=\"https:\/\/moyahousehold.com\/wp-content\/uploads\/2024\/05\/wholesale-stainless-steel-lunch-box-1.webp\" alt=\"Gro\u00dfhandel Edelstahl-Lunchbox (1)\" class=\"wp-image-8057\" srcset=\"https:\/\/moyahousehold.com\/wp-content\/uploads\/2024\/05\/wholesale-stainless-steel-lunch-box-1.webp 3346w, https:\/\/moyahousehold.com\/wp-content\/uploads\/2024\/05\/wholesale-stainless-steel-lunch-box-1-300x300.webp 300w, https:\/\/moyahousehold.com\/wp-content\/uploads\/2024\/05\/wholesale-stainless-steel-lunch-box-1-150x150.webp 150w, https:\/\/moyahousehold.com\/wp-content\/uploads\/2024\/05\/wholesale-stainless-steel-lunch-box-1-768x768.webp 768w, https:\/\/moyahousehold.com\/wp-content\/uploads\/2024\/05\/wholesale-stainless-steel-lunch-box-1-12x12.webp 12w, https:\/\/moyahousehold.com\/wp-content\/uploads\/2024\/05\/wholesale-stainless-steel-lunch-box-1-285x285.webp 285w, https:\/\/moyahousehold.com\/wp-content\/uploads\/2024\/05\/wholesale-stainless-steel-lunch-box-1-1600x1600.webp 1600w, https:\/\/moyahousehold.com\/wp-content\/uploads\/2024\/05\/wholesale-stainless-steel-lunch-box-1-270x270.webp 270w, https:\/\/moyahousehold.com\/wp-content\/uploads\/2024\/05\/wholesale-stainless-steel-lunch-box-1-540x540.webp 540w, https:\/\/moyahousehold.com\/wp-content\/uploads\/2024\/05\/wholesale-stainless-steel-lunch-box-1-660x660.webp 660w\" sizes=\"(max-width: 3346px) 100vw, 3346px\" \/><\/figure>\n<\/div>\n\n\n\n<div class=\"wp-block-column is-layout-flow wp-block-column-is-layout-flow\">\n<figure class=\"wp-block-image size-full\"><img decoding=\"async\" width=\"3575\" height=\"3575\" src=\"https:\/\/moyahousehold.com\/wp-content\/uploads\/2024\/05\/wholesale-stainless-steel-lunch-box-2.webp\" alt=\"Gro\u00dfhandel Edelstahl-Lunchbox (2)\" class=\"wp-image-8058\" srcset=\"https:\/\/moyahousehold.com\/wp-content\/uploads\/2024\/05\/wholesale-stainless-steel-lunch-box-2.webp 3575w, https:\/\/moyahousehold.com\/wp-content\/uploads\/2024\/05\/wholesale-stainless-steel-lunch-box-2-300x300.webp 300w, https:\/\/moyahousehold.com\/wp-content\/uploads\/2024\/05\/wholesale-stainless-steel-lunch-box-2-150x150.webp 150w, https:\/\/moyahousehold.com\/wp-content\/uploads\/2024\/05\/wholesale-stainless-steel-lunch-box-2-768x768.webp 768w, https:\/\/moyahousehold.com\/wp-content\/uploads\/2024\/05\/wholesale-stainless-steel-lunch-box-2-12x12.webp 12w, https:\/\/moyahousehold.com\/wp-content\/uploads\/2024\/05\/wholesale-stainless-steel-lunch-box-2-285x285.webp 285w, https:\/\/moyahousehold.com\/wp-content\/uploads\/2024\/05\/wholesale-stainless-steel-lunch-box-2-1600x1600.webp 1600w, https:\/\/moyahousehold.com\/wp-content\/uploads\/2024\/05\/wholesale-stainless-steel-lunch-box-2-270x270.webp 270w, https:\/\/moyahousehold.com\/wp-content\/uploads\/2024\/05\/wholesale-stainless-steel-lunch-box-2-540x540.webp 540w, https:\/\/moyahousehold.com\/wp-content\/uploads\/2024\/05\/wholesale-stainless-steel-lunch-box-2-660x660.webp 660w\" sizes=\"(max-width: 3575px) 100vw, 3575px\" \/><\/figure>\n<\/div>\n<\/div>\n\n\n\n<div class=\"wp-block-columns is-layout-flex wp-container-core-columns-is-layout-9d6595d7 wp-block-columns-is-layout-flex\">\n<div class=\"wp-block-column is-layout-flow wp-block-column-is-layout-flow\"><\/div>\n\n\n\n<div class=\"wp-block-column is-layout-flow wp-block-column-is-layout-flow\"><\/div>\n<\/div>","protected":false},"excerpt":{"rendered":"<p>Jede Lunchbox ist aus hochwertigen lebensmittelechten Materialien und W\u00e4rmed\u00e4mmung Design, um effektiv die Temperatur und Frische der Lebensmittel zu halten. Die mehrschichtige Struktur erm\u00f6glicht es Benutzern, mehr Lebensmittel zu tragen. Wir unterst\u00fctzen personalisierte Anpassungsdienste und k\u00f6nnen Markenlogos drucken und exklusive Muster nach Ihren Bed\u00fcrfnissen ausw\u00e4hlen. Kontaktieren Sie uns f\u00fcr weitere Gro\u00dfhandelsinformationen und Vorzugsbedingungen.<\/p>\n<h3>Eigenschaften und Vorteile der isolierten Lunchbox aus Edelstahl<\/h3>\n<p>1. die innere Auskleidung der Brotdose ist aus 304 Lebensmittelqualit\u00e4t Stahl hergestellt;<\/p>\n<p>2. das Polierverfahren, glatt wie ein Spiegel;<\/p>\n<p>3. leicht zu reinigen; Schicht f\u00fcr Schicht unabh\u00e4ngig, mit einem versteckten kleinen Fach Design auf der oberen Abdeckung;<\/p>\n<p>4. das Essen kann unabh\u00e4ngig serviert werden;<\/p>\n<p>5. die Musteranpassung kreuzt nicht die Geschmacksrichtungen; Versiegelung und Auslaufsicherheit; mehrschichtige Kombination; freie Kombination;\u00a0<\/p>\n<p><strong><a href=\"https:\/\/moyahousehold.com\/de\/individuelle-losung\/\">Unterst\u00fctzung OEM&amp;ODM<\/a><\/strong><\/p>","protected":false},"featured_media":8050,"comment_status":"closed","ping_status":"closed","template":"","meta":[],"product_cat":[58],"product_tag":[89,90,86,91],"class_list":{"0":"post-5150","1":"product","2":"type-product","3":"status-publish","4":"has-post-thumbnail","6":"product_cat-lunch-box-wholesale","7":"product_tag-wholesale-3-layer-lunch-box","8":"product_tag-wholesale-double-layer-lunch-box","9":"product_tag-wholesale-insulated-lunch-box","10":"product_tag-wholesale-round-lunch-box","12":"first","13":"instock","14":"shipping-taxable","15":"product-type-simple"},"_links":{"self":[{"href":"https:\/\/moyahousehold.com\/de\/wp-json\/wp\/v2\/product\/5150","targetHints":{"allow":["GET"]}}],"collection":[{"href":"https:\/\/moyahousehold.com\/de\/wp-json\/wp\/v2\/product"}],"about":[{"href":"https:\/\/moyahousehold.com\/de\/wp-json\/wp\/v2\/types\/product"}],"replies":[{"embeddable":true,"href":"https:\/\/moyahousehold.com\/de\/wp-json\/wp\/v2\/comments?post=5150"}],"version-history":[{"count":0,"href":"https:\/\/moyahousehold.com\/de\/wp-json\/wp\/v2\/product\/5150\/revisions"}],"wp:featuredmedia":[{"embeddable":true,"href":"https:\/\/moyahousehold.com\/de\/wp-json\/wp\/v2\/media\/8050"}],"wp:attachment":[{"href":"https:\/\/moyahousehold.com\/de\/wp-json\/wp\/v2\/media?parent=5150"}],"wp:term":[{"taxonomy":"product_cat","embeddable":true,"href":"https:\/\/moyahousehold.com\/de\/wp-json\/wp\/v2\/product_cat?post=5150"},{"taxonomy":"product_tag","embeddable":true,"href":"https:\/\/moyahousehold.com\/de\/wp-json\/wp\/v2\/product_tag?post=5150"}],"curies":[{"name":"wp","href":"https:\/\/api.w.org\/{rel}","templated":true}]}}