{"id":5227,"date":"2024-06-04T22:42:28","date_gmt":"2024-06-04T22:27:55","guid":{"rendered":"https:\/\/moyahousehold.com\/?post_type=product&#038;p=5227"},"modified":"2025-02-21T13:40:43","modified_gmt":"2025-02-21T13:40:43","slug":"wholesale-lunch-box-with-multi-layer","status":"publish","type":"product","link":"https:\/\/moyahousehold.com\/de\/produkt\/wholesale-lunch-box-with-multi-layer\/","title":{"rendered":"Gro\u00dfhandel niedlich Lunch-Box f\u00fcr Frauen, quadratische Thermoskanne Lunch-Box mit Handle"},"content":{"rendered":"<h2 class=\"wp-block-heading\">Parameter der niedlichen Lunchbox<\/h2>\n\n\n\n<p><strong>Material:<\/strong>304 + PP <strong> Farbe:<\/strong>Beige\/Khaki<\/p>\n\n\n\n<figure class=\"wp-block-table\"><table><tbody><tr><td>Modellnummer<\/td><td>Kapazit\u00e4t<\/td><td>Gr\u00f6\u00dfe des Produkts<\/td><td>\u00c4u\u00dfere Gr\u00f6\u00dfe der Box<\/td><td>Menge pro Kiste<\/td><td>N.W<\/td><td>G.W\/Koffer<\/td><\/tr><tr><td>MYSK004<\/td><td>Einzelne Schicht 700ml<\/td><td>12.5*12.5*7<\/td><td>58*40*46<\/td><td>60<\/td><td>0.23<\/td><td>23<\/td><\/tr><tr><td>MYSK005<\/td><td>Doppelte Schichten 1400ml<\/td><td>12.5*12.5*14<\/td><td>58*40*46<\/td><td>36<\/td><td>0.62<\/td><td>23.5<\/td><\/tr><tr><td>MYSK006<\/td><td>Dreifache Schichten 2100ml<\/td><td>12.5*12.5*21<\/td><td>58*40*44<\/td><td>24<\/td><td>0.88<\/td><td>22.3<\/td><\/tr><\/tbody><\/table><\/figure>\n\n\n\n<h3 class=\"wp-block-heading\">Individuelle Lunchbox-Optionen<\/h3>\n\n\n\n<p><strong>Logo:<\/strong> Ihr Markenlogo auf Brotdosen und Verpackungen anbringen.<br><strong>Logo-Optionen:<\/strong> gedrucktes Logo, lasergraviertes Logo, usw.<br><strong>Muster:<\/strong> Druckmuster <br><strong>Drucktechnik:<\/strong> Wassertransferdruck, Siebdruck, W\u00e4rmetransferdruck, Sublimationstransfer, etc.<br><strong>Paket<\/strong>:Farbkasten<br><a href=\"https:\/\/moyahousehold.com\/de\/individuelle-losung\/\">Erfahren Sie mehr \u00fcber die individuelle Lunchbox-L\u00f6sung<\/a><br><br><\/p>\n\n\n\n<div class=\"wp-block-columns is-layout-flex wp-container-core-columns-is-layout-9d6595d7 wp-block-columns-is-layout-flex\">\n<div class=\"wp-block-column is-layout-flow wp-block-column-is-layout-flow\">\n<figure class=\"wp-block-image size-full\"><img fetchpriority=\"high\" decoding=\"async\" width=\"2000\" height=\"2000\" src=\"https:\/\/moyahousehold.com\/wp-content\/uploads\/2024\/06\/Cute-Lunch-Box-For-Women-2.jpg\" alt=\"Niedliche Lunchbox f\u00fcr Frauen (2)\" class=\"wp-image-8851\" srcset=\"https:\/\/moyahousehold.com\/wp-content\/uploads\/2024\/06\/Cute-Lunch-Box-For-Women-2.jpg 2000w, https:\/\/moyahousehold.com\/wp-content\/uploads\/2024\/06\/Cute-Lunch-Box-For-Women-2-300x300.jpg 300w, https:\/\/moyahousehold.com\/wp-content\/uploads\/2024\/06\/Cute-Lunch-Box-For-Women-2-150x150.jpg 150w, https:\/\/moyahousehold.com\/wp-content\/uploads\/2024\/06\/Cute-Lunch-Box-For-Women-2-768x768.jpg 768w, https:\/\/moyahousehold.com\/wp-content\/uploads\/2024\/06\/Cute-Lunch-Box-For-Women-2-12x12.jpg 12w, https:\/\/moyahousehold.com\/wp-content\/uploads\/2024\/06\/Cute-Lunch-Box-For-Women-2-285x285.jpg 285w, https:\/\/moyahousehold.com\/wp-content\/uploads\/2024\/06\/Cute-Lunch-Box-For-Women-2-1600x1600.jpg 1600w, https:\/\/moyahousehold.com\/wp-content\/uploads\/2024\/06\/Cute-Lunch-Box-For-Women-2-270x270.jpg 270w, https:\/\/moyahousehold.com\/wp-content\/uploads\/2024\/06\/Cute-Lunch-Box-For-Women-2-540x540.jpg 540w, https:\/\/moyahousehold.com\/wp-content\/uploads\/2024\/06\/Cute-Lunch-Box-For-Women-2-660x660.jpg 660w\" sizes=\"(max-width: 2000px) 100vw, 2000px\" \/><\/figure>\n<\/div>\n\n\n\n<div class=\"wp-block-column is-layout-flow wp-block-column-is-layout-flow\">\n<figure class=\"wp-block-image size-full\"><img decoding=\"async\" width=\"2000\" height=\"2000\" src=\"https:\/\/moyahousehold.com\/wp-content\/uploads\/2024\/06\/Cute-Lunch-Box-For-Women.jpg\" alt=\"Niedliche Lunchbox f\u00fcr Frauen\" class=\"wp-image-8852\" srcset=\"https:\/\/moyahousehold.com\/wp-content\/uploads\/2024\/06\/Cute-Lunch-Box-For-Women.jpg 2000w, https:\/\/moyahousehold.com\/wp-content\/uploads\/2024\/06\/Cute-Lunch-Box-For-Women-300x300.jpg 300w, https:\/\/moyahousehold.com\/wp-content\/uploads\/2024\/06\/Cute-Lunch-Box-For-Women-150x150.jpg 150w, https:\/\/moyahousehold.com\/wp-content\/uploads\/2024\/06\/Cute-Lunch-Box-For-Women-768x768.jpg 768w, https:\/\/moyahousehold.com\/wp-content\/uploads\/2024\/06\/Cute-Lunch-Box-For-Women-12x12.jpg 12w, https:\/\/moyahousehold.com\/wp-content\/uploads\/2024\/06\/Cute-Lunch-Box-For-Women-285x285.jpg 285w, https:\/\/moyahousehold.com\/wp-content\/uploads\/2024\/06\/Cute-Lunch-Box-For-Women-1600x1600.jpg 1600w, https:\/\/moyahousehold.com\/wp-content\/uploads\/2024\/06\/Cute-Lunch-Box-For-Women-270x270.jpg 270w, https:\/\/moyahousehold.com\/wp-content\/uploads\/2024\/06\/Cute-Lunch-Box-For-Women-540x540.jpg 540w, https:\/\/moyahousehold.com\/wp-content\/uploads\/2024\/06\/Cute-Lunch-Box-For-Women-660x660.jpg 660w\" sizes=\"(max-width: 2000px) 100vw, 2000px\" \/><\/figure>\n<\/div>\n<\/div>\n\n\n\n<div class=\"wp-block-columns is-layout-flex wp-container-core-columns-is-layout-9d6595d7 wp-block-columns-is-layout-flex\">\n<div class=\"wp-block-column is-layout-flow wp-block-column-is-layout-flow\"><\/div>\n\n\n\n<div class=\"wp-block-column is-layout-flow wp-block-column-is-layout-flow\"><\/div>\n<\/div>","protected":false},"excerpt":{"rendered":"<p>Gro\u00dfhandel niedlichen Lunch-Boxen f\u00fcr Frauen, mit quadratischen Design und gute Isolierung. Geeignet f\u00fcr das Mittagessen, und kann leicht halten Obst, Snacks und andere Lebensmittel, ist es Ihr idealer Begleiter. Willkommen bei uns f\u00fcr ein Angebot zu kontaktieren.<\/p>\n<h3>Merkmale und Vorteile der Lunch Box<\/h3>\n<p><strong>Kreative Gestaltung:<\/strong> Diese quadratische Thermos-Lunchbox mit Henkel ist einer Handtasche nachempfunden und hat eine niedliche und modische Form, die sehr gut f\u00fcr Frauen geeignet ist.<\/p>\n<p><strong>Mehrschichtiges Design:<\/strong> Wir bieten 3 verschiedene Ausf\u00fchrungen an, darunter einlagige, zweilagige und dreilagige Lunchboxen, die den unterschiedlichen Bed\u00fcrfnissen beim Essen gerecht werden. W\u00e4hlen Sie das Modell, das am besten zu Ihren Bed\u00fcrfnissen passt.<\/p>\n<p><strong>Bestes Dichtungsdesign:<\/strong> Diese Lunchbox verf\u00fcgt \u00fcber einen doppelseitigen Verschluss und ist mit einem dichtenden Silikonring ausgestattet, der einen doppelten Dichtungsschutz bietet, um ein Auslaufen zu verhindern.<\/p>\n<p><strong>Aufbewahrung des Geschirrs:<\/strong> Auf der Oberseite der Lunchbox befindet sich ein Fach zur Aufbewahrung von L\u00f6ffeln, St\u00e4bchen und anderem Geschirr, das das Essen bequemer macht.<\/p>\n<p><strong>Gro\u00dfhandel und Anpassungsdienste:<\/strong> Wir bieten Gro\u00dfhandels-Lunchboxen und personalisierte, ma\u00dfgeschneiderte Lunchboxen f\u00fcr B2B-Kunden an, die sie anpassen und in gro\u00dfen Mengen kaufen k\u00f6nnen.<\/p>","protected":false},"featured_media":8855,"comment_status":"closed","ping_status":"closed","template":"","meta":[],"product_cat":[58],"product_tag":[89,90,86,93],"class_list":{"0":"post-5227","1":"product","2":"type-product","3":"status-publish","4":"has-post-thumbnail","6":"product_cat-lunch-box-wholesale","7":"product_tag-wholesale-3-layer-lunch-box","8":"product_tag-wholesale-double-layer-lunch-box","9":"product_tag-wholesale-insulated-lunch-box","10":"product_tag-wholesale-square-lunch-box","12":"first","13":"instock","14":"shipping-taxable","15":"product-type-simple"},"_links":{"self":[{"href":"https:\/\/moyahousehold.com\/de\/wp-json\/wp\/v2\/product\/5227","targetHints":{"allow":["GET"]}}],"collection":[{"href":"https:\/\/moyahousehold.com\/de\/wp-json\/wp\/v2\/product"}],"about":[{"href":"https:\/\/moyahousehold.com\/de\/wp-json\/wp\/v2\/types\/product"}],"replies":[{"embeddable":true,"href":"https:\/\/moyahousehold.com\/de\/wp-json\/wp\/v2\/comments?post=5227"}],"version-history":[{"count":0,"href":"https:\/\/moyahousehold.com\/de\/wp-json\/wp\/v2\/product\/5227\/revisions"}],"wp:featuredmedia":[{"embeddable":true,"href":"https:\/\/moyahousehold.com\/de\/wp-json\/wp\/v2\/media\/8855"}],"wp:attachment":[{"href":"https:\/\/moyahousehold.com\/de\/wp-json\/wp\/v2\/media?parent=5227"}],"wp:term":[{"taxonomy":"product_cat","embeddable":true,"href":"https:\/\/moyahousehold.com\/de\/wp-json\/wp\/v2\/product_cat?post=5227"},{"taxonomy":"product_tag","embeddable":true,"href":"https:\/\/moyahousehold.com\/de\/wp-json\/wp\/v2\/product_tag?post=5227"}],"curies":[{"name":"wp","href":"https:\/\/api.w.org\/{rel}","templated":true}]}}