{"id":5245,"date":"2024-06-07T06:31:09","date_gmt":"2024-06-07T06:31:09","guid":{"rendered":"https:\/\/moyahousehold.com\/?post_type=product&#038;p=5245"},"modified":"2025-02-05T08:40:38","modified_gmt":"2025-02-05T08:40:38","slug":"wholesale-simple-modern-lunch-boxes","status":"publish","type":"product","link":"https:\/\/moyahousehold.com\/de\/produkt\/wholesale-simple-modern-lunch-boxes\/","title":{"rendered":"Gro\u00dfhandel einfache moderne Lunch-Boxen\uff1a2 Compartment Design und 3 Schicht kann ausgew\u00e4hlt werden"},"content":{"rendered":"<h2 class=\"wp-block-heading\">Parameter der einfachen modernen Lunchbox<\/h2>\n\n\n\n<p><strong>Material:<\/strong>304 + PP <strong> Farbe:<\/strong>Beige\/Khaki<\/p>\n\n\n\n<figure class=\"wp-block-table\"><table><tbody><tr><td>Modellnummer<\/td><td>Kapazit\u00e4t<\/td><td>Gr\u00f6\u00dfe des Produkts<\/td><td>\u00c4u\u00dfere Gr\u00f6\u00dfe der Box<\/td><td>Menge pro Kiste<\/td><td>N.W<\/td><td>G.W\/Koffer<\/td><\/tr><tr><td>MYSK007<\/td><td>Einzelne Schicht 1000ml<\/td><td>19*11.3*7.5<\/td><td>66*49*44<\/td><td>60<\/td><td>0.54<\/td><td>44.4<\/td><\/tr><tr><td>MYSK008<\/td><td>Doppelte Schichten 2000ml<\/td><td>19*11.3*15<\/td><td>66*49*58<\/td><td>36<\/td><td>0.92<\/td><td>40.32<\/td><\/tr><tr><td>MYSK009<\/td><td>Dreifache Schichten 3000ml<\/td><td>19*11.3*22.5<\/td><td>66*49*62<\/td><td>24<\/td><td>1.3<\/td><td>36<\/td><\/tr><tr><td>MYSK010<\/td><td>Doppellagen mit Suppenteller<\/td><td>19*11.3*15<\/td><td>66*49*58<\/td><td>36<\/td><td>1<\/td><td>43.2<\/td><\/tr><tr><td>MYSK011<\/td><td>Dreifachschichten mit Suppensch\u00fcssel<\/td><td>19*11.3*22.5<\/td><td>66*49*62<\/td><td>24<\/td><td>1.4<\/td><td>38.4<\/td><\/tr><\/tbody><\/table><\/figure>\n\n\n\n<h3 class=\"wp-block-heading\">Option Individuelle Lunchboxen<\/h3>\n\n\n\n<p><strong>Logo: <\/strong>Ihr Markenlogo auf Produkt und Verpackung anbringen.<br><strong>Logo-Optionen: <\/strong>gedrucktes Logo, lasergraviertes Logo, usw.<br><strong>Muster:<\/strong> Druckmuster <br><strong>Drucktechnik: <\/strong>Wassertransferdruck, Siebdruck, W\u00e4rmetransferdruck, Sublimationstransfer, etc.<br><strong>Paket:<\/strong>Farbkasten<br><a href=\"https:\/\/moyahousehold.com\/de\/individuelle-losung\/\"><strong>Erfahren Sie mehr \u00fcber individuelle Lunchbox-L\u00f6sungen<\/strong><\/a><br><br><\/p>\n\n\n\n<div class=\"wp-block-columns is-layout-flex wp-container-core-columns-is-layout-9d6595d7 wp-block-columns-is-layout-flex\">\n<div class=\"wp-block-column is-layout-flow wp-block-column-is-layout-flow\">\n<figure class=\"wp-block-image size-full\"><img fetchpriority=\"high\" decoding=\"async\" width=\"731\" height=\"731\" src=\"https:\/\/moyahousehold.com\/wp-content\/uploads\/2024\/06\/Simple-Modern-Lunch-Box-Display-4.jpg\" alt=\"Einfaches modernes Lunchbox-Display (4)\" class=\"wp-image-8699\" srcset=\"https:\/\/moyahousehold.com\/wp-content\/uploads\/2024\/06\/Simple-Modern-Lunch-Box-Display-4.jpg 731w, https:\/\/moyahousehold.com\/wp-content\/uploads\/2024\/06\/Simple-Modern-Lunch-Box-Display-4-300x300.jpg 300w, https:\/\/moyahousehold.com\/wp-content\/uploads\/2024\/06\/Simple-Modern-Lunch-Box-Display-4-150x150.jpg 150w, https:\/\/moyahousehold.com\/wp-content\/uploads\/2024\/06\/Simple-Modern-Lunch-Box-Display-4-12x12.jpg 12w, https:\/\/moyahousehold.com\/wp-content\/uploads\/2024\/06\/Simple-Modern-Lunch-Box-Display-4-285x285.jpg 285w, https:\/\/moyahousehold.com\/wp-content\/uploads\/2024\/06\/Simple-Modern-Lunch-Box-Display-4-270x270.jpg 270w, https:\/\/moyahousehold.com\/wp-content\/uploads\/2024\/06\/Simple-Modern-Lunch-Box-Display-4-540x540.jpg 540w, https:\/\/moyahousehold.com\/wp-content\/uploads\/2024\/06\/Simple-Modern-Lunch-Box-Display-4-660x660.jpg 660w\" sizes=\"(max-width: 731px) 100vw, 731px\" \/><\/figure>\n<\/div>\n\n\n\n<div class=\"wp-block-column is-layout-flow wp-block-column-is-layout-flow\">\n<figure class=\"wp-block-image size-full\"><img decoding=\"async\" width=\"800\" height=\"800\" src=\"https:\/\/moyahousehold.com\/wp-content\/uploads\/2024\/06\/Simple-Modern-Lunch-Box-Display-1.jpg\" alt=\"Einfaches modernes Lunchbox-Display (1)\" class=\"wp-image-8696\" srcset=\"https:\/\/moyahousehold.com\/wp-content\/uploads\/2024\/06\/Simple-Modern-Lunch-Box-Display-1.jpg 800w, https:\/\/moyahousehold.com\/wp-content\/uploads\/2024\/06\/Simple-Modern-Lunch-Box-Display-1-300x300.jpg 300w, https:\/\/moyahousehold.com\/wp-content\/uploads\/2024\/06\/Simple-Modern-Lunch-Box-Display-1-150x150.jpg 150w, https:\/\/moyahousehold.com\/wp-content\/uploads\/2024\/06\/Simple-Modern-Lunch-Box-Display-1-768x768.jpg 768w, https:\/\/moyahousehold.com\/wp-content\/uploads\/2024\/06\/Simple-Modern-Lunch-Box-Display-1-12x12.jpg 12w, https:\/\/moyahousehold.com\/wp-content\/uploads\/2024\/06\/Simple-Modern-Lunch-Box-Display-1-285x285.jpg 285w, https:\/\/moyahousehold.com\/wp-content\/uploads\/2024\/06\/Simple-Modern-Lunch-Box-Display-1-270x270.jpg 270w, https:\/\/moyahousehold.com\/wp-content\/uploads\/2024\/06\/Simple-Modern-Lunch-Box-Display-1-540x540.jpg 540w, https:\/\/moyahousehold.com\/wp-content\/uploads\/2024\/06\/Simple-Modern-Lunch-Box-Display-1-660x660.jpg 660w\" sizes=\"(max-width: 800px) 100vw, 800px\" \/><\/figure>\n<\/div>\n<\/div>\n\n\n\n<div class=\"wp-block-columns is-layout-flex wp-container-core-columns-is-layout-9d6595d7 wp-block-columns-is-layout-flex\">\n<div class=\"wp-block-column is-layout-flow wp-block-column-is-layout-flow\">\n<figure class=\"wp-block-image size-full\"><img decoding=\"async\" width=\"800\" height=\"800\" src=\"https:\/\/moyahousehold.com\/wp-content\/uploads\/2024\/06\/Simple-Modern-Lunch-Box-Display-2.jpg\" alt=\"Einfaches modernes Lunchbox-Display (2)\" class=\"wp-image-8697\" srcset=\"https:\/\/moyahousehold.com\/wp-content\/uploads\/2024\/06\/Simple-Modern-Lunch-Box-Display-2.jpg 800w, https:\/\/moyahousehold.com\/wp-content\/uploads\/2024\/06\/Simple-Modern-Lunch-Box-Display-2-300x300.jpg 300w, https:\/\/moyahousehold.com\/wp-content\/uploads\/2024\/06\/Simple-Modern-Lunch-Box-Display-2-150x150.jpg 150w, https:\/\/moyahousehold.com\/wp-content\/uploads\/2024\/06\/Simple-Modern-Lunch-Box-Display-2-768x768.jpg 768w, https:\/\/moyahousehold.com\/wp-content\/uploads\/2024\/06\/Simple-Modern-Lunch-Box-Display-2-12x12.jpg 12w, https:\/\/moyahousehold.com\/wp-content\/uploads\/2024\/06\/Simple-Modern-Lunch-Box-Display-2-285x285.jpg 285w, https:\/\/moyahousehold.com\/wp-content\/uploads\/2024\/06\/Simple-Modern-Lunch-Box-Display-2-270x270.jpg 270w, https:\/\/moyahousehold.com\/wp-content\/uploads\/2024\/06\/Simple-Modern-Lunch-Box-Display-2-540x540.jpg 540w, https:\/\/moyahousehold.com\/wp-content\/uploads\/2024\/06\/Simple-Modern-Lunch-Box-Display-2-660x660.jpg 660w\" sizes=\"(max-width: 800px) 100vw, 800px\" \/><\/figure>\n<\/div>\n\n\n\n<div class=\"wp-block-column is-layout-flow wp-block-column-is-layout-flow\">\n<figure class=\"wp-block-image size-full\"><img loading=\"lazy\" decoding=\"async\" width=\"800\" height=\"800\" src=\"https:\/\/moyahousehold.com\/wp-content\/uploads\/2024\/06\/Simple-Modern-Lunch-Box-Display-3.jpg\" alt=\"Einfaches modernes Lunchbox-Display (3)\" class=\"wp-image-8698\" srcset=\"https:\/\/moyahousehold.com\/wp-content\/uploads\/2024\/06\/Simple-Modern-Lunch-Box-Display-3.jpg 800w, https:\/\/moyahousehold.com\/wp-content\/uploads\/2024\/06\/Simple-Modern-Lunch-Box-Display-3-300x300.jpg 300w, https:\/\/moyahousehold.com\/wp-content\/uploads\/2024\/06\/Simple-Modern-Lunch-Box-Display-3-150x150.jpg 150w, https:\/\/moyahousehold.com\/wp-content\/uploads\/2024\/06\/Simple-Modern-Lunch-Box-Display-3-768x768.jpg 768w, https:\/\/moyahousehold.com\/wp-content\/uploads\/2024\/06\/Simple-Modern-Lunch-Box-Display-3-12x12.jpg 12w, https:\/\/moyahousehold.com\/wp-content\/uploads\/2024\/06\/Simple-Modern-Lunch-Box-Display-3-285x285.jpg 285w, https:\/\/moyahousehold.com\/wp-content\/uploads\/2024\/06\/Simple-Modern-Lunch-Box-Display-3-270x270.jpg 270w, https:\/\/moyahousehold.com\/wp-content\/uploads\/2024\/06\/Simple-Modern-Lunch-Box-Display-3-540x540.jpg 540w, https:\/\/moyahousehold.com\/wp-content\/uploads\/2024\/06\/Simple-Modern-Lunch-Box-Display-3-660x660.jpg 660w\" sizes=\"(max-width: 800px) 100vw, 800px\" \/><\/figure>\n<\/div>\n<\/div>","protected":false},"excerpt":{"rendered":"<p>Gro\u00dfhandel einfache moderne Lunch-Box, unsere Lunch-Box ist stilvoll und funktional, mit drei Stilen zur Auswahl. Diese Brotdose hat ein mehrschichtiges Design, Sie k\u00f6nnen es frei in eine doppelschichtige Brotdose oder eine 3-schichtige Brotdose anpassen. Geeignet f\u00fcr den Einsatz in B\u00fcros, Schulen, Outdoor-Aktivit\u00e4ten und anderen Orten. Gerne k\u00f6nnen Sie uns f\u00fcr ein Angebot kontaktieren.<\/p>\n<h3>Merkmale und Vorteile der Lunch Box<\/h3>\n<p><strong>Einfaches und modernes Design:<\/strong> Diese Lunchbox hat ein schlichtes und modernes Design, das dem Modetrend entspricht, perfekt zum Mittagessen passt und jede Mahlzeit versch\u00f6nert.<\/p>\n<p><strong>Multifunktionales Fachdesign:<\/strong> Jede Schicht dieser Brotdose hat 2 F\u00e4cher, in denen die Lebensmittel effektiv geordnet und aufbewahrt werden k\u00f6nnen und der Geschmack der Lebensmittel erhalten bleibt.<\/p>\n<p><strong>Unabh\u00e4ngiges Design der Suppensch\u00fcssel:<\/strong> Die Lunchbox ist mit einer separaten, versiegelten Suppensch\u00fcssel ausgestattet, in der Suppe oder andere fl\u00fcssige Lebensmittel bequem aufbewahrt werden k\u00f6nnen.<\/p>\n<p><strong>Praktische Aufbewahrung des Geschirrs:<\/strong> Diese Lunchbox verf\u00fcgt \u00fcber ein integriertes Geschirrfach, das speziell f\u00fcr die Aufbewahrung von L\u00f6ffeln, St\u00e4bchen und anderem Geschirr konzipiert wurde und bequem zu tragen und zu benutzen ist.<\/p>\n<p><strong>Personalisierung und Gro\u00dfhandelsdienstleistungen:<\/strong> Wir bieten einen Gro\u00dfhandelsservice f\u00fcr Lunchboxen an, unterst\u00fctzen ma\u00dfgeschneiderte L\u00f6sungen f\u00fcr Lunchboxen, erf\u00fcllen pers\u00f6nliche Bed\u00fcrfnisse und sind f\u00fcr die Anpassung an die Bed\u00fcrfnisse von Unternehmen und Gro\u00dfeink\u00e4ufe geeignet.<\/p>","protected":false},"featured_media":8702,"comment_status":"open","ping_status":"closed","template":"","meta":[],"product_cat":[58],"product_tag":[89,90,86,92],"class_list":{"0":"post-5245","1":"product","2":"type-product","3":"status-publish","4":"has-post-thumbnail","6":"product_cat-lunch-box-wholesale","7":"product_tag-wholesale-3-layer-lunch-box","8":"product_tag-wholesale-double-layer-lunch-box","9":"product_tag-wholesale-insulated-lunch-box","10":"product_tag-wholesale-rectangle-lunch-box","12":"first","13":"instock","14":"shipping-taxable","15":"product-type-simple"},"_links":{"self":[{"href":"https:\/\/moyahousehold.com\/de\/wp-json\/wp\/v2\/product\/5245","targetHints":{"allow":["GET"]}}],"collection":[{"href":"https:\/\/moyahousehold.com\/de\/wp-json\/wp\/v2\/product"}],"about":[{"href":"https:\/\/moyahousehold.com\/de\/wp-json\/wp\/v2\/types\/product"}],"replies":[{"embeddable":true,"href":"https:\/\/moyahousehold.com\/de\/wp-json\/wp\/v2\/comments?post=5245"}],"version-history":[{"count":0,"href":"https:\/\/moyahousehold.com\/de\/wp-json\/wp\/v2\/product\/5245\/revisions"}],"wp:featuredmedia":[{"embeddable":true,"href":"https:\/\/moyahousehold.com\/de\/wp-json\/wp\/v2\/media\/8702"}],"wp:attachment":[{"href":"https:\/\/moyahousehold.com\/de\/wp-json\/wp\/v2\/media?parent=5245"}],"wp:term":[{"taxonomy":"product_cat","embeddable":true,"href":"https:\/\/moyahousehold.com\/de\/wp-json\/wp\/v2\/product_cat?post=5245"},{"taxonomy":"product_tag","embeddable":true,"href":"https:\/\/moyahousehold.com\/de\/wp-json\/wp\/v2\/product_tag?post=5245"}],"curies":[{"name":"wp","href":"https:\/\/api.w.org\/{rel}","templated":true}]}}