{"id":5261,"date":"2024-06-07T06:53:44","date_gmt":"2024-06-07T06:53:44","guid":{"rendered":"https:\/\/moyahousehold.com\/?post_type=product&#038;p=5261"},"modified":"2025-02-05T08:40:19","modified_gmt":"2025-02-05T08:40:19","slug":"wholesale-insulated-stainless-steel-food-containers","status":"publish","type":"product","link":"https:\/\/moyahousehold.com\/de\/produkt\/groshandel-isolierte-edelstahl-lebensmittelbehalter\/","title":{"rendered":"Gro\u00dfhandel isolierte Edelstahl Lebensmittelbeh\u00e4lter mit Griff f\u00fcr ein Mittagessen zu bringen oder speichern Lebensmittel"},"content":{"rendered":"<h2 class=\"wp-block-heading\">Parameter des isolierten Lebensmittelbeh\u00e4lters aus rostfreiem Stahl<\/h2>\n\n\n\n<p><strong>Material:<\/strong>304 + PP <strong> Farbe:<\/strong>Stahl<\/p>\n\n\n\n<figure class=\"wp-block-table\"><table><tbody><tr><td>Modellnummer<\/td><td>Kapazit\u00e4t<\/td><td>Gr\u00f6\u00dfe des Produkts<\/td><td>\u00c4u\u00dfere Gr\u00f6\u00dfe der Box<\/td><td>Menge pro Kiste<\/td><td>N.W<\/td><td>G.W\/Koffer<\/td><\/tr><tr><td>MYLY010<\/td><td>Einzelne Schicht<\/td><td>14.6*14.6*16.5<\/td><td>64*64*42<\/td><td>32<\/td><td>0.81<\/td><td>29<\/td><\/tr><tr><td>MYLY011<\/td><td>Doppelte Schichten<\/td><td>14.6*14.6*25<\/td><td>48*48*59<\/td><td>18<\/td><td>1.44<\/td><td>29<\/td><\/tr><tr><td>MYLY012<\/td><td>Dreifache Schichten<\/td><td>14.6*14.6*33<\/td><td>64*64*38<\/td><td>16<\/td><td>1.63<\/td><td>29<\/td><\/tr><\/tbody><\/table><\/figure>\n\n\n\n<h3 class=\"wp-block-heading\">Kundenspezifischer isolierter Lebensmittelbeh\u00e4lter aus Edelstahl<\/h3>\n\n\n\n<p><strong>Logo:<\/strong> Ihr Markenlogo auf Produkt und Verpackung anbringen.<br><strong>Logo-Optionen:<\/strong> gedrucktes Logo, lasergraviertes Logo, usw.<br><strong>Muster: <\/strong>Druckmuster <br><strong>Drucktechnik: <\/strong>Wassertransferdruck, Siebdruck, W\u00e4rmetransferdruck, Sublimationstransfer, etc.<br><strong>Verpackung:<\/strong>Farbkasten<br><a href=\"https:\/\/moyahousehold.com\/de\/individuelle-losung\/\"><strong>Erfahren Sie mehr \u00fcber individuelle Lebensmittelbeh\u00e4lter im Detail<\/strong><\/a><\/p>\n\n\n\n<div class=\"wp-block-columns is-layout-flex wp-container-core-columns-is-layout-9d6595d7 wp-block-columns-is-layout-flex\">\n<div class=\"wp-block-column is-layout-flow wp-block-column-is-layout-flow\">\n<figure class=\"wp-block-image size-full\"><img fetchpriority=\"high\" decoding=\"async\" width=\"800\" height=\"800\" src=\"https:\/\/moyahousehold.com\/wp-content\/uploads\/2024\/06\/wholesale-food-container-detail-1.jpg\" alt=\"Gro\u00dfhandel Lebensmittel Container Detail (1)\" class=\"wp-image-8757\" srcset=\"https:\/\/moyahousehold.com\/wp-content\/uploads\/2024\/06\/wholesale-food-container-detail-1.jpg 800w, https:\/\/moyahousehold.com\/wp-content\/uploads\/2024\/06\/wholesale-food-container-detail-1-300x300.jpg 300w, https:\/\/moyahousehold.com\/wp-content\/uploads\/2024\/06\/wholesale-food-container-detail-1-150x150.jpg 150w, https:\/\/moyahousehold.com\/wp-content\/uploads\/2024\/06\/wholesale-food-container-detail-1-768x768.jpg 768w, https:\/\/moyahousehold.com\/wp-content\/uploads\/2024\/06\/wholesale-food-container-detail-1-12x12.jpg 12w, https:\/\/moyahousehold.com\/wp-content\/uploads\/2024\/06\/wholesale-food-container-detail-1-285x285.jpg 285w, https:\/\/moyahousehold.com\/wp-content\/uploads\/2024\/06\/wholesale-food-container-detail-1-270x270.jpg 270w, https:\/\/moyahousehold.com\/wp-content\/uploads\/2024\/06\/wholesale-food-container-detail-1-540x540.jpg 540w, https:\/\/moyahousehold.com\/wp-content\/uploads\/2024\/06\/wholesale-food-container-detail-1-660x660.jpg 660w\" sizes=\"(max-width: 800px) 100vw, 800px\" \/><\/figure>\n<\/div>\n\n\n\n<div class=\"wp-block-column is-layout-flow wp-block-column-is-layout-flow\">\n<figure class=\"wp-block-image size-full\"><img decoding=\"async\" width=\"1500\" height=\"1500\" src=\"https:\/\/moyahousehold.com\/wp-content\/uploads\/2024\/06\/wholesale-food-container-detail-2.jpg\" alt=\"Gro\u00dfhandel Lebensmittelbeh\u00e4lter Detail (2)\" class=\"wp-image-8758\" srcset=\"https:\/\/moyahousehold.com\/wp-content\/uploads\/2024\/06\/wholesale-food-container-detail-2.jpg 1500w, https:\/\/moyahousehold.com\/wp-content\/uploads\/2024\/06\/wholesale-food-container-detail-2-300x300.jpg 300w, https:\/\/moyahousehold.com\/wp-content\/uploads\/2024\/06\/wholesale-food-container-detail-2-150x150.jpg 150w, https:\/\/moyahousehold.com\/wp-content\/uploads\/2024\/06\/wholesale-food-container-detail-2-768x768.jpg 768w, https:\/\/moyahousehold.com\/wp-content\/uploads\/2024\/06\/wholesale-food-container-detail-2-12x12.jpg 12w, https:\/\/moyahousehold.com\/wp-content\/uploads\/2024\/06\/wholesale-food-container-detail-2-285x285.jpg 285w, https:\/\/moyahousehold.com\/wp-content\/uploads\/2024\/06\/wholesale-food-container-detail-2-270x270.jpg 270w, https:\/\/moyahousehold.com\/wp-content\/uploads\/2024\/06\/wholesale-food-container-detail-2-540x540.jpg 540w, https:\/\/moyahousehold.com\/wp-content\/uploads\/2024\/06\/wholesale-food-container-detail-2-660x660.jpg 660w\" sizes=\"(max-width: 1500px) 100vw, 1500px\" \/><\/figure>\n<\/div>\n<\/div>\n\n\n\n<div class=\"wp-block-columns is-layout-flex wp-container-core-columns-is-layout-9d6595d7 wp-block-columns-is-layout-flex\">\n<div class=\"wp-block-column is-layout-flow wp-block-column-is-layout-flow\"><\/div>\n\n\n\n<div class=\"wp-block-column is-layout-flow wp-block-column-is-layout-flow\"><\/div>\n<\/div>","protected":false},"excerpt":{"rendered":"<p>Mit Vakuum-Schicht-Design, kann diese isolierte Edelstahl Lebensmittelbeh\u00e4lter die Temperatur im Inneren des Beh\u00e4lters f\u00fcr eine lange Zeit im Vergleich zu gew\u00f6hnlichen Lunch-Boxen zu halten. Geeignet f\u00fcr Schulen, Outdoor-Aktivit\u00e4ten, B\u00fcros und andere Orte. <strong>Wir bieten Gro\u00dfhandel und kundenspezifische Dienstleistungen an, bitte kontaktieren Sie uns.<\/strong><\/p>\n<h3>Merkmale und Vorteile von isolierten Lebensmittelbeh\u00e4ltern aus Edelstahl<\/h3>\n<p><strong>Tragbar: <\/strong>Dieser Lebensmittelbeh\u00e4lter ist stilvoll und praktisch, genau wie eine tragbare mobile K\u00fcche, mit der Sie jederzeit und \u00fcberall k\u00f6stliche Speisen genie\u00dfen k\u00f6nnen.<\/p>\n<p><strong>Lebensmittelgeeignetes Material aus rostfreiem Stahl:<\/strong> Hergestellt aus hochwertigem Edelstahl 304, langlebig und korrosionsbest\u00e4ndig, geeignet f\u00fcr die Lagerung von verschiedenen Lebensmitteln, mehr sicher zu verwenden.<\/p>\n<p><strong>Vielfach geschichtetes Design:<\/strong> Dieser Lebensmittelbeh\u00e4lter aus rostfreiem Stahl verf\u00fcgt \u00fcber ein mehrschichtiges Design, das beliebig zu 2- und 3-schichtigen Lunchboxen kombiniert werden kann, um die geheime Aufbewahrung verschiedener Lebensmittel zu gew\u00e4hrleisten.<\/p>\n<p><strong>Gute Isolierwirkung:<\/strong> Das Vakuumschichtdesign kann die W\u00e4rme des Inhalts effektiv isolieren und l\u00e4nger warm halten.<\/p>\n<p><strong>Gro\u00dfhandel und Anpassungsdienste:<\/strong> Als Hersteller von Lebensmittelbeh\u00e4ltern bieten wir Gro\u00dfhandels-Lebensmittelbeh\u00e4lter zu Fabrikpreisen an und unterst\u00fctzen OEM&amp;ODM-Anpassung, geeignet f\u00fcr Gro\u00dfeink\u00e4ufe.<\/p>","protected":false},"featured_media":8756,"comment_status":"closed","ping_status":"closed","template":"","meta":[],"product_cat":[58],"product_tag":[89,90,86,91],"class_list":{"0":"post-5261","1":"product","2":"type-product","3":"status-publish","4":"has-post-thumbnail","6":"product_cat-lunch-box-wholesale","7":"product_tag-wholesale-3-layer-lunch-box","8":"product_tag-wholesale-double-layer-lunch-box","9":"product_tag-wholesale-insulated-lunch-box","10":"product_tag-wholesale-round-lunch-box","12":"first","13":"instock","14":"shipping-taxable","15":"product-type-simple"},"_links":{"self":[{"href":"https:\/\/moyahousehold.com\/de\/wp-json\/wp\/v2\/product\/5261","targetHints":{"allow":["GET"]}}],"collection":[{"href":"https:\/\/moyahousehold.com\/de\/wp-json\/wp\/v2\/product"}],"about":[{"href":"https:\/\/moyahousehold.com\/de\/wp-json\/wp\/v2\/types\/product"}],"replies":[{"embeddable":true,"href":"https:\/\/moyahousehold.com\/de\/wp-json\/wp\/v2\/comments?post=5261"}],"version-history":[{"count":0,"href":"https:\/\/moyahousehold.com\/de\/wp-json\/wp\/v2\/product\/5261\/revisions"}],"wp:featuredmedia":[{"embeddable":true,"href":"https:\/\/moyahousehold.com\/de\/wp-json\/wp\/v2\/media\/8756"}],"wp:attachment":[{"href":"https:\/\/moyahousehold.com\/de\/wp-json\/wp\/v2\/media?parent=5261"}],"wp:term":[{"taxonomy":"product_cat","embeddable":true,"href":"https:\/\/moyahousehold.com\/de\/wp-json\/wp\/v2\/product_cat?post=5261"},{"taxonomy":"product_tag","embeddable":true,"href":"https:\/\/moyahousehold.com\/de\/wp-json\/wp\/v2\/product_tag?post=5261"}],"curies":[{"name":"wp","href":"https:\/\/api.w.org\/{rel}","templated":true}]}}