{"id":5271,"date":"2024-06-07T07:25:35","date_gmt":"2024-06-07T07:25:35","guid":{"rendered":"https:\/\/moyahousehold.com\/?post_type=product&#038;p=5271"},"modified":"2025-02-05T08:39:58","modified_gmt":"2025-02-05T08:39:58","slug":"stainless-steel-insulated-food-container-wholesale","status":"publish","type":"product","link":"https:\/\/moyahousehold.com\/de\/produkt\/stainless-steel-insulated-food-container-wholesale\/","title":{"rendered":"Edelstahl isoliert Lebensmittel Container Gro\u00dfhandel - MOYA Lebensmittel Container Hersteller"},"content":{"rendered":"<h2 class=\"wp-block-heading\">Parameter des isolierten Lebensmittelbeh\u00e4lters aus Edelstahl<\/h2>\n\n\n\n<p><strong>Material:<\/strong>304 + PP <strong> Farbe:<\/strong>Beige\/Khaki<\/p>\n\n\n\n<figure class=\"wp-block-table\"><table><tbody><tr><td>Modellnummer<\/td><td>Kapazit\u00e4t<\/td><td>Gr\u00f6\u00dfe des Produkts<\/td><td>\u00c4u\u00dfere Gr\u00f6\u00dfe der Box<\/td><td>Menge pro Kiste<\/td><td>N.W<\/td><td>G.W\/Koffer<\/td><\/tr><tr><td>MYLY013<\/td><td>Einzelne Schicht<\/td><td>14.6*14.6*16.5<\/td><td>64*64*42<\/td><td>32<\/td><td>0.81<\/td><td>29<\/td><\/tr><tr><td>MYLY014<\/td><td>Doppelte Schichten<\/td><td>14.6*14.6*25<\/td><td>48*48*59<\/td><td>18<\/td><td>1.44<\/td><td>29<\/td><\/tr><tr><td>MYLY015<\/td><td>Dreifache Schichten<\/td><td>14.6*14.6*33<\/td><td>64*64*38<\/td><td>16<\/td><td>1.63<\/td><td>29<\/td><\/tr><\/tbody><\/table><\/figure>\n\n\n\n<h3 class=\"wp-block-heading\">Kundenspezifische Optionen f\u00fcr Lebensmittelbeh\u00e4lter<\/h3>\n\n\n\n<p>Logo: Ihr Markenlogo auf Produkt und Verpackung.<br>Logo-Optionen: gedrucktes Logo, lasergraviertes Logo, etc.<br>Muster: Druckmuster <br>Drucktechnik: Wassertransferdruck, Siebdruck, W\u00e4rmetransferdruck, Sublimationstransfer, etc.<br>Paket:Farbe Box<br><a href=\"https:\/\/moyahousehold.com\/de\/individuelle-losung\/\"><strong>Erfahren Sie mehr \u00fcber individuelle L\u00f6sungen f\u00fcr Lebensmittelbeh\u00e4lter<\/strong><\/a><\/p>\n\n\n\n<div class=\"wp-block-columns is-layout-flex wp-container-core-columns-is-layout-9d6595d7 wp-block-columns-is-layout-flex\">\n<div class=\"wp-block-column is-layout-flow wp-block-column-is-layout-flow\">\n<figure class=\"wp-block-image size-full\"><img fetchpriority=\"high\" decoding=\"async\" width=\"800\" height=\"800\" src=\"https:\/\/moyahousehold.com\/wp-content\/uploads\/2024\/06\/Stainless-Steel-Insulated-Food-Container-Display-1.jpg\" alt=\"Display f\u00fcr isolierte Lebensmittelbeh\u00e4lter aus Edelstahl (1)\" class=\"wp-image-8635\" srcset=\"https:\/\/moyahousehold.com\/wp-content\/uploads\/2024\/06\/Stainless-Steel-Insulated-Food-Container-Display-1.jpg 800w, https:\/\/moyahousehold.com\/wp-content\/uploads\/2024\/06\/Stainless-Steel-Insulated-Food-Container-Display-1-300x300.jpg 300w, https:\/\/moyahousehold.com\/wp-content\/uploads\/2024\/06\/Stainless-Steel-Insulated-Food-Container-Display-1-150x150.jpg 150w, https:\/\/moyahousehold.com\/wp-content\/uploads\/2024\/06\/Stainless-Steel-Insulated-Food-Container-Display-1-768x768.jpg 768w, https:\/\/moyahousehold.com\/wp-content\/uploads\/2024\/06\/Stainless-Steel-Insulated-Food-Container-Display-1-12x12.jpg 12w, https:\/\/moyahousehold.com\/wp-content\/uploads\/2024\/06\/Stainless-Steel-Insulated-Food-Container-Display-1-285x285.jpg 285w, https:\/\/moyahousehold.com\/wp-content\/uploads\/2024\/06\/Stainless-Steel-Insulated-Food-Container-Display-1-270x270.jpg 270w, https:\/\/moyahousehold.com\/wp-content\/uploads\/2024\/06\/Stainless-Steel-Insulated-Food-Container-Display-1-540x540.jpg 540w, https:\/\/moyahousehold.com\/wp-content\/uploads\/2024\/06\/Stainless-Steel-Insulated-Food-Container-Display-1-660x660.jpg 660w\" sizes=\"(max-width: 800px) 100vw, 800px\" \/><\/figure>\n<\/div>\n\n\n\n<div class=\"wp-block-column is-layout-flow wp-block-column-is-layout-flow\">\n<figure class=\"wp-block-image size-full\"><img decoding=\"async\" width=\"1500\" height=\"1500\" src=\"https:\/\/moyahousehold.com\/wp-content\/uploads\/2024\/06\/Stainless-Steel-Insulated-Food-Container-Display-3.jpg\" alt=\"Display f\u00fcr isolierte Lebensmittelbeh\u00e4lter aus Edelstahl (3)\" class=\"wp-image-8637\" srcset=\"https:\/\/moyahousehold.com\/wp-content\/uploads\/2024\/06\/Stainless-Steel-Insulated-Food-Container-Display-3.jpg 1500w, https:\/\/moyahousehold.com\/wp-content\/uploads\/2024\/06\/Stainless-Steel-Insulated-Food-Container-Display-3-300x300.jpg 300w, https:\/\/moyahousehold.com\/wp-content\/uploads\/2024\/06\/Stainless-Steel-Insulated-Food-Container-Display-3-150x150.jpg 150w, https:\/\/moyahousehold.com\/wp-content\/uploads\/2024\/06\/Stainless-Steel-Insulated-Food-Container-Display-3-768x768.jpg 768w, https:\/\/moyahousehold.com\/wp-content\/uploads\/2024\/06\/Stainless-Steel-Insulated-Food-Container-Display-3-12x12.jpg 12w, https:\/\/moyahousehold.com\/wp-content\/uploads\/2024\/06\/Stainless-Steel-Insulated-Food-Container-Display-3-285x285.jpg 285w, https:\/\/moyahousehold.com\/wp-content\/uploads\/2024\/06\/Stainless-Steel-Insulated-Food-Container-Display-3-270x270.jpg 270w, https:\/\/moyahousehold.com\/wp-content\/uploads\/2024\/06\/Stainless-Steel-Insulated-Food-Container-Display-3-540x540.jpg 540w, https:\/\/moyahousehold.com\/wp-content\/uploads\/2024\/06\/Stainless-Steel-Insulated-Food-Container-Display-3-660x660.jpg 660w\" sizes=\"(max-width: 1500px) 100vw, 1500px\" \/><\/figure>\n<\/div>\n<\/div>","protected":false},"excerpt":{"rendered":"<p>Gro\u00dfhandel Edelstahl isoliert Lebensmittel-Container. Dieser Lebensmittelbeh\u00e4lter kann Lebensmittel hei\u00df oder kalt f\u00fcr eine lange Zeit zu halten, mit Multi-Layer-Design, k\u00f6nnen Sie vern\u00fcnftig verteilen Lebensmittel. Und es hat ein niedliches Aussehen. Es ist sehr geeignet f\u00fcr ein Picknick oder die Schule zu nehmen. Bitte kontaktieren Sie uns f\u00fcr ein Angebot.<\/p>\n<h3>Merkmale des isolierten Lebensmittelbeh\u00e4lters aus rostfreiem Stahl Isolierbeh\u00e4lter<\/h3>\n<p><strong>Lebensmitteltaugliche Sicherheit:<\/strong> Der vakuumisolierte Lebensmittelbeh\u00e4lter besteht aus Edelstahl 304, der den Gesundheits- und Sicherheitsstandards entspricht und zuverl\u00e4ssiger in der Anwendung ist.<\/p>\n<p><strong>Super Isolierwirkung:<\/strong> Dieser Lebensmittelbeh\u00e4lter besteht aus einer Vakuumschicht, die die W\u00e4rme effektiv isoliert und eine gute Isolierwirkung hat.<\/p>\n<p><strong>Mehrschichtiges Design:<\/strong> Sie k\u00f6nnen die Anzahl der Schichten des Lebensmittelbeh\u00e4lters frei w\u00e4hlen. Das geschichtete Design kann verhindern, dass sich verschiedene Lebensmittel geschmacklich vermischen und ihren jeweiligen Geschmack beibehalten.<\/p>\n<p><strong>Leicht zu reinigen:<\/strong> Die Innenseite dieses isolierten Lebensmittelbeh\u00e4lters aus rostfreiem Stahl ist poliert, die Innenfl\u00e4che ist glatt, und er ist leicht und arbeitssparend zu reinigen.<\/p>\n<p><strong>Kostenlose Proben:<\/strong> Bevor Sie Gro\u00dfhandels-Lebensmittelbeh\u00e4lter kaufen, stellen wir Ihnen kostenlose Proben zur Verf\u00fcgung, damit Sie unsere Produkte besser verstehen k\u00f6nnen.<\/p>\n<p>&nbsp;<\/p>","protected":false},"featured_media":8671,"comment_status":"open","ping_status":"closed","template":"","meta":[],"product_cat":[58],"product_tag":[89,90,86,91],"class_list":{"0":"post-5271","1":"product","2":"type-product","3":"status-publish","4":"has-post-thumbnail","6":"product_cat-lunch-box-wholesale","7":"product_tag-wholesale-3-layer-lunch-box","8":"product_tag-wholesale-double-layer-lunch-box","9":"product_tag-wholesale-insulated-lunch-box","10":"product_tag-wholesale-round-lunch-box","12":"first","13":"instock","14":"shipping-taxable","15":"product-type-simple"},"_links":{"self":[{"href":"https:\/\/moyahousehold.com\/de\/wp-json\/wp\/v2\/product\/5271","targetHints":{"allow":["GET"]}}],"collection":[{"href":"https:\/\/moyahousehold.com\/de\/wp-json\/wp\/v2\/product"}],"about":[{"href":"https:\/\/moyahousehold.com\/de\/wp-json\/wp\/v2\/types\/product"}],"replies":[{"embeddable":true,"href":"https:\/\/moyahousehold.com\/de\/wp-json\/wp\/v2\/comments?post=5271"}],"version-history":[{"count":1,"href":"https:\/\/moyahousehold.com\/de\/wp-json\/wp\/v2\/product\/5271\/revisions"}],"predecessor-version":[{"id":12711,"href":"https:\/\/moyahousehold.com\/de\/wp-json\/wp\/v2\/product\/5271\/revisions\/12711"}],"wp:featuredmedia":[{"embeddable":true,"href":"https:\/\/moyahousehold.com\/de\/wp-json\/wp\/v2\/media\/8671"}],"wp:attachment":[{"href":"https:\/\/moyahousehold.com\/de\/wp-json\/wp\/v2\/media?parent=5271"}],"wp:term":[{"taxonomy":"product_cat","embeddable":true,"href":"https:\/\/moyahousehold.com\/de\/wp-json\/wp\/v2\/product_cat?post=5271"},{"taxonomy":"product_tag","embeddable":true,"href":"https:\/\/moyahousehold.com\/de\/wp-json\/wp\/v2\/product_tag?post=5271"}],"curies":[{"name":"wp","href":"https:\/\/api.w.org\/{rel}","templated":true}]}}