{"id":5289,"date":"2024-06-07T07:45:11","date_gmt":"2024-06-07T07:45:11","guid":{"rendered":"https:\/\/moyahousehold.com\/?post_type=product&#038;p=5289"},"modified":"2025-04-22T09:20:11","modified_gmt":"2025-04-22T09:20:11","slug":"wholesale-bulk-lunch-boxes","status":"publish","type":"product","link":"https:\/\/moyahousehold.com\/de\/produkt\/wholesale-bulk-lunch-boxes\/","title":{"rendered":"Gro\u00dfhandel Stilvolle isolierte Lunch-Boxen f\u00fcr Frauen: Multi-Layer-Design, exquisite Erscheinung"},"content":{"rendered":"<h2 class=\"wp-block-heading\">Parameter von stilvollen isolierten Lunchboxen f\u00fcr Frauen<\/h2>\n\n\n\n<p><strong>Material:<\/strong>304 + PP <strong> Farbe:<\/strong>Beige\/Khaki<\/p>\n\n\n\n<figure class=\"wp-block-table\"><table><tbody><tr><td>Modellnummer<\/td><td>Kapazit\u00e4t<\/td><td>Gr\u00f6\u00dfe des Produkts<\/td><td>\u00c4u\u00dfere Gr\u00f6\u00dfe der Box<\/td><td>Menge pro Kiste<\/td><td>N.W<\/td><td>G.W\/Koffer<\/td><\/tr><tr><td>MYSC001<\/td><td>900ml<\/td><td>19.5*12*8<\/td><td>62*53*43<\/td><td>48<\/td><td>0.35<\/td><td>18.8<\/td><\/tr><tr><td>MYSC002<\/td><td>1600ml<\/td><td>19.5*12*14.5<\/td><td>63*53*49<\/td><td>36<\/td><td>0.7<\/td><td>27.2<\/td><\/tr><tr><td>MYSC003<\/td><td>2300ml<\/td><td>19.5*12*22.5<\/td><td>62*53*45<\/td><td>24<\/td><td>1<\/td><td>26<\/td><\/tr><\/tbody><\/table><\/figure>\n\n\n\n<h3 class=\"wp-block-heading\">Kundenspezifische Lunchbox-Optionen<\/h3>\n\n\n\n<p><strong>Logo:<\/strong> Gestalten Sie Ihr Markenlogo auf Brotdosen und Verpackungen.<br><strong>Logo-Optionen: <\/strong>gedrucktes Logo, lasergraviertes Logo, usw.<br><strong>Muster: <\/strong>Druckmuster <br><strong>Drucktechnik:<\/strong> Wassertransferdruck, Siebdruck, W\u00e4rmetransferdruck, Sublimationstransfer, usw.<br><strong>Verpackung<\/strong>: Farbkasten<br><a href=\"https:\/\/moyahousehold.com\/de\/individuelle-losung\/\"><strong>Erfahren Sie mehr \u00fcber ma\u00dfgeschneiderte Lunchbox-L\u00f6sungen<\/strong><\/a><\/p>\n\n\n\n<div class=\"wp-block-columns is-layout-flex wp-container-core-columns-is-layout-9d6595d7 wp-block-columns-is-layout-flex\">\n<div class=\"wp-block-column is-layout-flow wp-block-column-is-layout-flow\">\n<figure class=\"wp-block-image size-full\"><img fetchpriority=\"high\" decoding=\"async\" width=\"3642\" height=\"3642\" src=\"https:\/\/moyahousehold.com\/wp-content\/uploads\/2024\/06\/MYSC001-003-10.webp\" alt=\"Gro\u00dfhandel Bulk-Lunch-Boxen\" class=\"wp-image-5297\" srcset=\"https:\/\/moyahousehold.com\/wp-content\/uploads\/2024\/06\/MYSC001-003-10.webp 3642w, https:\/\/moyahousehold.com\/wp-content\/uploads\/2024\/06\/MYSC001-003-10-300x300.webp 300w, https:\/\/moyahousehold.com\/wp-content\/uploads\/2024\/06\/MYSC001-003-10-150x150.webp 150w, https:\/\/moyahousehold.com\/wp-content\/uploads\/2024\/06\/MYSC001-003-10-768x768.webp 768w, https:\/\/moyahousehold.com\/wp-content\/uploads\/2024\/06\/MYSC001-003-10-285x285.webp 285w, https:\/\/moyahousehold.com\/wp-content\/uploads\/2024\/06\/MYSC001-003-10-1600x1600.webp 1600w, https:\/\/moyahousehold.com\/wp-content\/uploads\/2024\/06\/MYSC001-003-10-270x270.webp 270w, https:\/\/moyahousehold.com\/wp-content\/uploads\/2024\/06\/MYSC001-003-10-540x540.webp 540w, https:\/\/moyahousehold.com\/wp-content\/uploads\/2024\/06\/MYSC001-003-10-660x660.webp 660w\" sizes=\"(max-width: 3642px) 100vw, 3642px\" \/><\/figure>\n<\/div>\n\n\n\n<div class=\"wp-block-column is-layout-flow wp-block-column-is-layout-flow\">\n<figure class=\"wp-block-image size-full\"><img decoding=\"async\" width=\"3629\" height=\"3629\" src=\"https:\/\/moyahousehold.com\/wp-content\/uploads\/2024\/06\/MYSC001-003-11.webp\" alt=\"Gro\u00dfhandel Bulk-Lunch-Boxen\" class=\"wp-image-5298\" srcset=\"https:\/\/moyahousehold.com\/wp-content\/uploads\/2024\/06\/MYSC001-003-11.webp 3629w, https:\/\/moyahousehold.com\/wp-content\/uploads\/2024\/06\/MYSC001-003-11-300x300.webp 300w, https:\/\/moyahousehold.com\/wp-content\/uploads\/2024\/06\/MYSC001-003-11-150x150.webp 150w, https:\/\/moyahousehold.com\/wp-content\/uploads\/2024\/06\/MYSC001-003-11-768x768.webp 768w, https:\/\/moyahousehold.com\/wp-content\/uploads\/2024\/06\/MYSC001-003-11-285x285.webp 285w, https:\/\/moyahousehold.com\/wp-content\/uploads\/2024\/06\/MYSC001-003-11-1600x1600.webp 1600w, https:\/\/moyahousehold.com\/wp-content\/uploads\/2024\/06\/MYSC001-003-11-270x270.webp 270w, https:\/\/moyahousehold.com\/wp-content\/uploads\/2024\/06\/MYSC001-003-11-540x540.webp 540w, https:\/\/moyahousehold.com\/wp-content\/uploads\/2024\/06\/MYSC001-003-11-660x660.webp 660w\" sizes=\"(max-width: 3629px) 100vw, 3629px\" \/><\/figure>\n<\/div>\n<\/div>\n\n\n\n<div class=\"wp-block-columns is-layout-flex wp-container-core-columns-is-layout-9d6595d7 wp-block-columns-is-layout-flex\">\n<div class=\"wp-block-column is-layout-flow wp-block-column-is-layout-flow\">\n<figure class=\"wp-block-image size-full\"><img decoding=\"async\" width=\"3247\" height=\"3247\" src=\"https:\/\/moyahousehold.com\/wp-content\/uploads\/2024\/06\/MYSC001-003-13.webp\" alt=\"Gro\u00dfhandel Bulk-Lunch-Boxen\" class=\"wp-image-5299\" srcset=\"https:\/\/moyahousehold.com\/wp-content\/uploads\/2024\/06\/MYSC001-003-13.webp 3247w, https:\/\/moyahousehold.com\/wp-content\/uploads\/2024\/06\/MYSC001-003-13-300x300.webp 300w, https:\/\/moyahousehold.com\/wp-content\/uploads\/2024\/06\/MYSC001-003-13-150x150.webp 150w, https:\/\/moyahousehold.com\/wp-content\/uploads\/2024\/06\/MYSC001-003-13-768x768.webp 768w, https:\/\/moyahousehold.com\/wp-content\/uploads\/2024\/06\/MYSC001-003-13-285x285.webp 285w, https:\/\/moyahousehold.com\/wp-content\/uploads\/2024\/06\/MYSC001-003-13-1600x1600.webp 1600w, https:\/\/moyahousehold.com\/wp-content\/uploads\/2024\/06\/MYSC001-003-13-270x270.webp 270w, https:\/\/moyahousehold.com\/wp-content\/uploads\/2024\/06\/MYSC001-003-13-540x540.webp 540w, https:\/\/moyahousehold.com\/wp-content\/uploads\/2024\/06\/MYSC001-003-13-660x660.webp 660w\" sizes=\"(max-width: 3247px) 100vw, 3247px\" \/><\/figure>\n<\/div>\n\n\n\n<div class=\"wp-block-column is-layout-flow wp-block-column-is-layout-flow\">\n<figure class=\"wp-block-image size-full\"><img loading=\"lazy\" decoding=\"async\" width=\"3341\" height=\"3341\" src=\"https:\/\/moyahousehold.com\/wp-content\/uploads\/2024\/06\/MYSC001-003-14.webp\" alt=\"Gro\u00dfhandel Bulk-Lunch-Boxen\" class=\"wp-image-5300\" srcset=\"https:\/\/moyahousehold.com\/wp-content\/uploads\/2024\/06\/MYSC001-003-14.webp 3341w, https:\/\/moyahousehold.com\/wp-content\/uploads\/2024\/06\/MYSC001-003-14-300x300.webp 300w, https:\/\/moyahousehold.com\/wp-content\/uploads\/2024\/06\/MYSC001-003-14-150x150.webp 150w, https:\/\/moyahousehold.com\/wp-content\/uploads\/2024\/06\/MYSC001-003-14-768x768.webp 768w, https:\/\/moyahousehold.com\/wp-content\/uploads\/2024\/06\/MYSC001-003-14-285x285.webp 285w, https:\/\/moyahousehold.com\/wp-content\/uploads\/2024\/06\/MYSC001-003-14-1600x1600.webp 1600w, https:\/\/moyahousehold.com\/wp-content\/uploads\/2024\/06\/MYSC001-003-14-270x270.webp 270w, https:\/\/moyahousehold.com\/wp-content\/uploads\/2024\/06\/MYSC001-003-14-540x540.webp 540w, https:\/\/moyahousehold.com\/wp-content\/uploads\/2024\/06\/MYSC001-003-14-660x660.webp 660w\" sizes=\"(max-width: 3341px) 100vw, 3341px\" \/><\/figure>\n<\/div>\n<\/div>","protected":false},"excerpt":{"rendered":"<p>Gro\u00dfhandel stilvolle isolierte Lunch-Boxen in loser Sch\u00fcttung, 900ml, 1600ml, und 2300ml sind verf\u00fcgbar. Die Auskleidung der Brotdose besteht aus Edelstahl 304. Es ist korrosionsbest\u00e4ndig und rostfrei und gew\u00e4hrleistet Sicherheit und Gesundheit. Und diese Lunch-Box hat ein stilvolles Aussehen, perfekt kombiniert Praktikabilit\u00e4t und Sch\u00f6nheit, geeignet f\u00fcr Frauen zu tragen. Willkommen in unserem Gro\u00dfhandel Brotdosen kaufen.<\/p>\n<h3>Eigenschaften der stilvollen isolierten Lunchboxen f\u00fcr Frauen<\/h3>\n<p><strong>W\u00e4rmed\u00e4mmende Konstruktion:<\/strong> Die \u00e4u\u00dfere H\u00fclle dieser Lunchbox besteht aus umweltfreundlichem PP-Kunststoff, der effektiv isoliert und Verbr\u00fchungen verhindert und so die Sicherheit der Benutzer sch\u00fctzt.<\/p>\n<p><strong>Versteckter Griff:<\/strong> Diese Lunchbox hat einen versteckten Griff, der das Tragen erleichtert und sowohl sch\u00f6n als auch praktisch ist.<\/p>\n<p><strong>Mehrschichtige Kombination: T<\/strong>Die Lunchbox ist mehrschichtig aufgebaut, und die Anzahl der Schichten kann frei kombiniert werden, um den Bed\u00fcrfnissen der verschiedenen Benutzer gerecht zu werden.<\/p>\n<p><strong>Hochwertiges Material:<\/strong> Die Innenauskleidung der Lunchbox besteht aus lebensmittelechtem 304er Edelstahl und ist hochglanzpoliert, wodurch sie sehr leicht zu reinigen ist.<\/p>\n<p><strong>OEM&amp;ODM-Anpassung:<\/strong> Als professioneller Hersteller von Lunchpaketen bietet MOYA ma\u00dfgeschneiderte Lunchpakete f\u00fcr Gro\u00dfbestellungen aus einer Hand an, einschlie\u00dflich Materialien, Designs und mehr.<\/p>\n<p>&nbsp;<\/p>","protected":false},"featured_media":8674,"comment_status":"closed","ping_status":"closed","template":"","meta":[],"product_cat":[58],"product_tag":[89,90,86,92],"class_list":{"0":"post-5289","1":"product","2":"type-product","3":"status-publish","4":"has-post-thumbnail","6":"product_cat-lunch-box-wholesale","7":"product_tag-wholesale-3-layer-lunch-box","8":"product_tag-wholesale-double-layer-lunch-box","9":"product_tag-wholesale-insulated-lunch-box","10":"product_tag-wholesale-rectangle-lunch-box","12":"first","13":"instock","14":"shipping-taxable","15":"product-type-simple"},"_links":{"self":[{"href":"https:\/\/moyahousehold.com\/de\/wp-json\/wp\/v2\/product\/5289","targetHints":{"allow":["GET"]}}],"collection":[{"href":"https:\/\/moyahousehold.com\/de\/wp-json\/wp\/v2\/product"}],"about":[{"href":"https:\/\/moyahousehold.com\/de\/wp-json\/wp\/v2\/types\/product"}],"replies":[{"embeddable":true,"href":"https:\/\/moyahousehold.com\/de\/wp-json\/wp\/v2\/comments?post=5289"}],"version-history":[{"count":0,"href":"https:\/\/moyahousehold.com\/de\/wp-json\/wp\/v2\/product\/5289\/revisions"}],"wp:featuredmedia":[{"embeddable":true,"href":"https:\/\/moyahousehold.com\/de\/wp-json\/wp\/v2\/media\/8674"}],"wp:attachment":[{"href":"https:\/\/moyahousehold.com\/de\/wp-json\/wp\/v2\/media?parent=5289"}],"wp:term":[{"taxonomy":"product_cat","embeddable":true,"href":"https:\/\/moyahousehold.com\/de\/wp-json\/wp\/v2\/product_cat?post=5289"},{"taxonomy":"product_tag","embeddable":true,"href":"https:\/\/moyahousehold.com\/de\/wp-json\/wp\/v2\/product_tag?post=5289"}],"curies":[{"name":"wp","href":"https:\/\/api.w.org\/{rel}","templated":true}]}}