{"id":5304,"date":"2024-06-07T08:53:37","date_gmt":"2024-06-07T08:53:37","guid":{"rendered":"https:\/\/moyahousehold.com\/?post_type=product&#038;p=5304"},"modified":"2025-02-05T08:39:21","modified_gmt":"2025-02-05T08:39:21","slug":"wholesale-stainless-steel-lunch-box-with-compartments","status":"publish","type":"product","link":"https:\/\/moyahousehold.com\/de\/produkt\/wholesale-stainless-steel-lunch-box-with-compartments\/","title":{"rendered":"Gro\u00dfhandel Edelstahl Lunch-Boxen mit F\u00e4chern - 2-Fach-Lunch-Box und 3-Fach-Lunch-Box"},"content":{"rendered":"<h2 class=\"wp-block-heading\">Parameter der Lunchbox aus Edelstahl mit F\u00e4chern<\/h2>\n\n\n\n<p><strong>Material:<\/strong>304 + PP <strong> Farbe:<\/strong>Beige<\/p>\n\n\n\n<figure class=\"wp-block-table\"><table><tbody><tr><td>Modellnummer<\/td><td>Produktname<\/td><td>Kapazit\u00e4t<\/td><td>Gr\u00f6\u00dfe des Produkts<\/td><td>\u00c4u\u00dfere Gr\u00f6\u00dfe der Box<\/td><td>Menge pro Kiste<\/td><td>N.W<\/td><td>G.W\/Koffer<\/td><\/tr><tr><td>MYJD110<\/td><td>Bento-Box mit zwei F\u00e4chern<\/td><td>2 F\u00e4cher<\/td><td>20.5*14*6.5<\/td><td>62*38*68<\/td><td>60<\/td><td>0.44<\/td><td>26<\/td><\/tr><tr><td>MYJD111<\/td><td>Bento-Box mit 3 F\u00e4chern<\/td><td>3 F\u00e4cher<\/td><td>20.5*14*6.5<\/td><td>62*38*68<\/td><td>60<\/td><td>0.44<\/td><td>32.5<\/td><\/tr><\/tbody><\/table><\/figure>\n\n\n\n<h3 class=\"wp-block-heading\">Individuelle Lunchbox-Optionen<\/h3>\n\n\n\n<p><strong>Logo<\/strong>: Gestalten Sie Ihr Markenlogo auf Bento-Boxen und Verpackungen.<br><strong>Logo-Optionen<\/strong>: gedrucktes Logo, lasergraviertes Logo, etc.<br><strong>Muster<\/strong>: Individuelle Muster auf Bento-Boxen drucken<br><strong>Drucktechnik<\/strong>Wassertransferdruck, Siebdruck, W\u00e4rmetransferdruck, Sublimationstransfer, etc.<br>Paket:Farbe Box<br><a href=\"https:\/\/moyahousehold.com\/de\/individuelle-losung\/\"><strong>Erfahren Sie mehr \u00fcber ma\u00dfgeschneiderte L\u00f6sungen f\u00fcr Lunchboxen<\/strong><\/a><\/p>\n\n\n\n<div class=\"wp-block-columns is-layout-flex wp-container-core-columns-is-layout-9d6595d7 wp-block-columns-is-layout-flex\">\n<div class=\"wp-block-column is-layout-flow wp-block-column-is-layout-flow\">\n<figure class=\"wp-block-image size-full\"><img fetchpriority=\"high\" decoding=\"async\" width=\"1500\" height=\"1500\" src=\"https:\/\/moyahousehold.com\/wp-content\/uploads\/2024\/06\/stainless-steel-with-compartments-1.jpg\" alt=\"Edelstahl mit F\u00e4chern (1)\" class=\"wp-image-8596\" srcset=\"https:\/\/moyahousehold.com\/wp-content\/uploads\/2024\/06\/stainless-steel-with-compartments-1.jpg 1500w, https:\/\/moyahousehold.com\/wp-content\/uploads\/2024\/06\/stainless-steel-with-compartments-1-300x300.jpg 300w, https:\/\/moyahousehold.com\/wp-content\/uploads\/2024\/06\/stainless-steel-with-compartments-1-150x150.jpg 150w, https:\/\/moyahousehold.com\/wp-content\/uploads\/2024\/06\/stainless-steel-with-compartments-1-768x768.jpg 768w, https:\/\/moyahousehold.com\/wp-content\/uploads\/2024\/06\/stainless-steel-with-compartments-1-12x12.jpg 12w, https:\/\/moyahousehold.com\/wp-content\/uploads\/2024\/06\/stainless-steel-with-compartments-1-285x285.jpg 285w, https:\/\/moyahousehold.com\/wp-content\/uploads\/2024\/06\/stainless-steel-with-compartments-1-270x270.jpg 270w, https:\/\/moyahousehold.com\/wp-content\/uploads\/2024\/06\/stainless-steel-with-compartments-1-540x540.jpg 540w, https:\/\/moyahousehold.com\/wp-content\/uploads\/2024\/06\/stainless-steel-with-compartments-1-660x660.jpg 660w\" sizes=\"(max-width: 1500px) 100vw, 1500px\" \/><\/figure>\n<\/div>\n\n\n\n<div class=\"wp-block-column is-layout-flow wp-block-column-is-layout-flow\">\n<figure class=\"wp-block-image size-full\"><img decoding=\"async\" width=\"1500\" height=\"1500\" src=\"https:\/\/moyahousehold.com\/wp-content\/uploads\/2024\/06\/stainless-steel-with-compartments-2-1.jpg\" alt=\"Edelstahl mit F\u00e4chern (2)\" class=\"wp-image-8600\" srcset=\"https:\/\/moyahousehold.com\/wp-content\/uploads\/2024\/06\/stainless-steel-with-compartments-2-1.jpg 1500w, https:\/\/moyahousehold.com\/wp-content\/uploads\/2024\/06\/stainless-steel-with-compartments-2-1-300x300.jpg 300w, https:\/\/moyahousehold.com\/wp-content\/uploads\/2024\/06\/stainless-steel-with-compartments-2-1-150x150.jpg 150w, https:\/\/moyahousehold.com\/wp-content\/uploads\/2024\/06\/stainless-steel-with-compartments-2-1-768x768.jpg 768w, https:\/\/moyahousehold.com\/wp-content\/uploads\/2024\/06\/stainless-steel-with-compartments-2-1-12x12.jpg 12w, https:\/\/moyahousehold.com\/wp-content\/uploads\/2024\/06\/stainless-steel-with-compartments-2-1-285x285.jpg 285w, https:\/\/moyahousehold.com\/wp-content\/uploads\/2024\/06\/stainless-steel-with-compartments-2-1-270x270.jpg 270w, https:\/\/moyahousehold.com\/wp-content\/uploads\/2024\/06\/stainless-steel-with-compartments-2-1-540x540.jpg 540w, https:\/\/moyahousehold.com\/wp-content\/uploads\/2024\/06\/stainless-steel-with-compartments-2-1-660x660.jpg 660w\" sizes=\"(max-width: 1500px) 100vw, 1500px\" \/><\/figure>\n<\/div>\n<\/div>\n\n\n\n<div class=\"wp-block-columns is-layout-flex wp-container-core-columns-is-layout-9d6595d7 wp-block-columns-is-layout-flex\">\n<div class=\"wp-block-column is-layout-flow wp-block-column-is-layout-flow\"><\/div>\n\n\n\n<div class=\"wp-block-column is-layout-flow wp-block-column-is-layout-flow\"><\/div>\n<\/div>","protected":false},"excerpt":{"rendered":"<p>Gro\u00dfhandel Edelstahl-Lunchbox mit F\u00e4chern, erh\u00e4ltlich in 2 F\u00e4chern und 3 F\u00e4chern, erm\u00f6glicht das Fach Design f\u00fcr eine bessere Platzierung von Lebensmitteln. Die vierseitige Schnalle Design sorgt daf\u00fcr, dass die Lunch-Box ist robust und langlebig und nicht leicht zu l\u00f6sen. Gerne k\u00f6nnen Sie uns f\u00fcr ein Angebot kontaktieren.<\/p>\n<h3>Eigenschaften und Vorteile der Edelstahl-Lunchbox mit F\u00e4chern<\/h3>\n<p><strong>Leicht zu reinigen:<\/strong> Die Brotdose ist aus 304 Edelstahl Innenfutter gemacht, nicht nur langlebig, sondern auch leicht zu reinigen<\/p>\n<p><strong>Wasserdicht und auslaufsicher:<\/strong> Die Brotdose mit F\u00e4chern hat einen eingebauten hochwertigen Silikonring in Lebensmittelqualit\u00e4t, und der Deckel kann fest an die Brotdose geschnallt werden, um einen Dichtungseffekt zu erzielen, der nicht nur wasserdicht und auslaufsicher ist, sondern auch die Frische der Lebensmittel effektiv bewahrt.<\/p>\n<p><strong>Abteilungsdesign:<\/strong> Die Lunchbox hat ein flexibles F\u00e4chersystem mit zwei oder drei F\u00e4chern zur Auswahl.<\/p>\n<p><strong>Leicht zu tragen:<\/strong> Diese Lunchbox hat ein exquisites Design, ist leicht und einfach zu transportieren und eignet sich perfekt f\u00fcr das t\u00e4gliche Pendeln, Picknicks oder Reisen. Dank ihrer kompakten Gr\u00f6\u00dfe l\u00e4sst sie sich leicht in einem Rucksack oder einer Handtasche verstauen, so dass Sie jederzeit eine k\u00f6stliche Mahlzeit genie\u00dfen k\u00f6nnen.<\/p>\n<p><strong>Gro\u00dfhandelsservice:<\/strong> Wir bieten einen professionellen Gro\u00dfhandelsservice f\u00fcr Lunchboxen. Von der Bereitstellung von kostenlosen Proben, Produktion bis zum Versand, bieten wir Ihnen eine One-Stop-L\u00f6sung.<\/p>\n<p><strong>Ma\u00dfgeschneiderter Service:<\/strong> Wir bieten OEM- und ODM-Services f\u00fcr ma\u00dfgeschneiderte Lunchboxen und passen Ihre exklusive Marken-Lunchbox von 0 bis 1 an.<\/p>","protected":false},"featured_media":8595,"comment_status":"open","ping_status":"closed","template":"","meta":[],"product_cat":[58],"product_tag":[87,92],"class_list":{"0":"post-5304","1":"product","2":"type-product","3":"status-publish","4":"has-post-thumbnail","6":"product_cat-lunch-box-wholesale","7":"product_tag-wholesale-multi-compartment-lunch-box","8":"product_tag-wholesale-rectangle-lunch-box","10":"first","11":"instock","12":"shipping-taxable","13":"product-type-simple"},"_links":{"self":[{"href":"https:\/\/moyahousehold.com\/de\/wp-json\/wp\/v2\/product\/5304","targetHints":{"allow":["GET"]}}],"collection":[{"href":"https:\/\/moyahousehold.com\/de\/wp-json\/wp\/v2\/product"}],"about":[{"href":"https:\/\/moyahousehold.com\/de\/wp-json\/wp\/v2\/types\/product"}],"replies":[{"embeddable":true,"href":"https:\/\/moyahousehold.com\/de\/wp-json\/wp\/v2\/comments?post=5304"}],"version-history":[{"count":0,"href":"https:\/\/moyahousehold.com\/de\/wp-json\/wp\/v2\/product\/5304\/revisions"}],"wp:featuredmedia":[{"embeddable":true,"href":"https:\/\/moyahousehold.com\/de\/wp-json\/wp\/v2\/media\/8595"}],"wp:attachment":[{"href":"https:\/\/moyahousehold.com\/de\/wp-json\/wp\/v2\/media?parent=5304"}],"wp:term":[{"taxonomy":"product_cat","embeddable":true,"href":"https:\/\/moyahousehold.com\/de\/wp-json\/wp\/v2\/product_cat?post=5304"},{"taxonomy":"product_tag","embeddable":true,"href":"https:\/\/moyahousehold.com\/de\/wp-json\/wp\/v2\/product_tag?post=5304"}],"curies":[{"name":"wp","href":"https:\/\/api.w.org\/{rel}","templated":true}]}}