{"id":5319,"date":"2024-06-07T09:21:37","date_gmt":"2024-06-07T09:21:37","guid":{"rendered":"https:\/\/moyahousehold.com\/?post_type=product&#038;p=5319"},"modified":"2026-04-14T09:59:33","modified_gmt":"2026-04-14T09:59:33","slug":"custom-insulated-lunch-box-wholesale","status":"publish","type":"product","link":"https:\/\/moyahousehold.com\/de\/produkt\/custom-insulated-lunch-box-wholesale\/","title":{"rendered":"Gro\u00dfhandel benutzerdefinierte isolierte Lunch-Box: Flexible Anpassungsoptionen f\u00fcr Ihre Marke"},"content":{"rendered":"<h3 class=\"wp-block-heading\">Parameter der anpassbaren isolierten Lunchbox<\/h3>\n\n\n\n<p><strong>Material:<\/strong> 304 + PP  <strong> Farbe:<\/strong> Beige<\/p>\n\n\n\n<figure class=\"wp-block-table\"><table><tbody><tr><td><strong>Artikel<\/strong><\/td><td><strong>Produktname<\/strong><\/td><td><strong>Kapazit\u00e4t<\/strong><\/td><td><strong>Gr\u00f6\u00dfe des Produkts<\/strong><\/td><td><strong>PCS\/Koffer<\/strong><\/td><td><strong>N.W.\/PCS<\/strong><\/td><td><strong>G.W.\/Fall<\/strong><\/td><\/tr><tr><td>MYJD112<\/td><td>doppellagige isolierte Brotdose<\/td><td>750ml-2 Schichten<\/td><td>11.5*11.5*20<\/td><td>36<\/td><td>0.49<\/td><td>20.64<\/td><\/tr><tr><td>MYJD113<\/td><td>Isolierte 3-Schicht-Lunchbox<\/td><td>1000ml-3 Schichten<\/td><td>11.5*11.5*26<\/td><td>24<\/td><td>0.66<\/td><td>18.84<\/td><\/tr><\/tbody><\/table><\/figure>\n\n\n\n<h3 class=\"wp-block-heading\">Individuelle isolierte Lunchbox-Optionen<\/h3>\n\n\n\n<p><strong>Logo<\/strong>: Ihr Markenlogo auf Brotdosen und Verpackungen.<br><strong>Logo Options<\/strong>: gedrucktes Logo, lasergraviertes Logo, etc.<br><strong>Muster<\/strong>: Druck von individuellen Mustern auf Brotdosen<br><strong>Printing Technology<\/strong>Wassertransferdruck, Siebdruck, W\u00e4rmetransferdruck, Sublimationstransfer, usw.<br><strong>Paket<\/strong>: Farbkasten<br><a href=\"https:\/\/moyahousehold.com\/de\/individuelle-losung\/\"><strong>Erfahren Sie mehr \u00fcber ma\u00dfgeschneiderte Lunchbox-L\u00f6sungen<\/strong><\/a><\/p>\n\n\n\n<div class=\"wp-block-columns is-layout-flex wp-container-core-columns-is-layout-9d6595d7 wp-block-columns-is-layout-flex\">\n<div class=\"wp-block-column is-layout-flow wp-block-column-is-layout-flow\">\n<figure class=\"wp-block-image size-full\"><img fetchpriority=\"high\" decoding=\"async\" width=\"3579\" height=\"3579\" src=\"https:\/\/moyahousehold.com\/wp-content\/uploads\/2024\/06\/custom-insulated-lunch-box-2-1.webp\" alt=\"Isolierte Brotdose nach Ma\u00df\" class=\"wp-image-5330\" srcset=\"https:\/\/moyahousehold.com\/wp-content\/uploads\/2024\/06\/custom-insulated-lunch-box-2-1.webp 3579w, https:\/\/moyahousehold.com\/wp-content\/uploads\/2024\/06\/custom-insulated-lunch-box-2-1-300x300.webp 300w, https:\/\/moyahousehold.com\/wp-content\/uploads\/2024\/06\/custom-insulated-lunch-box-2-1-150x150.webp 150w, https:\/\/moyahousehold.com\/wp-content\/uploads\/2024\/06\/custom-insulated-lunch-box-2-1-768x768.webp 768w, https:\/\/moyahousehold.com\/wp-content\/uploads\/2024\/06\/custom-insulated-lunch-box-2-1-285x285.webp 285w, https:\/\/moyahousehold.com\/wp-content\/uploads\/2024\/06\/custom-insulated-lunch-box-2-1-1600x1600.webp 1600w, https:\/\/moyahousehold.com\/wp-content\/uploads\/2024\/06\/custom-insulated-lunch-box-2-1-270x270.webp 270w, https:\/\/moyahousehold.com\/wp-content\/uploads\/2024\/06\/custom-insulated-lunch-box-2-1-540x540.webp 540w, https:\/\/moyahousehold.com\/wp-content\/uploads\/2024\/06\/custom-insulated-lunch-box-2-1-660x660.webp 660w\" sizes=\"(max-width: 3579px) 100vw, 3579px\" \/><\/figure>\n<\/div>\n\n\n\n<div class=\"wp-block-column is-layout-flow wp-block-column-is-layout-flow\">\n<figure class=\"wp-block-image size-full\"><img decoding=\"async\" width=\"3623\" height=\"3623\" src=\"https:\/\/moyahousehold.com\/wp-content\/uploads\/2024\/06\/custom-insulated-lunch-box-4-1.webp\" alt=\"Isolierte Brotdose nach Ma\u00df\" class=\"wp-image-5332\" srcset=\"https:\/\/moyahousehold.com\/wp-content\/uploads\/2024\/06\/custom-insulated-lunch-box-4-1.webp 3623w, https:\/\/moyahousehold.com\/wp-content\/uploads\/2024\/06\/custom-insulated-lunch-box-4-1-300x300.webp 300w, https:\/\/moyahousehold.com\/wp-content\/uploads\/2024\/06\/custom-insulated-lunch-box-4-1-150x150.webp 150w, https:\/\/moyahousehold.com\/wp-content\/uploads\/2024\/06\/custom-insulated-lunch-box-4-1-768x768.webp 768w, https:\/\/moyahousehold.com\/wp-content\/uploads\/2024\/06\/custom-insulated-lunch-box-4-1-285x285.webp 285w, https:\/\/moyahousehold.com\/wp-content\/uploads\/2024\/06\/custom-insulated-lunch-box-4-1-1600x1600.webp 1600w, https:\/\/moyahousehold.com\/wp-content\/uploads\/2024\/06\/custom-insulated-lunch-box-4-1-270x270.webp 270w, https:\/\/moyahousehold.com\/wp-content\/uploads\/2024\/06\/custom-insulated-lunch-box-4-1-540x540.webp 540w, https:\/\/moyahousehold.com\/wp-content\/uploads\/2024\/06\/custom-insulated-lunch-box-4-1-660x660.webp 660w\" sizes=\"(max-width: 3623px) 100vw, 3623px\" \/><\/figure>\n<\/div>\n<\/div>\n\n\n\n<div class=\"wp-block-columns is-layout-flex wp-container-core-columns-is-layout-9d6595d7 wp-block-columns-is-layout-flex\">\n<div class=\"wp-block-column is-layout-flow wp-block-column-is-layout-flow\">\n<figure class=\"wp-block-image size-full\"><img decoding=\"async\" width=\"3514\" height=\"3514\" src=\"https:\/\/moyahousehold.com\/wp-content\/uploads\/2024\/06\/custom-insulated-lunch-box-5.webp\" alt=\"Isolierte Brotdose nach Ma\u00df\" class=\"wp-image-5333\" srcset=\"https:\/\/moyahousehold.com\/wp-content\/uploads\/2024\/06\/custom-insulated-lunch-box-5.webp 3514w, https:\/\/moyahousehold.com\/wp-content\/uploads\/2024\/06\/custom-insulated-lunch-box-5-300x300.webp 300w, https:\/\/moyahousehold.com\/wp-content\/uploads\/2024\/06\/custom-insulated-lunch-box-5-150x150.webp 150w, https:\/\/moyahousehold.com\/wp-content\/uploads\/2024\/06\/custom-insulated-lunch-box-5-768x768.webp 768w, https:\/\/moyahousehold.com\/wp-content\/uploads\/2024\/06\/custom-insulated-lunch-box-5-285x285.webp 285w, https:\/\/moyahousehold.com\/wp-content\/uploads\/2024\/06\/custom-insulated-lunch-box-5-1600x1600.webp 1600w, https:\/\/moyahousehold.com\/wp-content\/uploads\/2024\/06\/custom-insulated-lunch-box-5-270x270.webp 270w, https:\/\/moyahousehold.com\/wp-content\/uploads\/2024\/06\/custom-insulated-lunch-box-5-540x540.webp 540w, https:\/\/moyahousehold.com\/wp-content\/uploads\/2024\/06\/custom-insulated-lunch-box-5-660x660.webp 660w\" sizes=\"(max-width: 3514px) 100vw, 3514px\" \/><\/figure>\n<\/div>\n\n\n\n<div class=\"wp-block-column is-layout-flow wp-block-column-is-layout-flow\">\n<figure class=\"wp-block-image size-full\"><img loading=\"lazy\" decoding=\"async\" width=\"3447\" height=\"3447\" src=\"https:\/\/moyahousehold.com\/wp-content\/uploads\/2024\/06\/custom-insulated-lunch-box-6.webp\" alt=\"Isolierte Brotdose nach Ma\u00df\" class=\"wp-image-5334\" srcset=\"https:\/\/moyahousehold.com\/wp-content\/uploads\/2024\/06\/custom-insulated-lunch-box-6.webp 3447w, https:\/\/moyahousehold.com\/wp-content\/uploads\/2024\/06\/custom-insulated-lunch-box-6-300x300.webp 300w, https:\/\/moyahousehold.com\/wp-content\/uploads\/2024\/06\/custom-insulated-lunch-box-6-150x150.webp 150w, https:\/\/moyahousehold.com\/wp-content\/uploads\/2024\/06\/custom-insulated-lunch-box-6-768x768.webp 768w, https:\/\/moyahousehold.com\/wp-content\/uploads\/2024\/06\/custom-insulated-lunch-box-6-285x285.webp 285w, https:\/\/moyahousehold.com\/wp-content\/uploads\/2024\/06\/custom-insulated-lunch-box-6-1600x1600.webp 1600w, https:\/\/moyahousehold.com\/wp-content\/uploads\/2024\/06\/custom-insulated-lunch-box-6-270x270.webp 270w, https:\/\/moyahousehold.com\/wp-content\/uploads\/2024\/06\/custom-insulated-lunch-box-6-540x540.webp 540w, https:\/\/moyahousehold.com\/wp-content\/uploads\/2024\/06\/custom-insulated-lunch-box-6-660x660.webp 660w\" sizes=\"(max-width: 3447px) 100vw, 3447px\" \/><\/figure>\n<\/div>\n<\/div>","protected":false},"excerpt":{"rendered":"<p>Gro\u00dfhandel anpassbare isolierte Lunch-Box, diese isolierte Lunch-Box-Serie hat zwei Stile: Double-Layer-Lunch-Box und Triple-Layer-Lunch-Box, die Lebensmitteltemperatur f\u00fcr eine lange Zeit zu halten und sind f\u00fcr die Durchf\u00fchrung geeignet. Wir bieten professionelle kundenspezifische L\u00f6sungen f\u00fcr Lunchboxen. Einschlie\u00dflich kundenspezifischer Kapazit\u00e4t, Farbe, Druckdesign und mehr, passen Sie exklusive Marken-Lunchbox-Produkte f\u00fcr Sie an. Willkommen bei uns.<\/p>\n<h3>Merkmale der individualisierbaren isolierten Lunchbox<\/h3>\n<p><strong>Multi-layer Design:<\/strong> Diese isolierte Brotdose hat ein mehrschichtiges Design. Sie k\u00f6nnen sie frei kombinieren und eine zweischichtige oder eine dreischichtige Lunchbox w\u00e4hlen.<\/p>\n<p><strong>Good Insulation Effect:<\/strong> Die Innenauskleidung der Lunchbox besteht aus 304er Edelstahl, und die Mitte ist aus Schaumstoffisolierung, die bis zu 10 Stunden lang warm halten kann.<\/p>\n<p><strong>Ergonomic Handle:<\/strong> Diese Lunchbox hat einen breiten und bequemen Griff; sie l\u00e4sst sich leicht tragen und erm\u00f6glicht es Ihnen, jederzeit ein leckeres Mittagessen zu genie\u00dfen;<\/p>\n<p><strong>Good Airtightness:<\/strong> Die Brotdose verf\u00fcgt \u00fcber einen eingebauten Dichtungsring, der auch bei heftigem Sch\u00fctteln nicht ausl\u00e4uft, so dass Sie sich dar\u00fcber keine Gedanken mehr machen m\u00fcssen und der Gebrauch erheblich erleichtert wird.<\/p>\n<p><strong>Customized Service:<\/strong> Wir bieten professionelle ma\u00dfgeschneiderte L\u00f6sungen f\u00fcr Lunchboxen. Die Form, das Fassungsverm\u00f6gen, das Muster und das Logo k\u00f6nnen angepasst werden. Wir kreieren exklusive Marken-Lunchboxen f\u00fcr Sie.<\/p>","protected":false},"featured_media":8062,"comment_status":"open","ping_status":"closed","template":"","meta":[],"product_cat":[58],"product_tag":[89,90,86,91],"class_list":{"0":"post-5319","1":"product","2":"type-product","3":"status-publish","4":"has-post-thumbnail","6":"product_cat-lunch-box-wholesale","7":"product_tag-wholesale-3-layer-lunch-box","8":"product_tag-wholesale-double-layer-lunch-box","9":"product_tag-wholesale-insulated-lunch-box","10":"product_tag-wholesale-round-lunch-box","12":"first","13":"instock","14":"shipping-taxable","15":"product-type-simple"},"_links":{"self":[{"href":"https:\/\/moyahousehold.com\/de\/wp-json\/wp\/v2\/product\/5319","targetHints":{"allow":["GET"]}}],"collection":[{"href":"https:\/\/moyahousehold.com\/de\/wp-json\/wp\/v2\/product"}],"about":[{"href":"https:\/\/moyahousehold.com\/de\/wp-json\/wp\/v2\/types\/product"}],"replies":[{"embeddable":true,"href":"https:\/\/moyahousehold.com\/de\/wp-json\/wp\/v2\/comments?post=5319"}],"version-history":[{"count":2,"href":"https:\/\/moyahousehold.com\/de\/wp-json\/wp\/v2\/product\/5319\/revisions"}],"predecessor-version":[{"id":13079,"href":"https:\/\/moyahousehold.com\/de\/wp-json\/wp\/v2\/product\/5319\/revisions\/13079"}],"wp:featuredmedia":[{"embeddable":true,"href":"https:\/\/moyahousehold.com\/de\/wp-json\/wp\/v2\/media\/8062"}],"wp:attachment":[{"href":"https:\/\/moyahousehold.com\/de\/wp-json\/wp\/v2\/media?parent=5319"}],"wp:term":[{"taxonomy":"product_cat","embeddable":true,"href":"https:\/\/moyahousehold.com\/de\/wp-json\/wp\/v2\/product_cat?post=5319"},{"taxonomy":"product_tag","embeddable":true,"href":"https:\/\/moyahousehold.com\/de\/wp-json\/wp\/v2\/product_tag?post=5319"}],"curies":[{"name":"wp","href":"https:\/\/api.w.org\/{rel}","templated":true}]}}