{"id":5338,"date":"2024-06-07T09:50:15","date_gmt":"2024-06-07T09:50:15","guid":{"rendered":"https:\/\/moyahousehold.com\/?post_type=product&#038;p=5338"},"modified":"2025-02-05T08:37:58","modified_gmt":"2025-02-05T08:37:58","slug":"wholesale-stainless-steel-insulated-lunch-box","status":"publish","type":"product","link":"https:\/\/moyahousehold.com\/de\/produkt\/wholesale-stainless-steel-insulated-lunch-box\/","title":{"rendered":"Gro\u00dfhandel Edelstahl isoliert Hot Lunch Boxen: 800ML und 1200ML"},"content":{"rendered":"<h3 class=\"wp-block-heading\">Parameter der isolierten Hot Lunch Box<\/h3>\n\n\n\n<p><strong>Material:<\/strong>304 + PP <strong> Farbe:<\/strong>Beige<\/p>\n\n\n\n<figure class=\"wp-block-table\"><table><tbody><tr><td>Modellnummer<\/td><td>Kapazit\u00e4t<\/td><td>Gr\u00f6\u00dfe des Produkts<\/td><td>\u00c4u\u00dfere Gr\u00f6\u00dfe der Box<\/td><td>Menge pro Kiste<\/td><td>N.W<\/td><td>G.W\/Koffer<\/td><\/tr><tr><td>MYJD115<\/td><td>800ml<\/td><td>12*12*8<\/td><td>58*43*45<\/td><td>36<\/td><td>0.06<\/td><td>9.36<\/td><\/tr><tr><td>MYJD116<\/td><td>1200ml<\/td><td>12*12*13<\/td><td>58*43*52<\/td><td>36<\/td><td>0.33<\/td><td>19.08<\/td><\/tr><\/tbody><\/table><\/figure>\n\n\n\n<h3 class=\"wp-block-heading\">Individuelle isolierte Lunchbox-Optionen<\/h3>\n\n\n\n<p><strong>Logo: <\/strong>Ihr Markenlogo auf Brotdosen und Verpackungen anbringen.<br><strong>Logo-Optionen: <\/strong>gedrucktes Logo, lasergraviertes Logo, usw.<br><strong>Muster:<\/strong> Druckmuster <br><strong>Drucktechnik: <\/strong>Wassertransferdruck, Siebdruck, W\u00e4rmetransferdruck, Sublimationstransfer, etc.<br><strong>Verpackung: <\/strong>Farbkasten<br><a href=\"https:\/\/moyahousehold.com\/de\/individuelle-losung\/\"><strong>Erfahren Sie mehr \u00fcber individuelle L\u00f6sungen f\u00fcr isolierte Lunchboxen<\/strong><\/a><\/p>\n\n\n\n<div class=\"wp-block-columns is-layout-flex wp-container-core-columns-is-layout-9d6595d7 wp-block-columns-is-layout-flex\">\n<div class=\"wp-block-column is-layout-flow wp-block-column-is-layout-flow\">\n<figure class=\"wp-block-image size-full\"><img fetchpriority=\"high\" decoding=\"async\" width=\"1500\" height=\"1501\" src=\"https:\/\/moyahousehold.com\/wp-content\/uploads\/2024\/06\/insulated-hot-lunch-box-display-1.jpg\" alt=\"Display f\u00fcr isolierte warme Lunchboxen (1)\" class=\"wp-image-8948\" srcset=\"https:\/\/moyahousehold.com\/wp-content\/uploads\/2024\/06\/insulated-hot-lunch-box-display-1.jpg 1500w, https:\/\/moyahousehold.com\/wp-content\/uploads\/2024\/06\/insulated-hot-lunch-box-display-1-300x300.jpg 300w, https:\/\/moyahousehold.com\/wp-content\/uploads\/2024\/06\/insulated-hot-lunch-box-display-1-150x150.jpg 150w, https:\/\/moyahousehold.com\/wp-content\/uploads\/2024\/06\/insulated-hot-lunch-box-display-1-768x769.jpg 768w, https:\/\/moyahousehold.com\/wp-content\/uploads\/2024\/06\/insulated-hot-lunch-box-display-1-12x12.jpg 12w, https:\/\/moyahousehold.com\/wp-content\/uploads\/2024\/06\/insulated-hot-lunch-box-display-1-285x285.jpg 285w, https:\/\/moyahousehold.com\/wp-content\/uploads\/2024\/06\/insulated-hot-lunch-box-display-1-270x270.jpg 270w, https:\/\/moyahousehold.com\/wp-content\/uploads\/2024\/06\/insulated-hot-lunch-box-display-1-540x540.jpg 540w, https:\/\/moyahousehold.com\/wp-content\/uploads\/2024\/06\/insulated-hot-lunch-box-display-1-660x660.jpg 660w\" sizes=\"(max-width: 1500px) 100vw, 1500px\" \/><\/figure>\n<\/div>\n\n\n\n<div class=\"wp-block-column is-layout-flow wp-block-column-is-layout-flow\">\n<figure class=\"wp-block-image size-full\"><img decoding=\"async\" width=\"1500\" height=\"1501\" src=\"https:\/\/moyahousehold.com\/wp-content\/uploads\/2024\/06\/insulated-hot-lunch-box-display-2.jpg\" alt=\"Display f\u00fcr isolierte warme Lunchboxen (2)\" class=\"wp-image-8949\" srcset=\"https:\/\/moyahousehold.com\/wp-content\/uploads\/2024\/06\/insulated-hot-lunch-box-display-2.jpg 1500w, https:\/\/moyahousehold.com\/wp-content\/uploads\/2024\/06\/insulated-hot-lunch-box-display-2-300x300.jpg 300w, https:\/\/moyahousehold.com\/wp-content\/uploads\/2024\/06\/insulated-hot-lunch-box-display-2-150x150.jpg 150w, https:\/\/moyahousehold.com\/wp-content\/uploads\/2024\/06\/insulated-hot-lunch-box-display-2-768x769.jpg 768w, https:\/\/moyahousehold.com\/wp-content\/uploads\/2024\/06\/insulated-hot-lunch-box-display-2-12x12.jpg 12w, https:\/\/moyahousehold.com\/wp-content\/uploads\/2024\/06\/insulated-hot-lunch-box-display-2-285x285.jpg 285w, https:\/\/moyahousehold.com\/wp-content\/uploads\/2024\/06\/insulated-hot-lunch-box-display-2-270x270.jpg 270w, https:\/\/moyahousehold.com\/wp-content\/uploads\/2024\/06\/insulated-hot-lunch-box-display-2-540x540.jpg 540w, https:\/\/moyahousehold.com\/wp-content\/uploads\/2024\/06\/insulated-hot-lunch-box-display-2-660x660.jpg 660w\" sizes=\"(max-width: 1500px) 100vw, 1500px\" \/><\/figure>\n<\/div>\n<\/div>\n\n\n\n<div class=\"wp-block-columns is-layout-flex wp-container-core-columns-is-layout-9d6595d7 wp-block-columns-is-layout-flex\">\n<div class=\"wp-block-column is-layout-flow wp-block-column-is-layout-flow\"><\/div>\n\n\n\n<div class=\"wp-block-column is-layout-flow wp-block-column-is-layout-flow\"><\/div>\n<\/div>","protected":false},"excerpt":{"rendered":"<p>Gro\u00dfhandel runde isolierte Hot Lunch Box. Wir bieten 800ml und 1200ml Stile, um Ihre Bed\u00fcrfnisse zu erf\u00fcllen. Mit einem niedlichen runden Design, ist es geeignet f\u00fcr die Durchf\u00fchrung oder als Geschenk. Wenn Sie ben\u00f6tigen, k\u00f6nnen wir Ihnen helfen, eine detaillierte ma\u00dfgeschneiderte Edelstahl isoliert Lunch-Box-L\u00f6sung zu entwickeln. B2B-K\u00e4ufer k\u00f6nnen sich gerne mit uns in Verbindung setzen, um isolierte hei\u00dfe Lunchboxen in gro\u00dfen Mengen zu kaufen.<\/p>\n<h3>Eigenschaften und Vorteile der isolierten Lunchbox aus Edelstahl<\/h3>\n<p><strong>Praktisches Design:<\/strong> Die Brotdose hat ein dreischichtiges Design mit hervorragender W\u00e4rmeschutzwirkung. Die innere Auskleidung ist aus 304 Edelstahl, die Mitte ist Schaumstoff-Isoliermaterial, und die \u00e4u\u00dfere Schicht ist PP-Schicht.<\/p>\n<p><strong>H\u00fcbsche Form:<\/strong> Diese isolierte hei\u00dfe Lunchbox hat ein rundes Design mit einem einfachen und stilvollen Aussehen, so dass Sie beim Essen gute Laune behalten k\u00f6nnen.<\/p>\n<p><strong>Gute Abdichtung:<\/strong> Diese isolierte hei\u00dfe Lunchbox hat einen eingebauten Silikonring und eine gute Abdichtung. Die Benutzer k\u00f6nnen sie getrost tragen, ohne sich Sorgen zu machen, dass der Inhalt der Brotdose versch\u00fcttet wird.<\/p>\n<p><strong>Zwei Stile:<\/strong> Wir bieten zwei Modelle von 800ml und 1200ml an, um die Bed\u00fcrfnisse der verschiedenen Benutzer zu erf\u00fcllen.<\/p>\n<p><strong>OEM&amp;ODM-Dienstleistung:<\/strong> Als professioneller Hersteller von Lunchboxen bieten wir eine ma\u00dfgeschneiderte L\u00f6sung f\u00fcr Lunchboxen aus einer Hand. Kontaktieren Sie uns, um Ihre exklusive Brotdose zu gestalten.<\/p>\n<p>&nbsp;<\/p>","protected":false},"featured_media":8944,"comment_status":"closed","ping_status":"closed","template":"","meta":[],"product_cat":[58],"product_tag":[86,91],"class_list":{"0":"post-5338","1":"product","2":"type-product","3":"status-publish","4":"has-post-thumbnail","6":"product_cat-lunch-box-wholesale","7":"product_tag-wholesale-insulated-lunch-box","8":"product_tag-wholesale-round-lunch-box","10":"first","11":"instock","12":"shipping-taxable","13":"product-type-simple"},"_links":{"self":[{"href":"https:\/\/moyahousehold.com\/de\/wp-json\/wp\/v2\/product\/5338","targetHints":{"allow":["GET"]}}],"collection":[{"href":"https:\/\/moyahousehold.com\/de\/wp-json\/wp\/v2\/product"}],"about":[{"href":"https:\/\/moyahousehold.com\/de\/wp-json\/wp\/v2\/types\/product"}],"replies":[{"embeddable":true,"href":"https:\/\/moyahousehold.com\/de\/wp-json\/wp\/v2\/comments?post=5338"}],"version-history":[{"count":0,"href":"https:\/\/moyahousehold.com\/de\/wp-json\/wp\/v2\/product\/5338\/revisions"}],"wp:featuredmedia":[{"embeddable":true,"href":"https:\/\/moyahousehold.com\/de\/wp-json\/wp\/v2\/media\/8944"}],"wp:attachment":[{"href":"https:\/\/moyahousehold.com\/de\/wp-json\/wp\/v2\/media?parent=5338"}],"wp:term":[{"taxonomy":"product_cat","embeddable":true,"href":"https:\/\/moyahousehold.com\/de\/wp-json\/wp\/v2\/product_cat?post=5338"},{"taxonomy":"product_tag","embeddable":true,"href":"https:\/\/moyahousehold.com\/de\/wp-json\/wp\/v2\/product_tag?post=5338"}],"curies":[{"name":"wp","href":"https:\/\/api.w.org\/{rel}","templated":true}]}}