{"id":5360,"date":"2024-06-08T01:05:00","date_gmt":"2024-06-08T01:05:00","guid":{"rendered":"https:\/\/moyahousehold.com\/?post_type=product&#038;p=5360"},"modified":"2025-04-22T09:56:59","modified_gmt":"2025-04-22T09:56:59","slug":"stackable-round-lunch-box-wholesale","status":"publish","type":"product","link":"https:\/\/moyahousehold.com\/de\/produkt\/stackable-round-lunch-box-wholesale\/","title":{"rendered":"Stapelbare runde Lunch Box Gro\u00dfhandel: Auslaufsicher und lang anhaltende W\u00e4rmeerhaltung"},"content":{"rendered":"<h2 class=\"wp-block-heading\">Parameter der stapelbaren runden Brotdose<\/h2>\n\n\n\n<p><strong>Material:<\/strong>316 + PP <strong> Farbe:<\/strong>Beige\/Khaki\/Wei\u00df\/Gelb<\/p>\n\n\n\n<figure class=\"wp-block-table\"><table><tbody><tr><td>Modellnummer<\/td><td>Kapazit\u00e4t<\/td><td>Gr\u00f6\u00dfe des Produkts<\/td><td>\u00c4u\u00dfere Gr\u00f6\u00dfe der Box<\/td><td>Menge pro Kiste<\/td><td>N.W<\/td><td>G.W\/Koffer<\/td><\/tr><tr><td>MYJD108<\/td><td>400ML<\/td><td>11.8*11.8*6.5<\/td><td>61*49*34<\/td><td>100<\/td><td>0.17<\/td><td>19.07<\/td><\/tr><tr><td>MYJD109<\/td><td>600ML<\/td><td>11.8*11.8*8.5<\/td><td>61*49*36<\/td><td>80<\/td><td>0.2<\/td><td>17.58<\/td><\/tr><\/tbody><\/table><\/figure>\n\n\n\n<h3 class=\"wp-block-heading\">Ma\u00dfgeschneiderte Lunchbox Optionen<\/h3>\n\n\n\n<p><strong>Logo: <\/strong>Gestalten Sie Ihr Markenlogo auf Bento-Boxen und Verpackungen.<br><strong>Logo-Optionen:<\/strong> gedrucktes Logo, lasergraviertes Logo, usw.<br><strong>Muster: <\/strong>Druckmuster <br><strong>Drucktechnik: <\/strong>Wassertransferdruck, Siebdruck, W\u00e4rmetransferdruck, Sublimationstransfer, etc.<br><strong>Verpackung: <\/strong>Farbkasten<br><a href=\"https:\/\/moyahousehold.com\/de\/individuelle-losung\/\"><strong>Erfahren Sie mehr \u00fcber ma\u00dfgeschneiderte Bento-Box-L\u00f6sungen<\/strong><\/a><\/p>\n\n\n\n<div class=\"wp-block-columns is-layout-flex wp-container-core-columns-is-layout-9d6595d7 wp-block-columns-is-layout-flex\">\n<div class=\"wp-block-column is-layout-flow wp-block-column-is-layout-flow\">\n<figure class=\"wp-block-image size-full\"><img fetchpriority=\"high\" decoding=\"async\" width=\"1500\" height=\"1500\" src=\"https:\/\/moyahousehold.com\/wp-content\/uploads\/2024\/06\/Macaron-color-round-bento-box.jpg\" alt=\"Macaron Farbe runde Bento-Box\" class=\"wp-image-8909\" srcset=\"https:\/\/moyahousehold.com\/wp-content\/uploads\/2024\/06\/Macaron-color-round-bento-box.jpg 1500w, https:\/\/moyahousehold.com\/wp-content\/uploads\/2024\/06\/Macaron-color-round-bento-box-300x300.jpg 300w, https:\/\/moyahousehold.com\/wp-content\/uploads\/2024\/06\/Macaron-color-round-bento-box-150x150.jpg 150w, https:\/\/moyahousehold.com\/wp-content\/uploads\/2024\/06\/Macaron-color-round-bento-box-768x768.jpg 768w, https:\/\/moyahousehold.com\/wp-content\/uploads\/2024\/06\/Macaron-color-round-bento-box-12x12.jpg 12w, https:\/\/moyahousehold.com\/wp-content\/uploads\/2024\/06\/Macaron-color-round-bento-box-285x285.jpg 285w, https:\/\/moyahousehold.com\/wp-content\/uploads\/2024\/06\/Macaron-color-round-bento-box-270x270.jpg 270w, https:\/\/moyahousehold.com\/wp-content\/uploads\/2024\/06\/Macaron-color-round-bento-box-540x540.jpg 540w, https:\/\/moyahousehold.com\/wp-content\/uploads\/2024\/06\/Macaron-color-round-bento-box-660x660.jpg 660w\" sizes=\"(max-width: 1500px) 100vw, 1500px\" \/><\/figure>\n<\/div>\n\n\n\n<div class=\"wp-block-column is-layout-flow wp-block-column-is-layout-flow\">\n<figure class=\"wp-block-image size-full\"><img decoding=\"async\" width=\"1500\" height=\"1500\" src=\"https:\/\/moyahousehold.com\/wp-content\/uploads\/2024\/06\/cute-round-bento-box-display-2.jpg\" alt=\"Niedliches rundes Bento-Box-Display (2)\" class=\"wp-image-8903\" srcset=\"https:\/\/moyahousehold.com\/wp-content\/uploads\/2024\/06\/cute-round-bento-box-display-2.jpg 1500w, https:\/\/moyahousehold.com\/wp-content\/uploads\/2024\/06\/cute-round-bento-box-display-2-300x300.jpg 300w, https:\/\/moyahousehold.com\/wp-content\/uploads\/2024\/06\/cute-round-bento-box-display-2-150x150.jpg 150w, https:\/\/moyahousehold.com\/wp-content\/uploads\/2024\/06\/cute-round-bento-box-display-2-768x768.jpg 768w, https:\/\/moyahousehold.com\/wp-content\/uploads\/2024\/06\/cute-round-bento-box-display-2-12x12.jpg 12w, https:\/\/moyahousehold.com\/wp-content\/uploads\/2024\/06\/cute-round-bento-box-display-2-285x285.jpg 285w, https:\/\/moyahousehold.com\/wp-content\/uploads\/2024\/06\/cute-round-bento-box-display-2-270x270.jpg 270w, https:\/\/moyahousehold.com\/wp-content\/uploads\/2024\/06\/cute-round-bento-box-display-2-540x540.jpg 540w, https:\/\/moyahousehold.com\/wp-content\/uploads\/2024\/06\/cute-round-bento-box-display-2-660x660.jpg 660w\" sizes=\"(max-width: 1500px) 100vw, 1500px\" \/><\/figure>\n<\/div>\n<\/div>\n\n\n\n<div class=\"wp-block-columns is-layout-flex wp-container-core-columns-is-layout-9d6595d7 wp-block-columns-is-layout-flex\">\n<div class=\"wp-block-column is-layout-flow wp-block-column-is-layout-flow\">\n<figure class=\"wp-block-image size-full\"><img decoding=\"async\" width=\"1500\" height=\"1500\" src=\"https:\/\/moyahousehold.com\/wp-content\/uploads\/2024\/06\/White-round-bento-box.jpg\" alt=\"Wei\u00dfe runde Bento-Box\" class=\"wp-image-8912\" srcset=\"https:\/\/moyahousehold.com\/wp-content\/uploads\/2024\/06\/White-round-bento-box.jpg 1500w, https:\/\/moyahousehold.com\/wp-content\/uploads\/2024\/06\/White-round-bento-box-300x300.jpg 300w, https:\/\/moyahousehold.com\/wp-content\/uploads\/2024\/06\/White-round-bento-box-150x150.jpg 150w, https:\/\/moyahousehold.com\/wp-content\/uploads\/2024\/06\/White-round-bento-box-768x768.jpg 768w, https:\/\/moyahousehold.com\/wp-content\/uploads\/2024\/06\/White-round-bento-box-12x12.jpg 12w, https:\/\/moyahousehold.com\/wp-content\/uploads\/2024\/06\/White-round-bento-box-285x285.jpg 285w, https:\/\/moyahousehold.com\/wp-content\/uploads\/2024\/06\/White-round-bento-box-270x270.jpg 270w, https:\/\/moyahousehold.com\/wp-content\/uploads\/2024\/06\/White-round-bento-box-540x540.jpg 540w, https:\/\/moyahousehold.com\/wp-content\/uploads\/2024\/06\/White-round-bento-box-660x660.jpg 660w\" sizes=\"(max-width: 1500px) 100vw, 1500px\" \/><\/figure>\n<\/div>\n\n\n\n<div class=\"wp-block-column is-layout-flow wp-block-column-is-layout-flow\">\n<figure class=\"wp-block-image size-full\"><img loading=\"lazy\" decoding=\"async\" width=\"1500\" height=\"1500\" src=\"https:\/\/moyahousehold.com\/wp-content\/uploads\/2024\/06\/cute-round-bento-box-display-1.jpg\" alt=\"Niedliches rundes Bento-Box-Display (1)\" class=\"wp-image-8902\" srcset=\"https:\/\/moyahousehold.com\/wp-content\/uploads\/2024\/06\/cute-round-bento-box-display-1.jpg 1500w, https:\/\/moyahousehold.com\/wp-content\/uploads\/2024\/06\/cute-round-bento-box-display-1-300x300.jpg 300w, https:\/\/moyahousehold.com\/wp-content\/uploads\/2024\/06\/cute-round-bento-box-display-1-150x150.jpg 150w, https:\/\/moyahousehold.com\/wp-content\/uploads\/2024\/06\/cute-round-bento-box-display-1-768x768.jpg 768w, https:\/\/moyahousehold.com\/wp-content\/uploads\/2024\/06\/cute-round-bento-box-display-1-12x12.jpg 12w, https:\/\/moyahousehold.com\/wp-content\/uploads\/2024\/06\/cute-round-bento-box-display-1-285x285.jpg 285w, https:\/\/moyahousehold.com\/wp-content\/uploads\/2024\/06\/cute-round-bento-box-display-1-270x270.jpg 270w, https:\/\/moyahousehold.com\/wp-content\/uploads\/2024\/06\/cute-round-bento-box-display-1-540x540.jpg 540w, https:\/\/moyahousehold.com\/wp-content\/uploads\/2024\/06\/cute-round-bento-box-display-1-660x660.jpg 660w\" sizes=\"(max-width: 1500px) 100vw, 1500px\" \/><\/figure>\n<\/div>\n<\/div>","protected":false},"excerpt":{"rendered":"<p>Gro\u00dfhandel stapelbar runden Lunch-Box. Diese Macaron Farbe Runde isolierte Lunch-Box ist nicht nur stilvoll im Design, sondern hat auch eine gute W\u00e4rmeerhaltung Wirkung, die Lebensmittel f\u00fcr bis zu 8-10 Stunden warm halten kann. Sie ist aus medizinischem 316er Stahl hergestellt, der nicht nur haltbarer ist, sondern auch Ihre Gesundheit besser sch\u00fctzt. Wir bieten nicht nur einen Gro\u00dfhandelsservice f\u00fcr Lunchboxen, sondern auch professionelle kundenspezifische L\u00f6sungen f\u00fcr Lunchboxen. Willkommen, uns zu kontaktieren.<\/p>\n<h3>Merkmale und Vorteile der stapelbaren runden Lunchbox<\/h3>\n<p><strong>Modisch und h\u00fcbsch anzusehen<\/strong>Mode Macaron Farbe Aussehen, niedlich Runde Design, einfach, voller Vitalit\u00e4t.<\/p>\n<p><strong>Stapelbares Design:<\/strong> Die Brotdose ist stapelbar und spart somit Platz bei der Lagerung.<\/p>\n<p><strong>Leicht und praktisch:<\/strong> Klein und leicht, einfach zu tragen, geeignet f\u00fcr verschiedene Gelegenheiten, kann beim Ausgehen, Arbeiten, Fitness, etc. verwendet werden.<\/p>\n<p><strong>Hochwertiger Liner:<\/strong> Das Innenfutter der niedlichen runden Brotdose besteht aus medizinischem Edelstahl 316, um die Sicherheit und Gesundheit der Lebensmittel zu gew\u00e4hrleisten.<\/p>\n<p><strong>PP-Schale:<\/strong> F\u00fcr die runde Lunchbox wird doppellagiges PP verwendet, das haltbarer ist und die Isolierwirkung verbessert, um zu verhindern, dass Schwankungen der Au\u00dfentemperatur die Innentemperatur beeintr\u00e4chtigen.<\/p>\n<p><strong>Ausgezeichnete Isolierwirkung:<\/strong> Das Vakuumschichtdesign sorgt f\u00fcr einen hervorragenden Isolationseffekt und h\u00e4lt die Temperatur und die N\u00e4hrstoffe effektiv fest.<\/p>","protected":false},"featured_media":8910,"comment_status":"closed","ping_status":"closed","template":"","meta":[],"product_cat":[58],"product_tag":[86,91],"class_list":{"0":"post-5360","1":"product","2":"type-product","3":"status-publish","4":"has-post-thumbnail","6":"product_cat-lunch-box-wholesale","7":"product_tag-wholesale-insulated-lunch-box","8":"product_tag-wholesale-round-lunch-box","10":"first","11":"instock","12":"shipping-taxable","13":"product-type-simple"},"_links":{"self":[{"href":"https:\/\/moyahousehold.com\/de\/wp-json\/wp\/v2\/product\/5360","targetHints":{"allow":["GET"]}}],"collection":[{"href":"https:\/\/moyahousehold.com\/de\/wp-json\/wp\/v2\/product"}],"about":[{"href":"https:\/\/moyahousehold.com\/de\/wp-json\/wp\/v2\/types\/product"}],"replies":[{"embeddable":true,"href":"https:\/\/moyahousehold.com\/de\/wp-json\/wp\/v2\/comments?post=5360"}],"version-history":[{"count":0,"href":"https:\/\/moyahousehold.com\/de\/wp-json\/wp\/v2\/product\/5360\/revisions"}],"wp:featuredmedia":[{"embeddable":true,"href":"https:\/\/moyahousehold.com\/de\/wp-json\/wp\/v2\/media\/8910"}],"wp:attachment":[{"href":"https:\/\/moyahousehold.com\/de\/wp-json\/wp\/v2\/media?parent=5360"}],"wp:term":[{"taxonomy":"product_cat","embeddable":true,"href":"https:\/\/moyahousehold.com\/de\/wp-json\/wp\/v2\/product_cat?post=5360"},{"taxonomy":"product_tag","embeddable":true,"href":"https:\/\/moyahousehold.com\/de\/wp-json\/wp\/v2\/product_tag?post=5360"}],"curies":[{"name":"wp","href":"https:\/\/api.w.org\/{rel}","templated":true}]}}