{"id":5390,"date":"2024-06-08T01:41:29","date_gmt":"2024-06-08T01:41:29","guid":{"rendered":"https:\/\/moyahousehold.com\/?post_type=product&#038;p=5390"},"modified":"2025-02-05T10:12:02","modified_gmt":"2025-02-05T10:12:02","slug":"factory-direct-airtight-tea-containers","status":"publish","type":"product","link":"https:\/\/moyahousehold.com\/de\/produkt\/factory-direct-airtight-tea-containers\/","title":{"rendered":"Fabrikdirekte luftdichte Tee-Beh\u00e4lter\u3001Kaffeebohnen-Aufbewahrungsbeh\u00e4ltnisse"},"content":{"rendered":"<h3 class=\"wp-block-heading\">Parameter des luftdichten Beh\u00e4lters aus Edelstahl<\/h3>\n\n\n\n<p><strong>Material:<\/strong>304 + PP <strong> Farbe:<\/strong>Rosa\/Gr\u00fcn\/Beige\/Stahl<\/p>\n\n\n\n<figure class=\"wp-block-table\"><table><tbody><tr><td>Modellnummer<\/td><td>Kapazit\u00e4t<\/td><td>Gr\u00f6\u00dfe des Produkts<\/td><td>\u00c4u\u00dfere Gr\u00f6\u00dfe der Box<\/td><td>Menge pro Kiste<\/td><td>N.W<\/td><td>G.W\/Koffer<\/td><\/tr><tr><td>MYHL001<\/td><td>750ml<\/td><td>14.3*14.3*9.3<\/td><td>62*35*62<\/td><td>48<\/td><td>0.32<\/td><td>17.36<\/td><\/tr><tr><td>MYHL002<\/td><td>1100ml<\/td><td>14.3*14.3*11.7<\/td><td>62*41*62<\/td><td>48<\/td><td>0.35<\/td><td>18.8<\/td><\/tr><tr><td>MYHL003<\/td><td>1600ml<\/td><td>14.3*14.3*14.7<\/td><td>62*49*62<\/td><td>48<\/td><td>0.4<\/td><td>21.2<\/td><\/tr><\/tbody><\/table><\/figure>\n\n\n\n<h3 class=\"wp-block-heading\">Individuelle luftdichte Teebeh\u00e4lter Optionen<\/h3>\n\n\n\n<p><strong>Logo<\/strong>: Gestalten Sie Ihr Markenlogo auf Lebensmittelbeh\u00e4ltern und -verpackungen.<br><strong>Logo-Optionen<\/strong>: gedrucktes Logo, lasergraviertes Logo, etc.<br><strong>Muster<\/strong>: Druckmuster <br><strong>Drucktechnik<\/strong>Wassertransferdruck, Siebdruck, W\u00e4rmetransferdruck, Sublimationstransfer, etc.<br><strong>Paket<\/strong>:Farbkasten<br><a href=\"https:\/\/moyahousehold.com\/de\/individuelle-losung\/\"><strong>Entdecken Sie weitere individuelle L\u00f6sungen f\u00fcr Lebensmittelbeh\u00e4lter.<\/strong><\/a><\/p>\n\n\n\n<div class=\"wp-block-columns is-layout-flex wp-container-core-columns-is-layout-9d6595d7 wp-block-columns-is-layout-flex\">\n<div class=\"wp-block-column is-layout-flow wp-block-column-is-layout-flow\">\n<figure class=\"wp-block-image size-full\"><img fetchpriority=\"high\" decoding=\"async\" width=\"1500\" height=\"1500\" src=\"https:\/\/moyahousehold.com\/wp-content\/uploads\/2024\/06\/stainless-steel-airtight-container-display-1.jpg\" alt=\"Edelstahl-Display f\u00fcr luftdichte Beh\u00e4lter (1)\" class=\"wp-image-9120\" srcset=\"https:\/\/moyahousehold.com\/wp-content\/uploads\/2024\/06\/stainless-steel-airtight-container-display-1.jpg 1500w, https:\/\/moyahousehold.com\/wp-content\/uploads\/2024\/06\/stainless-steel-airtight-container-display-1-300x300.jpg 300w, https:\/\/moyahousehold.com\/wp-content\/uploads\/2024\/06\/stainless-steel-airtight-container-display-1-150x150.jpg 150w, https:\/\/moyahousehold.com\/wp-content\/uploads\/2024\/06\/stainless-steel-airtight-container-display-1-768x768.jpg 768w, https:\/\/moyahousehold.com\/wp-content\/uploads\/2024\/06\/stainless-steel-airtight-container-display-1-12x12.jpg 12w, https:\/\/moyahousehold.com\/wp-content\/uploads\/2024\/06\/stainless-steel-airtight-container-display-1-285x285.jpg 285w, https:\/\/moyahousehold.com\/wp-content\/uploads\/2024\/06\/stainless-steel-airtight-container-display-1-270x270.jpg 270w, https:\/\/moyahousehold.com\/wp-content\/uploads\/2024\/06\/stainless-steel-airtight-container-display-1-540x540.jpg 540w, https:\/\/moyahousehold.com\/wp-content\/uploads\/2024\/06\/stainless-steel-airtight-container-display-1-660x660.jpg 660w\" sizes=\"(max-width: 1500px) 100vw, 1500px\" \/><\/figure>\n<\/div>\n\n\n\n<div class=\"wp-block-column is-layout-flow wp-block-column-is-layout-flow\">\n<figure class=\"wp-block-image size-full\"><img decoding=\"async\" width=\"1500\" height=\"1500\" src=\"https:\/\/moyahousehold.com\/wp-content\/uploads\/2024\/06\/stainless-steel-airtight-container-display-2.jpg\" alt=\"Edelstahl-Display f\u00fcr luftdichte Beh\u00e4lter (2)\" class=\"wp-image-9121\" srcset=\"https:\/\/moyahousehold.com\/wp-content\/uploads\/2024\/06\/stainless-steel-airtight-container-display-2.jpg 1500w, https:\/\/moyahousehold.com\/wp-content\/uploads\/2024\/06\/stainless-steel-airtight-container-display-2-300x300.jpg 300w, https:\/\/moyahousehold.com\/wp-content\/uploads\/2024\/06\/stainless-steel-airtight-container-display-2-150x150.jpg 150w, https:\/\/moyahousehold.com\/wp-content\/uploads\/2024\/06\/stainless-steel-airtight-container-display-2-768x768.jpg 768w, https:\/\/moyahousehold.com\/wp-content\/uploads\/2024\/06\/stainless-steel-airtight-container-display-2-12x12.jpg 12w, https:\/\/moyahousehold.com\/wp-content\/uploads\/2024\/06\/stainless-steel-airtight-container-display-2-285x285.jpg 285w, https:\/\/moyahousehold.com\/wp-content\/uploads\/2024\/06\/stainless-steel-airtight-container-display-2-270x270.jpg 270w, https:\/\/moyahousehold.com\/wp-content\/uploads\/2024\/06\/stainless-steel-airtight-container-display-2-540x540.jpg 540w, https:\/\/moyahousehold.com\/wp-content\/uploads\/2024\/06\/stainless-steel-airtight-container-display-2-660x660.jpg 660w\" sizes=\"(max-width: 1500px) 100vw, 1500px\" \/><\/figure>\n<\/div>\n<\/div>\n\n\n\n<p><\/p>","protected":false},"excerpt":{"rendered":"<p>Fabrikdirektverkauf von versiegelten Beh\u00e4ltern aus Edelstahl. Kann verwendet werden, um Teebl\u00e4tter, Kaffeebohnen, Milchpulver, etc. zu speichern. Der versiegelte Teebeh\u00e4lter hat einen eingebauten Silikonring, um ein Auslaufen zu verhindern und die Frische des Tees zu gew\u00e4hrleisten. Er ist aus lebensmittelechtem Edelstahl gefertigt und verf\u00fcgt \u00fcber eine ausgezeichnete Schlagfestigkeit und Korrosionsbest\u00e4ndigkeit. Wir bieten versiegelte Edelstahlbeh\u00e4lter zu Fabrikpreisen an. Bitte kontaktieren Sie uns f\u00fcr weitere Informationen.<\/p>\n<h3>Merkmale und Vorteile des luftdichten Edelstahlbeh\u00e4lters<\/h3>\n<p><strong>Vielseitig einsetzbar:<\/strong> Dieser versiegelte Edelstahlbeh\u00e4lter kann zur Aufbewahrung von Tee, Kaffeebohnen und anderen Lebensmitteln verwendet werden. Er eignet sich sehr gut als versiegelter Beh\u00e4lter f\u00fcr Tee und Kaffeebohnen.<\/p>\n<p><strong>Gute Abdichtung:<\/strong> Dieser Edelstahlbeh\u00e4lter hat eine gute Abdichtung, die eine sichere Lagerung erm\u00f6glicht, das Eindringen von Staub und Wasserdampf verhindert und die Lebensmittel sauber und trocken h\u00e4lt.<\/p>\n<p><strong>Einfach zu bedienen:<\/strong> Dr\u00fccken Sie die Entl\u00fcftungstaste, um den Stauraum zu \u00f6ffnen, was bequem und effizient ist und Ihnen ein besseres Erlebnis bietet.<\/p>\n<p><strong>Mehrere Spezifikationen:<\/strong> Wir bieten drei Arten von versiegelten Beh\u00e4ltern an, darunter 750 ml, 1100 ml und 1600 ml, so dass Sie verschiedene Arten von Lebensmitteln getrennt aufbewahren k\u00f6nnen.<\/p>\n<p><strong>Ma\u00dfgeschneiderter Service:<\/strong> Als professioneller Hersteller von Lebensmittelbeh\u00e4ltern bietet Ihnen MOYA eine ma\u00dfgeschneiderte L\u00f6sung f\u00fcr versiegelte Lebensmittelbeh\u00e4lter aus Edelstahl aus einer Hand.<\/p>","protected":false},"featured_media":9122,"comment_status":"closed","ping_status":"closed","template":"","meta":[],"product_cat":[57],"product_tag":[98],"class_list":{"0":"post-5390","1":"product","2":"type-product","3":"status-publish","4":"has-post-thumbnail","6":"product_cat-food-storage-container-wholesale","7":"product_tag-wholesale-round-food-storage-containers","9":"first","10":"instock","11":"shipping-taxable","12":"product-type-simple"},"_links":{"self":[{"href":"https:\/\/moyahousehold.com\/de\/wp-json\/wp\/v2\/product\/5390","targetHints":{"allow":["GET"]}}],"collection":[{"href":"https:\/\/moyahousehold.com\/de\/wp-json\/wp\/v2\/product"}],"about":[{"href":"https:\/\/moyahousehold.com\/de\/wp-json\/wp\/v2\/types\/product"}],"replies":[{"embeddable":true,"href":"https:\/\/moyahousehold.com\/de\/wp-json\/wp\/v2\/comments?post=5390"}],"version-history":[{"count":0,"href":"https:\/\/moyahousehold.com\/de\/wp-json\/wp\/v2\/product\/5390\/revisions"}],"wp:featuredmedia":[{"embeddable":true,"href":"https:\/\/moyahousehold.com\/de\/wp-json\/wp\/v2\/media\/9122"}],"wp:attachment":[{"href":"https:\/\/moyahousehold.com\/de\/wp-json\/wp\/v2\/media?parent=5390"}],"wp:term":[{"taxonomy":"product_cat","embeddable":true,"href":"https:\/\/moyahousehold.com\/de\/wp-json\/wp\/v2\/product_cat?post=5390"},{"taxonomy":"product_tag","embeddable":true,"href":"https:\/\/moyahousehold.com\/de\/wp-json\/wp\/v2\/product_tag?post=5390"}],"curies":[{"name":"wp","href":"https:\/\/api.w.org\/{rel}","templated":true}]}}