{"id":5425,"date":"2024-06-08T03:10:29","date_gmt":"2024-06-08T03:10:29","guid":{"rendered":"https:\/\/moyahousehold.com\/?post_type=product&#038;p=5425"},"modified":"2025-02-05T08:37:31","modified_gmt":"2025-02-05T08:37:31","slug":"portable-thermal-lunch-box-wholesale","status":"publish","type":"product","link":"https:\/\/moyahousehold.com\/de\/produkt\/portable-thermal-lunch-box-wholesale\/","title":{"rendered":"Gro\u00dfhandel Portable Thermal Lunch Box mit sicheren Griff f\u00fcr einfaches Tragen"},"content":{"rendered":"<h3 class=\"wp-block-heading\">Parameter der tragbaren Thermal Lunch Box<\/h3>\n\n\n\n<p><strong>Material:<\/strong>304 + PP <strong> Farbe:<\/strong>Wei\u00df\/Rosa\/Gr\u00fcn<\/p>\n\n\n\n<figure class=\"wp-block-table\"><table><tbody><tr><td>Modellnummer<\/td><td>Kapazit\u00e4t<\/td><td>Gr\u00f6\u00dfe des Produkts<\/td><td>\u00c4u\u00dfere Gr\u00f6\u00dfe der Box<\/td><td>Menge pro Kiste<\/td><td>N.W<\/td><td>G.W\/Koffer<\/td><\/tr><tr><td>MYJJL01<\/td><td>1400ml<br>mit einer tiefen Box<\/td><td>14.5*14.5*16.3<\/td><td>71*35*36<\/td><td>16<\/td><td>0.78<\/td><td>15.68<\/td><\/tr><tr><td>MYJJL02<\/td><td>1800ml<br>mit Saperate Box<br>\uff08Ein hell&amp;ein tief\uff09<\/td><td>14.5*14.5*19.3<\/td><td>70.5*35*47.5<\/td><td>16<\/td><td>1.1<\/td><td>20.8<\/td><\/tr><tr><td>MYJJL03<\/td><td>2200ml<br>mit Saperate Box<br>\uff08zwei hell&amp;eins tief\uff09<\/td><td>14.5*14.5*22.5<\/td><td>70.5*35*53.5<\/td><td>16<\/td><td>1.3<\/td><td>24<\/td><\/tr><\/tbody><\/table><\/figure>\n\n\n\n<h3 class=\"wp-block-heading\">Individuelle Lunchbox-Optionen<\/h3>\n\n\n\n<p><strong>Logo<\/strong>: Gestalten Sie Ihr Markenlogo auf den Brotdosen und der Verpackung.<br><strong>Logo-Optionen<\/strong>: gedrucktes Logo, lasergraviertes Logo, etc.<br><strong>Muster<\/strong>: Bedrucken der Thermo-Lunchbox mit individuellen Mustern<br><strong>Drucktechnik<\/strong>Wassertransferdruck, Siebdruck, W\u00e4rmetransferdruck, Sublimationstransfer, etc.<br><strong>Paket<\/strong>:Farbkasten<br><a href=\"https:\/\/moyahousehold.com\/de\/individuelle-losung\/\"><strong>Entdecken Sie weitere individuelle Lunchbox-L\u00f6sungen <\/strong><\/a><\/p>\n\n\n\n<div class=\"wp-block-columns is-layout-flex wp-container-core-columns-is-layout-9d6595d7 wp-block-columns-is-layout-flex\">\n<div class=\"wp-block-column is-layout-flow wp-block-column-is-layout-flow\">\n<figure class=\"wp-block-image size-full\"><img fetchpriority=\"high\" decoding=\"async\" width=\"1200\" height=\"1200\" src=\"https:\/\/moyahousehold.com\/wp-content\/uploads\/2024\/06\/Portable-Thermal-Lunch-Box-Display-2.jpg\" alt=\"Tragbare Thermal Lunch Box Display (2)\" class=\"wp-image-8931\" srcset=\"https:\/\/moyahousehold.com\/wp-content\/uploads\/2024\/06\/Portable-Thermal-Lunch-Box-Display-2.jpg 1200w, https:\/\/moyahousehold.com\/wp-content\/uploads\/2024\/06\/Portable-Thermal-Lunch-Box-Display-2-300x300.jpg 300w, https:\/\/moyahousehold.com\/wp-content\/uploads\/2024\/06\/Portable-Thermal-Lunch-Box-Display-2-150x150.jpg 150w, https:\/\/moyahousehold.com\/wp-content\/uploads\/2024\/06\/Portable-Thermal-Lunch-Box-Display-2-768x768.jpg 768w, https:\/\/moyahousehold.com\/wp-content\/uploads\/2024\/06\/Portable-Thermal-Lunch-Box-Display-2-12x12.jpg 12w, https:\/\/moyahousehold.com\/wp-content\/uploads\/2024\/06\/Portable-Thermal-Lunch-Box-Display-2-285x285.jpg 285w, https:\/\/moyahousehold.com\/wp-content\/uploads\/2024\/06\/Portable-Thermal-Lunch-Box-Display-2-270x270.jpg 270w, https:\/\/moyahousehold.com\/wp-content\/uploads\/2024\/06\/Portable-Thermal-Lunch-Box-Display-2-540x540.jpg 540w, https:\/\/moyahousehold.com\/wp-content\/uploads\/2024\/06\/Portable-Thermal-Lunch-Box-Display-2-660x660.jpg 660w\" sizes=\"(max-width: 1200px) 100vw, 1200px\" \/><\/figure>\n<\/div>\n\n\n\n<div class=\"wp-block-column is-layout-flow wp-block-column-is-layout-flow\">\n<figure class=\"wp-block-image size-full\"><img decoding=\"async\" width=\"1200\" height=\"1200\" src=\"https:\/\/moyahousehold.com\/wp-content\/uploads\/2024\/06\/Portable-Thermal-Lunch-Box-Display-1.jpg\" alt=\"Tragbare Thermolunchbox Display (1)\" class=\"wp-image-8930\" srcset=\"https:\/\/moyahousehold.com\/wp-content\/uploads\/2024\/06\/Portable-Thermal-Lunch-Box-Display-1.jpg 1200w, https:\/\/moyahousehold.com\/wp-content\/uploads\/2024\/06\/Portable-Thermal-Lunch-Box-Display-1-300x300.jpg 300w, https:\/\/moyahousehold.com\/wp-content\/uploads\/2024\/06\/Portable-Thermal-Lunch-Box-Display-1-150x150.jpg 150w, https:\/\/moyahousehold.com\/wp-content\/uploads\/2024\/06\/Portable-Thermal-Lunch-Box-Display-1-768x768.jpg 768w, https:\/\/moyahousehold.com\/wp-content\/uploads\/2024\/06\/Portable-Thermal-Lunch-Box-Display-1-12x12.jpg 12w, https:\/\/moyahousehold.com\/wp-content\/uploads\/2024\/06\/Portable-Thermal-Lunch-Box-Display-1-285x285.jpg 285w, https:\/\/moyahousehold.com\/wp-content\/uploads\/2024\/06\/Portable-Thermal-Lunch-Box-Display-1-270x270.jpg 270w, https:\/\/moyahousehold.com\/wp-content\/uploads\/2024\/06\/Portable-Thermal-Lunch-Box-Display-1-540x540.jpg 540w, https:\/\/moyahousehold.com\/wp-content\/uploads\/2024\/06\/Portable-Thermal-Lunch-Box-Display-1-660x660.jpg 660w\" sizes=\"(max-width: 1200px) 100vw, 1200px\" \/><\/figure>\n<\/div>\n<\/div>","protected":false},"excerpt":{"rendered":"<p>Wir bieten Gro\u00dfhandel tragbare thermische Lunch-Boxen mit Griffen. Die thermische Lunch-Box nimmt Doppelschicht-Vakuum-Technologie, hat eine W\u00e4rmeschutzkapazit\u00e4t von 8-10 Stunden, ein modisches und sch\u00f6nes Aussehen, und eine Vielzahl von Farben k\u00f6nnen ausgew\u00e4hlt werden, um die Vorlieben der verschiedenen Benutzer zu erf\u00fcllen. Er eignet sich f\u00fcr den Einsatz in vielen Bereichen, wie z. B. in B\u00fcros, Schulen und bei Outdoor-Aktivit\u00e4ten. Unterst\u00fctzt kundenspezifische Dienstleistungen und kann Markenlogos hinzuf\u00fcgen oder exklusive Farben je nach Bedarf w\u00e4hlen. Kontaktieren Sie uns f\u00fcr ein Angebot.<\/p>\n<h3>Merkmale der tragbaren Thermal Lunch Box<\/h3>\n<p><strong>Hochwertiger rostfreier Stahl 304:<\/strong> Die tragbare Thermobox ist aus lebensmittelechtem 304er Edelstahl gefertigt, der langlebig ist, lange Zeit verwendet werden kann und sich nicht leicht verformt oder besch\u00e4digt.<\/p>\n<p><strong>Gute Isolierwirkung:<\/strong> Die Lunchbox verf\u00fcgt \u00fcber eine doppellagige Vakuumstruktur, die bis zu 8-10 Stunden warm halten kann. Selbst wenn Sie an langen Outdoor-Aktivit\u00e4ten teilnehmen, kann diese Brotdose Sie mit warmen Mahlzeiten versorgen.<\/p>\n<p><strong>Auslaufsichere Konstruktion:<\/strong> Das Silikonmaterial ist weich und strapazierf\u00e4hig und kann sich eng an die Schnittstelle zwischen Deckel und Brotdose anschmiegen, um das Auslaufen von Ger\u00fcchen oder das Vermischen von Lebensmitteln zu verhindern.<\/p>\n<p><strong>Anti-Rutsch-Boden-Design:<\/strong> Der Boden der Thermo-Lunchbox ist mit einem speziellen Anti-Rutsch-Design ausgestattet. Dieses Material kann die Reibung der Brotdose auf verschiedenen Oberfl\u00e4chen deutlich erh\u00f6hen, und sie kann auch auf einem glatten Tisch fest platziert werden.<\/p>\n<p><strong>Gro\u00dfhandel-Lunchbox-Service:<\/strong> Als professioneller Hersteller von Lunchboxen bieten wir Gro\u00dfhandels-Lunchboxen f\u00fcr Unternehmen und H\u00e4ndler auf der ganzen Welt an. Unsere Dienstleistungen umfassen den Prozess der Anpassung, Produktion und Transport, um sicherzustellen, dass Sie die beste Erfahrung bekommen.<\/p>","protected":false},"featured_media":8920,"comment_status":"closed","ping_status":"closed","template":"","meta":[],"product_cat":[58],"product_tag":[89,90,86,91],"class_list":{"0":"post-5425","1":"product","2":"type-product","3":"status-publish","4":"has-post-thumbnail","6":"product_cat-lunch-box-wholesale","7":"product_tag-wholesale-3-layer-lunch-box","8":"product_tag-wholesale-double-layer-lunch-box","9":"product_tag-wholesale-insulated-lunch-box","10":"product_tag-wholesale-round-lunch-box","12":"first","13":"instock","14":"shipping-taxable","15":"product-type-simple"},"_links":{"self":[{"href":"https:\/\/moyahousehold.com\/de\/wp-json\/wp\/v2\/product\/5425","targetHints":{"allow":["GET"]}}],"collection":[{"href":"https:\/\/moyahousehold.com\/de\/wp-json\/wp\/v2\/product"}],"about":[{"href":"https:\/\/moyahousehold.com\/de\/wp-json\/wp\/v2\/types\/product"}],"replies":[{"embeddable":true,"href":"https:\/\/moyahousehold.com\/de\/wp-json\/wp\/v2\/comments?post=5425"}],"version-history":[{"count":0,"href":"https:\/\/moyahousehold.com\/de\/wp-json\/wp\/v2\/product\/5425\/revisions"}],"wp:featuredmedia":[{"embeddable":true,"href":"https:\/\/moyahousehold.com\/de\/wp-json\/wp\/v2\/media\/8920"}],"wp:attachment":[{"href":"https:\/\/moyahousehold.com\/de\/wp-json\/wp\/v2\/media?parent=5425"}],"wp:term":[{"taxonomy":"product_cat","embeddable":true,"href":"https:\/\/moyahousehold.com\/de\/wp-json\/wp\/v2\/product_cat?post=5425"},{"taxonomy":"product_tag","embeddable":true,"href":"https:\/\/moyahousehold.com\/de\/wp-json\/wp\/v2\/product_tag?post=5425"}],"curies":[{"name":"wp","href":"https:\/\/api.w.org\/{rel}","templated":true}]}}